{"id":3640,"date":"2025-09-01T20:04:20","date_gmt":"2025-09-01T19:04:20","guid":{"rendered":"https:\/\/msviscom.development.digitalist.si\/izdelek\/senzor-za-kisu-i-vjetar-za-zip-screen-bellano-s25\/"},"modified":"2025-11-17T08:38:01","modified_gmt":"2025-11-17T07:38:01","slug":"senzor-za-kisu-i-vjetar-za-zip-screen-bellano-s25","status":"publish","type":"product","link":"https:\/\/msviscom.development.digitalist.si\/hr\/izdelek\/senzor-za-kisu-i-vjetar-za-zip-screen-bellano-s25\/","title":{"rendered":"Senzor za ki\u0161u i vjetar za ZIP SCREEN, Bellano S25"},"content":{"rendered":"<h3 data-start=\"149\" data-end=\"222\"><strong data-start=\"153\" data-end=\"222\">Pametni senzor za ki\u0161u, vjetar i svjetlost \u2013 ZIP SCREEN Bellano S25<\/strong><\/h3>\n<p data-start=\"224\" data-end=\"465\">Pametni senzor omogu\u0107uje <strong data-start=\"247\" data-end=\"290\">automatsko upravljanje ZIP SCREEN sjenilima<\/strong> prema vremenskim uvjetima. Kada se detektira <strong data-start=\"330\" data-end=\"364\">ki\u0161a, jak vjetar ili sumrak<\/strong>, sjenilo se automatski spu\u0161ta ili podi\u017ee, \u010dime se osigurava za\u0161tita sjenila, pergole i korisnika.<\/p>\n<p data-start=\"467\" data-end=\"782\">Senzor radi s motoriziranim ZIP SCREEN sustavima i omogu\u0107uje povezivanje s <strong data-start=\"539\" data-end=\"589\">daljinskim upravlja\u010dem ili mobilnom aplikacijom<\/strong>.<br data-start=\"590\" data-end=\"593\" \/>Korisnik mo\u017ee precizno postaviti <strong data-start=\"626\" data-end=\"667\">grani\u010dne vrijednosti za vjetar (10\u201350 km\/h)<\/strong>, <strong data-start=\"669\" data-end=\"697\">osvjetljenje (0,2\u201312 Klux)<\/strong> i <strong data-start=\"701\" data-end=\"726\">oborine (1\u2013100 mm\/h)<\/strong>, \u0161to omogu\u0107uje prilagodbu prema lokaciji i potrebama.<\/p>\n<p data-start=\"784\" data-end=\"981\">Kompaktno ku\u0107i\u0161te od <strong data-start=\"804\" data-end=\"827\">UV otporne plastike<\/strong>, visoko osjetljiv <strong data-start=\"846\" data-end=\"893\">senzor za vjetar s le\u017eajevima od nehr\u0111aju\u0107eg \u010delika<\/strong> te <strong data-start=\"898\" data-end=\"920\">3 opcije monta\u017ee<\/strong> osiguravaju pouzdan rad u svim vremenskim uvjetima.<\/p>\n<h3 data-start=\"166\" data-end=\"222\"><\/h3>\n<h3 data-start=\"166\" data-end=\"222\"><strong data-start=\"170\" data-end=\"222\">Tehni\u010dki opis \u2013 Senzor za ZIP SCREEN Bellano S25<\/strong><\/h3>\n<ul data-start=\"224\" data-end=\"1390\">\n<li data-start=\"224\" data-end=\"432\">\n<p data-start=\"226\" data-end=\" \n\n","protected":false},"excerpt":{"rendered":"<h3 data-start=\"149\" data-end=\"222\"><strong data-start=\"153\" data-end=\"222\">Pametni senzor za ki\u0161u, vjetar i svjetlost \u2013 ZIP SCREEN Bellano S25<\/strong><\/h3>\n<p data-start=\"224\" data-end=\"465\">Pametni senzor omogu\u0107uje <strong data-start=\"247\" data-end=\"290\">automatsko upravljanje ZIP SCREEN sjenilima<\/strong> prema vremenskim uvjetima. Kada se detektira <strong data-start=\"330\" data-end=\"364\">ki\u0161a, jak vjetar ili sumrak<\/strong>, sjenilo se automatski spu\u0161ta ili podi\u017ee, \u010dime se osigurava za\u0161tita sjenila, pergole i korisnika.<\/p>\n<p data-start=\"784\" data-end=\"981\">\n","protected":false},"featured_media":6943,"template":"","meta":{"_acf_changed":false},"product_brand":[],"product_cat":[172],"product_tag":[],"class_list":{"0":"post-3640","1":"product","2":"type-product","3":"status-publish","4":"has-post-thumbnail","6":"product_cat-tipske","8":"first","9":"instock","10":"taxable","11":"shipping-taxable","12":"purchasable","13":"product-type-simple"},"acf":[],"yoast_head":"<!-- This site is optimized with the Yoast SEO plugin v25.3.1 - https:\/\/yoast.com\/wordpress\/plugins\/seo\/ -->\n<title>Senzor za ki\u0161u i vjetar za ZIP SCREEN, Bellano S25 - MS Viscom<\/title>\n<meta name=\"robots\" content=\"noindex, follow, max-snippet:-1, max-image-preview:large, max-video-preview:-1\" \/>\n<meta property=\"og:locale\" content=\"hr_HR\" \/>\n<meta property=\"og:type\" content=\"article\" \/>\n<meta property=\"og:title\" content=\"Senzor za ki\u0161u i vjetar za ZIP SCREEN, Bellano S25 - MS Viscom\" \/>\n<meta property=\"og:description\" content=\"Pametni senzor za ki\u0161u, vjetar i svjetlost \u2013 ZIP SCREEN Bellano S25 Pametni senzor omogu\u0107uje automatsko upravljanje ZIP SCREEN sjenilima prema vremenskim uvjetima. Kada se detektira ki\u0161a, jak vjetar ili sumrak, sjenilo se automatski spu\u0161ta ili podi\u017ee, \u010dime se osigurava za\u0161tita sjenila, pergole i korisnika.\" \/>\n<meta property=\"og:url\" content=\"https:\/\/msviscom.development.digitalist.si\/hr\/izdelek\/senzor-za-kisu-i-vjetar-za-zip-screen-bellano-s25\/\" \/>\n<meta property=\"og:site_name\" content=\"MS Viscom\" \/>\n<meta property=\"article:modified_time\" content=\"2025-11-17T07:38:01+00:00\" \/>\n<meta name=\"twitter:card\" content=\"summary_large_image\" \/>\n<meta name=\"twitter:label1\" content=\"Procijenjeno vrijeme \u010ditanja\" \/>\n\t<meta name=\"twitter:data1\" content=\"1 minuta\" \/>\n<script type=\"application\/ld+json\" class=\"yoast-schema-graph\">{\"@context\":\"https:\/\/schema.org\",\"@graph\":[{\"@type\":\"WebPage\",\"@id\":\"https:\/\/msviscom.development.digitalist.si\/hr\/izdelek\/senzor-za-kisu-i-vjetar-za-zip-screen-bellano-s25\/\",\"url\":\"https:\/\/msviscom.development.digitalist.si\/hr\/izdelek\/senzor-za-kisu-i-vjetar-za-zip-screen-bellano-s25\/\",\"name\":\"Senzor za ki\u0161u i vjetar za ZIP SCREEN, Bellano S25 - MS Viscom\",\"isPartOf\":{\"@id\":\"https:\/\/msviscom.development.digitalist.si\/hr\/#website\"},\"primaryImageOfPage\":{\"@id\":\"https:\/\/msviscom.development.digitalist.si\/hr\/izdelek\/senzor-za-kisu-i-vjetar-za-zip-screen-bellano-s25\/#primaryimage\"},\"image\":{\"@id\":\"https:\/\/msviscom.development.digitalist.si\/hr\/izdelek\/senzor-za-kisu-i-vjetar-za-zip-screen-bellano-s25\/#primaryimage\"},\"thumbnailUrl\":\"https:\/\/msviscom.development.digitalist.si\/wp-content\/uploads\/2025\/09\/image-3.png\",\"datePublished\":\"2025-09-01T19:04:20+00:00\",\"dateModified\":\"2025-11-17T07:38:01+00:00\",\"breadcrumb\":{\"@id\":\"https:\/\/msviscom.development.digitalist.si\/hr\/izdelek\/senzor-za-kisu-i-vjetar-za-zip-screen-bellano-s25\/#breadcrumb\"},\"inLanguage\":\"hr\",\"potentialAction\":[{\"@type\":\"ReadAction\",\"target\":[\"https:\/\/msviscom.development.digitalist.si\/hr\/izdelek\/senzor-za-kisu-i-vjetar-za-zip-screen-bellano-s25\/\"]}]},{\"@type\":\"ImageObject\",\"inLanguage\":\"hr\",\"@id\":\"https:\/\/msviscom.development.digitalist.si\/hr\/izdelek\/senzor-za-kisu-i-vjetar-za-zip-screen-bellano-s25\/#primaryimage\",\"url\":\"https:\/\/msviscom.development.digitalist.si\/wp-content\/uploads\/2025\/09\/image-3.png\",\"contentUrl\":\"https:\/\/msviscom.development.digitalist.si\/wp-content\/uploads\/2025\/09\/image-3.png\",\"width\":773,\"height\":544},{\"@type\":\"BreadcrumbList\",\"@id\":\"https:\/\/msviscom.development.digitalist.si\/hr\/izdelek\/senzor-za-kisu-i-vjetar-za-zip-screen-bellano-s25\/#breadcrumb\",\"itemListElement\":[{\"@type\":\"ListItem\",\"position\":1,\"name\":\"Domov\",\"item\":\"https:\/\/msviscom.development.digitalist.si\/hr\/\"},{\"@type\":\"ListItem\",\"position\":2,\"name\":\"Trgovina\",\"item\":\"https:\/\/msviscom.development.digitalist.si\/hr\/trgovina\/\"},{\"@type\":\"ListItem\",\"position\":3,\"name\":\"Senzor za ki\u0161u i vjetar za ZIP SCREEN, Bellano S25\"}]},{\"@type\":\"WebSite\",\"@id\":\"https:\/\/msviscom.development.digitalist.si\/hr\/#website\",\"url\":\"https:\/\/msviscom.development.digitalist.si\/hr\/\",\"name\":\"MS Viscom\",\"description\":\"\",\"potentialAction\":[{\"@type\":\"SearchAction\",\"target\":{\"@type\":\"EntryPoint\",\"urlTemplate\":\"https:\/\/msviscom.development.digitalist.si\/hr\/?s={search_term_string}\"},\"query-input\":{\"@type\":\"PropertyValueSpecification\",\"valueRequired\":true,\"valueName\":\"search_term_string\"}}],\"inLanguage\":\"hr\"}]}<\/script>\n<!-- \/ Yoast SEO plugin. -->","yoast_head_json":{"title":"Senzor za ki\u0161u i vjetar za ZIP SCREEN, Bellano S25 - MS Viscom","robots":{"index":"noindex","follow":"follow","max-snippet":"max-snippet:-1","max-image-preview":"max-image-preview:large","max-video-preview":"max-video-preview:-1"},"og_locale":"hr_HR","og_type":"article","og_title":"Senzor za ki\u0161u i vjetar za ZIP SCREEN, Bellano S25 - MS Viscom","og_description":"Pametni senzor za ki\u0161u, vjetar i svjetlost \u2013 ZIP SCREEN Bellano S25 Pametni senzor omogu\u0107uje automatsko upravljanje ZIP SCREEN sjenilima prema vremenskim uvjetima. Kada se detektira ki\u0161a, jak vjetar ili sumrak, sjenilo se automatski spu\u0161ta ili podi\u017ee, \u010dime se osigurava za\u0161tita sjenila, pergole i korisnika.","og_url":"https:\/\/msviscom.development.digitalist.si\/hr\/izdelek\/senzor-za-kisu-i-vjetar-za-zip-screen-bellano-s25\/","og_site_name":"MS Viscom","article_modified_time":"2025-11-17T07:38:01+00:00","twitter_card":"summary_large_image","twitter_misc":{"Procijenjeno vrijeme \u010ditanja":"1 minuta"},"schema":{"@context":"https:\/\/schema.org","@graph":[{"@type":"WebPage","@id":"https:\/\/msviscom.development.digitalist.si\/hr\/izdelek\/senzor-za-kisu-i-vjetar-za-zip-screen-bellano-s25\/","url":"https:\/\/msviscom.development.digitalist.si\/hr\/izdelek\/senzor-za-kisu-i-vjetar-za-zip-screen-bellano-s25\/","name":"Senzor za ki\u0161u i vjetar za ZIP SCREEN, Bellano S25 - MS Viscom","isPartOf":{"@id":"https:\/\/msviscom.development.digitalist.si\/hr\/#website"},"primaryImageOfPage":{"@id":"https:\/\/msviscom.development.digitalist.si\/hr\/izdelek\/senzor-za-kisu-i-vjetar-za-zip-screen-bellano-s25\/#primaryimage"},"image":{"@id":"https:\/\/msviscom.development.digitalist.si\/hr\/izdelek\/senzor-za-kisu-i-vjetar-za-zip-screen-bellano-s25\/#primaryimage"},"thumbnailUrl":"https:\/\/msviscom.development.digitalist.si\/wp-content\/uploads\/2025\/09\/image-3.png","datePublished":"2025-09-01T19:04:20+00:00","dateModified":"2025-11-17T07:38:01+00:00","breadcrumb":{"@id":"https:\/\/msviscom.development.digitalist.si\/hr\/izdelek\/senzor-za-kisu-i-vjetar-za-zip-screen-bellano-s25\/#breadcrumb"},"inLanguage":"hr","potentialAction":[{"@type":"ReadAction","target":["https:\/\/msviscom.development.digitalist.si\/hr\/izdelek\/senzor-za-kisu-i-vjetar-za-zip-screen-bellano-s25\/"]}]},{"@type":"ImageObject","inLanguage":"hr","@id":"https:\/\/msviscom.development.digitalist.si\/hr\/izdelek\/senzor-za-kisu-i-vjetar-za-zip-screen-bellano-s25\/#primaryimage","url":"https:\/\/msviscom.development.digitalist.si\/wp-content\/uploads\/2025\/09\/image-3.png","contentUrl":"https:\/\/msviscom.development.digitalist.si\/wp-content\/uploads\/2025\/09\/image-3.png","width":773,"height":544},{"@type":"BreadcrumbList","@id":"https:\/\/msviscom.development.digitalist.si\/hr\/izdelek\/senzor-za-kisu-i-vjetar-za-zip-screen-bellano-s25\/#breadcrumb","itemListElement":[{"@type":"ListItem","position":1,"name":"Domov","item":"https:\/\/msviscom.development.digitalist.si\/hr\/"},{"@type":"ListItem","position":2,"name":"Trgovina","item":"https:\/\/msviscom.development.digitalist.si\/hr\/trgovina\/"},{"@type":"ListItem","position":3,"name":"Senzor za ki\u0161u i vjetar za ZIP SCREEN, Bellano S25"}]},{"@type":"WebSite","@id":"https:\/\/msviscom.development.digitalist.si\/hr\/#website","url":"https:\/\/msviscom.development.digitalist.si\/hr\/","name":"MS Viscom","description":"","potentialAction":[{"@type":"SearchAction","target":{"@type":"EntryPoint","urlTemplate":"https:\/\/msviscom.development.digitalist.si\/hr\/?s={search_term_string}"},"query-input":{"@type":"PropertyValueSpecification","valueRequired":true,"valueName":"search_term_string"}}],"inLanguage":"hr"}]}},"_links":{"self":[{"href":"https:\/\/msviscom.development.digitalist.si\/hr\/wp-json\/wp\/v2\/product\/3640","targetHints":{"allow":["GET"]}}],"collection":[{"href":"https:\/\/msviscom.development.digitalist.si\/hr\/wp-json\/wp\/v2\/product"}],"about":[{"href":"https:\/\/msviscom.development.digitalist.si\/hr\/wp-json\/wp\/v2\/types\/product"}],"wp:featuredmedia":[{"embeddable":true,"href":"https:\/\/msviscom.development.digitalist.si\/hr\/wp-json\/wp\/v2\/media\/6943"}],"wp:attachment":[{"href":"https:\/\/msviscom.development.digitalist.si\/hr\/wp-json\/wp\/v2\/media?parent=3640"}],"wp:term":[{"taxonomy":"product_brand","embeddable":true,"href":"https:\/\/msviscom.development.digitalist.si\/hr\/wp-json\/wp\/v2\/product_brand?post=3640"},{"taxonomy":"product_cat","embeddable":true,"href":"https:\/\/msviscom.development.digitalist.si\/hr\/wp-json\/wp\/v2\/product_cat?post=3640"},{"taxonomy":"product_tag","embeddable":true,"href":"https:\/\/msviscom.development.digitalist.si\/hr\/wp-json\/wp\/v2\/product_tag?post=3640"}],"curies":[{"name":"wp","href":"https:\/\/api.w.org\/{rel}","templated":true}]}}