{"id":3638,"date":"2025-09-01T19:25:50","date_gmt":"2025-09-01T18:25:50","guid":{"rendered":"https:\/\/msviscom.development.digitalist.si\/izdelek\/lameln%d0%b0-stijena-klizna-sliding-shutter-bellano-s25-tamno-siva-3-m\/"},"modified":"2025-11-17T08:38:00","modified_gmt":"2025-11-17T07:38:00","slug":"lameln%d0%b0-stijena-klizna-sliding-shutter-bellano-s25-tamno-siva-3-m","status":"publish","type":"product","link":"https:\/\/msviscom.development.digitalist.si\/hr\/izdelek\/lameln%d0%b0-stijena-klizna-sliding-shutter-bellano-s25-tamno-siva-3-m\/","title":{"rendered":"Lameln\u0430 stijena, klizna, SLIDING SHUTTER, Bellano S25, tamno siva, 3 m"},"content":{"rendered":"<h3><strong>Klizna lamelna stijena s vrhunskom za\u0161titom i bezvremenskim izgledom.<\/strong><\/h3>\n<p>Vodilice: na dvije tra\u010dnice<br \/>\nDimenzije 3 m lamelne stijene:<\/p>\n<ul>\n<li>\u0161irina: 2697 mm<\/li>\n<li>visina: 2351 mm<\/li>\n<\/ul>\n<p>&nbsp;<br \/>\nNeovisno i odvojeno pode\u0161avanje kuta lamela gore i dolje<br \/>\nBoja: tamno siva<br \/>\nVeli\u010dina jedne lamele: 89 x 12 mm<\/p>\n","protected":false},"excerpt":{"rendered":"<h3><strong>Aluminijska klizna lamelna stijena za prilagodljivu za\u0161titu i privatnost<\/strong><\/h3>\n<p>Klizna lamelna stijena izra\u0111ena je od <strong>visokokvalitetne aluminijske legure 6063 T5<\/strong>, koja osigurava iznimnu \u010dvrsto\u0107u, otpornost na koroziju i stabilnost konstrukcije. Povr\u0161ina je za\u0161ti\u0107ena <strong>pra\u0161nim premazom Akzo Nobel<\/strong>, koji jam\u010di dugotrajnu postojanost boje te za\u0161titu od UV zraka, vlage i mehani\u010dkih utjecaja.<\/p>\n<p>Sustav omogu\u0107uje <strong>vodoravno klizanje panela<\/strong> i <strong>neovisno pode\u0161avanje kuta lamela gore i dolje<\/strong>, \u0161to omogu\u0107uje preciznu regulaciju svjetlosti, privatnosti i protoka zraka \u2013 u svakom trenutku i pri svim vremenskim uvjetima.<br \/>Zahvaljuju\u0107i elegantnom dizajnu i vrhunskim materijalima, klizna stijena savr\u0161en je izbor za moderne pergole i vanjske prostore.<\/p>\n","protected":false},"featured_media":2485,"template":"","meta":{"_acf_changed":false},"product_brand":[],"product_cat":[172],"product_tag":[],"class_list":{"0":"post-3638","1":"product","2":"type-product","3":"status-publish","4":"has-post-thumbnail","6":"product_cat-tipske","8":"first","9":"instock","10":"taxable","11":"shipping-taxable","12":"purchasable","13":"product-type-simple"},"acf":[],"yoast_head":"<!-- This site is optimized with the Yoast SEO plugin v25.3.1 - https:\/\/yoast.com\/wordpress\/plugins\/seo\/ -->\n<title>Lameln\u0430 stijena, klizna, SLIDING SHUTTER, Bellano S25, tamno siva, 3 m - MS Viscom<\/title>\n<meta name=\"robots\" content=\"noindex, follow, max-snippet:-1, max-image-preview:large, max-video-preview:-1\" \/>\n<meta property=\"og:locale\" content=\"hr_HR\" \/>\n<meta property=\"og:type\" content=\"article\" \/>\n<meta property=\"og:title\" content=\"Lameln\u0430 stijena, klizna, SLIDING SHUTTER, Bellano S25, tamno siva, 3 m - MS Viscom\" \/>\n<meta property=\"og:description\" content=\"Aluminijska klizna lamelna stijena za prilagodljivu za\u0161titu i privatnost Klizna lamelna stijena izra\u0111ena je od visokokvalitetne aluminijske legure 6063 T5, koja osigurava iznimnu \u010dvrsto\u0107u, otpornost na koroziju i stabilnost konstrukcije. Povr\u0161ina je za\u0161ti\u0107ena pra\u0161nim premazom Akzo Nobel, koji jam\u010di dugotrajnu postojanost boje te za\u0161titu od UV zraka, vlage i mehani\u010dkih utjecaja. Sustav omogu\u0107uje vodoravno klizanje panela i neovisno pode\u0161avanje kuta lamela gore i dolje, \u0161to omogu\u0107uje preciznu regulaciju svjetlosti, privatnosti i protoka zraka \u2013 u svakom trenutku i pri svim vremenskim uvjetima.Zahvaljuju\u0107i elegantnom dizajnu i vrhunskim materijalima, klizna stijena savr\u0161en je izbor za moderne pergole i vanjske prostore.\" \/>\n<meta property=\"og:url\" content=\"https:\/\/msviscom.development.digitalist.si\/hr\/izdelek\/lameln%d0%b0-stijena-klizna-sliding-shutter-bellano-s25-tamno-siva-3-m\/\" \/>\n<meta property=\"og:site_name\" content=\"MS Viscom\" \/>\n<meta property=\"article:modified_time\" content=\"2025-11-17T07:38:00+00:00\" \/>\n<meta name=\"twitter:card\" content=\"summary_large_image\" \/>\n<script type=\"application\/ld+json\" class=\"yoast-schema-graph\">{\"@context\":\"https:\/\/schema.org\",\"@graph\":[{\"@type\":\"WebPage\",\"@id\":\"https:\/\/msviscom.development.digitalist.si\/hr\/izdelek\/lameln%d0%b0-stijena-klizna-sliding-shutter-bellano-s25-tamno-siva-3-m\/\",\"url\":\"https:\/\/msviscom.development.digitalist.si\/hr\/izdelek\/lameln%d0%b0-stijena-klizna-sliding-shutter-bellano-s25-tamno-siva-3-m\/\",\"name\":\"Lameln\u0430 stijena, klizna, SLIDING SHUTTER, Bellano S25, tamno siva, 3 m - MS Viscom\",\"isPartOf\":{\"@id\":\"https:\/\/msviscom.development.digitalist.si\/hr\/#website\"},\"primaryImageOfPage\":{\"@id\":\"https:\/\/msviscom.development.digitalist.si\/hr\/izdelek\/lameln%d0%b0-stijena-klizna-sliding-shutter-bellano-s25-tamno-siva-3-m\/#primaryimage\"},\"image\":{\"@id\":\"https:\/\/msviscom.development.digitalist.si\/hr\/izdelek\/lameln%d0%b0-stijena-klizna-sliding-shutter-bellano-s25-tamno-siva-3-m\/#primaryimage\"},\"thumbnailUrl\":\"https:\/\/msviscom.development.digitalist.si\/wp-content\/uploads\/2025\/09\/Lamelna-stena-drsna-Bellano-S25-temno-siva-3-m-3.jpg\",\"datePublished\":\"2025-09-01T18:25:50+00:00\",\"dateModified\":\"2025-11-17T07:38:00+00:00\",\"breadcrumb\":{\"@id\":\"https:\/\/msviscom.development.digitalist.si\/hr\/izdelek\/lameln%d0%b0-stijena-klizna-sliding-shutter-bellano-s25-tamno-siva-3-m\/#breadcrumb\"},\"inLanguage\":\"hr\",\"potentialAction\":[{\"@type\":\"ReadAction\",\"target\":[\"https:\/\/msviscom.development.digitalist.si\/hr\/izdelek\/lameln%d0%b0-stijena-klizna-sliding-shutter-bellano-s25-tamno-siva-3-m\/\"]}]},{\"@type\":\"ImageObject\",\"inLanguage\":\"hr\",\"@id\":\"https:\/\/msviscom.development.digitalist.si\/hr\/izdelek\/lameln%d0%b0-stijena-klizna-sliding-shutter-bellano-s25-tamno-siva-3-m\/#primaryimage\",\"url\":\"https:\/\/msviscom.development.digitalist.si\/wp-content\/uploads\/2025\/09\/Lamelna-stena-drsna-Bellano-S25-temno-siva-3-m-3.jpg\",\"contentUrl\":\"https:\/\/msviscom.development.digitalist.si\/wp-content\/uploads\/2025\/09\/Lamelna-stena-drsna-Bellano-S25-temno-siva-3-m-3.jpg\",\"width\":2500,\"height\":1875},{\"@type\":\"BreadcrumbList\",\"@id\":\"https:\/\/msviscom.development.digitalist.si\/hr\/izdelek\/lameln%d0%b0-stijena-klizna-sliding-shutter-bellano-s25-tamno-siva-3-m\/#breadcrumb\",\"itemListElement\":[{\"@type\":\"ListItem\",\"position\":1,\"name\":\"Domov\",\"item\":\"https:\/\/msviscom.development.digitalist.si\/hr\/\"},{\"@type\":\"ListItem\",\"position\":2,\"name\":\"Trgovina\",\"item\":\"https:\/\/msviscom.development.digitalist.si\/hr\/trgovina\/\"},{\"@type\":\"ListItem\",\"position\":3,\"name\":\"Lameln\u0430 stijena, klizna, SLIDING SHUTTER, Bellano S25, tamno siva, 3 m\"}]},{\"@type\":\"WebSite\",\"@id\":\"https:\/\/msviscom.development.digitalist.si\/hr\/#website\",\"url\":\"https:\/\/msviscom.development.digitalist.si\/hr\/\",\"name\":\"MS Viscom\",\"description\":\"\",\"potentialAction\":[{\"@type\":\"SearchAction\",\"target\":{\"@type\":\"EntryPoint\",\"urlTemplate\":\"https:\/\/msviscom.development.digitalist.si\/hr\/?s={search_term_string}\"},\"query-input\":{\"@type\":\"PropertyValueSpecification\",\"valueRequired\":true,\"valueName\":\"search_term_string\"}}],\"inLanguage\":\"hr\"}]}<\/script>\n<!-- \/ Yoast SEO plugin. -->","yoast_head_json":{"title":"Lameln\u0430 stijena, klizna, SLIDING SHUTTER, Bellano S25, tamno siva, 3 m - MS Viscom","robots":{"index":"noindex","follow":"follow","max-snippet":"max-snippet:-1","max-image-preview":"max-image-preview:large","max-video-preview":"max-video-preview:-1"},"og_locale":"hr_HR","og_type":"article","og_title":"Lameln\u0430 stijena, klizna, SLIDING SHUTTER, Bellano S25, tamno siva, 3 m - MS Viscom","og_description":"Aluminijska klizna lamelna stijena za prilagodljivu za\u0161titu i privatnost Klizna lamelna stijena izra\u0111ena je od visokokvalitetne aluminijske legure 6063 T5, koja osigurava iznimnu \u010dvrsto\u0107u, otpornost na koroziju i stabilnost konstrukcije. Povr\u0161ina je za\u0161ti\u0107ena pra\u0161nim premazom Akzo Nobel, koji jam\u010di dugotrajnu postojanost boje te za\u0161titu od UV zraka, vlage i mehani\u010dkih utjecaja. Sustav omogu\u0107uje vodoravno klizanje panela i neovisno pode\u0161avanje kuta lamela gore i dolje, \u0161to omogu\u0107uje preciznu regulaciju svjetlosti, privatnosti i protoka zraka \u2013 u svakom trenutku i pri svim vremenskim uvjetima.Zahvaljuju\u0107i elegantnom dizajnu i vrhunskim materijalima, klizna stijena savr\u0161en je izbor za moderne pergole i vanjske prostore.","og_url":"https:\/\/msviscom.development.digitalist.si\/hr\/izdelek\/lameln%d0%b0-stijena-klizna-sliding-shutter-bellano-s25-tamno-siva-3-m\/","og_site_name":"MS Viscom","article_modified_time":"2025-11-17T07:38:00+00:00","twitter_card":"summary_large_image","schema":{"@context":"https:\/\/schema.org","@graph":[{"@type":"WebPage","@id":"https:\/\/msviscom.development.digitalist.si\/hr\/izdelek\/lameln%d0%b0-stijena-klizna-sliding-shutter-bellano-s25-tamno-siva-3-m\/","url":"https:\/\/msviscom.development.digitalist.si\/hr\/izdelek\/lameln%d0%b0-stijena-klizna-sliding-shutter-bellano-s25-tamno-siva-3-m\/","name":"Lameln\u0430 stijena, klizna, SLIDING SHUTTER, Bellano S25, tamno siva, 3 m - MS Viscom","isPartOf":{"@id":"https:\/\/msviscom.development.digitalist.si\/hr\/#website"},"primaryImageOfPage":{"@id":"https:\/\/msviscom.development.digitalist.si\/hr\/izdelek\/lameln%d0%b0-stijena-klizna-sliding-shutter-bellano-s25-tamno-siva-3-m\/#primaryimage"},"image":{"@id":"https:\/\/msviscom.development.digitalist.si\/hr\/izdelek\/lameln%d0%b0-stijena-klizna-sliding-shutter-bellano-s25-tamno-siva-3-m\/#primaryimage"},"thumbnailUrl":"https:\/\/msviscom.development.digitalist.si\/wp-content\/uploads\/2025\/09\/Lamelna-stena-drsna-Bellano-S25-temno-siva-3-m-3.jpg","datePublished":"2025-09-01T18:25:50+00:00","dateModified":"2025-11-17T07:38:00+00:00","breadcrumb":{"@id":"https:\/\/msviscom.development.digitalist.si\/hr\/izdelek\/lameln%d0%b0-stijena-klizna-sliding-shutter-bellano-s25-tamno-siva-3-m\/#breadcrumb"},"inLanguage":"hr","potentialAction":[{"@type":"ReadAction","target":["https:\/\/msviscom.development.digitalist.si\/hr\/izdelek\/lameln%d0%b0-stijena-klizna-sliding-shutter-bellano-s25-tamno-siva-3-m\/"]}]},{"@type":"ImageObject","inLanguage":"hr","@id":"https:\/\/msviscom.development.digitalist.si\/hr\/izdelek\/lameln%d0%b0-stijena-klizna-sliding-shutter-bellano-s25-tamno-siva-3-m\/#primaryimage","url":"https:\/\/msviscom.development.digitalist.si\/wp-content\/uploads\/2025\/09\/Lamelna-stena-drsna-Bellano-S25-temno-siva-3-m-3.jpg","contentUrl":"https:\/\/msviscom.development.digitalist.si\/wp-content\/uploads\/2025\/09\/Lamelna-stena-drsna-Bellano-S25-temno-siva-3-m-3.jpg","width":2500,"height":1875},{"@type":"BreadcrumbList","@id":"https:\/\/msviscom.development.digitalist.si\/hr\/izdelek\/lameln%d0%b0-stijena-klizna-sliding-shutter-bellano-s25-tamno-siva-3-m\/#breadcrumb","itemListElement":[{"@type":"ListItem","position":1,"name":"Domov","item":"https:\/\/msviscom.development.digitalist.si\/hr\/"},{"@type":"ListItem","position":2,"name":"Trgovina","item":"https:\/\/msviscom.development.digitalist.si\/hr\/trgovina\/"},{"@type":"ListItem","position":3,"name":"Lameln\u0430 stijena, klizna, SLIDING SHUTTER, Bellano S25, tamno siva, 3 m"}]},{"@type":"WebSite","@id":"https:\/\/msviscom.development.digitalist.si\/hr\/#website","url":"https:\/\/msviscom.development.digitalist.si\/hr\/","name":"MS Viscom","description":"","potentialAction":[{"@type":"SearchAction","target":{"@type":"EntryPoint","urlTemplate":"https:\/\/msviscom.development.digitalist.si\/hr\/?s={search_term_string}"},"query-input":{"@type":"PropertyValueSpecification","valueRequired":true,"valueName":"search_term_string"}}],"inLanguage":"hr"}]}},"_links":{"self":[{"href":"https:\/\/msviscom.development.digitalist.si\/hr\/wp-json\/wp\/v2\/product\/3638","targetHints":{"allow":["GET"]}}],"collection":[{"href":"https:\/\/msviscom.development.digitalist.si\/hr\/wp-json\/wp\/v2\/product"}],"about":[{"href":"https:\/\/msviscom.development.digitalist.si\/hr\/wp-json\/wp\/v2\/types\/product"}],"wp:featuredmedia":[{"embeddable":true,"href":"https:\/\/msviscom.development.digitalist.si\/hr\/wp-json\/wp\/v2\/media\/2485"}],"wp:attachment":[{"href":"https:\/\/msviscom.development.digitalist.si\/hr\/wp-json\/wp\/v2\/media?parent=3638"}],"wp:term":[{"taxonomy":"product_brand","embeddable":true,"href":"https:\/\/msviscom.development.digitalist.si\/hr\/wp-json\/wp\/v2\/product_brand?post=3638"},{"taxonomy":"product_cat","embeddable":true,"href":"https:\/\/msviscom.development.digitalist.si\/hr\/wp-json\/wp\/v2\/product_cat?post=3638"},{"taxonomy":"product_tag","embeddable":true,"href":"https:\/\/msviscom.development.digitalist.si\/hr\/wp-json\/wp\/v2\/product_tag?post=3638"}],"curies":[{"name":"wp","href":"https:\/\/api.w.org\/{rel}","templated":true}]}}