{"id":3632,"date":"2025-08-06T09:28:02","date_gmt":"2025-08-06T08:28:02","guid":{"rendered":"https:\/\/msviscom.development.digitalist.si\/izdelek\/vitroplast-fr4-hf\/"},"modified":"2025-11-17T08:37:59","modified_gmt":"2025-11-17T07:37:59","slug":"vitroplast-fr4-hf","status":"publish","type":"product","link":"https:\/\/msviscom.development.digitalist.si\/hr\/izdelek\/vitroplast-fr4-hf\/","title":{"rendered":"VITROPLAST FR4-HF"},"content":{"rendered":"<p>FR4-HF je visokou\u010dinkoviti laminat od epoksidne smole oja\u010dan staklenom tkaninom, posebno razvijen kao materijal bez halogena. Zbog svoje kombinacije mehani\u010dke \u010dvrsto\u0107e, izvrsne elektri\u010dne izolacije i ekolo\u0161ki prihvatljivog sastava, FR4-HF je popularan u suvremenoj elektro i elektroni\u010dkoj industriji, gdje je va\u017eno smanjenje emisija otrovnih tvari u slu\u010daju po\u017eara. Materijal je otporan na vlagu, kemikalije i temperaturna optere\u0107enja, \u0161to omogu\u0107uje \u0161iroku primjenu u zahtjevnim okru\u017eenjima.<\/p>\n<p><strong>Glavna svojstva:<\/strong><\/p>\n<ul>\n<li>Visoka mehani\u010dka \u010dvrsto\u0107a i krutost<\/li>\n<li>Izvrsna dielektri\u010dna svojstva<\/li>\n<li>Bez halogena \u2013 za ekolo\u0161ki prihvatljivu uporabu<\/li>\n<li>Otpornost na vlagu i kemikalije<\/li>\n<li>Otpornost na temperaturu do pribli\u017eno 130\u2013140 \u00b0C<\/li>\n<li>Samogasivost prema standardu UL 94 V-0<\/li>\n<li>Dobra dimenzijska stabilnost<\/li>\n<\/ul>\n<p><strong>Tipi\u010dne primjene:<\/strong><\/p>\n<ul>\n<li>PCB (tiskane plo\u010de) podloge za elektroniku<\/li>\n<li>Konstrukcijski i izolacijski dijelovi u elektroindustriji<\/li>\n<li>Elektri\u010dne i elektroni\u010dke komponente koje zahtijevaju certifikat bez halogena<\/li>\n<li>Industrijska automatizacija, telekomunikacije, automobilska elektronika<\/li>\n<li>Ure\u0111aji i sustavi s visokim zahtjevima za za\u0161titu od po\u017eara<\/li>\n<\/ul>\n<p><strong>Standardi:<\/strong><\/p>\n<ul>\n<li>IEC 61249-2-4 (specifikacija za laminat bez halogena)<\/li>\n<li>UL 94 V-0 (samogasivost)<\/li>\n<li>U skladu s RoHS direktivom (ograni\u010denje opasnih tvari)<\/li>\n<li>U skladu s REACH regulativom<\/li>\n<\/ul>\n<p><strong>Oznake prema razli\u010ditim standardima:<\/strong><\/p>\n<ul>\n<li><strong>FR4-HF<\/strong> (trgova\u010dki naziv, verzija FR4 bez halogena)<\/li>\n<li><strong>IEC 61249-2-4<\/strong> (epoksidni laminat bez halogena)<\/li>\n<li><strong>UL 94 V-0<\/strong> (klasa zapaljivosti)<\/li>\n<li><strong>NEMA<\/strong>: G10\/G11 bez halogena (ovisno o svojstvima)<\/li>\n<li><strong>Epoksidno-stakleni laminat, bez halogena<\/strong><\/li>\n<\/ul>\n","protected":false},"excerpt":{"rendered":"<p>FR4-HF je epoksidno-stakleni laminat bez halogena, s visokom mehani\u010dkom \u010dvrsto\u0107om i izvrsnom elektri\u010dnom izolacijom, pogodan za sigurnu i ekolo\u0161ki prihvatljivu primjenu u elektronici.<\/p>\n","protected":false},"featured_media":657,"template":"","meta":{"_acf_changed":false},"product_brand":[],"product_cat":[292],"product_tag":[],"class_list":{"0":"post-3632","1":"product","2":"type-product","3":"status-publish","4":"has-post-thumbnail","6":"product_cat-vitroplasti","8":"first","9":"outofstock","10":"taxable","11":"shipping-taxable","12":"purchasable","13":"product-type-simple"},"acf":[],"yoast_head":"<!-- This site is optimized with the Yoast SEO plugin v25.3.1 - https:\/\/yoast.com\/wordpress\/plugins\/seo\/ -->\n<title>VITROPLAST FR4-HF - MS Viscom<\/title>\n<meta name=\"robots\" content=\"noindex, follow, max-snippet:-1, max-image-preview:large, max-video-preview:-1\" \/>\n<meta property=\"og:locale\" content=\"hr_HR\" \/>\n<meta property=\"og:type\" content=\"article\" \/>\n<meta property=\"og:title\" content=\"VITROPLAST FR4-HF - MS Viscom\" \/>\n<meta property=\"og:description\" content=\"FR4-HF je epoksidno-stakleni laminat bez halogena, s visokom mehani\u010dkom \u010dvrsto\u0107om i izvrsnom elektri\u010dnom izolacijom, pogodan za sigurnu i ekolo\u0161ki prihvatljivu primjenu u elektronici.\" \/>\n<meta property=\"og:url\" content=\"https:\/\/msviscom.development.digitalist.si\/hr\/izdelek\/vitroplast-fr4-hf\/\" \/>\n<meta property=\"og:site_name\" content=\"MS Viscom\" \/>\n<meta property=\"article:modified_time\" content=\"2025-11-17T07:37:59+00:00\" \/>\n<meta name=\"twitter:card\" content=\"summary_large_image\" \/>\n<meta name=\"twitter:label1\" content=\"Procijenjeno vrijeme \u010ditanja\" \/>\n\t<meta name=\"twitter:data1\" content=\"1 minuta\" \/>\n<script type=\"application\/ld+json\" class=\"yoast-schema-graph\">{\"@context\":\"https:\/\/schema.org\",\"@graph\":[{\"@type\":\"WebPage\",\"@id\":\"https:\/\/msviscom.development.digitalist.si\/hr\/izdelek\/vitroplast-fr4-hf\/\",\"url\":\"https:\/\/msviscom.development.digitalist.si\/hr\/izdelek\/vitroplast-fr4-hf\/\",\"name\":\"VITROPLAST FR4-HF - MS Viscom\",\"isPartOf\":{\"@id\":\"https:\/\/msviscom.development.digitalist.si\/hr\/#website\"},\"primaryImageOfPage\":{\"@id\":\"https:\/\/msviscom.development.digitalist.si\/hr\/izdelek\/vitroplast-fr4-hf\/#primaryimage\"},\"image\":{\"@id\":\"https:\/\/msviscom.development.digitalist.si\/hr\/izdelek\/vitroplast-fr4-hf\/#primaryimage\"},\"thumbnailUrl\":\"https:\/\/msviscom.development.digitalist.si\/wp-content\/uploads\/2025\/07\/VITROPLAST20FR4_20FR420_po_20NEMA_20LI_201_Hgw_202372_1_20po_20DIN7735_EP_20GC_20202_20po_20IEC_2060893_r.jpg\",\"datePublished\":\"2025-08-06T08:28:02+00:00\",\"dateModified\":\"2025-11-17T07:37:59+00:00\",\"breadcrumb\":{\"@id\":\"https:\/\/msviscom.development.digitalist.si\/hr\/izdelek\/vitroplast-fr4-hf\/#breadcrumb\"},\"inLanguage\":\"hr\",\"potentialAction\":[{\"@type\":\"ReadAction\",\"target\":[\"https:\/\/msviscom.development.digitalist.si\/hr\/izdelek\/vitroplast-fr4-hf\/\"]}]},{\"@type\":\"ImageObject\",\"inLanguage\":\"hr\",\"@id\":\"https:\/\/msviscom.development.digitalist.si\/hr\/izdelek\/vitroplast-fr4-hf\/#primaryimage\",\"url\":\"https:\/\/msviscom.development.digitalist.si\/wp-content\/uploads\/2025\/07\/VITROPLAST20FR4_20FR420_po_20NEMA_20LI_201_Hgw_202372_1_20po_20DIN7735_EP_20GC_20202_20po_20IEC_2060893_r.jpg\",\"contentUrl\":\"https:\/\/msviscom.development.digitalist.si\/wp-content\/uploads\/2025\/07\/VITROPLAST20FR4_20FR420_po_20NEMA_20LI_201_Hgw_202372_1_20po_20DIN7735_EP_20GC_20202_20po_20IEC_2060893_r.jpg\",\"width\":800,\"height\":600},{\"@type\":\"BreadcrumbList\",\"@id\":\"https:\/\/msviscom.development.digitalist.si\/hr\/izdelek\/vitroplast-fr4-hf\/#breadcrumb\",\"itemListElement\":[{\"@type\":\"ListItem\",\"position\":1,\"name\":\"Domov\",\"item\":\"https:\/\/msviscom.development.digitalist.si\/hr\/\"},{\"@type\":\"ListItem\",\"position\":2,\"name\":\"Trgovina\",\"item\":\"https:\/\/msviscom.development.digitalist.si\/hr\/trgovina\/\"},{\"@type\":\"ListItem\",\"position\":3,\"name\":\"VITROPLAST FR4-HF\"}]},{\"@type\":\"WebSite\",\"@id\":\"https:\/\/msviscom.development.digitalist.si\/hr\/#website\",\"url\":\"https:\/\/msviscom.development.digitalist.si\/hr\/\",\"name\":\"MS Viscom\",\"description\":\"\",\"potentialAction\":[{\"@type\":\"SearchAction\",\"target\":{\"@type\":\"EntryPoint\",\"urlTemplate\":\"https:\/\/msviscom.development.digitalist.si\/hr\/?s={search_term_string}\"},\"query-input\":{\"@type\":\"PropertyValueSpecification\",\"valueRequired\":true,\"valueName\":\"search_term_string\"}}],\"inLanguage\":\"hr\"}]}<\/script>\n<!-- \/ Yoast SEO plugin. -->","yoast_head_json":{"title":"VITROPLAST FR4-HF - MS Viscom","robots":{"index":"noindex","follow":"follow","max-snippet":"max-snippet:-1","max-image-preview":"max-image-preview:large","max-video-preview":"max-video-preview:-1"},"og_locale":"hr_HR","og_type":"article","og_title":"VITROPLAST FR4-HF - MS Viscom","og_description":"FR4-HF je epoksidno-stakleni laminat bez halogena, s visokom mehani\u010dkom \u010dvrsto\u0107om i izvrsnom elektri\u010dnom izolacijom, pogodan za sigurnu i ekolo\u0161ki prihvatljivu primjenu u elektronici.","og_url":"https:\/\/msviscom.development.digitalist.si\/hr\/izdelek\/vitroplast-fr4-hf\/","og_site_name":"MS Viscom","article_modified_time":"2025-11-17T07:37:59+00:00","twitter_card":"summary_large_image","twitter_misc":{"Procijenjeno vrijeme \u010ditanja":"1 minuta"},"schema":{"@context":"https:\/\/schema.org","@graph":[{"@type":"WebPage","@id":"https:\/\/msviscom.development.digitalist.si\/hr\/izdelek\/vitroplast-fr4-hf\/","url":"https:\/\/msviscom.development.digitalist.si\/hr\/izdelek\/vitroplast-fr4-hf\/","name":"VITROPLAST FR4-HF - MS Viscom","isPartOf":{"@id":"https:\/\/msviscom.development.digitalist.si\/hr\/#website"},"primaryImageOfPage":{"@id":"https:\/\/msviscom.development.digitalist.si\/hr\/izdelek\/vitroplast-fr4-hf\/#primaryimage"},"image":{"@id":"https:\/\/msviscom.development.digitalist.si\/hr\/izdelek\/vitroplast-fr4-hf\/#primaryimage"},"thumbnailUrl":"https:\/\/msviscom.development.digitalist.si\/wp-content\/uploads\/2025\/07\/VITROPLAST20FR4_20FR420_po_20NEMA_20LI_201_Hgw_202372_1_20po_20DIN7735_EP_20GC_20202_20po_20IEC_2060893_r.jpg","datePublished":"2025-08-06T08:28:02+00:00","dateModified":"2025-11-17T07:37:59+00:00","breadcrumb":{"@id":"https:\/\/msviscom.development.digitalist.si\/hr\/izdelek\/vitroplast-fr4-hf\/#breadcrumb"},"inLanguage":"hr","potentialAction":[{"@type":"ReadAction","target":["https:\/\/msviscom.development.digitalist.si\/hr\/izdelek\/vitroplast-fr4-hf\/"]}]},{"@type":"ImageObject","inLanguage":"hr","@id":"https:\/\/msviscom.development.digitalist.si\/hr\/izdelek\/vitroplast-fr4-hf\/#primaryimage","url":"https:\/\/msviscom.development.digitalist.si\/wp-content\/uploads\/2025\/07\/VITROPLAST20FR4_20FR420_po_20NEMA_20LI_201_Hgw_202372_1_20po_20DIN7735_EP_20GC_20202_20po_20IEC_2060893_r.jpg","contentUrl":"https:\/\/msviscom.development.digitalist.si\/wp-content\/uploads\/2025\/07\/VITROPLAST20FR4_20FR420_po_20NEMA_20LI_201_Hgw_202372_1_20po_20DIN7735_EP_20GC_20202_20po_20IEC_2060893_r.jpg","width":800,"height":600},{"@type":"BreadcrumbList","@id":"https:\/\/msviscom.development.digitalist.si\/hr\/izdelek\/vitroplast-fr4-hf\/#breadcrumb","itemListElement":[{"@type":"ListItem","position":1,"name":"Domov","item":"https:\/\/msviscom.development.digitalist.si\/hr\/"},{"@type":"ListItem","position":2,"name":"Trgovina","item":"https:\/\/msviscom.development.digitalist.si\/hr\/trgovina\/"},{"@type":"ListItem","position":3,"name":"VITROPLAST FR4-HF"}]},{"@type":"WebSite","@id":"https:\/\/msviscom.development.digitalist.si\/hr\/#website","url":"https:\/\/msviscom.development.digitalist.si\/hr\/","name":"MS Viscom","description":"","potentialAction":[{"@type":"SearchAction","target":{"@type":"EntryPoint","urlTemplate":"https:\/\/msviscom.development.digitalist.si\/hr\/?s={search_term_string}"},"query-input":{"@type":"PropertyValueSpecification","valueRequired":true,"valueName":"search_term_string"}}],"inLanguage":"hr"}]}},"_links":{"self":[{"href":"https:\/\/msviscom.development.digitalist.si\/hr\/wp-json\/wp\/v2\/product\/3632","targetHints":{"allow":["GET"]}}],"collection":[{"href":"https:\/\/msviscom.development.digitalist.si\/hr\/wp-json\/wp\/v2\/product"}],"about":[{"href":"https:\/\/msviscom.development.digitalist.si\/hr\/wp-json\/wp\/v2\/types\/product"}],"wp:featuredmedia":[{"embeddable":true,"href":"https:\/\/msviscom.development.digitalist.si\/hr\/wp-json\/wp\/v2\/media\/657"}],"wp:attachment":[{"href":"https:\/\/msviscom.development.digitalist.si\/hr\/wp-json\/wp\/v2\/media?parent=3632"}],"wp:term":[{"taxonomy":"product_brand","embeddable":true,"href":"https:\/\/msviscom.development.digitalist.si\/hr\/wp-json\/wp\/v2\/product_brand?post=3632"},{"taxonomy":"product_cat","embeddable":true,"href":"https:\/\/msviscom.development.digitalist.si\/hr\/wp-json\/wp\/v2\/product_cat?post=3632"},{"taxonomy":"product_tag","embeddable":true,"href":"https:\/\/msviscom.development.digitalist.si\/hr\/wp-json\/wp\/v2\/product_tag?post=3632"}],"curies":[{"name":"wp","href":"https:\/\/api.w.org\/{rel}","templated":true}]}}