{"id":3615,"date":"2025-07-21T09:15:36","date_gmt":"2025-07-21T08:15:36","guid":{"rendered":"https:\/\/msviscom.development.digitalist.si\/izdelek\/vanjska-kuhinja-element-s-ladicama\/"},"modified":"2025-11-17T09:50:55","modified_gmt":"2025-11-17T08:50:55","slug":"vanjska-kuhinja-element-s-ladicama","status":"publish","type":"product","link":"https:\/\/msviscom.development.digitalist.si\/hr\/izdelek\/vanjska-kuhinja-element-s-ladicama\/","title":{"rendered":"Vanjska kuhinja \u2013 Element s ladicama"},"content":{"rendered":"<p>Svi elementi ljetne kuhinje potpuno su kompatibilni i mogu se me\u0111usobno slobodno kombinirati;<\/p>\n<p>Svi dijelovi izra\u0111eni su od nehr\u0111aju\u0107eg \u010delika;<\/p>\n<p>Gornja radna plo\u010da od porculana, debljina: 15 mm, dekor talijanskog mramora, otporna na vanjske utjecaje, jednostavna za \u010di\u0161\u0107enje;<\/p>\n<p>Podesive nogice od nehr\u0111aju\u0107eg \u010delika;<\/p>\n<p>3 ladice s mekim zatvaranjem.<\/p>\n","protected":false},"excerpt":{"rendered":"<p>Element s ladicama, antracit, 636 x 634 mm, visina: 935 mm<\/p>\n","protected":false},"featured_media":0,"template":"","meta":{"_acf_changed":false},"product_brand":[],"product_cat":[166],"product_tag":[],"class_list":{"0":"post-3615","1":"product","2":"type-product","3":"status-publish","5":"product_cat-bellano-vanjske-kuhinje","7":"first","8":"instock","9":"taxable","10":"shipping-taxable","11":"purchasable","12":"product-type-simple"},"acf":[],"yoast_head":"<!-- This site is optimized with the Yoast SEO plugin v25.3.1 - https:\/\/yoast.com\/wordpress\/plugins\/seo\/ -->\n<title>Vanjska kuhinja \u2013 Element s ladicama - MS Viscom<\/title>\n<meta name=\"robots\" content=\"noindex, follow, max-snippet:-1, max-image-preview:large, max-video-preview:-1\" \/>\n<meta property=\"og:locale\" content=\"hr_HR\" \/>\n<meta property=\"og:type\" content=\"article\" \/>\n<meta property=\"og:title\" content=\"Vanjska kuhinja \u2013 Element s ladicama - MS Viscom\" \/>\n<meta property=\"og:description\" content=\"Element s ladicama, antracit, 636 x 634 mm, visina: 935 mm\" \/>\n<meta property=\"og:url\" content=\"https:\/\/msviscom.development.digitalist.si\/hr\/izdelek\/vanjska-kuhinja-element-s-ladicama\/\" \/>\n<meta property=\"og:site_name\" content=\"MS Viscom\" \/>\n<meta property=\"article:modified_time\" content=\"2025-11-17T08:50:55+00:00\" \/>\n<meta name=\"twitter:card\" content=\"summary_large_image\" \/>\n<meta name=\"twitter:label1\" content=\"Procijenjeno vrijeme \u010ditanja\" \/>\n\t<meta name=\"twitter:data1\" content=\"1 minuta\" \/>\n<script type=\"application\/ld+json\" class=\"yoast-schema-graph\">{\"@context\":\"https:\/\/schema.org\",\"@graph\":[{\"@type\":\"WebPage\",\"@id\":\"https:\/\/msviscom.development.digitalist.si\/hr\/izdelek\/vanjska-kuhinja-element-s-ladicama\/\",\"url\":\"https:\/\/msviscom.development.digitalist.si\/hr\/izdelek\/vanjska-kuhinja-element-s-ladicama\/\",\"name\":\"Vanjska kuhinja \u2013 Element s ladicama - MS Viscom\",\"isPartOf\":{\"@id\":\"https:\/\/msviscom.development.digitalist.si\/hr\/#website\"},\"datePublished\":\"2025-07-21T08:15:36+00:00\",\"dateModified\":\"2025-11-17T08:50:55+00:00\",\"breadcrumb\":{\"@id\":\"https:\/\/msviscom.development.digitalist.si\/hr\/izdelek\/vanjska-kuhinja-element-s-ladicama\/#breadcrumb\"},\"inLanguage\":\"hr\",\"potentialAction\":[{\"@type\":\"ReadAction\",\"target\":[\"https:\/\/msviscom.development.digitalist.si\/hr\/izdelek\/vanjska-kuhinja-element-s-ladicama\/\"]}]},{\"@type\":\"BreadcrumbList\",\"@id\":\"https:\/\/msviscom.development.digitalist.si\/hr\/izdelek\/vanjska-kuhinja-element-s-ladicama\/#breadcrumb\",\"itemListElement\":[{\"@type\":\"ListItem\",\"position\":1,\"name\":\"Domov\",\"item\":\"https:\/\/msviscom.development.digitalist.si\/hr\/\"},{\"@type\":\"ListItem\",\"position\":2,\"name\":\"Trgovina\",\"item\":\"https:\/\/msviscom.development.digitalist.si\/hr\/trgovina\/\"},{\"@type\":\"ListItem\",\"position\":3,\"name\":\"Vanjska kuhinja \u2013 Element s ladicama\"}]},{\"@type\":\"WebSite\",\"@id\":\"https:\/\/msviscom.development.digitalist.si\/hr\/#website\",\"url\":\"https:\/\/msviscom.development.digitalist.si\/hr\/\",\"name\":\"MS Viscom\",\"description\":\"\",\"potentialAction\":[{\"@type\":\"SearchAction\",\"target\":{\"@type\":\"EntryPoint\",\"urlTemplate\":\"https:\/\/msviscom.development.digitalist.si\/hr\/?s={search_term_string}\"},\"query-input\":{\"@type\":\"PropertyValueSpecification\",\"valueRequired\":true,\"valueName\":\"search_term_string\"}}],\"inLanguage\":\"hr\"}]}<\/script>\n<!-- \/ Yoast SEO plugin. -->","yoast_head_json":{"title":"Vanjska kuhinja \u2013 Element s ladicama - MS Viscom","robots":{"index":"noindex","follow":"follow","max-snippet":"max-snippet:-1","max-image-preview":"max-image-preview:large","max-video-preview":"max-video-preview:-1"},"og_locale":"hr_HR","og_type":"article","og_title":"Vanjska kuhinja \u2013 Element s ladicama - MS Viscom","og_description":"Element s ladicama, antracit, 636 x 634 mm, visina: 935 mm","og_url":"https:\/\/msviscom.development.digitalist.si\/hr\/izdelek\/vanjska-kuhinja-element-s-ladicama\/","og_site_name":"MS Viscom","article_modified_time":"2025-11-17T08:50:55+00:00","twitter_card":"summary_large_image","twitter_misc":{"Procijenjeno vrijeme \u010ditanja":"1 minuta"},"schema":{"@context":"https:\/\/schema.org","@graph":[{"@type":"WebPage","@id":"https:\/\/msviscom.development.digitalist.si\/hr\/izdelek\/vanjska-kuhinja-element-s-ladicama\/","url":"https:\/\/msviscom.development.digitalist.si\/hr\/izdelek\/vanjska-kuhinja-element-s-ladicama\/","name":"Vanjska kuhinja \u2013 Element s ladicama - MS Viscom","isPartOf":{"@id":"https:\/\/msviscom.development.digitalist.si\/hr\/#website"},"datePublished":"2025-07-21T08:15:36+00:00","dateModified":"2025-11-17T08:50:55+00:00","breadcrumb":{"@id":"https:\/\/msviscom.development.digitalist.si\/hr\/izdelek\/vanjska-kuhinja-element-s-ladicama\/#breadcrumb"},"inLanguage":"hr","potentialAction":[{"@type":"ReadAction","target":["https:\/\/msviscom.development.digitalist.si\/hr\/izdelek\/vanjska-kuhinja-element-s-ladicama\/"]}]},{"@type":"BreadcrumbList","@id":"https:\/\/msviscom.development.digitalist.si\/hr\/izdelek\/vanjska-kuhinja-element-s-ladicama\/#breadcrumb","itemListElement":[{"@type":"ListItem","position":1,"name":"Domov","item":"https:\/\/msviscom.development.digitalist.si\/hr\/"},{"@type":"ListItem","position":2,"name":"Trgovina","item":"https:\/\/msviscom.development.digitalist.si\/hr\/trgovina\/"},{"@type":"ListItem","position":3,"name":"Vanjska kuhinja \u2013 Element s ladicama"}]},{"@type":"WebSite","@id":"https:\/\/msviscom.development.digitalist.si\/hr\/#website","url":"https:\/\/msviscom.development.digitalist.si\/hr\/","name":"MS Viscom","description":"","potentialAction":[{"@type":"SearchAction","target":{"@type":"EntryPoint","urlTemplate":"https:\/\/msviscom.development.digitalist.si\/hr\/?s={search_term_string}"},"query-input":{"@type":"PropertyValueSpecification","valueRequired":true,"valueName":"search_term_string"}}],"inLanguage":"hr"}]}},"_links":{"self":[{"href":"https:\/\/msviscom.development.digitalist.si\/hr\/wp-json\/wp\/v2\/product\/3615","targetHints":{"allow":["GET"]}}],"collection":[{"href":"https:\/\/msviscom.development.digitalist.si\/hr\/wp-json\/wp\/v2\/product"}],"about":[{"href":"https:\/\/msviscom.development.digitalist.si\/hr\/wp-json\/wp\/v2\/types\/product"}],"wp:attachment":[{"href":"https:\/\/msviscom.development.digitalist.si\/hr\/wp-json\/wp\/v2\/media?parent=3615"}],"wp:term":[{"taxonomy":"product_brand","embeddable":true,"href":"https:\/\/msviscom.development.digitalist.si\/hr\/wp-json\/wp\/v2\/product_brand?post=3615"},{"taxonomy":"product_cat","embeddable":true,"href":"https:\/\/msviscom.development.digitalist.si\/hr\/wp-json\/wp\/v2\/product_cat?post=3615"},{"taxonomy":"product_tag","embeddable":true,"href":"https:\/\/msviscom.development.digitalist.si\/hr\/wp-json\/wp\/v2\/product_tag?post=3615"}],"curies":[{"name":"wp","href":"https:\/\/api.w.org\/{rel}","templated":true}]}}