{"id":3614,"date":"2025-07-21T09:15:32","date_gmt":"2025-07-21T08:15:32","guid":{"rendered":"https:\/\/msviscom.development.digitalist.si\/izdelek\/plant-inn-povisena-gredica\/"},"modified":"2025-11-17T08:37:53","modified_gmt":"2025-11-17T07:37:53","slug":"plant-inn-povisena-gredica","status":"publish","type":"product","link":"https:\/\/msviscom.development.digitalist.si\/hr\/izdelek\/plant-inn-povisena-gredica\/","title":{"rendered":"PLANT INN povi\u0161ena gredica"},"content":{"rendered":"<div class=\"accordion product-accordion product-accordion-description js-accordion\">\n<div class=\"accordion-content js-accordion-content\">\n<p>Mini staklenik Plant Inn idealan je za kompaktne prostore kao \u0161to su balkoni, terase ili manji vrtovi. Ovaj mini staklenik, izra\u0111en od gotovo neuni\u0161tivih polikarbonatnih plo\u010da, \u0161titi od nepredvidivog vremena i \u010duva va\u0161e biljke od \u0161tetnih UV zraka. Pobolj\u0161ajte svoje vrtlarenje s povi\u0161enom povr\u0161inom za sadnju koja se nalazi 72 cm iznad tla i sprje\u010dava pristup \u0161tetnicima poput pu\u017eeva, gusjenica i kornja\u0161a, dok pobolj\u0161ava svjetlost i plodnost tla. U\u017eivajte u fleksibilnosti poklopaca na \u0161arkama koji se mogu postaviti u tri polo\u017eaja \u2013 potpuno zatvoren, potpuno otvoren za uzgoj i zalijevanje ili napola otvoren za u\u010dinkovito prozra\u010divanje. Otpornost ovog staklenika je nenadma\u0161na zahvaljuju\u0107i \u010dvrstoj konstrukciji. Staklenik ima aluminijski okvir koji nadopunjuje pocin\u010dana \u010deli\u010dna baza. Za dodatnu pomo\u0107 u vrtlarenju uklju\u010dene su dvije posude za sadnju dubine 13 cm. Brinete se zbog nakupljanja vode? Ovaj kompaktni set staklenika ima inovativni unutarnji sustav odvodnje koji uklanja vi\u0161ak vode. Osim toga, dostupan je ugra\u0111eni prostor za pohranu svih vrtnih potrep\u0161tina, tako da su vam alati uvijek pri ruci. Zahvaljuju\u0107i jednostavnom i prakti\u010dnom DIY dizajnu, sastavljanje ovog polikarbonatnog staklenika je vrlo jednostavno. Najbolji dio? To je konstrukcija bez odr\u017eavanja, \u0161to vam omogu\u0107uje da se u potpunosti posvetite svojim biljkama. U\u017eivajte u bezbri\u017enom iskustvu vrtlarenja s na\u0161im sve-u-jednom Plant Inn staklenikom.<\/p>\n<p>Dodatni videozapisi dostupni su na: https:\/\/www.youtube.com\/watch?v=jEx74uRCF00<\/p>\n<\/div>\n<div class=\"accordion-header js-accordion-toggle\"><\/div>\n<\/div>\n<pre id=\"tw-target-text\" dir=\"ltr\" aria-label=\"Prevedeni tekst\" data-placeholder=\"Prijevod\" data-ved=\"2ahUKEwjy6PLO2YWIAxVF0wIHHYmZELgQ3ewLegQIBxAU\"> \n\n<\/pre>\n","protected":false},"excerpt":{"rendered":"<p>Povi\u0161ena gredica dimenzija 116 \u00d7 118 \u00d7 148 cm, s 4 odvoda vi\u0161ka vode i donjom policom za pohranu. Alternativa staklenicima, idealna za male prostore, balkone, stambene zgrade, terase i vikendice.<\/p>\n","protected":false},"featured_media":5535,"template":"","meta":{"_acf_changed":false},"product_brand":[],"product_cat":[258,268],"product_tag":[],"class_list":{"0":"post-3614","1":"product","2":"type-product","3":"status-publish","4":"has-post-thumbnail","6":"product_cat-staklenici","7":"product_cat-plant-inn","9":"first","10":"instock","11":"taxable","12":"shipping-taxable","13":"purchasable","14":"product-type-simple"},"acf":[],"yoast_head":"<!-- This site is optimized with the Yoast SEO plugin v25.3.1 - https:\/\/yoast.com\/wordpress\/plugins\/seo\/ -->\n<title>PLANT INN povi\u0161ena gredica - MS Viscom<\/title>\n<meta name=\"robots\" content=\"noindex, follow, max-snippet:-1, max-image-preview:large, max-video-preview:-1\" \/>\n<meta property=\"og:locale\" content=\"hr_HR\" \/>\n<meta property=\"og:type\" content=\"article\" \/>\n<meta property=\"og:title\" content=\"PLANT INN povi\u0161ena gredica - MS Viscom\" \/>\n<meta property=\"og:description\" content=\"Povi\u0161ena gredica dimenzija 116 \u00d7 118 \u00d7 148 cm, s 4 odvoda vi\u0161ka vode i donjom policom za pohranu. Alternativa staklenicima, idealna za male prostore, balkone, stambene zgrade, terase i vikendice.\" \/>\n<meta property=\"og:url\" content=\"https:\/\/msviscom.development.digitalist.si\/hr\/izdelek\/plant-inn-povisena-gredica\/\" \/>\n<meta property=\"og:site_name\" content=\"MS Viscom\" \/>\n<meta property=\"article:modified_time\" content=\"2025-11-17T07:37:53+00:00\" \/>\n<meta name=\"twitter:card\" content=\"summary_large_image\" \/>\n<meta name=\"twitter:label1\" content=\"Procijenjeno vrijeme \u010ditanja\" \/>\n\t<meta name=\"twitter:data1\" content=\"1 minuta\" \/>\n<script type=\"application\/ld+json\" class=\"yoast-schema-graph\">{\"@context\":\"https:\/\/schema.org\",\"@graph\":[{\"@type\":\"WebPage\",\"@id\":\"https:\/\/msviscom.development.digitalist.si\/hr\/izdelek\/plant-inn-povisena-gredica\/\",\"url\":\"https:\/\/msviscom.development.digitalist.si\/hr\/izdelek\/plant-inn-povisena-gredica\/\",\"name\":\"PLANT INN povi\u0161ena gredica - MS Viscom\",\"isPartOf\":{\"@id\":\"https:\/\/msviscom.development.digitalist.si\/hr\/#website\"},\"primaryImageOfPage\":{\"@id\":\"https:\/\/msviscom.development.digitalist.si\/hr\/izdelek\/plant-inn-povisena-gredica\/#primaryimage\"},\"image\":{\"@id\":\"https:\/\/msviscom.development.digitalist.si\/hr\/izdelek\/plant-inn-povisena-gredica\/#primaryimage\"},\"thumbnailUrl\":\"https:\/\/msviscom.development.digitalist.si\/wp-content\/uploads\/2025\/09\/Palram-Canopia_Greenhouses_Plant_Inn-45.jpg\",\"datePublished\":\"2025-07-21T08:15:32+00:00\",\"dateModified\":\"2025-11-17T07:37:53+00:00\",\"breadcrumb\":{\"@id\":\"https:\/\/msviscom.development.digitalist.si\/hr\/izdelek\/plant-inn-povisena-gredica\/#breadcrumb\"},\"inLanguage\":\"hr\",\"potentialAction\":[{\"@type\":\"ReadAction\",\"target\":[\"https:\/\/msviscom.development.digitalist.si\/hr\/izdelek\/plant-inn-povisena-gredica\/\"]}]},{\"@type\":\"ImageObject\",\"inLanguage\":\"hr\",\"@id\":\"https:\/\/msviscom.development.digitalist.si\/hr\/izdelek\/plant-inn-povisena-gredica\/#primaryimage\",\"url\":\"https:\/\/msviscom.development.digitalist.si\/wp-content\/uploads\/2025\/09\/Palram-Canopia_Greenhouses_Plant_Inn-45.jpg\",\"contentUrl\":\"https:\/\/msviscom.development.digitalist.si\/wp-content\/uploads\/2025\/09\/Palram-Canopia_Greenhouses_Plant_Inn-45.jpg\",\"width\":2362,\"height\":1572,\"caption\":\"Palram Greenhouses Plant Inn Twinwall Atmosphere 01\"},{\"@type\":\"BreadcrumbList\",\"@id\":\"https:\/\/msviscom.development.digitalist.si\/hr\/izdelek\/plant-inn-povisena-gredica\/#breadcrumb\",\"itemListElement\":[{\"@type\":\"ListItem\",\"position\":1,\"name\":\"Domov\",\"item\":\"https:\/\/msviscom.development.digitalist.si\/hr\/\"},{\"@type\":\"ListItem\",\"position\":2,\"name\":\"Trgovina\",\"item\":\"https:\/\/msviscom.development.digitalist.si\/hr\/trgovina\/\"},{\"@type\":\"ListItem\",\"position\":3,\"name\":\"PLANT INN povi\u0161ena gredica\"}]},{\"@type\":\"WebSite\",\"@id\":\"https:\/\/msviscom.development.digitalist.si\/hr\/#website\",\"url\":\"https:\/\/msviscom.development.digitalist.si\/hr\/\",\"name\":\"MS Viscom\",\"description\":\"\",\"potentialAction\":[{\"@type\":\"SearchAction\",\"target\":{\"@type\":\"EntryPoint\",\"urlTemplate\":\"https:\/\/msviscom.development.digitalist.si\/hr\/?s={search_term_string}\"},\"query-input\":{\"@type\":\"PropertyValueSpecification\",\"valueRequired\":true,\"valueName\":\"search_term_string\"}}],\"inLanguage\":\"hr\"}]}<\/script>\n<!-- \/ Yoast SEO plugin. -->","yoast_head_json":{"title":"PLANT INN povi\u0161ena gredica - MS Viscom","robots":{"index":"noindex","follow":"follow","max-snippet":"max-snippet:-1","max-image-preview":"max-image-preview:large","max-video-preview":"max-video-preview:-1"},"og_locale":"hr_HR","og_type":"article","og_title":"PLANT INN povi\u0161ena gredica - MS Viscom","og_description":"Povi\u0161ena gredica dimenzija 116 \u00d7 118 \u00d7 148 cm, s 4 odvoda vi\u0161ka vode i donjom policom za pohranu. Alternativa staklenicima, idealna za male prostore, balkone, stambene zgrade, terase i vikendice.","og_url":"https:\/\/msviscom.development.digitalist.si\/hr\/izdelek\/plant-inn-povisena-gredica\/","og_site_name":"MS Viscom","article_modified_time":"2025-11-17T07:37:53+00:00","twitter_card":"summary_large_image","twitter_misc":{"Procijenjeno vrijeme \u010ditanja":"1 minuta"},"schema":{"@context":"https:\/\/schema.org","@graph":[{"@type":"WebPage","@id":"https:\/\/msviscom.development.digitalist.si\/hr\/izdelek\/plant-inn-povisena-gredica\/","url":"https:\/\/msviscom.development.digitalist.si\/hr\/izdelek\/plant-inn-povisena-gredica\/","name":"PLANT INN povi\u0161ena gredica - MS Viscom","isPartOf":{"@id":"https:\/\/msviscom.development.digitalist.si\/hr\/#website"},"primaryImageOfPage":{"@id":"https:\/\/msviscom.development.digitalist.si\/hr\/izdelek\/plant-inn-povisena-gredica\/#primaryimage"},"image":{"@id":"https:\/\/msviscom.development.digitalist.si\/hr\/izdelek\/plant-inn-povisena-gredica\/#primaryimage"},"thumbnailUrl":"https:\/\/msviscom.development.digitalist.si\/wp-content\/uploads\/2025\/09\/Palram-Canopia_Greenhouses_Plant_Inn-45.jpg","datePublished":"2025-07-21T08:15:32+00:00","dateModified":"2025-11-17T07:37:53+00:00","breadcrumb":{"@id":"https:\/\/msviscom.development.digitalist.si\/hr\/izdelek\/plant-inn-povisena-gredica\/#breadcrumb"},"inLanguage":"hr","potentialAction":[{"@type":"ReadAction","target":["https:\/\/msviscom.development.digitalist.si\/hr\/izdelek\/plant-inn-povisena-gredica\/"]}]},{"@type":"ImageObject","inLanguage":"hr","@id":"https:\/\/msviscom.development.digitalist.si\/hr\/izdelek\/plant-inn-povisena-gredica\/#primaryimage","url":"https:\/\/msviscom.development.digitalist.si\/wp-content\/uploads\/2025\/09\/Palram-Canopia_Greenhouses_Plant_Inn-45.jpg","contentUrl":"https:\/\/msviscom.development.digitalist.si\/wp-content\/uploads\/2025\/09\/Palram-Canopia_Greenhouses_Plant_Inn-45.jpg","width":2362,"height":1572,"caption":"Palram Greenhouses Plant Inn Twinwall Atmosphere 01"},{"@type":"BreadcrumbList","@id":"https:\/\/msviscom.development.digitalist.si\/hr\/izdelek\/plant-inn-povisena-gredica\/#breadcrumb","itemListElement":[{"@type":"ListItem","position":1,"name":"Domov","item":"https:\/\/msviscom.development.digitalist.si\/hr\/"},{"@type":"ListItem","position":2,"name":"Trgovina","item":"https:\/\/msviscom.development.digitalist.si\/hr\/trgovina\/"},{"@type":"ListItem","position":3,"name":"PLANT INN povi\u0161ena gredica"}]},{"@type":"WebSite","@id":"https:\/\/msviscom.development.digitalist.si\/hr\/#website","url":"https:\/\/msviscom.development.digitalist.si\/hr\/","name":"MS Viscom","description":"","potentialAction":[{"@type":"SearchAction","target":{"@type":"EntryPoint","urlTemplate":"https:\/\/msviscom.development.digitalist.si\/hr\/?s={search_term_string}"},"query-input":{"@type":"PropertyValueSpecification","valueRequired":true,"valueName":"search_term_string"}}],"inLanguage":"hr"}]}},"_links":{"self":[{"href":"https:\/\/msviscom.development.digitalist.si\/hr\/wp-json\/wp\/v2\/product\/3614","targetHints":{"allow":["GET"]}}],"collection":[{"href":"https:\/\/msviscom.development.digitalist.si\/hr\/wp-json\/wp\/v2\/product"}],"about":[{"href":"https:\/\/msviscom.development.digitalist.si\/hr\/wp-json\/wp\/v2\/types\/product"}],"wp:featuredmedia":[{"embeddable":true,"href":"https:\/\/msviscom.development.digitalist.si\/hr\/wp-json\/wp\/v2\/media\/5535"}],"wp:attachment":[{"href":"https:\/\/msviscom.development.digitalist.si\/hr\/wp-json\/wp\/v2\/media?parent=3614"}],"wp:term":[{"taxonomy":"product_brand","embeddable":true,"href":"https:\/\/msviscom.development.digitalist.si\/hr\/wp-json\/wp\/v2\/product_brand?post=3614"},{"taxonomy":"product_cat","embeddable":true,"href":"https:\/\/msviscom.development.digitalist.si\/hr\/wp-json\/wp\/v2\/product_cat?post=3614"},{"taxonomy":"product_tag","embeddable":true,"href":"https:\/\/msviscom.development.digitalist.si\/hr\/wp-json\/wp\/v2\/product_tag?post=3614"}],"curies":[{"name":"wp","href":"https:\/\/api.w.org\/{rel}","templated":true}]}}