{"id":3613,"date":"2025-07-21T09:15:28","date_gmt":"2025-07-21T08:15:28","guid":{"rendered":"https:\/\/msviscom.development.digitalist.si\/izdelek\/vanjska-kuhinja-element-s-kamado-rostiljem\/"},"modified":"2025-11-17T08:37:53","modified_gmt":"2025-11-17T07:37:53","slug":"vanjska-kuhinja-element-s-kamado-rostiljem","status":"publish","type":"product","link":"https:\/\/msviscom.development.digitalist.si\/hr\/izdelek\/vanjska-kuhinja-element-s-kamado-rostiljem\/","title":{"rendered":"Vanjska kuhinja \u2013 Element s Kamado ro\u0161tiljem"},"content":{"rendered":"<p>Svi elementi ljetne kuhinje potpuno su kompatibilni i mogu se me\u0111usobno slobodno kombinirati;<\/p>\n<p>Svi dijelovi izra\u0111eni su od nehr\u0111aju\u0107eg \u010delika;<\/p>\n<p>Gornja radna plo\u010da od porculana, debljina: 15 mm, dekor talijanskog mramora, otporna na vanjske utjecaje, jednostavna za \u010di\u0161\u0107enje;<\/p>\n<p>Podesive nogice od nehr\u0111aju\u0107eg \u010delika;<\/p>\n<p>Promjer ro\u0161tilja: 55 cm \/ 21,6&#8243;;<\/p>\n<p>Promjer re\u0161etke: 46,0 cm;<\/p>\n<p>Gornji ventil: lijevano \u017eeljezo;<\/p>\n<p>Ru\u010dka: bambus;<\/p>\n<p>Prsteni\/opruge\/postolje: S\/S;<\/p>\n<p>Re\u0161etka: S\/S (promjer 6 mm S\/S);<\/p>\n<p>Unutra\u0161njost ro\u0161tilja: porculan (otporan do 1000\u00b0C).<\/p>\n","protected":false},"excerpt":{"rendered":"<p>Element s Kamado ro\u0161tiljem, antracit, 900 x 634 mm, visina 935 mm<\/p>\n","protected":false},"featured_media":1901,"template":"","meta":{"_acf_changed":false},"product_brand":[],"product_cat":[166,168],"product_tag":[],"class_list":{"0":"post-3613","1":"product","2":"type-product","3":"status-publish","4":"has-post-thumbnail","6":"product_cat-bellano-vanjske-kuhinje","7":"product_cat-modularne-vanjske-kuhinje","9":"first","10":"instock","11":"taxable","12":"shipping-taxable","13":"purchasable","14":"product-type-simple"},"acf":[],"yoast_head":"<!-- This site is optimized with the Yoast SEO plugin v25.3.1 - https:\/\/yoast.com\/wordpress\/plugins\/seo\/ -->\n<title>Vanjska kuhinja \u2013 Element s Kamado ro\u0161tiljem - MS Viscom<\/title>\n<meta name=\"robots\" content=\"noindex, follow, max-snippet:-1, max-image-preview:large, max-video-preview:-1\" \/>\n<meta property=\"og:locale\" content=\"hr_HR\" \/>\n<meta property=\"og:type\" content=\"article\" \/>\n<meta property=\"og:title\" content=\"Vanjska kuhinja \u2013 Element s Kamado ro\u0161tiljem - MS Viscom\" \/>\n<meta property=\"og:description\" content=\"Element s Kamado ro\u0161tiljem, antracit, 900 x 634 mm, visina 935 mm\" \/>\n<meta property=\"og:url\" content=\"https:\/\/msviscom.development.digitalist.si\/hr\/izdelek\/vanjska-kuhinja-element-s-kamado-rostiljem\/\" \/>\n<meta property=\"og:site_name\" content=\"MS Viscom\" \/>\n<meta property=\"article:modified_time\" content=\"2025-11-17T07:37:53+00:00\" \/>\n<meta name=\"twitter:card\" content=\"summary_large_image\" \/>\n<script type=\"application\/ld+json\" class=\"yoast-schema-graph\">{\"@context\":\"https:\/\/schema.org\",\"@graph\":[{\"@type\":\"WebPage\",\"@id\":\"https:\/\/msviscom.development.digitalist.si\/hr\/izdelek\/vanjska-kuhinja-element-s-kamado-rostiljem\/\",\"url\":\"https:\/\/msviscom.development.digitalist.si\/hr\/izdelek\/vanjska-kuhinja-element-s-kamado-rostiljem\/\",\"name\":\"Vanjska kuhinja \u2013 Element s Kamado ro\u0161tiljem - MS Viscom\",\"isPartOf\":{\"@id\":\"https:\/\/msviscom.development.digitalist.si\/hr\/#website\"},\"primaryImageOfPage\":{\"@id\":\"https:\/\/msviscom.development.digitalist.si\/hr\/izdelek\/vanjska-kuhinja-element-s-kamado-rostiljem\/#primaryimage\"},\"image\":{\"@id\":\"https:\/\/msviscom.development.digitalist.si\/hr\/izdelek\/vanjska-kuhinja-element-s-kamado-rostiljem\/#primaryimage\"},\"thumbnailUrl\":\"https:\/\/msviscom.development.digitalist.si\/wp-content\/uploads\/2025\/07\/01_letna_kuhinja_element_s_kamado_zarom_antracit_ms_viscom.jpg\",\"datePublished\":\"2025-07-21T08:15:28+00:00\",\"dateModified\":\"2025-11-17T07:37:53+00:00\",\"breadcrumb\":{\"@id\":\"https:\/\/msviscom.development.digitalist.si\/hr\/izdelek\/vanjska-kuhinja-element-s-kamado-rostiljem\/#breadcrumb\"},\"inLanguage\":\"hr\",\"potentialAction\":[{\"@type\":\"ReadAction\",\"target\":[\"https:\/\/msviscom.development.digitalist.si\/hr\/izdelek\/vanjska-kuhinja-element-s-kamado-rostiljem\/\"]}]},{\"@type\":\"ImageObject\",\"inLanguage\":\"hr\",\"@id\":\"https:\/\/msviscom.development.digitalist.si\/hr\/izdelek\/vanjska-kuhinja-element-s-kamado-rostiljem\/#primaryimage\",\"url\":\"https:\/\/msviscom.development.digitalist.si\/wp-content\/uploads\/2025\/07\/01_letna_kuhinja_element_s_kamado_zarom_antracit_ms_viscom.jpg\",\"contentUrl\":\"https:\/\/msviscom.development.digitalist.si\/wp-content\/uploads\/2025\/07\/01_letna_kuhinja_element_s_kamado_zarom_antracit_ms_viscom.jpg\",\"width\":800,\"height\":600},{\"@type\":\"BreadcrumbList\",\"@id\":\"https:\/\/msviscom.development.digitalist.si\/hr\/izdelek\/vanjska-kuhinja-element-s-kamado-rostiljem\/#breadcrumb\",\"itemListElement\":[{\"@type\":\"ListItem\",\"position\":1,\"name\":\"Domov\",\"item\":\"https:\/\/msviscom.development.digitalist.si\/hr\/\"},{\"@type\":\"ListItem\",\"position\":2,\"name\":\"Trgovina\",\"item\":\"https:\/\/msviscom.development.digitalist.si\/hr\/trgovina\/\"},{\"@type\":\"ListItem\",\"position\":3,\"name\":\"Vanjska kuhinja \u2013 Element s Kamado ro\u0161tiljem\"}]},{\"@type\":\"WebSite\",\"@id\":\"https:\/\/msviscom.development.digitalist.si\/hr\/#website\",\"url\":\"https:\/\/msviscom.development.digitalist.si\/hr\/\",\"name\":\"MS Viscom\",\"description\":\"\",\"potentialAction\":[{\"@type\":\"SearchAction\",\"target\":{\"@type\":\"EntryPoint\",\"urlTemplate\":\"https:\/\/msviscom.development.digitalist.si\/hr\/?s={search_term_string}\"},\"query-input\":{\"@type\":\"PropertyValueSpecification\",\"valueRequired\":true,\"valueName\":\"search_term_string\"}}],\"inLanguage\":\"hr\"}]}<\/script>\n<!-- \/ Yoast SEO plugin. -->","yoast_head_json":{"title":"Vanjska kuhinja \u2013 Element s Kamado ro\u0161tiljem - MS Viscom","robots":{"index":"noindex","follow":"follow","max-snippet":"max-snippet:-1","max-image-preview":"max-image-preview:large","max-video-preview":"max-video-preview:-1"},"og_locale":"hr_HR","og_type":"article","og_title":"Vanjska kuhinja \u2013 Element s Kamado ro\u0161tiljem - MS Viscom","og_description":"Element s Kamado ro\u0161tiljem, antracit, 900 x 634 mm, visina 935 mm","og_url":"https:\/\/msviscom.development.digitalist.si\/hr\/izdelek\/vanjska-kuhinja-element-s-kamado-rostiljem\/","og_site_name":"MS Viscom","article_modified_time":"2025-11-17T07:37:53+00:00","twitter_card":"summary_large_image","schema":{"@context":"https:\/\/schema.org","@graph":[{"@type":"WebPage","@id":"https:\/\/msviscom.development.digitalist.si\/hr\/izdelek\/vanjska-kuhinja-element-s-kamado-rostiljem\/","url":"https:\/\/msviscom.development.digitalist.si\/hr\/izdelek\/vanjska-kuhinja-element-s-kamado-rostiljem\/","name":"Vanjska kuhinja \u2013 Element s Kamado ro\u0161tiljem - MS Viscom","isPartOf":{"@id":"https:\/\/msviscom.development.digitalist.si\/hr\/#website"},"primaryImageOfPage":{"@id":"https:\/\/msviscom.development.digitalist.si\/hr\/izdelek\/vanjska-kuhinja-element-s-kamado-rostiljem\/#primaryimage"},"image":{"@id":"https:\/\/msviscom.development.digitalist.si\/hr\/izdelek\/vanjska-kuhinja-element-s-kamado-rostiljem\/#primaryimage"},"thumbnailUrl":"https:\/\/msviscom.development.digitalist.si\/wp-content\/uploads\/2025\/07\/01_letna_kuhinja_element_s_kamado_zarom_antracit_ms_viscom.jpg","datePublished":"2025-07-21T08:15:28+00:00","dateModified":"2025-11-17T07:37:53+00:00","breadcrumb":{"@id":"https:\/\/msviscom.development.digitalist.si\/hr\/izdelek\/vanjska-kuhinja-element-s-kamado-rostiljem\/#breadcrumb"},"inLanguage":"hr","potentialAction":[{"@type":"ReadAction","target":["https:\/\/msviscom.development.digitalist.si\/hr\/izdelek\/vanjska-kuhinja-element-s-kamado-rostiljem\/"]}]},{"@type":"ImageObject","inLanguage":"hr","@id":"https:\/\/msviscom.development.digitalist.si\/hr\/izdelek\/vanjska-kuhinja-element-s-kamado-rostiljem\/#primaryimage","url":"https:\/\/msviscom.development.digitalist.si\/wp-content\/uploads\/2025\/07\/01_letna_kuhinja_element_s_kamado_zarom_antracit_ms_viscom.jpg","contentUrl":"https:\/\/msviscom.development.digitalist.si\/wp-content\/uploads\/2025\/07\/01_letna_kuhinja_element_s_kamado_zarom_antracit_ms_viscom.jpg","width":800,"height":600},{"@type":"BreadcrumbList","@id":"https:\/\/msviscom.development.digitalist.si\/hr\/izdelek\/vanjska-kuhinja-element-s-kamado-rostiljem\/#breadcrumb","itemListElement":[{"@type":"ListItem","position":1,"name":"Domov","item":"https:\/\/msviscom.development.digitalist.si\/hr\/"},{"@type":"ListItem","position":2,"name":"Trgovina","item":"https:\/\/msviscom.development.digitalist.si\/hr\/trgovina\/"},{"@type":"ListItem","position":3,"name":"Vanjska kuhinja \u2013 Element s Kamado ro\u0161tiljem"}]},{"@type":"WebSite","@id":"https:\/\/msviscom.development.digitalist.si\/hr\/#website","url":"https:\/\/msviscom.development.digitalist.si\/hr\/","name":"MS Viscom","description":"","potentialAction":[{"@type":"SearchAction","target":{"@type":"EntryPoint","urlTemplate":"https:\/\/msviscom.development.digitalist.si\/hr\/?s={search_term_string}"},"query-input":{"@type":"PropertyValueSpecification","valueRequired":true,"valueName":"search_term_string"}}],"inLanguage":"hr"}]}},"_links":{"self":[{"href":"https:\/\/msviscom.development.digitalist.si\/hr\/wp-json\/wp\/v2\/product\/3613","targetHints":{"allow":["GET"]}}],"collection":[{"href":"https:\/\/msviscom.development.digitalist.si\/hr\/wp-json\/wp\/v2\/product"}],"about":[{"href":"https:\/\/msviscom.development.digitalist.si\/hr\/wp-json\/wp\/v2\/types\/product"}],"wp:featuredmedia":[{"embeddable":true,"href":"https:\/\/msviscom.development.digitalist.si\/hr\/wp-json\/wp\/v2\/media\/1901"}],"wp:attachment":[{"href":"https:\/\/msviscom.development.digitalist.si\/hr\/wp-json\/wp\/v2\/media?parent=3613"}],"wp:term":[{"taxonomy":"product_brand","embeddable":true,"href":"https:\/\/msviscom.development.digitalist.si\/hr\/wp-json\/wp\/v2\/product_brand?post=3613"},{"taxonomy":"product_cat","embeddable":true,"href":"https:\/\/msviscom.development.digitalist.si\/hr\/wp-json\/wp\/v2\/product_cat?post=3613"},{"taxonomy":"product_tag","embeddable":true,"href":"https:\/\/msviscom.development.digitalist.si\/hr\/wp-json\/wp\/v2\/product_tag?post=3613"}],"curies":[{"name":"wp","href":"https:\/\/api.w.org\/{rel}","templated":true}]}}