{"id":3606,"date":"2025-07-21T09:15:26","date_gmt":"2025-07-21T08:15:26","guid":{"rendered":"https:\/\/msviscom.development.digitalist.si\/izdelek\/inuteq-reflektirajuci-rashladujuci-prsluk-zuti-m\/"},"modified":"2025-11-17T08:37:51","modified_gmt":"2025-11-17T07:37:51","slug":"inuteq-reflektirajuci-rashladujuci-prsluk-zuti-m","status":"publish","type":"product","link":"https:\/\/msviscom.development.digitalist.si\/hr\/izdelek\/inuteq-reflektirajuci-rashladujuci-prsluk-zuti-m\/","title":{"rendered":"INUTEQ reflektiraju\u0107i rashla\u0111uju\u0107i prsluk \u017euti &#8211; M"},"content":{"rendered":"<p>HLADE\u0106I PRSLUK I OPREMA<\/p>\n<p>INUTEQ-H20\u00ae isparavaju\u0107i proizvodi za hla\u0111enje lagani su i jednostavni za (ponovnu) aktivaciju.<\/p>\n<p>Proizvod se mo\u017ee nositi u mnogim prilikama: za rad, sport i rekreaciju. Proizvodi su dizajnirani za no\u0161enje u okru\u017eenjima koja nisu ekstremna i najbolje djeluju pri niskoj do srednjoj vla\u017enosti. Brzina protoka zraka oko tijela odre\u0111uje u\u010dinak i trajanje hla\u0111enja. Ovi proizvodi nisu prikladni za uporabu u ekstremnim uvjetima gdje toplinu stvaraju industrijske aktivnosti i gdje korisnik mora nositi za\u0161titnu\/zrakonepropusnu odje\u0107u, jer ne pru\u017eaju dovoljnu za\u0161titu od toplinskog stresa. Za takve uvjete preporu\u010dujemo na\u0161e proizvode za hla\u0111enje INUTEQ-PAC\u00ae.<\/p>\n<p>Kako aktivirati INUTEQ-H2O\u00ae proizvode za hla\u0111enje:<\/p>\n<p>1. Namo\u010dite proizvod u vodi 1 do 2 minute.<\/p>\n<p>2. Nje\u017eno iscijedite vi\u0161ak vode.<\/p>\n<p>3. Prije upotrebe mo\u017eete obrisati vodootpornu podstavu (prsluk\/pokrivalo) ru\u010dnikom.<\/p>\n<p>4. Proizvod je spreman za no\u0161enje.<\/p>\n<p>Upozorenje: ne cijediti uvrtanjem!<\/p>\n<p>Upute za \u010di\u0161\u0107enje<\/p>\n<p>Strojno pranje na 40\u00b0C (104\u00b0F) s blagim deterd\u017eentima.<\/p>\n<p>Su\u0161iti samo na zraku, bez gla\u010danja, su\u0161enja u su\u0161ilici ili kemijskog \u010di\u0161\u0107enja.<\/p>\n<p>Skladi\u0161tenje<\/p>\n<p>U vla\u017enom stanju: ako proizvod nije suh, ne \u010duvati ga u zatvorenom prostoru bez ventilacije dulje od 12 sati. U suhom stanju: neograni\u010deno \u010duvanje u suhim i hladnim prostorima.<\/p>\n<p>Sastav<\/p>\n<p>Vanjski sloj: 100% najlon<\/p>\n<p>Jezgra: INUTEQ-H2O\u00ae superapsorbiraju\u0107a tkanina za hla\u0111enje s antibakterijskom obradom Podstava: 100% najlon<\/p>\n<p>Plo\u010de prsluka: mre\u017ea od poliestera<\/p>\n<p>Zna\u010dajke proizvoda:<\/p>\n<p>Jedinstvena tehnologija hla\u0111enja<\/p>\n<p>Periv u perilici i antibakterijski Jednostavan za upotrebu<\/p>\n<p>Lagani, netoksi\u010dni i izdr\u017eljivi<\/p>\n<p>Omogu\u0107uje hla\u0111enje do 15\u00b0C \/ 59\u00b0F ispod temperature okoline<\/p>\n<p>Pru\u017ea 2 do 8 sati udobnosti hla\u0111enja, ovisno o temperaturi\/protoku zraka\/vla\u017enosti Oznaka PPE kategorije 1 \u2013 samo za minimalne rizike prema Direktivi 89\/686\/EEZ<\/p>\n<p>INUTEQ-H2O\u00ae tkanina za hla\u0111enje razvijena je za do 200 ciklusa mokro\/suho (aktivacije).<\/p>\n<p>Apsorpcija vode pove\u0107ava se s vremenom, kako se vlakna INUTEQ-H2O\u00ae povezuju u strukturi tkanine. Mo\u017ee do\u0107i do laganog smanjenja apsorpcije tijekom prvih 10 ciklusa mokro\/suho, nakon \u010dega apsorpcija ostaje relativno stabilna. To je normalan proces, a tkanina \u0107e i dalje biti vrlo u\u010dinkovita u upijanju vode, isparavanju i hla\u0111enju. Na apsorpciju tako\u0111er utje\u010du odr\u017eavanje odje\u0107e i kvaliteta vode.<\/p>\n<p>Zemlja podrijetla Kina<\/p>\n<p>Izjava o sukladnosti s REACH-om<\/p>\n<p>Mi, Inuteq B.V., ovime potvr\u0111ujemo da u slu\u010daju proizvoda pod nazivom INUTEQ-H2O\u00ae uvijek po\u0161tujemo odredbe Uredbe REACH (1907\/2006\/EZ) i da proizvod u potpunosti ispunjava relevantne zahtjeve.<\/p>\n<p>Sukladnost s REACH-om zna\u010di da sve tvari sadr\u017eane u ovom proizvodu:<\/p>\n<p>\u2022 ve\u0107 su registrirane i\/ili ih je registrirala na\u0161a tvrtka i\/ili na\u0161i dobavlja\u010di i\/ili<\/p>\n<p>\u2022 su isklju\u010dene iz uredbe i\/ili<\/p>\n<p>\u2022 su izuzete od registracije<\/p>\n","protected":false},"excerpt":{"rendered":"<p>Reflektiraju\u0107i rashladni prsluk \u017euti &#8211; M<\/p>\n","protected":false},"featured_media":1222,"template":"","meta":{"_acf_changed":false},"product_brand":[],"product_cat":[250,252],"product_tag":[],"class_list":{"0":"post-3606","1":"product","2":"type-product","3":"status-publish","4":"has-post-thumbnail","6":"product_cat-rasprodaja","7":"product_cat-rashladna-odjeca","9":"first","10":"instock","11":"taxable","12":"shipping-taxable","13":"purchasable","14":"product-type-simple"},"acf":[],"yoast_head":"<!-- This site is optimized with the Yoast SEO plugin v25.3.1 - https:\/\/yoast.com\/wordpress\/plugins\/seo\/ -->\n<title>INUTEQ reflektiraju\u0107i rashla\u0111uju\u0107i prsluk \u017euti - M - MS Viscom<\/title>\n<meta name=\"robots\" content=\"noindex, follow, max-snippet:-1, max-image-preview:large, max-video-preview:-1\" \/>\n<meta property=\"og:locale\" content=\"hr_HR\" \/>\n<meta property=\"og:type\" content=\"article\" \/>\n<meta property=\"og:title\" content=\"INUTEQ reflektiraju\u0107i rashla\u0111uju\u0107i prsluk \u017euti - M - MS Viscom\" \/>\n<meta property=\"og:description\" content=\"Reflektiraju\u0107i rashladni prsluk \u017euti - M\" \/>\n<meta property=\"og:url\" content=\"https:\/\/msviscom.development.digitalist.si\/hr\/izdelek\/inuteq-reflektirajuci-rashladujuci-prsluk-zuti-m\/\" \/>\n<meta property=\"og:site_name\" content=\"MS Viscom\" \/>\n<meta property=\"article:modified_time\" content=\"2025-11-17T07:37:51+00:00\" \/>\n<meta name=\"twitter:card\" content=\"summary_large_image\" \/>\n<meta name=\"twitter:label1\" content=\"Procijenjeno vrijeme \u010ditanja\" \/>\n\t<meta name=\"twitter:data1\" content=\"2 minute\" \/>\n<script type=\"application\/ld+json\" class=\"yoast-schema-graph\">{\"@context\":\"https:\/\/schema.org\",\"@graph\":[{\"@type\":\"WebPage\",\"@id\":\"https:\/\/msviscom.development.digitalist.si\/hr\/izdelek\/inuteq-reflektirajuci-rashladujuci-prsluk-zuti-m\/\",\"url\":\"https:\/\/msviscom.development.digitalist.si\/hr\/izdelek\/inuteq-reflektirajuci-rashladujuci-prsluk-zuti-m\/\",\"name\":\"INUTEQ reflektiraju\u0107i rashla\u0111uju\u0107i prsluk \u017euti - M - MS Viscom\",\"isPartOf\":{\"@id\":\"https:\/\/msviscom.development.digitalist.si\/hr\/#website\"},\"primaryImageOfPage\":{\"@id\":\"https:\/\/msviscom.development.digitalist.si\/hr\/izdelek\/inuteq-reflektirajuci-rashladujuci-prsluk-zuti-m\/#primaryimage\"},\"image\":{\"@id\":\"https:\/\/msviscom.development.digitalist.si\/hr\/izdelek\/inuteq-reflektirajuci-rashladujuci-prsluk-zuti-m\/#primaryimage\"},\"thumbnailUrl\":\"https:\/\/msviscom.development.digitalist.si\/wp-content\/uploads\/2025\/07\/Hladilni_telovnik_MAUJA-5_r.jpg\",\"datePublished\":\"2025-07-21T08:15:26+00:00\",\"dateModified\":\"2025-11-17T07:37:51+00:00\",\"breadcrumb\":{\"@id\":\"https:\/\/msviscom.development.digitalist.si\/hr\/izdelek\/inuteq-reflektirajuci-rashladujuci-prsluk-zuti-m\/#breadcrumb\"},\"inLanguage\":\"hr\",\"potentialAction\":[{\"@type\":\"ReadAction\",\"target\":[\"https:\/\/msviscom.development.digitalist.si\/hr\/izdelek\/inuteq-reflektirajuci-rashladujuci-prsluk-zuti-m\/\"]}]},{\"@type\":\"ImageObject\",\"inLanguage\":\"hr\",\"@id\":\"https:\/\/msviscom.development.digitalist.si\/hr\/izdelek\/inuteq-reflektirajuci-rashladujuci-prsluk-zuti-m\/#primaryimage\",\"url\":\"https:\/\/msviscom.development.digitalist.si\/wp-content\/uploads\/2025\/07\/Hladilni_telovnik_MAUJA-5_r.jpg\",\"contentUrl\":\"https:\/\/msviscom.development.digitalist.si\/wp-content\/uploads\/2025\/07\/Hladilni_telovnik_MAUJA-5_r.jpg\",\"width\":800,\"height\":600},{\"@type\":\"BreadcrumbList\",\"@id\":\"https:\/\/msviscom.development.digitalist.si\/hr\/izdelek\/inuteq-reflektirajuci-rashladujuci-prsluk-zuti-m\/#breadcrumb\",\"itemListElement\":[{\"@type\":\"ListItem\",\"position\":1,\"name\":\"Domov\",\"item\":\"https:\/\/msviscom.development.digitalist.si\/hr\/\"},{\"@type\":\"ListItem\",\"position\":2,\"name\":\"Trgovina\",\"item\":\"https:\/\/msviscom.development.digitalist.si\/hr\/trgovina\/\"},{\"@type\":\"ListItem\",\"position\":3,\"name\":\"INUTEQ reflektiraju\u0107i rashla\u0111uju\u0107i prsluk \u017euti &#8211; M\"}]},{\"@type\":\"WebSite\",\"@id\":\"https:\/\/msviscom.development.digitalist.si\/hr\/#website\",\"url\":\"https:\/\/msviscom.development.digitalist.si\/hr\/\",\"name\":\"MS Viscom\",\"description\":\"\",\"potentialAction\":[{\"@type\":\"SearchAction\",\"target\":{\"@type\":\"EntryPoint\",\"urlTemplate\":\"https:\/\/msviscom.development.digitalist.si\/hr\/?s={search_term_string}\"},\"query-input\":{\"@type\":\"PropertyValueSpecification\",\"valueRequired\":true,\"valueName\":\"search_term_string\"}}],\"inLanguage\":\"hr\"}]}<\/script>\n<!-- \/ Yoast SEO plugin. -->","yoast_head_json":{"title":"INUTEQ reflektiraju\u0107i rashla\u0111uju\u0107i prsluk \u017euti - M - MS Viscom","robots":{"index":"noindex","follow":"follow","max-snippet":"max-snippet:-1","max-image-preview":"max-image-preview:large","max-video-preview":"max-video-preview:-1"},"og_locale":"hr_HR","og_type":"article","og_title":"INUTEQ reflektiraju\u0107i rashla\u0111uju\u0107i prsluk \u017euti - M - MS Viscom","og_description":"Reflektiraju\u0107i rashladni prsluk \u017euti - M","og_url":"https:\/\/msviscom.development.digitalist.si\/hr\/izdelek\/inuteq-reflektirajuci-rashladujuci-prsluk-zuti-m\/","og_site_name":"MS Viscom","article_modified_time":"2025-11-17T07:37:51+00:00","twitter_card":"summary_large_image","twitter_misc":{"Procijenjeno vrijeme \u010ditanja":"2 minute"},"schema":{"@context":"https:\/\/schema.org","@graph":[{"@type":"WebPage","@id":"https:\/\/msviscom.development.digitalist.si\/hr\/izdelek\/inuteq-reflektirajuci-rashladujuci-prsluk-zuti-m\/","url":"https:\/\/msviscom.development.digitalist.si\/hr\/izdelek\/inuteq-reflektirajuci-rashladujuci-prsluk-zuti-m\/","name":"INUTEQ reflektiraju\u0107i rashla\u0111uju\u0107i prsluk \u017euti - M - MS Viscom","isPartOf":{"@id":"https:\/\/msviscom.development.digitalist.si\/hr\/#website"},"primaryImageOfPage":{"@id":"https:\/\/msviscom.development.digitalist.si\/hr\/izdelek\/inuteq-reflektirajuci-rashladujuci-prsluk-zuti-m\/#primaryimage"},"image":{"@id":"https:\/\/msviscom.development.digitalist.si\/hr\/izdelek\/inuteq-reflektirajuci-rashladujuci-prsluk-zuti-m\/#primaryimage"},"thumbnailUrl":"https:\/\/msviscom.development.digitalist.si\/wp-content\/uploads\/2025\/07\/Hladilni_telovnik_MAUJA-5_r.jpg","datePublished":"2025-07-21T08:15:26+00:00","dateModified":"2025-11-17T07:37:51+00:00","breadcrumb":{"@id":"https:\/\/msviscom.development.digitalist.si\/hr\/izdelek\/inuteq-reflektirajuci-rashladujuci-prsluk-zuti-m\/#breadcrumb"},"inLanguage":"hr","potentialAction":[{"@type":"ReadAction","target":["https:\/\/msviscom.development.digitalist.si\/hr\/izdelek\/inuteq-reflektirajuci-rashladujuci-prsluk-zuti-m\/"]}]},{"@type":"ImageObject","inLanguage":"hr","@id":"https:\/\/msviscom.development.digitalist.si\/hr\/izdelek\/inuteq-reflektirajuci-rashladujuci-prsluk-zuti-m\/#primaryimage","url":"https:\/\/msviscom.development.digitalist.si\/wp-content\/uploads\/2025\/07\/Hladilni_telovnik_MAUJA-5_r.jpg","contentUrl":"https:\/\/msviscom.development.digitalist.si\/wp-content\/uploads\/2025\/07\/Hladilni_telovnik_MAUJA-5_r.jpg","width":800,"height":600},{"@type":"BreadcrumbList","@id":"https:\/\/msviscom.development.digitalist.si\/hr\/izdelek\/inuteq-reflektirajuci-rashladujuci-prsluk-zuti-m\/#breadcrumb","itemListElement":[{"@type":"ListItem","position":1,"name":"Domov","item":"https:\/\/msviscom.development.digitalist.si\/hr\/"},{"@type":"ListItem","position":2,"name":"Trgovina","item":"https:\/\/msviscom.development.digitalist.si\/hr\/trgovina\/"},{"@type":"ListItem","position":3,"name":"INUTEQ reflektiraju\u0107i rashla\u0111uju\u0107i prsluk \u017euti &#8211; M"}]},{"@type":"WebSite","@id":"https:\/\/msviscom.development.digitalist.si\/hr\/#website","url":"https:\/\/msviscom.development.digitalist.si\/hr\/","name":"MS Viscom","description":"","potentialAction":[{"@type":"SearchAction","target":{"@type":"EntryPoint","urlTemplate":"https:\/\/msviscom.development.digitalist.si\/hr\/?s={search_term_string}"},"query-input":{"@type":"PropertyValueSpecification","valueRequired":true,"valueName":"search_term_string"}}],"inLanguage":"hr"}]}},"_links":{"self":[{"href":"https:\/\/msviscom.development.digitalist.si\/hr\/wp-json\/wp\/v2\/product\/3606","targetHints":{"allow":["GET"]}}],"collection":[{"href":"https:\/\/msviscom.development.digitalist.si\/hr\/wp-json\/wp\/v2\/product"}],"about":[{"href":"https:\/\/msviscom.development.digitalist.si\/hr\/wp-json\/wp\/v2\/types\/product"}],"wp:featuredmedia":[{"embeddable":true,"href":"https:\/\/msviscom.development.digitalist.si\/hr\/wp-json\/wp\/v2\/media\/1222"}],"wp:attachment":[{"href":"https:\/\/msviscom.development.digitalist.si\/hr\/wp-json\/wp\/v2\/media?parent=3606"}],"wp:term":[{"taxonomy":"product_brand","embeddable":true,"href":"https:\/\/msviscom.development.digitalist.si\/hr\/wp-json\/wp\/v2\/product_brand?post=3606"},{"taxonomy":"product_cat","embeddable":true,"href":"https:\/\/msviscom.development.digitalist.si\/hr\/wp-json\/wp\/v2\/product_cat?post=3606"},{"taxonomy":"product_tag","embeddable":true,"href":"https:\/\/msviscom.development.digitalist.si\/hr\/wp-json\/wp\/v2\/product_tag?post=3606"}],"curies":[{"name":"wp","href":"https:\/\/api.w.org\/{rel}","templated":true}]}}