{"id":3595,"date":"2025-07-21T09:14:43","date_gmt":"2025-07-21T08:14:43","guid":{"rendered":"https:\/\/msviscom.development.digitalist.si\/izdelek\/vrtni-paviljon-martinique-5000-siva-broncana\/"},"modified":"2025-11-26T13:38:29","modified_gmt":"2025-11-26T12:38:29","slug":"vrtni-paviljon-martinique-5000-siva-broncana","status":"publish","type":"product","link":"https:\/\/msviscom.development.digitalist.si\/hr\/izdelek\/vrtni-paviljon-martinique-5000-siva-broncana\/","title":{"rendered":"VRTNI PAVILJON MARTINIQUE 5000, siva\/bron\u010dana"},"content":{"rendered":"<p><a href=\"https:\/\/www.youtube.com\/watch?v=Vp-h7loOjXo\">https:\/\/www.youtube.com\/watch?v=Vp-h7loOjXo<\/a><\/p>\n<p>&nbsp;<\/p>\n<ul>\n<li>\n<h2><strong>TEHNI\u010cKA PODR\u0160KA<\/strong><\/h2>\n<\/li>\n<li>\n<h2><strong>MOGU\u0106NOST MONTA\u017dE VANJSKOG IZVO\u0110A\u010cA<\/strong><\/h2>\n<\/li>\n<li>\n<h2><strong>REZERVNI DIJELOVI<\/strong><\/h2>\n<\/li>\n<li>\n<h2><strong>JAMSTVO 10 GODINA<\/strong><\/h2>\n<\/li>\n<\/ul>\n<p>&nbsp;<\/p>\n<p><strong>Pravokutni vanjski paviljon \u2013 u\u017eivajte u klasi\u010dnoj eleganciji<\/strong><\/p>\n<ul>\n<li>Robusna konstrukcija \u2013 oja\u010dan dizajn s izdr\u017eljivim sivim aluminijskim okvirom s pra\u0161kastim premazom otpornim na koroziju i spojnicama od pocin\u010danog \u010delika<\/li>\n<li>Gotovo neuni\u0161tive dvoslojne polikarbonatne plo\u010de debljine 6 mm sa 100% UV za\u0161titom \u0161tite od \u0161tetnih UV zraka, tu\u010de i snijega<\/li>\n<li>Poseban bron\u010dani premaz propu\u0161ta prirodnu svjetlost u obla\u010dnim danima i pru\u017ea dovoljno sjene<\/li>\n<li>Ugra\u0111en sustav oluka omogu\u0107uje skupljanje vode (promjer 40 mm \/ 1.5&#8221;)<\/li>\n<li>Otporan na vremenske uvjete \u2013 plo\u010de nije potrebno uklanjati tijekom zime<\/li>\n<li>Jednostavna monta\u017ea za dvije osobe \u2013 unaprijed izbu\u0161eni profili i izrezane plo\u010de spremne za monta\u017eu, svi vijci uklju\u010deni<\/li>\n<li>Integrirane vodilice i kukice za dodavanje zavjesa ili mre\u017ea<\/li>\n<li>Zavjese i mre\u017ee dostupne (prodaju se zasebno)<\/li>\n<li>Pravokutna konstrukcija mo\u017ee se premjestiti i u\u010dvrstiti na bilo koju povr\u0161inu<\/li>\n<li>Elegantni gornji otvor omogu\u0107uje protok zraka i odvod dima<\/li>\n<\/ul>\n<h3>MONTA\u017dA<\/h3>\n<p><a href=\"https:\/\/www.youtube.com\/watch?v=oSZK3DLxfPY\">https:\/\/www.youtube.com\/watch?v=oSZK3DLxfPY<\/a><\/p>\n","protected":false},"excerpt":{"rendered":"<p>10 GODINA JAMSTVA, METALNA KONSTRUKCIJA, POLIKARBONATNI KROV<\/p>\n","protected":false},"featured_media":4692,"template":"","meta":{"_acf_changed":false},"product_brand":[],"product_cat":[198,222],"product_tag":[],"class_list":{"0":"post-3595","1":"product","2":"type-product","3":"status-publish","4":"has-post-thumbnail","6":"product_cat-nadstresnice","7":"product_cat-martinique","9":"first","10":"outofstock","11":"taxable","12":"shipping-taxable","13":"purchasable","14":"product-type-simple"},"acf":[],"yoast_head":"<!-- This site is optimized with the Yoast SEO plugin v25.3.1 - https:\/\/yoast.com\/wordpress\/plugins\/seo\/ -->\n<title>VRTNI PAVILJON MARTINIQUE 5000, siva\/bron\u010dana - MS Viscom<\/title>\n<meta name=\"robots\" content=\"noindex, follow, max-snippet:-1, max-image-preview:large, max-video-preview:-1\" \/>\n<meta property=\"og:locale\" content=\"hr_HR\" \/>\n<meta property=\"og:type\" content=\"article\" \/>\n<meta property=\"og:title\" content=\"VRTNI PAVILJON MARTINIQUE 5000, siva\/bron\u010dana - MS Viscom\" \/>\n<meta property=\"og:description\" content=\"10 GODINA JAMSTVA, METALNA KONSTRUKCIJA, POLIKARBONATNI KROV\" \/>\n<meta property=\"og:url\" content=\"https:\/\/msviscom.development.digitalist.si\/hr\/izdelek\/vrtni-paviljon-martinique-5000-siva-broncana\/\" \/>\n<meta property=\"og:site_name\" content=\"MS Viscom\" \/>\n<meta property=\"article:modified_time\" content=\"2025-11-26T12:38:29+00:00\" \/>\n<meta property=\"og:image\" content=\"https:\/\/msviscom.development.digitalist.si\/wp-content\/uploads\/2025\/07\/Palram-Canopia_Garden_Gazebos_Martinique_5000_Grey_Bronze_Main_6-scaled.jpg\" \/>\n\t<meta property=\"og:image:width\" content=\"2560\" \/>\n\t<meta property=\"og:image:height\" content=\"2048\" \/>\n\t<meta property=\"og:image:type\" content=\"image\/jpeg\" \/>\n<meta name=\"twitter:card\" content=\"summary_large_image\" \/>\n<meta name=\"twitter:label1\" content=\"Procijenjeno vrijeme \u010ditanja\" \/>\n\t<meta name=\"twitter:data1\" content=\"1 minuta\" \/>\n<script type=\"application\/ld+json\" class=\"yoast-schema-graph\">{\"@context\":\"https:\/\/schema.org\",\"@graph\":[{\"@type\":\"WebPage\",\"@id\":\"https:\/\/msviscom.development.digitalist.si\/hr\/izdelek\/vrtni-paviljon-martinique-5000-siva-broncana\/\",\"url\":\"https:\/\/msviscom.development.digitalist.si\/hr\/izdelek\/vrtni-paviljon-martinique-5000-siva-broncana\/\",\"name\":\"VRTNI PAVILJON MARTINIQUE 5000, siva\/bron\u010dana - MS Viscom\",\"isPartOf\":{\"@id\":\"https:\/\/msviscom.development.digitalist.si\/hr\/#website\"},\"primaryImageOfPage\":{\"@id\":\"https:\/\/msviscom.development.digitalist.si\/hr\/izdelek\/vrtni-paviljon-martinique-5000-siva-broncana\/#primaryimage\"},\"image\":{\"@id\":\"https:\/\/msviscom.development.digitalist.si\/hr\/izdelek\/vrtni-paviljon-martinique-5000-siva-broncana\/#primaryimage\"},\"thumbnailUrl\":\"https:\/\/msviscom.development.digitalist.si\/wp-content\/uploads\/2025\/07\/Palram-Canopia_Garden_Gazebos_Martinique_5000_Grey_Bronze_Main_6-scaled.jpg\",\"datePublished\":\"2025-07-21T08:14:43+00:00\",\"dateModified\":\"2025-11-26T12:38:29+00:00\",\"breadcrumb\":{\"@id\":\"https:\/\/msviscom.development.digitalist.si\/hr\/izdelek\/vrtni-paviljon-martinique-5000-siva-broncana\/#breadcrumb\"},\"inLanguage\":\"hr\",\"potentialAction\":[{\"@type\":\"ReadAction\",\"target\":[\"https:\/\/msviscom.development.digitalist.si\/hr\/izdelek\/vrtni-paviljon-martinique-5000-siva-broncana\/\"]}]},{\"@type\":\"ImageObject\",\"inLanguage\":\"hr\",\"@id\":\"https:\/\/msviscom.development.digitalist.si\/hr\/izdelek\/vrtni-paviljon-martinique-5000-siva-broncana\/#primaryimage\",\"url\":\"https:\/\/msviscom.development.digitalist.si\/wp-content\/uploads\/2025\/07\/Palram-Canopia_Garden_Gazebos_Martinique_5000_Grey_Bronze_Main_6-scaled.jpg\",\"contentUrl\":\"https:\/\/msviscom.development.digitalist.si\/wp-content\/uploads\/2025\/07\/Palram-Canopia_Garden_Gazebos_Martinique_5000_Grey_Bronze_Main_6-scaled.jpg\",\"width\":2560,\"height\":2048,\"caption\":\"Palram Garden Gazebos Martinique 5000 Grey Bronze Main 6\"},{\"@type\":\"BreadcrumbList\",\"@id\":\"https:\/\/msviscom.development.digitalist.si\/hr\/izdelek\/vrtni-paviljon-martinique-5000-siva-broncana\/#breadcrumb\",\"itemListElement\":[{\"@type\":\"ListItem\",\"position\":1,\"name\":\"Domov\",\"item\":\"https:\/\/msviscom.development.digitalist.si\/hr\/\"},{\"@type\":\"ListItem\",\"position\":2,\"name\":\"Trgovina\",\"item\":\"https:\/\/msviscom.development.digitalist.si\/hr\/trgovina\/\"},{\"@type\":\"ListItem\",\"position\":3,\"name\":\"VRTNI PAVILJON MARTINIQUE 5000, siva\/bron\u010dana\"}]},{\"@type\":\"WebSite\",\"@id\":\"https:\/\/msviscom.development.digitalist.si\/hr\/#website\",\"url\":\"https:\/\/msviscom.development.digitalist.si\/hr\/\",\"name\":\"MS Viscom\",\"description\":\"\",\"potentialAction\":[{\"@type\":\"SearchAction\",\"target\":{\"@type\":\"EntryPoint\",\"urlTemplate\":\"https:\/\/msviscom.development.digitalist.si\/hr\/?s={search_term_string}\"},\"query-input\":{\"@type\":\"PropertyValueSpecification\",\"valueRequired\":true,\"valueName\":\"search_term_string\"}}],\"inLanguage\":\"hr\"}]}<\/script>\n<!-- \/ Yoast SEO plugin. -->","yoast_head_json":{"title":"VRTNI PAVILJON MARTINIQUE 5000, siva\/bron\u010dana - MS Viscom","robots":{"index":"noindex","follow":"follow","max-snippet":"max-snippet:-1","max-image-preview":"max-image-preview:large","max-video-preview":"max-video-preview:-1"},"og_locale":"hr_HR","og_type":"article","og_title":"VRTNI PAVILJON MARTINIQUE 5000, siva\/bron\u010dana - MS Viscom","og_description":"10 GODINA JAMSTVA, METALNA KONSTRUKCIJA, POLIKARBONATNI KROV","og_url":"https:\/\/msviscom.development.digitalist.si\/hr\/izdelek\/vrtni-paviljon-martinique-5000-siva-broncana\/","og_site_name":"MS Viscom","article_modified_time":"2025-11-26T12:38:29+00:00","og_image":[{"width":2560,"height":2048,"url":"https:\/\/msviscom.development.digitalist.si\/wp-content\/uploads\/2025\/07\/Palram-Canopia_Garden_Gazebos_Martinique_5000_Grey_Bronze_Main_6-scaled.jpg","type":"image\/jpeg"}],"twitter_card":"summary_large_image","twitter_misc":{"Procijenjeno vrijeme \u010ditanja":"1 minuta"},"schema":{"@context":"https:\/\/schema.org","@graph":[{"@type":"WebPage","@id":"https:\/\/msviscom.development.digitalist.si\/hr\/izdelek\/vrtni-paviljon-martinique-5000-siva-broncana\/","url":"https:\/\/msviscom.development.digitalist.si\/hr\/izdelek\/vrtni-paviljon-martinique-5000-siva-broncana\/","name":"VRTNI PAVILJON MARTINIQUE 5000, siva\/bron\u010dana - MS Viscom","isPartOf":{"@id":"https:\/\/msviscom.development.digitalist.si\/hr\/#website"},"primaryImageOfPage":{"@id":"https:\/\/msviscom.development.digitalist.si\/hr\/izdelek\/vrtni-paviljon-martinique-5000-siva-broncana\/#primaryimage"},"image":{"@id":"https:\/\/msviscom.development.digitalist.si\/hr\/izdelek\/vrtni-paviljon-martinique-5000-siva-broncana\/#primaryimage"},"thumbnailUrl":"https:\/\/msviscom.development.digitalist.si\/wp-content\/uploads\/2025\/07\/Palram-Canopia_Garden_Gazebos_Martinique_5000_Grey_Bronze_Main_6-scaled.jpg","datePublished":"2025-07-21T08:14:43+00:00","dateModified":"2025-11-26T12:38:29+00:00","breadcrumb":{"@id":"https:\/\/msviscom.development.digitalist.si\/hr\/izdelek\/vrtni-paviljon-martinique-5000-siva-broncana\/#breadcrumb"},"inLanguage":"hr","potentialAction":[{"@type":"ReadAction","target":["https:\/\/msviscom.development.digitalist.si\/hr\/izdelek\/vrtni-paviljon-martinique-5000-siva-broncana\/"]}]},{"@type":"ImageObject","inLanguage":"hr","@id":"https:\/\/msviscom.development.digitalist.si\/hr\/izdelek\/vrtni-paviljon-martinique-5000-siva-broncana\/#primaryimage","url":"https:\/\/msviscom.development.digitalist.si\/wp-content\/uploads\/2025\/07\/Palram-Canopia_Garden_Gazebos_Martinique_5000_Grey_Bronze_Main_6-scaled.jpg","contentUrl":"https:\/\/msviscom.development.digitalist.si\/wp-content\/uploads\/2025\/07\/Palram-Canopia_Garden_Gazebos_Martinique_5000_Grey_Bronze_Main_6-scaled.jpg","width":2560,"height":2048,"caption":"Palram Garden Gazebos Martinique 5000 Grey Bronze Main 6"},{"@type":"BreadcrumbList","@id":"https:\/\/msviscom.development.digitalist.si\/hr\/izdelek\/vrtni-paviljon-martinique-5000-siva-broncana\/#breadcrumb","itemListElement":[{"@type":"ListItem","position":1,"name":"Domov","item":"https:\/\/msviscom.development.digitalist.si\/hr\/"},{"@type":"ListItem","position":2,"name":"Trgovina","item":"https:\/\/msviscom.development.digitalist.si\/hr\/trgovina\/"},{"@type":"ListItem","position":3,"name":"VRTNI PAVILJON MARTINIQUE 5000, siva\/bron\u010dana"}]},{"@type":"WebSite","@id":"https:\/\/msviscom.development.digitalist.si\/hr\/#website","url":"https:\/\/msviscom.development.digitalist.si\/hr\/","name":"MS Viscom","description":"","potentialAction":[{"@type":"SearchAction","target":{"@type":"EntryPoint","urlTemplate":"https:\/\/msviscom.development.digitalist.si\/hr\/?s={search_term_string}"},"query-input":{"@type":"PropertyValueSpecification","valueRequired":true,"valueName":"search_term_string"}}],"inLanguage":"hr"}]}},"_links":{"self":[{"href":"https:\/\/msviscom.development.digitalist.si\/hr\/wp-json\/wp\/v2\/product\/3595","targetHints":{"allow":["GET"]}}],"collection":[{"href":"https:\/\/msviscom.development.digitalist.si\/hr\/wp-json\/wp\/v2\/product"}],"about":[{"href":"https:\/\/msviscom.development.digitalist.si\/hr\/wp-json\/wp\/v2\/types\/product"}],"wp:featuredmedia":[{"embeddable":true,"href":"https:\/\/msviscom.development.digitalist.si\/hr\/wp-json\/wp\/v2\/media\/4692"}],"wp:attachment":[{"href":"https:\/\/msviscom.development.digitalist.si\/hr\/wp-json\/wp\/v2\/media?parent=3595"}],"wp:term":[{"taxonomy":"product_brand","embeddable":true,"href":"https:\/\/msviscom.development.digitalist.si\/hr\/wp-json\/wp\/v2\/product_brand?post=3595"},{"taxonomy":"product_cat","embeddable":true,"href":"https:\/\/msviscom.development.digitalist.si\/hr\/wp-json\/wp\/v2\/product_cat?post=3595"},{"taxonomy":"product_tag","embeddable":true,"href":"https:\/\/msviscom.development.digitalist.si\/hr\/wp-json\/wp\/v2\/product_tag?post=3595"}],"curies":[{"name":"wp","href":"https:\/\/api.w.org\/{rel}","templated":true}]}}