{"id":3589,"date":"2025-07-21T09:14:26","date_gmt":"2025-07-21T08:14:26","guid":{"rendered":"https:\/\/msviscom.development.digitalist.si\/izdelek\/dodaci-set-zavjesa-4-kom-za-vrtni-paviljon-palermo-4300\/"},"modified":"2025-11-17T08:37:46","modified_gmt":"2025-11-17T07:37:46","slug":"dodaci-set-zavjesa-4-kom-za-vrtni-paviljon-palermo-4300","status":"publish","type":"product","link":"https:\/\/msviscom.development.digitalist.si\/hr\/izdelek\/dodaci-set-zavjesa-4-kom-za-vrtni-paviljon-palermo-4300\/","title":{"rendered":"DODACI \u2013 set zavjesa (4 kom) za VRTNI PAVILJON \u2013 (Palermo) 4300"},"content":{"rendered":"<p>Set zavjesa je estetski i funkcionalan. Pru\u017ea privatnost koju tra\u017eite i cijenite. Dizajniran je tako da je kompatibilan s konstrukcijom va\u0161eg paviljona. Zavjese imaju kuke koje se lako ume\u0107u u nosa\u010de paviljona. Ovaj set sadr\u017ei \u010detiri zavjese koje prekrivaju cijeli paviljon. Jednostavne su za postavljanje i kori\u0161tenje. Set uklju\u010duje patentne zatvara\u010de za spajanje zavjesa i pri\u010dvr\u0161\u0107ivanje na kutne stupove. Nije potrebno odr\u017eavanje \u2014 mogu se jednostavno prati u perilici. Izra\u0111ene su od \u010dvrstog poliestera, vodootporne i lagane.<\/p>\n","protected":false},"excerpt":{"rendered":"<p>Set zavjesa je estetski i funkcionalan. Pru\u017ea privatnost koju tra\u017eite i cijenite. Dizajniran je tako da je kompatibilan s konstrukcijom va\u0161eg paviljona. Zavjese imaju kuke koje se lako ume\u0107u u nosa\u010de paviljona. Ovaj set sadr\u017ei \u010detiri zavjese koje prekrivaju cijeli paviljon. Jednostavne su za postavljanje i kori\u0161tenje. Set uklju\u010duje patentne zatvara\u010de za spajanje zavjesa i [&#8230;]\n","protected":false},"featured_media":4458,"template":"","meta":{"_acf_changed":false},"product_brand":[],"product_cat":[198,226],"product_tag":[],"class_list":{"0":"post-3589","1":"product","2":"type-product","3":"status-publish","4":"has-post-thumbnail","6":"product_cat-nadstresnice","7":"product_cat-palermo","9":"first","10":"instock","11":"taxable","12":"shipping-taxable","13":"purchasable","14":"product-type-simple"},"acf":[],"yoast_head":"<!-- This site is optimized with the Yoast SEO plugin v25.3.1 - https:\/\/yoast.com\/wordpress\/plugins\/seo\/ -->\n<title>DODACI \u2013 set zavjesa (4 kom) za VRTNI PAVILJON \u2013 (Palermo) 4300 - MS Viscom<\/title>\n<meta name=\"robots\" content=\"noindex, follow, max-snippet:-1, max-image-preview:large, max-video-preview:-1\" \/>\n<meta property=\"og:locale\" content=\"hr_HR\" \/>\n<meta property=\"og:type\" content=\"article\" \/>\n<meta property=\"og:title\" content=\"DODACI \u2013 set zavjesa (4 kom) za VRTNI PAVILJON \u2013 (Palermo) 4300 - MS Viscom\" \/>\n<meta property=\"og:description\" content=\"Set zavjesa je estetski i funkcionalan. Pru\u017ea privatnost koju tra\u017eite i cijenite. Dizajniran je tako da je kompatibilan s konstrukcijom va\u0161eg paviljona. Zavjese imaju kuke koje se lako ume\u0107u u nosa\u010de paviljona. Ovaj set sadr\u017ei \u010detiri zavjese koje prekrivaju cijeli paviljon. Jednostavne su za postavljanje i kori\u0161tenje. Set uklju\u010duje patentne zatvara\u010de za spajanje zavjesa i [...]\" \/>\n<meta property=\"og:url\" content=\"https:\/\/msviscom.development.digitalist.si\/hr\/izdelek\/dodaci-set-zavjesa-4-kom-za-vrtni-paviljon-palermo-4300\/\" \/>\n<meta property=\"og:site_name\" content=\"MS Viscom\" \/>\n<meta property=\"article:modified_time\" content=\"2025-11-17T07:37:46+00:00\" \/>\n<meta name=\"twitter:card\" content=\"summary_large_image\" \/>\n<script type=\"application\/ld+json\" class=\"yoast-schema-graph\">{\"@context\":\"https:\/\/schema.org\",\"@graph\":[{\"@type\":\"WebPage\",\"@id\":\"https:\/\/msviscom.development.digitalist.si\/hr\/izdelek\/dodaci-set-zavjesa-4-kom-za-vrtni-paviljon-palermo-4300\/\",\"url\":\"https:\/\/msviscom.development.digitalist.si\/hr\/izdelek\/dodaci-set-zavjesa-4-kom-za-vrtni-paviljon-palermo-4300\/\",\"name\":\"DODACI \u2013 set zavjesa (4 kom) za VRTNI PAVILJON \u2013 (Palermo) 4300 - MS Viscom\",\"isPartOf\":{\"@id\":\"https:\/\/msviscom.development.digitalist.si\/hr\/#website\"},\"primaryImageOfPage\":{\"@id\":\"https:\/\/msviscom.development.digitalist.si\/hr\/izdelek\/dodaci-set-zavjesa-4-kom-za-vrtni-paviljon-palermo-4300\/#primaryimage\"},\"image\":{\"@id\":\"https:\/\/msviscom.development.digitalist.si\/hr\/izdelek\/dodaci-set-zavjesa-4-kom-za-vrtni-paviljon-palermo-4300\/#primaryimage\"},\"thumbnailUrl\":\"https:\/\/msviscom.development.digitalist.si\/wp-content\/uploads\/2025\/07\/Palram_Garden_Gazebo_Palermo_3600_Curtains_CutOut_8404.jpg\",\"datePublished\":\"2025-07-21T08:14:26+00:00\",\"dateModified\":\"2025-11-17T07:37:46+00:00\",\"breadcrumb\":{\"@id\":\"https:\/\/msviscom.development.digitalist.si\/hr\/izdelek\/dodaci-set-zavjesa-4-kom-za-vrtni-paviljon-palermo-4300\/#breadcrumb\"},\"inLanguage\":\"hr\",\"potentialAction\":[{\"@type\":\"ReadAction\",\"target\":[\"https:\/\/msviscom.development.digitalist.si\/hr\/izdelek\/dodaci-set-zavjesa-4-kom-za-vrtni-paviljon-palermo-4300\/\"]}]},{\"@type\":\"ImageObject\",\"inLanguage\":\"hr\",\"@id\":\"https:\/\/msviscom.development.digitalist.si\/hr\/izdelek\/dodaci-set-zavjesa-4-kom-za-vrtni-paviljon-palermo-4300\/#primaryimage\",\"url\":\"https:\/\/msviscom.development.digitalist.si\/wp-content\/uploads\/2025\/07\/Palram_Garden_Gazebo_Palermo_3600_Curtains_CutOut_8404.jpg\",\"contentUrl\":\"https:\/\/msviscom.development.digitalist.si\/wp-content\/uploads\/2025\/07\/Palram_Garden_Gazebo_Palermo_3600_Curtains_CutOut_8404.jpg\",\"width\":800,\"height\":600},{\"@type\":\"BreadcrumbList\",\"@id\":\"https:\/\/msviscom.development.digitalist.si\/hr\/izdelek\/dodaci-set-zavjesa-4-kom-za-vrtni-paviljon-palermo-4300\/#breadcrumb\",\"itemListElement\":[{\"@type\":\"ListItem\",\"position\":1,\"name\":\"Domov\",\"item\":\"https:\/\/msviscom.development.digitalist.si\/hr\/\"},{\"@type\":\"ListItem\",\"position\":2,\"name\":\"Trgovina\",\"item\":\"https:\/\/msviscom.development.digitalist.si\/hr\/trgovina\/\"},{\"@type\":\"ListItem\",\"position\":3,\"name\":\"DODACI \u2013 set zavjesa (4 kom) za VRTNI PAVILJON \u2013 (Palermo) 4300\"}]},{\"@type\":\"WebSite\",\"@id\":\"https:\/\/msviscom.development.digitalist.si\/hr\/#website\",\"url\":\"https:\/\/msviscom.development.digitalist.si\/hr\/\",\"name\":\"MS Viscom\",\"description\":\"\",\"potentialAction\":[{\"@type\":\"SearchAction\",\"target\":{\"@type\":\"EntryPoint\",\"urlTemplate\":\"https:\/\/msviscom.development.digitalist.si\/hr\/?s={search_term_string}\"},\"query-input\":{\"@type\":\"PropertyValueSpecification\",\"valueRequired\":true,\"valueName\":\"search_term_string\"}}],\"inLanguage\":\"hr\"}]}<\/script>\n<!-- \/ Yoast SEO plugin. -->","yoast_head_json":{"title":"DODACI \u2013 set zavjesa (4 kom) za VRTNI PAVILJON \u2013 (Palermo) 4300 - MS Viscom","robots":{"index":"noindex","follow":"follow","max-snippet":"max-snippet:-1","max-image-preview":"max-image-preview:large","max-video-preview":"max-video-preview:-1"},"og_locale":"hr_HR","og_type":"article","og_title":"DODACI \u2013 set zavjesa (4 kom) za VRTNI PAVILJON \u2013 (Palermo) 4300 - MS Viscom","og_description":"Set zavjesa je estetski i funkcionalan. Pru\u017ea privatnost koju tra\u017eite i cijenite. Dizajniran je tako da je kompatibilan s konstrukcijom va\u0161eg paviljona. Zavjese imaju kuke koje se lako ume\u0107u u nosa\u010de paviljona. Ovaj set sadr\u017ei \u010detiri zavjese koje prekrivaju cijeli paviljon. Jednostavne su za postavljanje i kori\u0161tenje. Set uklju\u010duje patentne zatvara\u010de za spajanje zavjesa i [...]","og_url":"https:\/\/msviscom.development.digitalist.si\/hr\/izdelek\/dodaci-set-zavjesa-4-kom-za-vrtni-paviljon-palermo-4300\/","og_site_name":"MS Viscom","article_modified_time":"2025-11-17T07:37:46+00:00","twitter_card":"summary_large_image","schema":{"@context":"https:\/\/schema.org","@graph":[{"@type":"WebPage","@id":"https:\/\/msviscom.development.digitalist.si\/hr\/izdelek\/dodaci-set-zavjesa-4-kom-za-vrtni-paviljon-palermo-4300\/","url":"https:\/\/msviscom.development.digitalist.si\/hr\/izdelek\/dodaci-set-zavjesa-4-kom-za-vrtni-paviljon-palermo-4300\/","name":"DODACI \u2013 set zavjesa (4 kom) za VRTNI PAVILJON \u2013 (Palermo) 4300 - MS Viscom","isPartOf":{"@id":"https:\/\/msviscom.development.digitalist.si\/hr\/#website"},"primaryImageOfPage":{"@id":"https:\/\/msviscom.development.digitalist.si\/hr\/izdelek\/dodaci-set-zavjesa-4-kom-za-vrtni-paviljon-palermo-4300\/#primaryimage"},"image":{"@id":"https:\/\/msviscom.development.digitalist.si\/hr\/izdelek\/dodaci-set-zavjesa-4-kom-za-vrtni-paviljon-palermo-4300\/#primaryimage"},"thumbnailUrl":"https:\/\/msviscom.development.digitalist.si\/wp-content\/uploads\/2025\/07\/Palram_Garden_Gazebo_Palermo_3600_Curtains_CutOut_8404.jpg","datePublished":"2025-07-21T08:14:26+00:00","dateModified":"2025-11-17T07:37:46+00:00","breadcrumb":{"@id":"https:\/\/msviscom.development.digitalist.si\/hr\/izdelek\/dodaci-set-zavjesa-4-kom-za-vrtni-paviljon-palermo-4300\/#breadcrumb"},"inLanguage":"hr","potentialAction":[{"@type":"ReadAction","target":["https:\/\/msviscom.development.digitalist.si\/hr\/izdelek\/dodaci-set-zavjesa-4-kom-za-vrtni-paviljon-palermo-4300\/"]}]},{"@type":"ImageObject","inLanguage":"hr","@id":"https:\/\/msviscom.development.digitalist.si\/hr\/izdelek\/dodaci-set-zavjesa-4-kom-za-vrtni-paviljon-palermo-4300\/#primaryimage","url":"https:\/\/msviscom.development.digitalist.si\/wp-content\/uploads\/2025\/07\/Palram_Garden_Gazebo_Palermo_3600_Curtains_CutOut_8404.jpg","contentUrl":"https:\/\/msviscom.development.digitalist.si\/wp-content\/uploads\/2025\/07\/Palram_Garden_Gazebo_Palermo_3600_Curtains_CutOut_8404.jpg","width":800,"height":600},{"@type":"BreadcrumbList","@id":"https:\/\/msviscom.development.digitalist.si\/hr\/izdelek\/dodaci-set-zavjesa-4-kom-za-vrtni-paviljon-palermo-4300\/#breadcrumb","itemListElement":[{"@type":"ListItem","position":1,"name":"Domov","item":"https:\/\/msviscom.development.digitalist.si\/hr\/"},{"@type":"ListItem","position":2,"name":"Trgovina","item":"https:\/\/msviscom.development.digitalist.si\/hr\/trgovina\/"},{"@type":"ListItem","position":3,"name":"DODACI \u2013 set zavjesa (4 kom) za VRTNI PAVILJON \u2013 (Palermo) 4300"}]},{"@type":"WebSite","@id":"https:\/\/msviscom.development.digitalist.si\/hr\/#website","url":"https:\/\/msviscom.development.digitalist.si\/hr\/","name":"MS Viscom","description":"","potentialAction":[{"@type":"SearchAction","target":{"@type":"EntryPoint","urlTemplate":"https:\/\/msviscom.development.digitalist.si\/hr\/?s={search_term_string}"},"query-input":{"@type":"PropertyValueSpecification","valueRequired":true,"valueName":"search_term_string"}}],"inLanguage":"hr"}]}},"_links":{"self":[{"href":"https:\/\/msviscom.development.digitalist.si\/hr\/wp-json\/wp\/v2\/product\/3589","targetHints":{"allow":["GET"]}}],"collection":[{"href":"https:\/\/msviscom.development.digitalist.si\/hr\/wp-json\/wp\/v2\/product"}],"about":[{"href":"https:\/\/msviscom.development.digitalist.si\/hr\/wp-json\/wp\/v2\/types\/product"}],"wp:featuredmedia":[{"embeddable":true,"href":"https:\/\/msviscom.development.digitalist.si\/hr\/wp-json\/wp\/v2\/media\/4458"}],"wp:attachment":[{"href":"https:\/\/msviscom.development.digitalist.si\/hr\/wp-json\/wp\/v2\/media?parent=3589"}],"wp:term":[{"taxonomy":"product_brand","embeddable":true,"href":"https:\/\/msviscom.development.digitalist.si\/hr\/wp-json\/wp\/v2\/product_brand?post=3589"},{"taxonomy":"product_cat","embeddable":true,"href":"https:\/\/msviscom.development.digitalist.si\/hr\/wp-json\/wp\/v2\/product_cat?post=3589"},{"taxonomy":"product_tag","embeddable":true,"href":"https:\/\/msviscom.development.digitalist.si\/hr\/wp-json\/wp\/v2\/product_tag?post=3589"}],"curies":[{"name":"wp","href":"https:\/\/api.w.org\/{rel}","templated":true}]}}