{"id":3587,"date":"2025-07-21T09:14:20","date_gmt":"2025-07-21T08:14:20","guid":{"rendered":"https:\/\/msviscom.development.digitalist.si\/izdelek\/nadstresnica-za-terasu-sanremo-siva-prozirna-3x546-m\/"},"modified":"2025-11-17T08:37:45","modified_gmt":"2025-11-17T07:37:45","slug":"nadstresnica-za-terasu-sanremo-siva-prozirna-3x546-m","status":"publish","type":"product","link":"https:\/\/msviscom.development.digitalist.si\/hr\/izdelek\/nadstresnica-za-terasu-sanremo-siva-prozirna-3x546-m\/","title":{"rendered":"NADSTRE\u0160NICA ZA TERASU SANREMO, siva\/prozirna, 3&#215;5,46 m"},"content":{"rendered":"<p><strong>SanRemo donosi novu razinu kvalitete u va\u0161 dom i \u017eivotni stil<\/strong><\/p>\n<ul>\n<li>Struktura otporna na sve vremenske uvjete \u2013 pru\u017ea za\u0161titu u lo\u0161im vremenskim prilikama<\/li>\n<li>Troja \u0161iroka dvostruka klizna vrata omogu\u0107uju bolju cirkulaciju zraka i prolaz (121 \u0160 \u00d7 203 V cm \/ 47,6\u201d \u0160 \u00d7 79,9\u201d V)<\/li>\n<li>Vrata koja se mogu zaklju\u010dati iznutra glavnim klju\u010dem<\/li>\n<li>Izdr\u017eljiva, oja\u010dana aluminijska konstrukcija<\/li>\n<li>Plo\u010da za monta\u017eu na zid podesiva prema \u017eeljenoj visini (285\u2013310 cm \/ 9,4\u201d\u201310,2\u201d)<\/li>\n<li>Polikarbonatni krovni paneli otporni na udarce i UV zrake<\/li>\n<li>Visokou\u010dinkoviti kristalno prozirni akrilni zidni paneli, prirodno otporni na \u0161tetne UV zrake<\/li>\n<li>Ugra\u0111eni sustav oluka omogu\u0107uje u\u010dinkovito odvodnjavanje i skupljanje vode (promjer 50 mm \/ 2\u201d)<\/li>\n<li>Jednostavna monta\u017ea \u2013 unaprijed sastavljena vrata, bez potrebe za penjanjem<\/li>\n<\/ul>\n","protected":false},"excerpt":{"rendered":"<p>SanRemo donosi novu razinu kvalitete u va\u0161 dom i \u017eivotni stil Struktura otporna na sve vremenske uvjete \u2013 pru\u017ea za\u0161titu u lo\u0161im vremenskim prilikama Troja \u0161iroka dvostruka klizna vrata omogu\u0107uju bolju cirkulaciju zraka i prolaz (121 \u0160 \u00d7 203 V cm \/ 47,6\u201d \u0160 \u00d7 79,9\u201d V) Vrata koja se mogu zaklju\u010dati iznutra glavnim klju\u010dem [&#8230;]\n","protected":false},"featured_media":1785,"template":"","meta":{"_acf_changed":false},"product_brand":[],"product_cat":[198],"product_tag":[],"class_list":{"0":"post-3587","1":"product","2":"type-product","3":"status-publish","4":"has-post-thumbnail","6":"product_cat-nadstresnice","8":"first","9":"outofstock","10":"taxable","11":"shipping-taxable","12":"purchasable","13":"product-type-simple"},"acf":[],"yoast_head":"<!-- This site is optimized with the Yoast SEO plugin v25.3.1 - https:\/\/yoast.com\/wordpress\/plugins\/seo\/ -->\n<title>NADSTRE\u0160NICA ZA TERASU SANREMO, siva\/prozirna, 3x5,46 m - MS Viscom<\/title>\n<meta name=\"robots\" content=\"noindex, follow, max-snippet:-1, max-image-preview:large, max-video-preview:-1\" \/>\n<meta property=\"og:locale\" content=\"hr_HR\" \/>\n<meta property=\"og:type\" content=\"article\" \/>\n<meta property=\"og:title\" content=\"NADSTRE\u0160NICA ZA TERASU SANREMO, siva\/prozirna, 3x5,46 m - MS Viscom\" \/>\n<meta property=\"og:description\" content=\"SanRemo donosi novu razinu kvalitete u va\u0161 dom i \u017eivotni stil Struktura otporna na sve vremenske uvjete \u2013 pru\u017ea za\u0161titu u lo\u0161im vremenskim prilikama Troja \u0161iroka dvostruka klizna vrata omogu\u0107uju bolju cirkulaciju zraka i prolaz (121 \u0160 \u00d7 203 V cm \/ 47,6\u201d \u0160 \u00d7 79,9\u201d V) Vrata koja se mogu zaklju\u010dati iznutra glavnim klju\u010dem [...]\" \/>\n<meta property=\"og:url\" content=\"https:\/\/msviscom.development.digitalist.si\/hr\/izdelek\/nadstresnica-za-terasu-sanremo-siva-prozirna-3x546-m\/\" \/>\n<meta property=\"og:site_name\" content=\"MS Viscom\" \/>\n<meta property=\"article:modified_time\" content=\"2025-11-17T07:37:45+00:00\" \/>\n<meta name=\"twitter:card\" content=\"summary_large_image\" \/>\n<meta name=\"twitter:label1\" content=\"Procijenjeno vrijeme \u010ditanja\" \/>\n\t<meta name=\"twitter:data1\" content=\"1 minuta\" \/>\n<script type=\"application\/ld+json\" class=\"yoast-schema-graph\">{\"@context\":\"https:\/\/schema.org\",\"@graph\":[{\"@type\":\"WebPage\",\"@id\":\"https:\/\/msviscom.development.digitalist.si\/hr\/izdelek\/nadstresnica-za-terasu-sanremo-siva-prozirna-3x546-m\/\",\"url\":\"https:\/\/msviscom.development.digitalist.si\/hr\/izdelek\/nadstresnica-za-terasu-sanremo-siva-prozirna-3x546-m\/\",\"name\":\"NADSTRE\u0160NICA ZA TERASU SANREMO, siva\/prozirna, 3x5,46 m - MS Viscom\",\"isPartOf\":{\"@id\":\"https:\/\/msviscom.development.digitalist.si\/hr\/#website\"},\"primaryImageOfPage\":{\"@id\":\"https:\/\/msviscom.development.digitalist.si\/hr\/izdelek\/nadstresnica-za-terasu-sanremo-siva-prozirna-3x546-m\/#primaryimage\"},\"image\":{\"@id\":\"https:\/\/msviscom.development.digitalist.si\/hr\/izdelek\/nadstresnica-za-terasu-sanremo-siva-prozirna-3x546-m\/#primaryimage\"},\"thumbnailUrl\":\"https:\/\/msviscom.development.digitalist.si\/wp-content\/uploads\/2025\/07\/SanRemo_3x54_GR_CL_PALRAM_CutoutRAL_7016.jpg\",\"datePublished\":\"2025-07-21T08:14:20+00:00\",\"dateModified\":\"2025-11-17T07:37:45+00:00\",\"breadcrumb\":{\"@id\":\"https:\/\/msviscom.development.digitalist.si\/hr\/izdelek\/nadstresnica-za-terasu-sanremo-siva-prozirna-3x546-m\/#breadcrumb\"},\"inLanguage\":\"hr\",\"potentialAction\":[{\"@type\":\"ReadAction\",\"target\":[\"https:\/\/msviscom.development.digitalist.si\/hr\/izdelek\/nadstresnica-za-terasu-sanremo-siva-prozirna-3x546-m\/\"]}]},{\"@type\":\"ImageObject\",\"inLanguage\":\"hr\",\"@id\":\"https:\/\/msviscom.development.digitalist.si\/hr\/izdelek\/nadstresnica-za-terasu-sanremo-siva-prozirna-3x546-m\/#primaryimage\",\"url\":\"https:\/\/msviscom.development.digitalist.si\/wp-content\/uploads\/2025\/07\/SanRemo_3x54_GR_CL_PALRAM_CutoutRAL_7016.jpg\",\"contentUrl\":\"https:\/\/msviscom.development.digitalist.si\/wp-content\/uploads\/2025\/07\/SanRemo_3x54_GR_CL_PALRAM_CutoutRAL_7016.jpg\",\"width\":800,\"height\":600},{\"@type\":\"BreadcrumbList\",\"@id\":\"https:\/\/msviscom.development.digitalist.si\/hr\/izdelek\/nadstresnica-za-terasu-sanremo-siva-prozirna-3x546-m\/#breadcrumb\",\"itemListElement\":[{\"@type\":\"ListItem\",\"position\":1,\"name\":\"Domov\",\"item\":\"https:\/\/msviscom.development.digitalist.si\/hr\/\"},{\"@type\":\"ListItem\",\"position\":2,\"name\":\"Trgovina\",\"item\":\"https:\/\/msviscom.development.digitalist.si\/hr\/trgovina\/\"},{\"@type\":\"ListItem\",\"position\":3,\"name\":\"NADSTRE\u0160NICA ZA TERASU SANREMO, siva\/prozirna, 3&#215;5,46 m\"}]},{\"@type\":\"WebSite\",\"@id\":\"https:\/\/msviscom.development.digitalist.si\/hr\/#website\",\"url\":\"https:\/\/msviscom.development.digitalist.si\/hr\/\",\"name\":\"MS Viscom\",\"description\":\"\",\"potentialAction\":[{\"@type\":\"SearchAction\",\"target\":{\"@type\":\"EntryPoint\",\"urlTemplate\":\"https:\/\/msviscom.development.digitalist.si\/hr\/?s={search_term_string}\"},\"query-input\":{\"@type\":\"PropertyValueSpecification\",\"valueRequired\":true,\"valueName\":\"search_term_string\"}}],\"inLanguage\":\"hr\"}]}<\/script>\n<!-- \/ Yoast SEO plugin. -->","yoast_head_json":{"title":"NADSTRE\u0160NICA ZA TERASU SANREMO, siva\/prozirna, 3x5,46 m - MS Viscom","robots":{"index":"noindex","follow":"follow","max-snippet":"max-snippet:-1","max-image-preview":"max-image-preview:large","max-video-preview":"max-video-preview:-1"},"og_locale":"hr_HR","og_type":"article","og_title":"NADSTRE\u0160NICA ZA TERASU SANREMO, siva\/prozirna, 3x5,46 m - MS Viscom","og_description":"SanRemo donosi novu razinu kvalitete u va\u0161 dom i \u017eivotni stil Struktura otporna na sve vremenske uvjete \u2013 pru\u017ea za\u0161titu u lo\u0161im vremenskim prilikama Troja \u0161iroka dvostruka klizna vrata omogu\u0107uju bolju cirkulaciju zraka i prolaz (121 \u0160 \u00d7 203 V cm \/ 47,6\u201d \u0160 \u00d7 79,9\u201d V) Vrata koja se mogu zaklju\u010dati iznutra glavnim klju\u010dem [...]","og_url":"https:\/\/msviscom.development.digitalist.si\/hr\/izdelek\/nadstresnica-za-terasu-sanremo-siva-prozirna-3x546-m\/","og_site_name":"MS Viscom","article_modified_time":"2025-11-17T07:37:45+00:00","twitter_card":"summary_large_image","twitter_misc":{"Procijenjeno vrijeme \u010ditanja":"1 minuta"},"schema":{"@context":"https:\/\/schema.org","@graph":[{"@type":"WebPage","@id":"https:\/\/msviscom.development.digitalist.si\/hr\/izdelek\/nadstresnica-za-terasu-sanremo-siva-prozirna-3x546-m\/","url":"https:\/\/msviscom.development.digitalist.si\/hr\/izdelek\/nadstresnica-za-terasu-sanremo-siva-prozirna-3x546-m\/","name":"NADSTRE\u0160NICA ZA TERASU SANREMO, siva\/prozirna, 3x5,46 m - MS Viscom","isPartOf":{"@id":"https:\/\/msviscom.development.digitalist.si\/hr\/#website"},"primaryImageOfPage":{"@id":"https:\/\/msviscom.development.digitalist.si\/hr\/izdelek\/nadstresnica-za-terasu-sanremo-siva-prozirna-3x546-m\/#primaryimage"},"image":{"@id":"https:\/\/msviscom.development.digitalist.si\/hr\/izdelek\/nadstresnica-za-terasu-sanremo-siva-prozirna-3x546-m\/#primaryimage"},"thumbnailUrl":"https:\/\/msviscom.development.digitalist.si\/wp-content\/uploads\/2025\/07\/SanRemo_3x54_GR_CL_PALRAM_CutoutRAL_7016.jpg","datePublished":"2025-07-21T08:14:20+00:00","dateModified":"2025-11-17T07:37:45+00:00","breadcrumb":{"@id":"https:\/\/msviscom.development.digitalist.si\/hr\/izdelek\/nadstresnica-za-terasu-sanremo-siva-prozirna-3x546-m\/#breadcrumb"},"inLanguage":"hr","potentialAction":[{"@type":"ReadAction","target":["https:\/\/msviscom.development.digitalist.si\/hr\/izdelek\/nadstresnica-za-terasu-sanremo-siva-prozirna-3x546-m\/"]}]},{"@type":"ImageObject","inLanguage":"hr","@id":"https:\/\/msviscom.development.digitalist.si\/hr\/izdelek\/nadstresnica-za-terasu-sanremo-siva-prozirna-3x546-m\/#primaryimage","url":"https:\/\/msviscom.development.digitalist.si\/wp-content\/uploads\/2025\/07\/SanRemo_3x54_GR_CL_PALRAM_CutoutRAL_7016.jpg","contentUrl":"https:\/\/msviscom.development.digitalist.si\/wp-content\/uploads\/2025\/07\/SanRemo_3x54_GR_CL_PALRAM_CutoutRAL_7016.jpg","width":800,"height":600},{"@type":"BreadcrumbList","@id":"https:\/\/msviscom.development.digitalist.si\/hr\/izdelek\/nadstresnica-za-terasu-sanremo-siva-prozirna-3x546-m\/#breadcrumb","itemListElement":[{"@type":"ListItem","position":1,"name":"Domov","item":"https:\/\/msviscom.development.digitalist.si\/hr\/"},{"@type":"ListItem","position":2,"name":"Trgovina","item":"https:\/\/msviscom.development.digitalist.si\/hr\/trgovina\/"},{"@type":"ListItem","position":3,"name":"NADSTRE\u0160NICA ZA TERASU SANREMO, siva\/prozirna, 3&#215;5,46 m"}]},{"@type":"WebSite","@id":"https:\/\/msviscom.development.digitalist.si\/hr\/#website","url":"https:\/\/msviscom.development.digitalist.si\/hr\/","name":"MS Viscom","description":"","potentialAction":[{"@type":"SearchAction","target":{"@type":"EntryPoint","urlTemplate":"https:\/\/msviscom.development.digitalist.si\/hr\/?s={search_term_string}"},"query-input":{"@type":"PropertyValueSpecification","valueRequired":true,"valueName":"search_term_string"}}],"inLanguage":"hr"}]}},"_links":{"self":[{"href":"https:\/\/msviscom.development.digitalist.si\/hr\/wp-json\/wp\/v2\/product\/3587","targetHints":{"allow":["GET"]}}],"collection":[{"href":"https:\/\/msviscom.development.digitalist.si\/hr\/wp-json\/wp\/v2\/product"}],"about":[{"href":"https:\/\/msviscom.development.digitalist.si\/hr\/wp-json\/wp\/v2\/types\/product"}],"wp:featuredmedia":[{"embeddable":true,"href":"https:\/\/msviscom.development.digitalist.si\/hr\/wp-json\/wp\/v2\/media\/1785"}],"wp:attachment":[{"href":"https:\/\/msviscom.development.digitalist.si\/hr\/wp-json\/wp\/v2\/media?parent=3587"}],"wp:term":[{"taxonomy":"product_brand","embeddable":true,"href":"https:\/\/msviscom.development.digitalist.si\/hr\/wp-json\/wp\/v2\/product_brand?post=3587"},{"taxonomy":"product_cat","embeddable":true,"href":"https:\/\/msviscom.development.digitalist.si\/hr\/wp-json\/wp\/v2\/product_cat?post=3587"},{"taxonomy":"product_tag","embeddable":true,"href":"https:\/\/msviscom.development.digitalist.si\/hr\/wp-json\/wp\/v2\/product_tag?post=3587"}],"curies":[{"name":"wp","href":"https:\/\/api.w.org\/{rel}","templated":true}]}}