{"id":3580,"date":"2025-07-21T09:14:02","date_gmt":"2025-07-21T08:14:02","guid":{"rendered":"https:\/\/msviscom.development.digitalist.si\/izdelek\/nadstresnica-za-terasu-feria-patio-cover-4x425-siva-prozirna\/"},"modified":"2025-11-27T08:44:28","modified_gmt":"2025-11-27T07:44:28","slug":"nadstresnica-za-terasu-feria-patio-cover-4x425-siva-prozirna","status":"publish","type":"product","link":"https:\/\/msviscom.development.digitalist.si\/hr\/izdelek\/nadstresnica-za-terasu-feria-patio-cover-4x425-siva-prozirna\/","title":{"rendered":"NADSTRE\u0160NICA ZA TERASU FERIA PATIO COVER, 4&#215;4,25, siva\/prozirna"},"content":{"rendered":"<p data-start=\"54\" data-end=\"244\"><strong data-start=\"54\" data-end=\"134\">NADSTRE\u0160NICA FERIA \u2013 JEDNOSTAVNA MONTA\u017dA, SVJETLA TERASA, KVALITETNA IZVEDBA<\/strong><br data-start=\"134\" data-end=\"137\" \/>Omogu\u0107uje razli\u010ditu vanjsku upotrebu: krov terase, nadstre\u0161nicu za vozilo ili sun\u010dani prostor za opu\u0161tanje.<\/p>\n<p data-start=\"246\" data-end=\"387\">Oblikovana i izra\u0111ena od materijala otpornog na vremenske uvjete i vodu, bez potrebe za odr\u017eavanjem, koji stvaraju prekrasan vanjski prostor.<\/p>\n<p data-start=\"389\" data-end=\"470\">Stupovi i zidna monta\u017ena plo\u010da mogu se pode\u0161avati prema va\u0161im posebnim potrebama.<\/p>\n<p data-start=\"472\" data-end=\"586\">Gotovo nelomljive, UV-otporne, polikarbonatne krovne plo\u010de debljine 8 mm.<br data-start=\"545\" data-end=\"548\" \/>Mogu\u0107nosti plo\u010da: prozirne \/ bron\u010dane.<\/p>\n<p data-start=\"588\" data-end=\"641\">Krovne plo\u010de otporne na UV zrake, ne \u017eute s vremenom.<\/p>\n<p data-start=\"643\" data-end=\"746\">Vrlo izdr\u017eljivi i antikorozivni aluminijski profili s pra\u0161kastim premazom te pocin\u010dani \u010deli\u010dni spojevi.<\/p>\n<p data-start=\"748\" data-end=\"811\">Ugra\u0111en \u017elijeb i podesive glave \u017elijebova (promjer 50 mm \/ 2\u201d).<\/p>\n<p data-start=\"813\" data-end=\"860\">Prilo\u017een komplet za sidrenje i podlo\u017eni setovi.<\/p>\n<p data-start=\"862\" data-end=\"927\">Jednostavna \u201euradi sam\u201c monta\u017ea \u2013 ugradnja kliznih krovnih plo\u010da.<\/p>\n<p data-start=\"929\" data-end=\"962\">Dostupna \u0161iroka paleta dimenzija.<\/p>\n<p data-start=\"964\" data-end=\"1021\"><strong data-start=\"964\" data-end=\"1021\">SASTAVLJANJE NADSTRE\u0160NICE SIERRA I NADSTRE\u0160NICE FERIA<\/strong><\/p>\n<p><a href=\"https:\/\/www.youtube.com\/watch?v=fP_XGOgTTg4\">VIDEO SESTAVLJANJE RASTLINJAKA<\/a><\/p>\n<p>&nbsp;<\/p>\n<h2>PRAKTI\u010cNI PRIMJER UPOTREBE<\/h2>\n<p><a href=\"https:\/\/www.youtube.com\/watch?v=ZxMnIrHP6o4\">VIDEO\u00a0PRAKTI\u010cNI PRIMER SESTAVLJANJA<\/a><\/p>\n","protected":false},"excerpt":{"rendered":"<p>10-GODI\u0160NJE JAMSTVO, REZERVNI DIJELOVI, TEHNI\u010cKA PODR\u0160KA<\/p>\n","protected":false},"featured_media":5241,"template":"","meta":{"_acf_changed":false},"product_brand":[],"product_cat":[198],"product_tag":[],"class_list":{"0":"post-3580","1":"product","2":"type-product","3":"status-publish","4":"has-post-thumbnail","6":"product_cat-nadstresnice","8":"first","9":"outofstock","10":"taxable","11":"shipping-taxable","12":"purchasable","13":"product-type-simple"},"acf":[],"yoast_head":"<!-- This site is optimized with the Yoast SEO plugin v25.3.1 - https:\/\/yoast.com\/wordpress\/plugins\/seo\/ -->\n<title>NADSTRE\u0160NICA ZA TERASU FERIA PATIO COVER, 4x4,25, siva\/prozirna - MS Viscom<\/title>\n<meta name=\"robots\" content=\"noindex, follow, max-snippet:-1, max-image-preview:large, max-video-preview:-1\" \/>\n<meta property=\"og:locale\" content=\"hr_HR\" \/>\n<meta property=\"og:type\" content=\"article\" \/>\n<meta property=\"og:title\" content=\"NADSTRE\u0160NICA ZA TERASU FERIA PATIO COVER, 4x4,25, siva\/prozirna - MS Viscom\" \/>\n<meta property=\"og:description\" content=\"10-GODI\u0160NJE JAMSTVO, REZERVNI DIJELOVI, TEHNI\u010cKA PODR\u0160KA\" \/>\n<meta property=\"og:url\" content=\"https:\/\/msviscom.development.digitalist.si\/hr\/izdelek\/nadstresnica-za-terasu-feria-patio-cover-4x425-siva-prozirna\/\" \/>\n<meta property=\"og:site_name\" content=\"MS Viscom\" \/>\n<meta property=\"article:modified_time\" content=\"2025-11-27T07:44:28+00:00\" \/>\n<meta property=\"og:image\" content=\"https:\/\/msviscom.development.digitalist.si\/wp-content\/uploads\/2025\/07\/Feria_PatioCover_4x4.25_GR_CL_Carport_Palram_47_RAL7016_Cutout.jpg\" \/>\n\t<meta property=\"og:image:width\" content=\"800\" \/>\n\t<meta property=\"og:image:height\" content=\"600\" \/>\n\t<meta property=\"og:image:type\" content=\"image\/jpeg\" \/>\n<meta name=\"twitter:card\" content=\"summary_large_image\" \/>\n<meta name=\"twitter:label1\" content=\"Procijenjeno vrijeme \u010ditanja\" \/>\n\t<meta name=\"twitter:data1\" content=\"1 minuta\" \/>\n<script type=\"application\/ld+json\" class=\"yoast-schema-graph\">{\"@context\":\"https:\/\/schema.org\",\"@graph\":[{\"@type\":\"WebPage\",\"@id\":\"https:\/\/msviscom.development.digitalist.si\/hr\/izdelek\/nadstresnica-za-terasu-feria-patio-cover-4x425-siva-prozirna\/\",\"url\":\"https:\/\/msviscom.development.digitalist.si\/hr\/izdelek\/nadstresnica-za-terasu-feria-patio-cover-4x425-siva-prozirna\/\",\"name\":\"NADSTRE\u0160NICA ZA TERASU FERIA PATIO COVER, 4x4,25, siva\/prozirna - MS Viscom\",\"isPartOf\":{\"@id\":\"https:\/\/msviscom.development.digitalist.si\/hr\/#website\"},\"primaryImageOfPage\":{\"@id\":\"https:\/\/msviscom.development.digitalist.si\/hr\/izdelek\/nadstresnica-za-terasu-feria-patio-cover-4x425-siva-prozirna\/#primaryimage\"},\"image\":{\"@id\":\"https:\/\/msviscom.development.digitalist.si\/hr\/izdelek\/nadstresnica-za-terasu-feria-patio-cover-4x425-siva-prozirna\/#primaryimage\"},\"thumbnailUrl\":\"https:\/\/msviscom.development.digitalist.si\/wp-content\/uploads\/2025\/07\/Feria_PatioCover_4x4.25_GR_CL_Carport_Palram_47_RAL7016_Cutout.jpg\",\"datePublished\":\"2025-07-21T08:14:02+00:00\",\"dateModified\":\"2025-11-27T07:44:28+00:00\",\"breadcrumb\":{\"@id\":\"https:\/\/msviscom.development.digitalist.si\/hr\/izdelek\/nadstresnica-za-terasu-feria-patio-cover-4x425-siva-prozirna\/#breadcrumb\"},\"inLanguage\":\"hr\",\"potentialAction\":[{\"@type\":\"ReadAction\",\"target\":[\"https:\/\/msviscom.development.digitalist.si\/hr\/izdelek\/nadstresnica-za-terasu-feria-patio-cover-4x425-siva-prozirna\/\"]}]},{\"@type\":\"ImageObject\",\"inLanguage\":\"hr\",\"@id\":\"https:\/\/msviscom.development.digitalist.si\/hr\/izdelek\/nadstresnica-za-terasu-feria-patio-cover-4x425-siva-prozirna\/#primaryimage\",\"url\":\"https:\/\/msviscom.development.digitalist.si\/wp-content\/uploads\/2025\/07\/Feria_PatioCover_4x4.25_GR_CL_Carport_Palram_47_RAL7016_Cutout.jpg\",\"contentUrl\":\"https:\/\/msviscom.development.digitalist.si\/wp-content\/uploads\/2025\/07\/Feria_PatioCover_4x4.25_GR_CL_Carport_Palram_47_RAL7016_Cutout.jpg\",\"width\":800,\"height\":600},{\"@type\":\"BreadcrumbList\",\"@id\":\"https:\/\/msviscom.development.digitalist.si\/hr\/izdelek\/nadstresnica-za-terasu-feria-patio-cover-4x425-siva-prozirna\/#breadcrumb\",\"itemListElement\":[{\"@type\":\"ListItem\",\"position\":1,\"name\":\"Domov\",\"item\":\"https:\/\/msviscom.development.digitalist.si\/hr\/\"},{\"@type\":\"ListItem\",\"position\":2,\"name\":\"Trgovina\",\"item\":\"https:\/\/msviscom.development.digitalist.si\/hr\/trgovina\/\"},{\"@type\":\"ListItem\",\"position\":3,\"name\":\"NADSTRE\u0160NICA ZA TERASU FERIA PATIO COVER, 4&#215;4,25, siva\/prozirna\"}]},{\"@type\":\"WebSite\",\"@id\":\"https:\/\/msviscom.development.digitalist.si\/hr\/#website\",\"url\":\"https:\/\/msviscom.development.digitalist.si\/hr\/\",\"name\":\"MS Viscom\",\"description\":\"\",\"potentialAction\":[{\"@type\":\"SearchAction\",\"target\":{\"@type\":\"EntryPoint\",\"urlTemplate\":\"https:\/\/msviscom.development.digitalist.si\/hr\/?s={search_term_string}\"},\"query-input\":{\"@type\":\"PropertyValueSpecification\",\"valueRequired\":true,\"valueName\":\"search_term_string\"}}],\"inLanguage\":\"hr\"}]}<\/script>\n<!-- \/ Yoast SEO plugin. -->","yoast_head_json":{"title":"NADSTRE\u0160NICA ZA TERASU FERIA PATIO COVER, 4x4,25, siva\/prozirna - MS Viscom","robots":{"index":"noindex","follow":"follow","max-snippet":"max-snippet:-1","max-image-preview":"max-image-preview:large","max-video-preview":"max-video-preview:-1"},"og_locale":"hr_HR","og_type":"article","og_title":"NADSTRE\u0160NICA ZA TERASU FERIA PATIO COVER, 4x4,25, siva\/prozirna - MS Viscom","og_description":"10-GODI\u0160NJE JAMSTVO, REZERVNI DIJELOVI, TEHNI\u010cKA PODR\u0160KA","og_url":"https:\/\/msviscom.development.digitalist.si\/hr\/izdelek\/nadstresnica-za-terasu-feria-patio-cover-4x425-siva-prozirna\/","og_site_name":"MS Viscom","article_modified_time":"2025-11-27T07:44:28+00:00","og_image":[{"width":800,"height":600,"url":"https:\/\/msviscom.development.digitalist.si\/wp-content\/uploads\/2025\/07\/Feria_PatioCover_4x4.25_GR_CL_Carport_Palram_47_RAL7016_Cutout.jpg","type":"image\/jpeg"}],"twitter_card":"summary_large_image","twitter_misc":{"Procijenjeno vrijeme \u010ditanja":"1 minuta"},"schema":{"@context":"https:\/\/schema.org","@graph":[{"@type":"WebPage","@id":"https:\/\/msviscom.development.digitalist.si\/hr\/izdelek\/nadstresnica-za-terasu-feria-patio-cover-4x425-siva-prozirna\/","url":"https:\/\/msviscom.development.digitalist.si\/hr\/izdelek\/nadstresnica-za-terasu-feria-patio-cover-4x425-siva-prozirna\/","name":"NADSTRE\u0160NICA ZA TERASU FERIA PATIO COVER, 4x4,25, siva\/prozirna - MS Viscom","isPartOf":{"@id":"https:\/\/msviscom.development.digitalist.si\/hr\/#website"},"primaryImageOfPage":{"@id":"https:\/\/msviscom.development.digitalist.si\/hr\/izdelek\/nadstresnica-za-terasu-feria-patio-cover-4x425-siva-prozirna\/#primaryimage"},"image":{"@id":"https:\/\/msviscom.development.digitalist.si\/hr\/izdelek\/nadstresnica-za-terasu-feria-patio-cover-4x425-siva-prozirna\/#primaryimage"},"thumbnailUrl":"https:\/\/msviscom.development.digitalist.si\/wp-content\/uploads\/2025\/07\/Feria_PatioCover_4x4.25_GR_CL_Carport_Palram_47_RAL7016_Cutout.jpg","datePublished":"2025-07-21T08:14:02+00:00","dateModified":"2025-11-27T07:44:28+00:00","breadcrumb":{"@id":"https:\/\/msviscom.development.digitalist.si\/hr\/izdelek\/nadstresnica-za-terasu-feria-patio-cover-4x425-siva-prozirna\/#breadcrumb"},"inLanguage":"hr","potentialAction":[{"@type":"ReadAction","target":["https:\/\/msviscom.development.digitalist.si\/hr\/izdelek\/nadstresnica-za-terasu-feria-patio-cover-4x425-siva-prozirna\/"]}]},{"@type":"ImageObject","inLanguage":"hr","@id":"https:\/\/msviscom.development.digitalist.si\/hr\/izdelek\/nadstresnica-za-terasu-feria-patio-cover-4x425-siva-prozirna\/#primaryimage","url":"https:\/\/msviscom.development.digitalist.si\/wp-content\/uploads\/2025\/07\/Feria_PatioCover_4x4.25_GR_CL_Carport_Palram_47_RAL7016_Cutout.jpg","contentUrl":"https:\/\/msviscom.development.digitalist.si\/wp-content\/uploads\/2025\/07\/Feria_PatioCover_4x4.25_GR_CL_Carport_Palram_47_RAL7016_Cutout.jpg","width":800,"height":600},{"@type":"BreadcrumbList","@id":"https:\/\/msviscom.development.digitalist.si\/hr\/izdelek\/nadstresnica-za-terasu-feria-patio-cover-4x425-siva-prozirna\/#breadcrumb","itemListElement":[{"@type":"ListItem","position":1,"name":"Domov","item":"https:\/\/msviscom.development.digitalist.si\/hr\/"},{"@type":"ListItem","position":2,"name":"Trgovina","item":"https:\/\/msviscom.development.digitalist.si\/hr\/trgovina\/"},{"@type":"ListItem","position":3,"name":"NADSTRE\u0160NICA ZA TERASU FERIA PATIO COVER, 4&#215;4,25, siva\/prozirna"}]},{"@type":"WebSite","@id":"https:\/\/msviscom.development.digitalist.si\/hr\/#website","url":"https:\/\/msviscom.development.digitalist.si\/hr\/","name":"MS Viscom","description":"","potentialAction":[{"@type":"SearchAction","target":{"@type":"EntryPoint","urlTemplate":"https:\/\/msviscom.development.digitalist.si\/hr\/?s={search_term_string}"},"query-input":{"@type":"PropertyValueSpecification","valueRequired":true,"valueName":"search_term_string"}}],"inLanguage":"hr"}]}},"_links":{"self":[{"href":"https:\/\/msviscom.development.digitalist.si\/hr\/wp-json\/wp\/v2\/product\/3580","targetHints":{"allow":["GET"]}}],"collection":[{"href":"https:\/\/msviscom.development.digitalist.si\/hr\/wp-json\/wp\/v2\/product"}],"about":[{"href":"https:\/\/msviscom.development.digitalist.si\/hr\/wp-json\/wp\/v2\/types\/product"}],"wp:featuredmedia":[{"embeddable":true,"href":"https:\/\/msviscom.development.digitalist.si\/hr\/wp-json\/wp\/v2\/media\/5241"}],"wp:attachment":[{"href":"https:\/\/msviscom.development.digitalist.si\/hr\/wp-json\/wp\/v2\/media?parent=3580"}],"wp:term":[{"taxonomy":"product_brand","embeddable":true,"href":"https:\/\/msviscom.development.digitalist.si\/hr\/wp-json\/wp\/v2\/product_brand?post=3580"},{"taxonomy":"product_cat","embeddable":true,"href":"https:\/\/msviscom.development.digitalist.si\/hr\/wp-json\/wp\/v2\/product_cat?post=3580"},{"taxonomy":"product_tag","embeddable":true,"href":"https:\/\/msviscom.development.digitalist.si\/hr\/wp-json\/wp\/v2\/product_tag?post=3580"}],"curies":[{"name":"wp","href":"https:\/\/api.w.org\/{rel}","templated":true}]}}