{"id":3579,"date":"2025-07-21T09:14:00","date_gmt":"2025-07-21T08:14:00","guid":{"rendered":"https:\/\/msviscom.development.digitalist.si\/izdelek\/ljetna-kuhinja-element-s-ladicama-americki-orah\/"},"modified":"2025-11-17T08:37:43","modified_gmt":"2025-11-17T07:37:43","slug":"ljetna-kuhinja-element-s-ladicama-americki-orah","status":"publish","type":"product","link":"https:\/\/msviscom.development.digitalist.si\/hr\/izdelek\/ljetna-kuhinja-element-s-ladicama-americki-orah\/","title":{"rendered":"Ljetna kuhinja &#8211; Element s ladicama, ameri\u010dki orah"},"content":{"rendered":"<ul dir=\"ltr\">\n<li>Svi elementi ljetne kuhinje me\u0111usobno su potpuno kompatibilni i mogu se slobodno kombinirati;<\/li>\n<li>Svi dijelovi izra\u0111eni su od nehr\u0111aju\u0107eg \u010delika;<\/li>\n<li>Gornja radna plo\u010da od porculana debljine 15 mm, dekor talijanskog mramora \u2013 otporna na vanjske utjecaje i jednostavna za \u010di\u0161\u0107enje;<\/li>\n<li>Podesive nogice od nehr\u0111aju\u0107eg \u010delika;<\/li>\n<li>3 ladice s mekim zatvaranjem.<\/li>\n<\/ul>\n<ul dir=\"ltr\">\n<li>Svi elementi ljetne kuhinje me\u0111usobno su potpuno kompatibilni i mogu se slobodno kombinirati;<\/li>\n<li>Svi dijelovi izra\u0111eni su od nehr\u0111aju\u0107eg \u010delika;<\/li>\n<li>Gornja radna plo\u010da od porculana debljine 15 mm, dekor talijanskog mramora \u2013 otporna na vanjske utjecaje i jednostavna za \u010di\u0161\u0107enje;<\/li>\n<li>Podesive nogice od nehr\u0111aju\u0107eg \u010delika;<\/li>\n<li>3 ladice s mekim zatvaranjem.<\/li>\n<\/ul>\n","protected":false},"excerpt":{"rendered":"<p>Element s ladicama, ameri\u010dki orah, 636 x 634 mm, visina: 920 mm<\/p>\n","protected":false},"featured_media":1750,"template":"","meta":{"_acf_changed":false},"product_brand":[],"product_cat":[166,168],"product_tag":[],"class_list":{"0":"post-3579","1":"product","2":"type-product","3":"status-publish","4":"has-post-thumbnail","6":"product_cat-bellano-vanjske-kuhinje","7":"product_cat-modularne-vanjske-kuhinje","9":"first","10":"instock","11":"taxable","12":"shipping-taxable","13":"purchasable","14":"product-type-simple"},"acf":[],"yoast_head":"<!-- This site is optimized with the Yoast SEO plugin v25.3.1 - https:\/\/yoast.com\/wordpress\/plugins\/seo\/ -->\n<title>Ljetna kuhinja - Element s ladicama, ameri\u010dki orah - MS Viscom<\/title>\n<meta name=\"robots\" content=\"noindex, follow, max-snippet:-1, max-image-preview:large, max-video-preview:-1\" \/>\n<meta property=\"og:locale\" content=\"hr_HR\" \/>\n<meta property=\"og:type\" content=\"article\" \/>\n<meta property=\"og:title\" content=\"Ljetna kuhinja - Element s ladicama, ameri\u010dki orah - MS Viscom\" \/>\n<meta property=\"og:description\" content=\"Element s ladicama, ameri\u010dki orah, 636 x 634 mm, visina: 920 mm\" \/>\n<meta property=\"og:url\" content=\"https:\/\/msviscom.development.digitalist.si\/hr\/izdelek\/ljetna-kuhinja-element-s-ladicama-americki-orah\/\" \/>\n<meta property=\"og:site_name\" content=\"MS Viscom\" \/>\n<meta property=\"article:modified_time\" content=\"2025-11-17T07:37:43+00:00\" \/>\n<meta name=\"twitter:card\" content=\"summary_large_image\" \/>\n<meta name=\"twitter:label1\" content=\"Procijenjeno vrijeme \u010ditanja\" \/>\n\t<meta name=\"twitter:data1\" content=\"1 minuta\" \/>\n<script type=\"application\/ld+json\" class=\"yoast-schema-graph\">{\"@context\":\"https:\/\/schema.org\",\"@graph\":[{\"@type\":\"WebPage\",\"@id\":\"https:\/\/msviscom.development.digitalist.si\/hr\/izdelek\/ljetna-kuhinja-element-s-ladicama-americki-orah\/\",\"url\":\"https:\/\/msviscom.development.digitalist.si\/hr\/izdelek\/ljetna-kuhinja-element-s-ladicama-americki-orah\/\",\"name\":\"Ljetna kuhinja - Element s ladicama, ameri\u010dki orah - MS Viscom\",\"isPartOf\":{\"@id\":\"https:\/\/msviscom.development.digitalist.si\/hr\/#website\"},\"primaryImageOfPage\":{\"@id\":\"https:\/\/msviscom.development.digitalist.si\/hr\/izdelek\/ljetna-kuhinja-element-s-ladicama-americki-orah\/#primaryimage\"},\"image\":{\"@id\":\"https:\/\/msviscom.development.digitalist.si\/hr\/izdelek\/ljetna-kuhinja-element-s-ladicama-americki-orah\/#primaryimage\"},\"thumbnailUrl\":\"https:\/\/msviscom.development.digitalist.si\/wp-content\/uploads\/2025\/07\/01_letna_kuhinja_element_s_predali_ameriski_oreh.jpg\",\"datePublished\":\"2025-07-21T08:14:00+00:00\",\"dateModified\":\"2025-11-17T07:37:43+00:00\",\"breadcrumb\":{\"@id\":\"https:\/\/msviscom.development.digitalist.si\/hr\/izdelek\/ljetna-kuhinja-element-s-ladicama-americki-orah\/#breadcrumb\"},\"inLanguage\":\"hr\",\"potentialAction\":[{\"@type\":\"ReadAction\",\"target\":[\"https:\/\/msviscom.development.digitalist.si\/hr\/izdelek\/ljetna-kuhinja-element-s-ladicama-americki-orah\/\"]}]},{\"@type\":\"ImageObject\",\"inLanguage\":\"hr\",\"@id\":\"https:\/\/msviscom.development.digitalist.si\/hr\/izdelek\/ljetna-kuhinja-element-s-ladicama-americki-orah\/#primaryimage\",\"url\":\"https:\/\/msviscom.development.digitalist.si\/wp-content\/uploads\/2025\/07\/01_letna_kuhinja_element_s_predali_ameriski_oreh.jpg\",\"contentUrl\":\"https:\/\/msviscom.development.digitalist.si\/wp-content\/uploads\/2025\/07\/01_letna_kuhinja_element_s_predali_ameriski_oreh.jpg\",\"width\":800,\"height\":600},{\"@type\":\"BreadcrumbList\",\"@id\":\"https:\/\/msviscom.development.digitalist.si\/hr\/izdelek\/ljetna-kuhinja-element-s-ladicama-americki-orah\/#breadcrumb\",\"itemListElement\":[{\"@type\":\"ListItem\",\"position\":1,\"name\":\"Domov\",\"item\":\"https:\/\/msviscom.development.digitalist.si\/hr\/\"},{\"@type\":\"ListItem\",\"position\":2,\"name\":\"Trgovina\",\"item\":\"https:\/\/msviscom.development.digitalist.si\/hr\/trgovina\/\"},{\"@type\":\"ListItem\",\"position\":3,\"name\":\"Ljetna kuhinja &#8211; Element s ladicama, ameri\u010dki orah\"}]},{\"@type\":\"WebSite\",\"@id\":\"https:\/\/msviscom.development.digitalist.si\/hr\/#website\",\"url\":\"https:\/\/msviscom.development.digitalist.si\/hr\/\",\"name\":\"MS Viscom\",\"description\":\"\",\"potentialAction\":[{\"@type\":\"SearchAction\",\"target\":{\"@type\":\"EntryPoint\",\"urlTemplate\":\"https:\/\/msviscom.development.digitalist.si\/hr\/?s={search_term_string}\"},\"query-input\":{\"@type\":\"PropertyValueSpecification\",\"valueRequired\":true,\"valueName\":\"search_term_string\"}}],\"inLanguage\":\"hr\"}]}<\/script>\n<!-- \/ Yoast SEO plugin. -->","yoast_head_json":{"title":"Ljetna kuhinja - Element s ladicama, ameri\u010dki orah - MS Viscom","robots":{"index":"noindex","follow":"follow","max-snippet":"max-snippet:-1","max-image-preview":"max-image-preview:large","max-video-preview":"max-video-preview:-1"},"og_locale":"hr_HR","og_type":"article","og_title":"Ljetna kuhinja - Element s ladicama, ameri\u010dki orah - MS Viscom","og_description":"Element s ladicama, ameri\u010dki orah, 636 x 634 mm, visina: 920 mm","og_url":"https:\/\/msviscom.development.digitalist.si\/hr\/izdelek\/ljetna-kuhinja-element-s-ladicama-americki-orah\/","og_site_name":"MS Viscom","article_modified_time":"2025-11-17T07:37:43+00:00","twitter_card":"summary_large_image","twitter_misc":{"Procijenjeno vrijeme \u010ditanja":"1 minuta"},"schema":{"@context":"https:\/\/schema.org","@graph":[{"@type":"WebPage","@id":"https:\/\/msviscom.development.digitalist.si\/hr\/izdelek\/ljetna-kuhinja-element-s-ladicama-americki-orah\/","url":"https:\/\/msviscom.development.digitalist.si\/hr\/izdelek\/ljetna-kuhinja-element-s-ladicama-americki-orah\/","name":"Ljetna kuhinja - Element s ladicama, ameri\u010dki orah - MS Viscom","isPartOf":{"@id":"https:\/\/msviscom.development.digitalist.si\/hr\/#website"},"primaryImageOfPage":{"@id":"https:\/\/msviscom.development.digitalist.si\/hr\/izdelek\/ljetna-kuhinja-element-s-ladicama-americki-orah\/#primaryimage"},"image":{"@id":"https:\/\/msviscom.development.digitalist.si\/hr\/izdelek\/ljetna-kuhinja-element-s-ladicama-americki-orah\/#primaryimage"},"thumbnailUrl":"https:\/\/msviscom.development.digitalist.si\/wp-content\/uploads\/2025\/07\/01_letna_kuhinja_element_s_predali_ameriski_oreh.jpg","datePublished":"2025-07-21T08:14:00+00:00","dateModified":"2025-11-17T07:37:43+00:00","breadcrumb":{"@id":"https:\/\/msviscom.development.digitalist.si\/hr\/izdelek\/ljetna-kuhinja-element-s-ladicama-americki-orah\/#breadcrumb"},"inLanguage":"hr","potentialAction":[{"@type":"ReadAction","target":["https:\/\/msviscom.development.digitalist.si\/hr\/izdelek\/ljetna-kuhinja-element-s-ladicama-americki-orah\/"]}]},{"@type":"ImageObject","inLanguage":"hr","@id":"https:\/\/msviscom.development.digitalist.si\/hr\/izdelek\/ljetna-kuhinja-element-s-ladicama-americki-orah\/#primaryimage","url":"https:\/\/msviscom.development.digitalist.si\/wp-content\/uploads\/2025\/07\/01_letna_kuhinja_element_s_predali_ameriski_oreh.jpg","contentUrl":"https:\/\/msviscom.development.digitalist.si\/wp-content\/uploads\/2025\/07\/01_letna_kuhinja_element_s_predali_ameriski_oreh.jpg","width":800,"height":600},{"@type":"BreadcrumbList","@id":"https:\/\/msviscom.development.digitalist.si\/hr\/izdelek\/ljetna-kuhinja-element-s-ladicama-americki-orah\/#breadcrumb","itemListElement":[{"@type":"ListItem","position":1,"name":"Domov","item":"https:\/\/msviscom.development.digitalist.si\/hr\/"},{"@type":"ListItem","position":2,"name":"Trgovina","item":"https:\/\/msviscom.development.digitalist.si\/hr\/trgovina\/"},{"@type":"ListItem","position":3,"name":"Ljetna kuhinja &#8211; Element s ladicama, ameri\u010dki orah"}]},{"@type":"WebSite","@id":"https:\/\/msviscom.development.digitalist.si\/hr\/#website","url":"https:\/\/msviscom.development.digitalist.si\/hr\/","name":"MS Viscom","description":"","potentialAction":[{"@type":"SearchAction","target":{"@type":"EntryPoint","urlTemplate":"https:\/\/msviscom.development.digitalist.si\/hr\/?s={search_term_string}"},"query-input":{"@type":"PropertyValueSpecification","valueRequired":true,"valueName":"search_term_string"}}],"inLanguage":"hr"}]}},"_links":{"self":[{"href":"https:\/\/msviscom.development.digitalist.si\/hr\/wp-json\/wp\/v2\/product\/3579","targetHints":{"allow":["GET"]}}],"collection":[{"href":"https:\/\/msviscom.development.digitalist.si\/hr\/wp-json\/wp\/v2\/product"}],"about":[{"href":"https:\/\/msviscom.development.digitalist.si\/hr\/wp-json\/wp\/v2\/types\/product"}],"wp:featuredmedia":[{"embeddable":true,"href":"https:\/\/msviscom.development.digitalist.si\/hr\/wp-json\/wp\/v2\/media\/1750"}],"wp:attachment":[{"href":"https:\/\/msviscom.development.digitalist.si\/hr\/wp-json\/wp\/v2\/media?parent=3579"}],"wp:term":[{"taxonomy":"product_brand","embeddable":true,"href":"https:\/\/msviscom.development.digitalist.si\/hr\/wp-json\/wp\/v2\/product_brand?post=3579"},{"taxonomy":"product_cat","embeddable":true,"href":"https:\/\/msviscom.development.digitalist.si\/hr\/wp-json\/wp\/v2\/product_cat?post=3579"},{"taxonomy":"product_tag","embeddable":true,"href":"https:\/\/msviscom.development.digitalist.si\/hr\/wp-json\/wp\/v2\/product_tag?post=3579"}],"curies":[{"name":"wp","href":"https:\/\/api.w.org\/{rel}","templated":true}]}}