{"id":3574,"date":"2025-07-21T09:13:50","date_gmt":"2025-07-21T08:13:50","guid":{"rendered":"https:\/\/msviscom.development.digitalist.si\/izdelek\/bocni-zid-za-seriju-3-bijela-prozirna-za-nadstresnicu-za-terasu-sierra\/"},"modified":"2025-11-27T08:51:54","modified_gmt":"2025-11-27T07:51:54","slug":"bocni-zid-za-seriju-3-bijela-prozirna-za-nadstresnicu-za-terasu-sierra","status":"publish","type":"product","link":"https:\/\/msviscom.development.digitalist.si\/hr\/izdelek\/bocni-zid-za-seriju-3-bijela-prozirna-za-nadstresnicu-za-terasu-sierra\/","title":{"rendered":"BO\u010cNI ZID, za seriju 3, bijela\/prozirna za NADSTRE\u0160NICU ZA TERASU SIERRA"},"content":{"rendered":"<p dir=\"ltr\" data-placeholder=\"Prevod\"><strong>U\u017eivajte u slobodnom vremenu s obitelji i prijateljima \u010dak i tijekom ki\u0161nih ili vjetrovitih dana<\/strong><\/p>\n<ul dir=\"ltr\">\n<li data-placeholder=\"Prevod\">Kristalno \u010dista, prozirna bo\u010dna plo\u010da od akrilnog stakla<\/li>\n<li data-placeholder=\"Prevod\">Za\u0161tita od vjetrovitih dana<\/li>\n<li data-placeholder=\"Prevod\">Dostupno u obje \u0161irine: 3 m i 4 m<\/li>\n<li data-placeholder=\"Prevod\">Bo\u010dna stijenka mo\u017ee se pri\u010dvrstiti s obje stran<\/li>\n<\/ul>\n","protected":false},"excerpt":{"rendered":"<p>U\u017eivajte u slobodnom vremenu s obitelji i prijateljima \u010dak i tijekom ki\u0161nih ili vjetrovitih dana Kristalno \u010dista, prozirna bo\u010dna plo\u010da od akrilnog stakla Za\u0161tita od vjetrovitih dana Dostupno u obje \u0161irine: 3 m i 4 m Bo\u010dna stijenka mo\u017ee se pri\u010dvrstiti s obje stran<\/p>\n","protected":false},"featured_media":4371,"template":"","meta":{"_acf_changed":false},"product_brand":[],"product_cat":[198],"product_tag":[],"class_list":{"0":"post-3574","1":"product","2":"type-product","3":"status-publish","4":"has-post-thumbnail","6":"product_cat-nadstresnice","8":"first","9":"instock","10":"taxable","11":"shipping-taxable","12":"purchasable","13":"product-type-simple"},"acf":[],"yoast_head":"<!-- This site is optimized with the Yoast SEO plugin v25.3.1 - https:\/\/yoast.com\/wordpress\/plugins\/seo\/ -->\n<title>BO\u010cNI ZID, za seriju 3, bijela\/prozirna za NADSTRE\u0160NICU ZA TERASU SIERRA - MS Viscom<\/title>\n<meta name=\"robots\" content=\"noindex, follow, max-snippet:-1, max-image-preview:large, max-video-preview:-1\" \/>\n<meta property=\"og:locale\" content=\"hr_HR\" \/>\n<meta property=\"og:type\" content=\"article\" \/>\n<meta property=\"og:title\" content=\"BO\u010cNI ZID, za seriju 3, bijela\/prozirna za NADSTRE\u0160NICU ZA TERASU SIERRA - MS Viscom\" \/>\n<meta property=\"og:description\" content=\"U\u017eivajte u slobodnom vremenu s obitelji i prijateljima \u010dak i tijekom ki\u0161nih ili vjetrovitih dana Kristalno \u010dista, prozirna bo\u010dna plo\u010da od akrilnog stakla Za\u0161tita od vjetrovitih dana Dostupno u obje \u0161irine: 3 m i 4 m Bo\u010dna stijenka mo\u017ee se pri\u010dvrstiti s obje stran\" \/>\n<meta property=\"og:url\" content=\"https:\/\/msviscom.development.digitalist.si\/hr\/izdelek\/bocni-zid-za-seriju-3-bijela-prozirna-za-nadstresnicu-za-terasu-sierra\/\" \/>\n<meta property=\"og:site_name\" content=\"MS Viscom\" \/>\n<meta property=\"article:modified_time\" content=\"2025-11-27T07:51:54+00:00\" \/>\n<meta property=\"og:image\" content=\"https:\/\/msviscom.development.digitalist.si\/wp-content\/uploads\/2025\/07\/Palram_Patio_Cover_Feria_SideWall_3D_Cutout.jpg\" \/>\n\t<meta property=\"og:image:width\" content=\"800\" \/>\n\t<meta property=\"og:image:height\" content=\"600\" \/>\n\t<meta property=\"og:image:type\" content=\"image\/jpeg\" \/>\n<meta name=\"twitter:card\" content=\"summary_large_image\" \/>\n<meta name=\"twitter:label1\" content=\"Procijenjeno vrijeme \u010ditanja\" \/>\n\t<meta name=\"twitter:data1\" content=\"1 minuta\" \/>\n<script type=\"application\/ld+json\" class=\"yoast-schema-graph\">{\"@context\":\"https:\/\/schema.org\",\"@graph\":[{\"@type\":\"WebPage\",\"@id\":\"https:\/\/msviscom.development.digitalist.si\/hr\/izdelek\/bocni-zid-za-seriju-3-bijela-prozirna-za-nadstresnicu-za-terasu-sierra\/\",\"url\":\"https:\/\/msviscom.development.digitalist.si\/hr\/izdelek\/bocni-zid-za-seriju-3-bijela-prozirna-za-nadstresnicu-za-terasu-sierra\/\",\"name\":\"BO\u010cNI ZID, za seriju 3, bijela\/prozirna za NADSTRE\u0160NICU ZA TERASU SIERRA - MS Viscom\",\"isPartOf\":{\"@id\":\"https:\/\/msviscom.development.digitalist.si\/hr\/#website\"},\"primaryImageOfPage\":{\"@id\":\"https:\/\/msviscom.development.digitalist.si\/hr\/izdelek\/bocni-zid-za-seriju-3-bijela-prozirna-za-nadstresnicu-za-terasu-sierra\/#primaryimage\"},\"image\":{\"@id\":\"https:\/\/msviscom.development.digitalist.si\/hr\/izdelek\/bocni-zid-za-seriju-3-bijela-prozirna-za-nadstresnicu-za-terasu-sierra\/#primaryimage\"},\"thumbnailUrl\":\"https:\/\/msviscom.development.digitalist.si\/wp-content\/uploads\/2025\/07\/Palram_Patio_Cover_Feria_SideWall_3D_Cutout.jpg\",\"datePublished\":\"2025-07-21T08:13:50+00:00\",\"dateModified\":\"2025-11-27T07:51:54+00:00\",\"breadcrumb\":{\"@id\":\"https:\/\/msviscom.development.digitalist.si\/hr\/izdelek\/bocni-zid-za-seriju-3-bijela-prozirna-za-nadstresnicu-za-terasu-sierra\/#breadcrumb\"},\"inLanguage\":\"hr\",\"potentialAction\":[{\"@type\":\"ReadAction\",\"target\":[\"https:\/\/msviscom.development.digitalist.si\/hr\/izdelek\/bocni-zid-za-seriju-3-bijela-prozirna-za-nadstresnicu-za-terasu-sierra\/\"]}]},{\"@type\":\"ImageObject\",\"inLanguage\":\"hr\",\"@id\":\"https:\/\/msviscom.development.digitalist.si\/hr\/izdelek\/bocni-zid-za-seriju-3-bijela-prozirna-za-nadstresnicu-za-terasu-sierra\/#primaryimage\",\"url\":\"https:\/\/msviscom.development.digitalist.si\/wp-content\/uploads\/2025\/07\/Palram_Patio_Cover_Feria_SideWall_3D_Cutout.jpg\",\"contentUrl\":\"https:\/\/msviscom.development.digitalist.si\/wp-content\/uploads\/2025\/07\/Palram_Patio_Cover_Feria_SideWall_3D_Cutout.jpg\",\"width\":800,\"height\":600},{\"@type\":\"BreadcrumbList\",\"@id\":\"https:\/\/msviscom.development.digitalist.si\/hr\/izdelek\/bocni-zid-za-seriju-3-bijela-prozirna-za-nadstresnicu-za-terasu-sierra\/#breadcrumb\",\"itemListElement\":[{\"@type\":\"ListItem\",\"position\":1,\"name\":\"Domov\",\"item\":\"https:\/\/msviscom.development.digitalist.si\/hr\/\"},{\"@type\":\"ListItem\",\"position\":2,\"name\":\"Trgovina\",\"item\":\"https:\/\/msviscom.development.digitalist.si\/hr\/trgovina\/\"},{\"@type\":\"ListItem\",\"position\":3,\"name\":\"BO\u010cNI ZID, za seriju 3, bijela\/prozirna za NADSTRE\u0160NICU ZA TERASU SIERRA\"}]},{\"@type\":\"WebSite\",\"@id\":\"https:\/\/msviscom.development.digitalist.si\/hr\/#website\",\"url\":\"https:\/\/msviscom.development.digitalist.si\/hr\/\",\"name\":\"MS Viscom\",\"description\":\"\",\"potentialAction\":[{\"@type\":\"SearchAction\",\"target\":{\"@type\":\"EntryPoint\",\"urlTemplate\":\"https:\/\/msviscom.development.digitalist.si\/hr\/?s={search_term_string}\"},\"query-input\":{\"@type\":\"PropertyValueSpecification\",\"valueRequired\":true,\"valueName\":\"search_term_string\"}}],\"inLanguage\":\"hr\"}]}<\/script>\n<!-- \/ Yoast SEO plugin. -->","yoast_head_json":{"title":"BO\u010cNI ZID, za seriju 3, bijela\/prozirna za NADSTRE\u0160NICU ZA TERASU SIERRA - MS Viscom","robots":{"index":"noindex","follow":"follow","max-snippet":"max-snippet:-1","max-image-preview":"max-image-preview:large","max-video-preview":"max-video-preview:-1"},"og_locale":"hr_HR","og_type":"article","og_title":"BO\u010cNI ZID, za seriju 3, bijela\/prozirna za NADSTRE\u0160NICU ZA TERASU SIERRA - MS Viscom","og_description":"U\u017eivajte u slobodnom vremenu s obitelji i prijateljima \u010dak i tijekom ki\u0161nih ili vjetrovitih dana Kristalno \u010dista, prozirna bo\u010dna plo\u010da od akrilnog stakla Za\u0161tita od vjetrovitih dana Dostupno u obje \u0161irine: 3 m i 4 m Bo\u010dna stijenka mo\u017ee se pri\u010dvrstiti s obje stran","og_url":"https:\/\/msviscom.development.digitalist.si\/hr\/izdelek\/bocni-zid-za-seriju-3-bijela-prozirna-za-nadstresnicu-za-terasu-sierra\/","og_site_name":"MS Viscom","article_modified_time":"2025-11-27T07:51:54+00:00","og_image":[{"width":800,"height":600,"url":"https:\/\/msviscom.development.digitalist.si\/wp-content\/uploads\/2025\/07\/Palram_Patio_Cover_Feria_SideWall_3D_Cutout.jpg","type":"image\/jpeg"}],"twitter_card":"summary_large_image","twitter_misc":{"Procijenjeno vrijeme \u010ditanja":"1 minuta"},"schema":{"@context":"https:\/\/schema.org","@graph":[{"@type":"WebPage","@id":"https:\/\/msviscom.development.digitalist.si\/hr\/izdelek\/bocni-zid-za-seriju-3-bijela-prozirna-za-nadstresnicu-za-terasu-sierra\/","url":"https:\/\/msviscom.development.digitalist.si\/hr\/izdelek\/bocni-zid-za-seriju-3-bijela-prozirna-za-nadstresnicu-za-terasu-sierra\/","name":"BO\u010cNI ZID, za seriju 3, bijela\/prozirna za NADSTRE\u0160NICU ZA TERASU SIERRA - MS Viscom","isPartOf":{"@id":"https:\/\/msviscom.development.digitalist.si\/hr\/#website"},"primaryImageOfPage":{"@id":"https:\/\/msviscom.development.digitalist.si\/hr\/izdelek\/bocni-zid-za-seriju-3-bijela-prozirna-za-nadstresnicu-za-terasu-sierra\/#primaryimage"},"image":{"@id":"https:\/\/msviscom.development.digitalist.si\/hr\/izdelek\/bocni-zid-za-seriju-3-bijela-prozirna-za-nadstresnicu-za-terasu-sierra\/#primaryimage"},"thumbnailUrl":"https:\/\/msviscom.development.digitalist.si\/wp-content\/uploads\/2025\/07\/Palram_Patio_Cover_Feria_SideWall_3D_Cutout.jpg","datePublished":"2025-07-21T08:13:50+00:00","dateModified":"2025-11-27T07:51:54+00:00","breadcrumb":{"@id":"https:\/\/msviscom.development.digitalist.si\/hr\/izdelek\/bocni-zid-za-seriju-3-bijela-prozirna-za-nadstresnicu-za-terasu-sierra\/#breadcrumb"},"inLanguage":"hr","potentialAction":[{"@type":"ReadAction","target":["https:\/\/msviscom.development.digitalist.si\/hr\/izdelek\/bocni-zid-za-seriju-3-bijela-prozirna-za-nadstresnicu-za-terasu-sierra\/"]}]},{"@type":"ImageObject","inLanguage":"hr","@id":"https:\/\/msviscom.development.digitalist.si\/hr\/izdelek\/bocni-zid-za-seriju-3-bijela-prozirna-za-nadstresnicu-za-terasu-sierra\/#primaryimage","url":"https:\/\/msviscom.development.digitalist.si\/wp-content\/uploads\/2025\/07\/Palram_Patio_Cover_Feria_SideWall_3D_Cutout.jpg","contentUrl":"https:\/\/msviscom.development.digitalist.si\/wp-content\/uploads\/2025\/07\/Palram_Patio_Cover_Feria_SideWall_3D_Cutout.jpg","width":800,"height":600},{"@type":"BreadcrumbList","@id":"https:\/\/msviscom.development.digitalist.si\/hr\/izdelek\/bocni-zid-za-seriju-3-bijela-prozirna-za-nadstresnicu-za-terasu-sierra\/#breadcrumb","itemListElement":[{"@type":"ListItem","position":1,"name":"Domov","item":"https:\/\/msviscom.development.digitalist.si\/hr\/"},{"@type":"ListItem","position":2,"name":"Trgovina","item":"https:\/\/msviscom.development.digitalist.si\/hr\/trgovina\/"},{"@type":"ListItem","position":3,"name":"BO\u010cNI ZID, za seriju 3, bijela\/prozirna za NADSTRE\u0160NICU ZA TERASU SIERRA"}]},{"@type":"WebSite","@id":"https:\/\/msviscom.development.digitalist.si\/hr\/#website","url":"https:\/\/msviscom.development.digitalist.si\/hr\/","name":"MS Viscom","description":"","potentialAction":[{"@type":"SearchAction","target":{"@type":"EntryPoint","urlTemplate":"https:\/\/msviscom.development.digitalist.si\/hr\/?s={search_term_string}"},"query-input":{"@type":"PropertyValueSpecification","valueRequired":true,"valueName":"search_term_string"}}],"inLanguage":"hr"}]}},"_links":{"self":[{"href":"https:\/\/msviscom.development.digitalist.si\/hr\/wp-json\/wp\/v2\/product\/3574","targetHints":{"allow":["GET"]}}],"collection":[{"href":"https:\/\/msviscom.development.digitalist.si\/hr\/wp-json\/wp\/v2\/product"}],"about":[{"href":"https:\/\/msviscom.development.digitalist.si\/hr\/wp-json\/wp\/v2\/types\/product"}],"wp:featuredmedia":[{"embeddable":true,"href":"https:\/\/msviscom.development.digitalist.si\/hr\/wp-json\/wp\/v2\/media\/4371"}],"wp:attachment":[{"href":"https:\/\/msviscom.development.digitalist.si\/hr\/wp-json\/wp\/v2\/media?parent=3574"}],"wp:term":[{"taxonomy":"product_brand","embeddable":true,"href":"https:\/\/msviscom.development.digitalist.si\/hr\/wp-json\/wp\/v2\/product_brand?post=3574"},{"taxonomy":"product_cat","embeddable":true,"href":"https:\/\/msviscom.development.digitalist.si\/hr\/wp-json\/wp\/v2\/product_cat?post=3574"},{"taxonomy":"product_tag","embeddable":true,"href":"https:\/\/msviscom.development.digitalist.si\/hr\/wp-json\/wp\/v2\/product_tag?post=3574"}],"curies":[{"name":"wp","href":"https:\/\/api.w.org\/{rel}","templated":true}]}}