{"id":3573,"date":"2025-07-21T09:13:48","date_gmt":"2025-07-21T08:13:48","guid":{"rendered":"https:\/\/msviscom.development.digitalist.si\/izdelek\/nadstresnica-za-terasu-sierra-bijela-prozirna-3x546-m\/"},"modified":"2025-11-17T08:37:42","modified_gmt":"2025-11-17T07:37:42","slug":"nadstresnica-za-terasu-sierra-bijela-prozirna-3x546-m","status":"publish","type":"product","link":"https:\/\/msviscom.development.digitalist.si\/hr\/izdelek\/nadstresnica-za-terasu-sierra-bijela-prozirna-3x546-m\/","title":{"rendered":"NADSTRE\u0160NICA ZA TERASU SIERRA, bijela\/prozirna 3&#215;5,46 m"},"content":{"rendered":"<h1><a href=\"https:\/\/www.youtube.com\/watch?v=ayCLzrDbG4Q\">VIDEO PRAKTI\u010cNI PRIMJER SASTAVLJANJA<\/a><\/h1>\n<p>&nbsp;<\/p>\n<ul>\n<li>\n<h2><strong>TEHNI\u010cKA PODR\u0160KA<\/strong><\/h2>\n<\/li>\n<li>\n<h2><strong>MOGU\u0106NOST MONTA\u017dE VANJSKOG IZVO\u0110A\u010cA<\/strong><\/h2>\n<\/li>\n<li>\n<h2><strong>REZERVNI DIJELOVI<\/strong><\/h2>\n<\/li>\n<\/ul>\n<h2><strong>Omogu\u0107uje razli\u010ditu vanjsku upotrebu, krov terase<\/strong><strong>, nadstre\u0161nicu za vozilo ili prostor za opu\u0161tanje na suncu<\/strong><\/h2>\n<ul>\n<li>Dizajnirano i izra\u0111eno od vremenski otpornih, vodootpornih materijala bez potrebe za odr\u017eavanjem, koji stvaraju prekrasan vanjski prostor<\/li>\n<li>Stupovi i plo\u010da za pri\u010dvr\u0161\u0107ivanje na zid podesivi su prema va\u0161im potrebama<\/li>\n<li>Gotovo neprolomljive, UV-otporne, polikarbonatne krovne plo\u010de debljine 6 mm<\/li>\n<li>Mogu\u0107nosti plo\u010da: prozirne<\/li>\n<li>Krovne plo\u010de otporne na UV zrake, ne \u017eute<\/li>\n<li>Vrlo izdr\u017eljivi i antikorozivni aluminijski profili s pra\u0161kastim premazom i pocin\u010dani \u010deli\u010dni spojevi<\/li>\n<li>Ugra\u0111eni oluk i podesive glave oluka (promjer 50 mm \/ 2\u201d)<\/li>\n<li>Uklju\u010deni set za sidrenje i podlo\u017ene plo\u010de<\/li>\n<li>Jednostavna monta\u017ea &#8220;uradi sam&#8221; \u2013 sustav kliznih krovnih plo\u010da<\/li>\n<li>Dostupno u \u0161irokom rasponu veli\u010dina<\/li>\n<\/ul>\n<h2><strong>SASTAVLJANJE NADSTRE\u0160NICE SIERRA I FERIA<\/strong><\/h2>\n<p><a href=\"https:\/\/www.youtube.com\/watch?v=fP_XGOgTTg4\">VIDEO SASTAVLJANJE STAKLENIKA<\/a><\/p>\n<h2><\/h2>\n","protected":false},"excerpt":{"rendered":"<p>Palram nadstre\u0161nica za terasu Sierra, bijela\/prozirna 3&#215;5,46 m, omogu\u0107uje razli\u010ditu vanjsku uporabu \u2013 kao krov terase, nadstre\u0161nicu za vozilo ili prostor za opu\u0161tanje na suncu<\/p>\n","protected":false},"featured_media":5281,"template":"","meta":{"_acf_changed":false},"product_brand":[],"product_cat":[198,207],"product_tag":[],"class_list":{"0":"post-3573","1":"product","2":"type-product","3":"status-publish","4":"has-post-thumbnail","6":"product_cat-nadstresnice","7":"product_cat-sierra","9":"first","10":"instock","11":"taxable","12":"shipping-taxable","13":"purchasable","14":"product-type-simple"},"acf":[],"yoast_head":"<!-- This site is optimized with the Yoast SEO plugin v25.3.1 - https:\/\/yoast.com\/wordpress\/plugins\/seo\/ -->\n<title>NADSTRE\u0160NICA ZA TERASU SIERRA, bijela\/prozirna 3x5,46 m - MS Viscom<\/title>\n<meta name=\"robots\" content=\"noindex, follow, max-snippet:-1, max-image-preview:large, max-video-preview:-1\" \/>\n<meta property=\"og:locale\" content=\"hr_HR\" \/>\n<meta property=\"og:type\" content=\"article\" \/>\n<meta property=\"og:title\" content=\"NADSTRE\u0160NICA ZA TERASU SIERRA, bijela\/prozirna 3x5,46 m - MS Viscom\" \/>\n<meta property=\"og:description\" content=\"Palram nadstre\u0161nica za terasu Sierra, bijela\/prozirna 3x5,46 m, omogu\u0107uje razli\u010ditu vanjsku uporabu \u2013 kao krov terase, nadstre\u0161nicu za vozilo ili prostor za opu\u0161tanje na suncu\" \/>\n<meta property=\"og:url\" content=\"https:\/\/msviscom.development.digitalist.si\/hr\/izdelek\/nadstresnica-za-terasu-sierra-bijela-prozirna-3x546-m\/\" \/>\n<meta property=\"og:site_name\" content=\"MS Viscom\" \/>\n<meta property=\"article:modified_time\" content=\"2025-11-17T07:37:42+00:00\" \/>\n<meta name=\"twitter:card\" content=\"summary_large_image\" \/>\n<meta name=\"twitter:label1\" content=\"Procijenjeno vrijeme \u010ditanja\" \/>\n\t<meta name=\"twitter:data1\" content=\"1 minuta\" \/>\n<script type=\"application\/ld+json\" class=\"yoast-schema-graph\">{\"@context\":\"https:\/\/schema.org\",\"@graph\":[{\"@type\":\"WebPage\",\"@id\":\"https:\/\/msviscom.development.digitalist.si\/hr\/izdelek\/nadstresnica-za-terasu-sierra-bijela-prozirna-3x546-m\/\",\"url\":\"https:\/\/msviscom.development.digitalist.si\/hr\/izdelek\/nadstresnica-za-terasu-sierra-bijela-prozirna-3x546-m\/\",\"name\":\"NADSTRE\u0160NICA ZA TERASU SIERRA, bijela\/prozirna 3x5,46 m - MS Viscom\",\"isPartOf\":{\"@id\":\"https:\/\/msviscom.development.digitalist.si\/hr\/#website\"},\"primaryImageOfPage\":{\"@id\":\"https:\/\/msviscom.development.digitalist.si\/hr\/izdelek\/nadstresnica-za-terasu-sierra-bijela-prozirna-3x546-m\/#primaryimage\"},\"image\":{\"@id\":\"https:\/\/msviscom.development.digitalist.si\/hr\/izdelek\/nadstresnica-za-terasu-sierra-bijela-prozirna-3x546-m\/#primaryimage\"},\"thumbnailUrl\":\"https:\/\/msviscom.development.digitalist.si\/wp-content\/uploads\/2025\/07\/Palram_Patio_Cover_Sierra_3x5.4_White.jpg\",\"datePublished\":\"2025-07-21T08:13:48+00:00\",\"dateModified\":\"2025-11-17T07:37:42+00:00\",\"breadcrumb\":{\"@id\":\"https:\/\/msviscom.development.digitalist.si\/hr\/izdelek\/nadstresnica-za-terasu-sierra-bijela-prozirna-3x546-m\/#breadcrumb\"},\"inLanguage\":\"hr\",\"potentialAction\":[{\"@type\":\"ReadAction\",\"target\":[\"https:\/\/msviscom.development.digitalist.si\/hr\/izdelek\/nadstresnica-za-terasu-sierra-bijela-prozirna-3x546-m\/\"]}]},{\"@type\":\"ImageObject\",\"inLanguage\":\"hr\",\"@id\":\"https:\/\/msviscom.development.digitalist.si\/hr\/izdelek\/nadstresnica-za-terasu-sierra-bijela-prozirna-3x546-m\/#primaryimage\",\"url\":\"https:\/\/msviscom.development.digitalist.si\/wp-content\/uploads\/2025\/07\/Palram_Patio_Cover_Sierra_3x5.4_White.jpg\",\"contentUrl\":\"https:\/\/msviscom.development.digitalist.si\/wp-content\/uploads\/2025\/07\/Palram_Patio_Cover_Sierra_3x5.4_White.jpg\",\"width\":800,\"height\":600},{\"@type\":\"BreadcrumbList\",\"@id\":\"https:\/\/msviscom.development.digitalist.si\/hr\/izdelek\/nadstresnica-za-terasu-sierra-bijela-prozirna-3x546-m\/#breadcrumb\",\"itemListElement\":[{\"@type\":\"ListItem\",\"position\":1,\"name\":\"Domov\",\"item\":\"https:\/\/msviscom.development.digitalist.si\/hr\/\"},{\"@type\":\"ListItem\",\"position\":2,\"name\":\"Trgovina\",\"item\":\"https:\/\/msviscom.development.digitalist.si\/hr\/trgovina\/\"},{\"@type\":\"ListItem\",\"position\":3,\"name\":\"NADSTRE\u0160NICA ZA TERASU SIERRA, bijela\/prozirna 3&#215;5,46 m\"}]},{\"@type\":\"WebSite\",\"@id\":\"https:\/\/msviscom.development.digitalist.si\/hr\/#website\",\"url\":\"https:\/\/msviscom.development.digitalist.si\/hr\/\",\"name\":\"MS Viscom\",\"description\":\"\",\"potentialAction\":[{\"@type\":\"SearchAction\",\"target\":{\"@type\":\"EntryPoint\",\"urlTemplate\":\"https:\/\/msviscom.development.digitalist.si\/hr\/?s={search_term_string}\"},\"query-input\":{\"@type\":\"PropertyValueSpecification\",\"valueRequired\":true,\"valueName\":\"search_term_string\"}}],\"inLanguage\":\"hr\"}]}<\/script>\n<!-- \/ Yoast SEO plugin. -->","yoast_head_json":{"title":"NADSTRE\u0160NICA ZA TERASU SIERRA, bijela\/prozirna 3x5,46 m - MS Viscom","robots":{"index":"noindex","follow":"follow","max-snippet":"max-snippet:-1","max-image-preview":"max-image-preview:large","max-video-preview":"max-video-preview:-1"},"og_locale":"hr_HR","og_type":"article","og_title":"NADSTRE\u0160NICA ZA TERASU SIERRA, bijela\/prozirna 3x5,46 m - MS Viscom","og_description":"Palram nadstre\u0161nica za terasu Sierra, bijela\/prozirna 3x5,46 m, omogu\u0107uje razli\u010ditu vanjsku uporabu \u2013 kao krov terase, nadstre\u0161nicu za vozilo ili prostor za opu\u0161tanje na suncu","og_url":"https:\/\/msviscom.development.digitalist.si\/hr\/izdelek\/nadstresnica-za-terasu-sierra-bijela-prozirna-3x546-m\/","og_site_name":"MS Viscom","article_modified_time":"2025-11-17T07:37:42+00:00","twitter_card":"summary_large_image","twitter_misc":{"Procijenjeno vrijeme \u010ditanja":"1 minuta"},"schema":{"@context":"https:\/\/schema.org","@graph":[{"@type":"WebPage","@id":"https:\/\/msviscom.development.digitalist.si\/hr\/izdelek\/nadstresnica-za-terasu-sierra-bijela-prozirna-3x546-m\/","url":"https:\/\/msviscom.development.digitalist.si\/hr\/izdelek\/nadstresnica-za-terasu-sierra-bijela-prozirna-3x546-m\/","name":"NADSTRE\u0160NICA ZA TERASU SIERRA, bijela\/prozirna 3x5,46 m - MS Viscom","isPartOf":{"@id":"https:\/\/msviscom.development.digitalist.si\/hr\/#website"},"primaryImageOfPage":{"@id":"https:\/\/msviscom.development.digitalist.si\/hr\/izdelek\/nadstresnica-za-terasu-sierra-bijela-prozirna-3x546-m\/#primaryimage"},"image":{"@id":"https:\/\/msviscom.development.digitalist.si\/hr\/izdelek\/nadstresnica-za-terasu-sierra-bijela-prozirna-3x546-m\/#primaryimage"},"thumbnailUrl":"https:\/\/msviscom.development.digitalist.si\/wp-content\/uploads\/2025\/07\/Palram_Patio_Cover_Sierra_3x5.4_White.jpg","datePublished":"2025-07-21T08:13:48+00:00","dateModified":"2025-11-17T07:37:42+00:00","breadcrumb":{"@id":"https:\/\/msviscom.development.digitalist.si\/hr\/izdelek\/nadstresnica-za-terasu-sierra-bijela-prozirna-3x546-m\/#breadcrumb"},"inLanguage":"hr","potentialAction":[{"@type":"ReadAction","target":["https:\/\/msviscom.development.digitalist.si\/hr\/izdelek\/nadstresnica-za-terasu-sierra-bijela-prozirna-3x546-m\/"]}]},{"@type":"ImageObject","inLanguage":"hr","@id":"https:\/\/msviscom.development.digitalist.si\/hr\/izdelek\/nadstresnica-za-terasu-sierra-bijela-prozirna-3x546-m\/#primaryimage","url":"https:\/\/msviscom.development.digitalist.si\/wp-content\/uploads\/2025\/07\/Palram_Patio_Cover_Sierra_3x5.4_White.jpg","contentUrl":"https:\/\/msviscom.development.digitalist.si\/wp-content\/uploads\/2025\/07\/Palram_Patio_Cover_Sierra_3x5.4_White.jpg","width":800,"height":600},{"@type":"BreadcrumbList","@id":"https:\/\/msviscom.development.digitalist.si\/hr\/izdelek\/nadstresnica-za-terasu-sierra-bijela-prozirna-3x546-m\/#breadcrumb","itemListElement":[{"@type":"ListItem","position":1,"name":"Domov","item":"https:\/\/msviscom.development.digitalist.si\/hr\/"},{"@type":"ListItem","position":2,"name":"Trgovina","item":"https:\/\/msviscom.development.digitalist.si\/hr\/trgovina\/"},{"@type":"ListItem","position":3,"name":"NADSTRE\u0160NICA ZA TERASU SIERRA, bijela\/prozirna 3&#215;5,46 m"}]},{"@type":"WebSite","@id":"https:\/\/msviscom.development.digitalist.si\/hr\/#website","url":"https:\/\/msviscom.development.digitalist.si\/hr\/","name":"MS Viscom","description":"","potentialAction":[{"@type":"SearchAction","target":{"@type":"EntryPoint","urlTemplate":"https:\/\/msviscom.development.digitalist.si\/hr\/?s={search_term_string}"},"query-input":{"@type":"PropertyValueSpecification","valueRequired":true,"valueName":"search_term_string"}}],"inLanguage":"hr"}]}},"_links":{"self":[{"href":"https:\/\/msviscom.development.digitalist.si\/hr\/wp-json\/wp\/v2\/product\/3573","targetHints":{"allow":["GET"]}}],"collection":[{"href":"https:\/\/msviscom.development.digitalist.si\/hr\/wp-json\/wp\/v2\/product"}],"about":[{"href":"https:\/\/msviscom.development.digitalist.si\/hr\/wp-json\/wp\/v2\/types\/product"}],"wp:featuredmedia":[{"embeddable":true,"href":"https:\/\/msviscom.development.digitalist.si\/hr\/wp-json\/wp\/v2\/media\/5281"}],"wp:attachment":[{"href":"https:\/\/msviscom.development.digitalist.si\/hr\/wp-json\/wp\/v2\/media?parent=3573"}],"wp:term":[{"taxonomy":"product_brand","embeddable":true,"href":"https:\/\/msviscom.development.digitalist.si\/hr\/wp-json\/wp\/v2\/product_brand?post=3573"},{"taxonomy":"product_cat","embeddable":true,"href":"https:\/\/msviscom.development.digitalist.si\/hr\/wp-json\/wp\/v2\/product_cat?post=3573"},{"taxonomy":"product_tag","embeddable":true,"href":"https:\/\/msviscom.development.digitalist.si\/hr\/wp-json\/wp\/v2\/product_tag?post=3573"}],"curies":[{"name":"wp","href":"https:\/\/api.w.org\/{rel}","templated":true}]}}