{"id":3561,"date":"2025-07-21T09:13:30","date_gmt":"2025-07-21T08:13:30","guid":{"rendered":"https:\/\/msviscom.development.digitalist.si\/izdelek\/vanjska-rolo-zavjesa-zip-screen-bellano-s25-3-m-motorizirana\/"},"modified":"2025-11-17T08:37:37","modified_gmt":"2025-11-17T07:37:37","slug":"vanjska-rolo-zavjesa-zip-screen-bellano-s25-3-m-motorizirana","status":"publish","type":"product","link":"https:\/\/msviscom.development.digitalist.si\/hr\/izdelek\/vanjska-rolo-zavjesa-zip-screen-bellano-s25-3-m-motorizirana\/","title":{"rendered":"Vanjska rolo zavjesa ZIP screen, Bellano S25, 3 m &#8211; motorizirana"},"content":{"rendered":"<h3>Motorizirani ZIP SCREEN Bellano \u2013 sjenilo koje pove\u0107ava udobnost i dodaje estetski izgled va\u0161em vanjskom prostoru.<\/h3>\n<p>Upravljanje motoriziranim rolo sjenilom mogu\u0107e je pomo\u0107u daljinskog upravlja\u010da ili putem mobilne aplikacije.<\/p>\n<p>DIMENZIJE:<\/p>\n<ul>\n<li>\u0160irina: 2698 mm<\/li>\n<li>Visina: 2352 mm<\/li>\n<\/ul>\n<p>&nbsp;<\/p>\n<ul>\n<li>Gornja kaseta: dimenzije: 100\u00d7100 mm, debljina ALU lima: 1,5 mm<\/li>\n<li>Bo\u010dna vodilica: dimenzije: 60\u00d742 mm, debljina ALU lima: 1,4 mm<\/li>\n<li>Donja letvica: dimenzije: 56\u00d725 mm, debljina ALU lima: 1,9 mm<\/li>\n<li>Valjak u kaseti: promjer: 65 mm<\/li>\n<\/ul>\n<div><\/div>\n<div><\/div>\n","protected":false},"excerpt":{"rendered":"<h3>Motorizirani ZIP SCREEN Bellano \u2013 sjenilo koje pove\u0107ava udobnost i dodaje estetski izgled va\u0161em vanjskom prostoru.<\/h3>\n<p>Motorizirano sjenilo ZIP SCREEN Bellano S25 mo\u017ee se upravljati putem daljinskog upravlja\u010da ili mobilne aplikacije.<\/p>\n<p>Mogu\u0107e je i povezivanje sa senzorom za ki\u0161u, vjetar i slabo svjetlo koji automatski spu\u0161ta sjenilo.<\/p>\n<p>Kvalitetno poliestersko platno s 5 % propusnosti svjetla otporno je na vremenske uvjete i osigurava privatnost u pergoli, a istodobno omogu\u0107uje pogled prema van.<\/p>\n<p>Tako vam sjenilo Bellano pru\u017ea <strong>luksuz boravka pod otvorenim nebom.<\/strong><\/p>\n<p>&nbsp;<\/p>\n","protected":false},"featured_media":4868,"template":"","meta":{"_acf_changed":false},"product_brand":[],"product_cat":[172],"product_tag":[],"class_list":{"0":"post-3561","1":"product","2":"type-product","3":"status-publish","4":"has-post-thumbnail","6":"product_cat-tipske","8":"first","9":"outofstock","10":"taxable","11":"shipping-taxable","12":"purchasable","13":"product-type-simple"},"acf":[],"yoast_head":"<!-- This site is optimized with the Yoast SEO plugin v25.3.1 - https:\/\/yoast.com\/wordpress\/plugins\/seo\/ -->\n<title>Vanjska rolo zavjesa ZIP screen, Bellano S25, 3 m - motorizirana - MS Viscom<\/title>\n<meta name=\"robots\" content=\"noindex, follow, max-snippet:-1, max-image-preview:large, max-video-preview:-1\" \/>\n<meta property=\"og:locale\" content=\"hr_HR\" \/>\n<meta property=\"og:type\" content=\"article\" \/>\n<meta property=\"og:title\" content=\"Vanjska rolo zavjesa ZIP screen, Bellano S25, 3 m - motorizirana - MS Viscom\" \/>\n<meta property=\"og:description\" content=\"Motorizirani ZIP SCREEN Bellano \u2013 sjenilo koje pove\u0107ava udobnost i dodaje estetski izgled va\u0161em vanjskom prostoru. Motorizirano sjenilo ZIP SCREEN Bellano S25 mo\u017ee se upravljati putem daljinskog upravlja\u010da ili mobilne aplikacije.  Mogu\u0107e je i povezivanje sa senzorom za ki\u0161u, vjetar i slabo svjetlo koji automatski spu\u0161ta sjenilo.  Kvalitetno poliestersko platno s 5 % propusnosti svjetla otporno je na vremenske uvjete i osigurava privatnost u pergoli, a istodobno omogu\u0107uje pogled prema van.  Tako vam sjenilo Bellano pru\u017ea luksuz boravka pod otvorenim nebom.  &nbsp;\" \/>\n<meta property=\"og:url\" content=\"https:\/\/msviscom.development.digitalist.si\/hr\/izdelek\/vanjska-rolo-zavjesa-zip-screen-bellano-s25-3-m-motorizirana\/\" \/>\n<meta property=\"og:site_name\" content=\"MS Viscom\" \/>\n<meta property=\"article:modified_time\" content=\"2025-11-17T07:37:37+00:00\" \/>\n<meta name=\"twitter:card\" content=\"summary_large_image\" \/>\n<script type=\"application\/ld+json\" class=\"yoast-schema-graph\">{\"@context\":\"https:\/\/schema.org\",\"@graph\":[{\"@type\":\"WebPage\",\"@id\":\"https:\/\/msviscom.development.digitalist.si\/hr\/izdelek\/vanjska-rolo-zavjesa-zip-screen-bellano-s25-3-m-motorizirana\/\",\"url\":\"https:\/\/msviscom.development.digitalist.si\/hr\/izdelek\/vanjska-rolo-zavjesa-zip-screen-bellano-s25-3-m-motorizirana\/\",\"name\":\"Vanjska rolo zavjesa ZIP screen, Bellano S25, 3 m - motorizirana - MS Viscom\",\"isPartOf\":{\"@id\":\"https:\/\/msviscom.development.digitalist.si\/hr\/#website\"},\"primaryImageOfPage\":{\"@id\":\"https:\/\/msviscom.development.digitalist.si\/hr\/izdelek\/vanjska-rolo-zavjesa-zip-screen-bellano-s25-3-m-motorizirana\/#primaryimage\"},\"image\":{\"@id\":\"https:\/\/msviscom.development.digitalist.si\/hr\/izdelek\/vanjska-rolo-zavjesa-zip-screen-bellano-s25-3-m-motorizirana\/#primaryimage\"},\"thumbnailUrl\":\"https:\/\/msviscom.development.digitalist.si\/wp-content\/uploads\/2025\/07\/Pergola-Bellano-S25-4x6-prostostojeca-19-1.jpg\",\"datePublished\":\"2025-07-21T08:13:30+00:00\",\"dateModified\":\"2025-11-17T07:37:37+00:00\",\"breadcrumb\":{\"@id\":\"https:\/\/msviscom.development.digitalist.si\/hr\/izdelek\/vanjska-rolo-zavjesa-zip-screen-bellano-s25-3-m-motorizirana\/#breadcrumb\"},\"inLanguage\":\"hr\",\"potentialAction\":[{\"@type\":\"ReadAction\",\"target\":[\"https:\/\/msviscom.development.digitalist.si\/hr\/izdelek\/vanjska-rolo-zavjesa-zip-screen-bellano-s25-3-m-motorizirana\/\"]}]},{\"@type\":\"ImageObject\",\"inLanguage\":\"hr\",\"@id\":\"https:\/\/msviscom.development.digitalist.si\/hr\/izdelek\/vanjska-rolo-zavjesa-zip-screen-bellano-s25-3-m-motorizirana\/#primaryimage\",\"url\":\"https:\/\/msviscom.development.digitalist.si\/wp-content\/uploads\/2025\/07\/Pergola-Bellano-S25-4x6-prostostojeca-19-1.jpg\",\"contentUrl\":\"https:\/\/msviscom.development.digitalist.si\/wp-content\/uploads\/2025\/07\/Pergola-Bellano-S25-4x6-prostostojeca-19-1.jpg\",\"width\":2000,\"height\":1500},{\"@type\":\"BreadcrumbList\",\"@id\":\"https:\/\/msviscom.development.digitalist.si\/hr\/izdelek\/vanjska-rolo-zavjesa-zip-screen-bellano-s25-3-m-motorizirana\/#breadcrumb\",\"itemListElement\":[{\"@type\":\"ListItem\",\"position\":1,\"name\":\"Domov\",\"item\":\"https:\/\/msviscom.development.digitalist.si\/hr\/\"},{\"@type\":\"ListItem\",\"position\":2,\"name\":\"Trgovina\",\"item\":\"https:\/\/msviscom.development.digitalist.si\/hr\/trgovina\/\"},{\"@type\":\"ListItem\",\"position\":3,\"name\":\"Vanjska rolo zavjesa ZIP screen, Bellano S25, 3 m &#8211; motorizirana\"}]},{\"@type\":\"WebSite\",\"@id\":\"https:\/\/msviscom.development.digitalist.si\/hr\/#website\",\"url\":\"https:\/\/msviscom.development.digitalist.si\/hr\/\",\"name\":\"MS Viscom\",\"description\":\"\",\"potentialAction\":[{\"@type\":\"SearchAction\",\"target\":{\"@type\":\"EntryPoint\",\"urlTemplate\":\"https:\/\/msviscom.development.digitalist.si\/hr\/?s={search_term_string}\"},\"query-input\":{\"@type\":\"PropertyValueSpecification\",\"valueRequired\":true,\"valueName\":\"search_term_string\"}}],\"inLanguage\":\"hr\"}]}<\/script>\n<!-- \/ Yoast SEO plugin. -->","yoast_head_json":{"title":"Vanjska rolo zavjesa ZIP screen, Bellano S25, 3 m - motorizirana - MS Viscom","robots":{"index":"noindex","follow":"follow","max-snippet":"max-snippet:-1","max-image-preview":"max-image-preview:large","max-video-preview":"max-video-preview:-1"},"og_locale":"hr_HR","og_type":"article","og_title":"Vanjska rolo zavjesa ZIP screen, Bellano S25, 3 m - motorizirana - MS Viscom","og_description":"Motorizirani ZIP SCREEN Bellano \u2013 sjenilo koje pove\u0107ava udobnost i dodaje estetski izgled va\u0161em vanjskom prostoru. Motorizirano sjenilo ZIP SCREEN Bellano S25 mo\u017ee se upravljati putem daljinskog upravlja\u010da ili mobilne aplikacije.  Mogu\u0107e je i povezivanje sa senzorom za ki\u0161u, vjetar i slabo svjetlo koji automatski spu\u0161ta sjenilo.  Kvalitetno poliestersko platno s 5 % propusnosti svjetla otporno je na vremenske uvjete i osigurava privatnost u pergoli, a istodobno omogu\u0107uje pogled prema van.  Tako vam sjenilo Bellano pru\u017ea luksuz boravka pod otvorenim nebom.  &nbsp;","og_url":"https:\/\/msviscom.development.digitalist.si\/hr\/izdelek\/vanjska-rolo-zavjesa-zip-screen-bellano-s25-3-m-motorizirana\/","og_site_name":"MS Viscom","article_modified_time":"2025-11-17T07:37:37+00:00","twitter_card":"summary_large_image","schema":{"@context":"https:\/\/schema.org","@graph":[{"@type":"WebPage","@id":"https:\/\/msviscom.development.digitalist.si\/hr\/izdelek\/vanjska-rolo-zavjesa-zip-screen-bellano-s25-3-m-motorizirana\/","url":"https:\/\/msviscom.development.digitalist.si\/hr\/izdelek\/vanjska-rolo-zavjesa-zip-screen-bellano-s25-3-m-motorizirana\/","name":"Vanjska rolo zavjesa ZIP screen, Bellano S25, 3 m - motorizirana - MS Viscom","isPartOf":{"@id":"https:\/\/msviscom.development.digitalist.si\/hr\/#website"},"primaryImageOfPage":{"@id":"https:\/\/msviscom.development.digitalist.si\/hr\/izdelek\/vanjska-rolo-zavjesa-zip-screen-bellano-s25-3-m-motorizirana\/#primaryimage"},"image":{"@id":"https:\/\/msviscom.development.digitalist.si\/hr\/izdelek\/vanjska-rolo-zavjesa-zip-screen-bellano-s25-3-m-motorizirana\/#primaryimage"},"thumbnailUrl":"https:\/\/msviscom.development.digitalist.si\/wp-content\/uploads\/2025\/07\/Pergola-Bellano-S25-4x6-prostostojeca-19-1.jpg","datePublished":"2025-07-21T08:13:30+00:00","dateModified":"2025-11-17T07:37:37+00:00","breadcrumb":{"@id":"https:\/\/msviscom.development.digitalist.si\/hr\/izdelek\/vanjska-rolo-zavjesa-zip-screen-bellano-s25-3-m-motorizirana\/#breadcrumb"},"inLanguage":"hr","potentialAction":[{"@type":"ReadAction","target":["https:\/\/msviscom.development.digitalist.si\/hr\/izdelek\/vanjska-rolo-zavjesa-zip-screen-bellano-s25-3-m-motorizirana\/"]}]},{"@type":"ImageObject","inLanguage":"hr","@id":"https:\/\/msviscom.development.digitalist.si\/hr\/izdelek\/vanjska-rolo-zavjesa-zip-screen-bellano-s25-3-m-motorizirana\/#primaryimage","url":"https:\/\/msviscom.development.digitalist.si\/wp-content\/uploads\/2025\/07\/Pergola-Bellano-S25-4x6-prostostojeca-19-1.jpg","contentUrl":"https:\/\/msviscom.development.digitalist.si\/wp-content\/uploads\/2025\/07\/Pergola-Bellano-S25-4x6-prostostojeca-19-1.jpg","width":2000,"height":1500},{"@type":"BreadcrumbList","@id":"https:\/\/msviscom.development.digitalist.si\/hr\/izdelek\/vanjska-rolo-zavjesa-zip-screen-bellano-s25-3-m-motorizirana\/#breadcrumb","itemListElement":[{"@type":"ListItem","position":1,"name":"Domov","item":"https:\/\/msviscom.development.digitalist.si\/hr\/"},{"@type":"ListItem","position":2,"name":"Trgovina","item":"https:\/\/msviscom.development.digitalist.si\/hr\/trgovina\/"},{"@type":"ListItem","position":3,"name":"Vanjska rolo zavjesa ZIP screen, Bellano S25, 3 m &#8211; motorizirana"}]},{"@type":"WebSite","@id":"https:\/\/msviscom.development.digitalist.si\/hr\/#website","url":"https:\/\/msviscom.development.digitalist.si\/hr\/","name":"MS Viscom","description":"","potentialAction":[{"@type":"SearchAction","target":{"@type":"EntryPoint","urlTemplate":"https:\/\/msviscom.development.digitalist.si\/hr\/?s={search_term_string}"},"query-input":{"@type":"PropertyValueSpecification","valueRequired":true,"valueName":"search_term_string"}}],"inLanguage":"hr"}]}},"_links":{"self":[{"href":"https:\/\/msviscom.development.digitalist.si\/hr\/wp-json\/wp\/v2\/product\/3561","targetHints":{"allow":["GET"]}}],"collection":[{"href":"https:\/\/msviscom.development.digitalist.si\/hr\/wp-json\/wp\/v2\/product"}],"about":[{"href":"https:\/\/msviscom.development.digitalist.si\/hr\/wp-json\/wp\/v2\/types\/product"}],"wp:featuredmedia":[{"embeddable":true,"href":"https:\/\/msviscom.development.digitalist.si\/hr\/wp-json\/wp\/v2\/media\/4868"}],"wp:attachment":[{"href":"https:\/\/msviscom.development.digitalist.si\/hr\/wp-json\/wp\/v2\/media?parent=3561"}],"wp:term":[{"taxonomy":"product_brand","embeddable":true,"href":"https:\/\/msviscom.development.digitalist.si\/hr\/wp-json\/wp\/v2\/product_brand?post=3561"},{"taxonomy":"product_cat","embeddable":true,"href":"https:\/\/msviscom.development.digitalist.si\/hr\/wp-json\/wp\/v2\/product_cat?post=3561"},{"taxonomy":"product_tag","embeddable":true,"href":"https:\/\/msviscom.development.digitalist.si\/hr\/wp-json\/wp\/v2\/product_tag?post=3561"}],"curies":[{"name":"wp","href":"https:\/\/api.w.org\/{rel}","templated":true}]}}