{"id":3547,"date":"2025-07-21T09:12:43","date_gmt":"2025-07-21T08:12:43","guid":{"rendered":"https:\/\/msviscom.development.digitalist.si\/izdelek\/nadstresnica-za-auto-arcadia-8500\/"},"modified":"2025-12-23T13:33:14","modified_gmt":"2025-12-23T12:33:14","slug":"nadstresnica-za-auto-arcadia-8500","status":"publish","type":"product","link":"https:\/\/msviscom.development.digitalist.si\/hr\/izdelek\/nadstresnica-za-auto-arcadia-8500\/","title":{"rendered":"NADSTRE\u0160NICA ZA AUTO ARCADIA 8500"},"content":{"rendered":"<p><a href=\"https:\/\/www.youtube.com\/watch?v=n7gvBwypJE8\">https:\/\/www.youtube.com\/watch?v=n7gvBwypJE8<\/a><\/p>\n<p>&nbsp;<\/p>\n<ul>\n<li>\n<h2><strong>TEHNI\u010cKA PODR\u0160KA<\/strong><\/h2>\n<\/li>\n<li>\n<h2><strong>MOGU\u0106NOST MONTA\u017dE VANJSKOG IZVO\u0110A\u010cA<\/strong><\/h2>\n<\/li>\n<li>\n<h2><strong>REZERVNI DIJELOVI<\/strong><\/h2>\n<\/li>\n<\/ul>\n<p>Visokou\u010dinkovit nadstre\u0161ak za automobile, dizajniran za jednostavnu monta\u017eu kod ku\u0107e<\/p>\n<p>\u2022 Izdr\u017eljiv nadstre\u0161ak \u2013 projektiran da izdr\u017ei te\u0161ke vremenske uvjete<\/p>\n<p>\u2022 Vrlo \u010dvrst aluminijski okvir \u2013 laserski rezan, otporan na hr\u0111u, sa spojnim elementima od pocin\u010danog \u010delika<\/p>\n<p>\u2022 Sna\u017eni stupovi 8&#215;8 cm (3,15\u201dx3,15\u201d)<\/p>\n<p>\u2022 Gotovo neuni\u0161tiv krov od polikarbonata, bron\u010dane boje, debljine 6 mm<\/p>\n<p>\u2022 Plo\u010de imaju 100% UV za\u0161titu \u2013 ne po\u017eute i ne postaju lomljive<\/p>\n<p>\u2022 Ugra\u0111eni sustav oluka \u2013 usmjerava ki\u0161nicu i omogu\u0107uje skupljanje vode<\/p>\n<p>\u2022 Dimenzije sastavljenog proizvoda: 430D x 359\u0160 x 242V cm<\/p>\n<p>\u2022 Jednostavna monta\u017ea \u2013 sustav kliznih plo\u010da, prethodno izbu\u0161eni profili, unaprijed izrezane plo\u010de i svi vijci uklju\u010deni (nije potrebno penjanje na krov)<\/p>\n<p>\u2022 Bez odr\u017eavanja \u2013 bez hr\u0111e, truljenja ili lju\u0161tenja<\/p>\n<p>&nbsp;<\/p>\n<h3>MONTA\u017dA<\/h3>\n<p><a href=\"https:\/\/www.youtube.com\/watch?v=iIUa7tvyZUI\">https:\/\/www.youtube.com\/watch?v=iIUa7tvyZUI<\/a><\/p>\n<p>&nbsp;<\/p>\n<h3>PRIPREMA PODLOGE<\/h3>\n<p><a href=\"https:\/\/www.youtube.com\/watch?v=NoeBfcVJy8M\">https:\/\/www.youtube.com\/watch?v=NoeBfcVJy8M<\/a><\/p>\n","protected":false},"excerpt":{"rendered":"<p>Nadstre\u0161nica Arcadia 8500, sa svojom izvanrednom du\u017einom, osigurava pokrivanje ve\u0107ih ili dvaju vozila istovremeno.<br \/>\nMetalna nadstre\u0161nica Palram Arcadia 8500 dolazi u tamno sivoj boji.<br \/>\nKrov nadstre\u0161nice izra\u0111en je od polikarbonatnog materijala i pru\u017ea 100% UV za\u0161titu.<br \/>\nDuljina: 858 cm, \u0161irina: 359 cm, visina: 242 cm.<\/p>\n","protected":false},"featured_media":5189,"template":"","meta":{"_acf_changed":false},"product_brand":[],"product_cat":[198,202],"product_tag":[],"class_list":{"0":"post-3547","1":"product","2":"type-product","3":"status-publish","4":"has-post-thumbnail","6":"product_cat-nadstresnice","7":"product_cat-arcadia","9":"first","10":"instock","11":"taxable","12":"shipping-taxable","13":"purchasable","14":"product-type-simple"},"acf":[],"yoast_head":"<!-- This site is optimized with the Yoast SEO plugin v25.3.1 - https:\/\/yoast.com\/wordpress\/plugins\/seo\/ -->\n<title>NADSTRE\u0160NICA ZA AUTO ARCADIA 8500 - MS Viscom<\/title>\n<meta name=\"robots\" content=\"noindex, follow, max-snippet:-1, max-image-preview:large, max-video-preview:-1\" \/>\n<meta property=\"og:locale\" content=\"hr_HR\" \/>\n<meta property=\"og:type\" content=\"article\" \/>\n<meta property=\"og:title\" content=\"NADSTRE\u0160NICA ZA AUTO ARCADIA 8500 - MS Viscom\" \/>\n<meta property=\"og:description\" content=\"Nadstre\u0161nica Arcadia 8500, sa svojom izvanrednom du\u017einom, osigurava pokrivanje ve\u0107ih ili dvaju vozila istovremeno. Metalna nadstre\u0161nica Palram Arcadia 8500 dolazi u tamno sivoj boji. Krov nadstre\u0161nice izra\u0111en je od polikarbonatnog materijala i pru\u017ea 100% UV za\u0161titu. Duljina: 858 cm, \u0161irina: 359 cm, visina: 242 cm.\" \/>\n<meta property=\"og:url\" content=\"https:\/\/msviscom.development.digitalist.si\/hr\/izdelek\/nadstresnica-za-auto-arcadia-8500\/\" \/>\n<meta property=\"og:site_name\" content=\"MS Viscom\" \/>\n<meta property=\"article:modified_time\" content=\"2025-12-23T12:33:14+00:00\" \/>\n<meta property=\"og:image\" content=\"https:\/\/msviscom.development.digitalist.si\/wp-content\/uploads\/2025\/09\/Palram-Canopia_Carports_Arcadia_3.5x6.5_12x21_Grey_Bronze_Main_11_With-Logo.jpg\" \/>\n\t<meta property=\"og:image:width\" content=\"296\" \/>\n\t<meta property=\"og:image:height\" content=\"237\" \/>\n\t<meta property=\"og:image:type\" content=\"image\/jpeg\" \/>\n<meta name=\"twitter:card\" content=\"summary_large_image\" \/>\n<meta name=\"twitter:label1\" content=\"Procijenjeno vrijeme \u010ditanja\" \/>\n\t<meta name=\"twitter:data1\" content=\"1 minuta\" \/>\n<script type=\"application\/ld+json\" class=\"yoast-schema-graph\">{\"@context\":\"https:\/\/schema.org\",\"@graph\":[{\"@type\":\"WebPage\",\"@id\":\"https:\/\/msviscom.development.digitalist.si\/hr\/izdelek\/nadstresnica-za-auto-arcadia-8500\/\",\"url\":\"https:\/\/msviscom.development.digitalist.si\/hr\/izdelek\/nadstresnica-za-auto-arcadia-8500\/\",\"name\":\"NADSTRE\u0160NICA ZA AUTO ARCADIA 8500 - MS Viscom\",\"isPartOf\":{\"@id\":\"https:\/\/msviscom.development.digitalist.si\/hr\/#website\"},\"primaryImageOfPage\":{\"@id\":\"https:\/\/msviscom.development.digitalist.si\/hr\/izdelek\/nadstresnica-za-auto-arcadia-8500\/#primaryimage\"},\"image\":{\"@id\":\"https:\/\/msviscom.development.digitalist.si\/hr\/izdelek\/nadstresnica-za-auto-arcadia-8500\/#primaryimage\"},\"thumbnailUrl\":\"https:\/\/msviscom.development.digitalist.si\/wp-content\/uploads\/2025\/09\/Palram-Canopia_Carports_Arcadia_3.5x6.5_12x21_Grey_Bronze_Main_11_With-Logo.jpg\",\"datePublished\":\"2025-07-21T08:12:43+00:00\",\"dateModified\":\"2025-12-23T12:33:14+00:00\",\"breadcrumb\":{\"@id\":\"https:\/\/msviscom.development.digitalist.si\/hr\/izdelek\/nadstresnica-za-auto-arcadia-8500\/#breadcrumb\"},\"inLanguage\":\"hr\",\"potentialAction\":[{\"@type\":\"ReadAction\",\"target\":[\"https:\/\/msviscom.development.digitalist.si\/hr\/izdelek\/nadstresnica-za-auto-arcadia-8500\/\"]}]},{\"@type\":\"ImageObject\",\"inLanguage\":\"hr\",\"@id\":\"https:\/\/msviscom.development.digitalist.si\/hr\/izdelek\/nadstresnica-za-auto-arcadia-8500\/#primaryimage\",\"url\":\"https:\/\/msviscom.development.digitalist.si\/wp-content\/uploads\/2025\/09\/Palram-Canopia_Carports_Arcadia_3.5x6.5_12x21_Grey_Bronze_Main_11_With-Logo.jpg\",\"contentUrl\":\"https:\/\/msviscom.development.digitalist.si\/wp-content\/uploads\/2025\/09\/Palram-Canopia_Carports_Arcadia_3.5x6.5_12x21_Grey_Bronze_Main_11_With-Logo.jpg\",\"width\":296,\"height\":237,\"caption\":\"Car, Patio, Porch, Transportation, Vehicle, Automobile\"},{\"@type\":\"BreadcrumbList\",\"@id\":\"https:\/\/msviscom.development.digitalist.si\/hr\/izdelek\/nadstresnica-za-auto-arcadia-8500\/#breadcrumb\",\"itemListElement\":[{\"@type\":\"ListItem\",\"position\":1,\"name\":\"Domov\",\"item\":\"https:\/\/msviscom.development.digitalist.si\/hr\/\"},{\"@type\":\"ListItem\",\"position\":2,\"name\":\"Trgovina\",\"item\":\"https:\/\/msviscom.development.digitalist.si\/hr\/trgovina\/\"},{\"@type\":\"ListItem\",\"position\":3,\"name\":\"NADSTRE\u0160NICA ZA AUTO ARCADIA 8500\"}]},{\"@type\":\"WebSite\",\"@id\":\"https:\/\/msviscom.development.digitalist.si\/hr\/#website\",\"url\":\"https:\/\/msviscom.development.digitalist.si\/hr\/\",\"name\":\"MS Viscom\",\"description\":\"\",\"potentialAction\":[{\"@type\":\"SearchAction\",\"target\":{\"@type\":\"EntryPoint\",\"urlTemplate\":\"https:\/\/msviscom.development.digitalist.si\/hr\/?s={search_term_string}\"},\"query-input\":{\"@type\":\"PropertyValueSpecification\",\"valueRequired\":true,\"valueName\":\"search_term_string\"}}],\"inLanguage\":\"hr\"}]}<\/script>\n<!-- \/ Yoast SEO plugin. -->","yoast_head_json":{"title":"NADSTRE\u0160NICA ZA AUTO ARCADIA 8500 - MS Viscom","robots":{"index":"noindex","follow":"follow","max-snippet":"max-snippet:-1","max-image-preview":"max-image-preview:large","max-video-preview":"max-video-preview:-1"},"og_locale":"hr_HR","og_type":"article","og_title":"NADSTRE\u0160NICA ZA AUTO ARCADIA 8500 - MS Viscom","og_description":"Nadstre\u0161nica Arcadia 8500, sa svojom izvanrednom du\u017einom, osigurava pokrivanje ve\u0107ih ili dvaju vozila istovremeno. Metalna nadstre\u0161nica Palram Arcadia 8500 dolazi u tamno sivoj boji. Krov nadstre\u0161nice izra\u0111en je od polikarbonatnog materijala i pru\u017ea 100% UV za\u0161titu. Duljina: 858 cm, \u0161irina: 359 cm, visina: 242 cm.","og_url":"https:\/\/msviscom.development.digitalist.si\/hr\/izdelek\/nadstresnica-za-auto-arcadia-8500\/","og_site_name":"MS Viscom","article_modified_time":"2025-12-23T12:33:14+00:00","og_image":[{"width":296,"height":237,"url":"https:\/\/msviscom.development.digitalist.si\/wp-content\/uploads\/2025\/09\/Palram-Canopia_Carports_Arcadia_3.5x6.5_12x21_Grey_Bronze_Main_11_With-Logo.jpg","type":"image\/jpeg"}],"twitter_card":"summary_large_image","twitter_misc":{"Procijenjeno vrijeme \u010ditanja":"1 minuta"},"schema":{"@context":"https:\/\/schema.org","@graph":[{"@type":"WebPage","@id":"https:\/\/msviscom.development.digitalist.si\/hr\/izdelek\/nadstresnica-za-auto-arcadia-8500\/","url":"https:\/\/msviscom.development.digitalist.si\/hr\/izdelek\/nadstresnica-za-auto-arcadia-8500\/","name":"NADSTRE\u0160NICA ZA AUTO ARCADIA 8500 - MS Viscom","isPartOf":{"@id":"https:\/\/msviscom.development.digitalist.si\/hr\/#website"},"primaryImageOfPage":{"@id":"https:\/\/msviscom.development.digitalist.si\/hr\/izdelek\/nadstresnica-za-auto-arcadia-8500\/#primaryimage"},"image":{"@id":"https:\/\/msviscom.development.digitalist.si\/hr\/izdelek\/nadstresnica-za-auto-arcadia-8500\/#primaryimage"},"thumbnailUrl":"https:\/\/msviscom.development.digitalist.si\/wp-content\/uploads\/2025\/09\/Palram-Canopia_Carports_Arcadia_3.5x6.5_12x21_Grey_Bronze_Main_11_With-Logo.jpg","datePublished":"2025-07-21T08:12:43+00:00","dateModified":"2025-12-23T12:33:14+00:00","breadcrumb":{"@id":"https:\/\/msviscom.development.digitalist.si\/hr\/izdelek\/nadstresnica-za-auto-arcadia-8500\/#breadcrumb"},"inLanguage":"hr","potentialAction":[{"@type":"ReadAction","target":["https:\/\/msviscom.development.digitalist.si\/hr\/izdelek\/nadstresnica-za-auto-arcadia-8500\/"]}]},{"@type":"ImageObject","inLanguage":"hr","@id":"https:\/\/msviscom.development.digitalist.si\/hr\/izdelek\/nadstresnica-za-auto-arcadia-8500\/#primaryimage","url":"https:\/\/msviscom.development.digitalist.si\/wp-content\/uploads\/2025\/09\/Palram-Canopia_Carports_Arcadia_3.5x6.5_12x21_Grey_Bronze_Main_11_With-Logo.jpg","contentUrl":"https:\/\/msviscom.development.digitalist.si\/wp-content\/uploads\/2025\/09\/Palram-Canopia_Carports_Arcadia_3.5x6.5_12x21_Grey_Bronze_Main_11_With-Logo.jpg","width":296,"height":237,"caption":"Car, Patio, Porch, Transportation, Vehicle, Automobile"},{"@type":"BreadcrumbList","@id":"https:\/\/msviscom.development.digitalist.si\/hr\/izdelek\/nadstresnica-za-auto-arcadia-8500\/#breadcrumb","itemListElement":[{"@type":"ListItem","position":1,"name":"Domov","item":"https:\/\/msviscom.development.digitalist.si\/hr\/"},{"@type":"ListItem","position":2,"name":"Trgovina","item":"https:\/\/msviscom.development.digitalist.si\/hr\/trgovina\/"},{"@type":"ListItem","position":3,"name":"NADSTRE\u0160NICA ZA AUTO ARCADIA 8500"}]},{"@type":"WebSite","@id":"https:\/\/msviscom.development.digitalist.si\/hr\/#website","url":"https:\/\/msviscom.development.digitalist.si\/hr\/","name":"MS Viscom","description":"","potentialAction":[{"@type":"SearchAction","target":{"@type":"EntryPoint","urlTemplate":"https:\/\/msviscom.development.digitalist.si\/hr\/?s={search_term_string}"},"query-input":{"@type":"PropertyValueSpecification","valueRequired":true,"valueName":"search_term_string"}}],"inLanguage":"hr"}]}},"_links":{"self":[{"href":"https:\/\/msviscom.development.digitalist.si\/hr\/wp-json\/wp\/v2\/product\/3547","targetHints":{"allow":["GET"]}}],"collection":[{"href":"https:\/\/msviscom.development.digitalist.si\/hr\/wp-json\/wp\/v2\/product"}],"about":[{"href":"https:\/\/msviscom.development.digitalist.si\/hr\/wp-json\/wp\/v2\/types\/product"}],"wp:featuredmedia":[{"embeddable":true,"href":"https:\/\/msviscom.development.digitalist.si\/hr\/wp-json\/wp\/v2\/media\/5189"}],"wp:attachment":[{"href":"https:\/\/msviscom.development.digitalist.si\/hr\/wp-json\/wp\/v2\/media?parent=3547"}],"wp:term":[{"taxonomy":"product_brand","embeddable":true,"href":"https:\/\/msviscom.development.digitalist.si\/hr\/wp-json\/wp\/v2\/product_brand?post=3547"},{"taxonomy":"product_cat","embeddable":true,"href":"https:\/\/msviscom.development.digitalist.si\/hr\/wp-json\/wp\/v2\/product_cat?post=3547"},{"taxonomy":"product_tag","embeddable":true,"href":"https:\/\/msviscom.development.digitalist.si\/hr\/wp-json\/wp\/v2\/product_tag?post=3547"}],"curies":[{"name":"wp","href":"https:\/\/api.w.org\/{rel}","templated":true}]}}