{"id":3529,"date":"2025-07-21T09:11:53","date_gmt":"2025-07-21T08:11:53","guid":{"rendered":"https:\/\/msviscom.development.digitalist.si\/izdelek\/polikarbonatni-staklenik-hybrid-tip-6x8-dimenzije-185-x-247-cm-antracit\/"},"modified":"2025-11-17T08:37:27","modified_gmt":"2025-11-17T07:37:27","slug":"polikarbonatni-staklenik-hybrid-tip-6x8-dimenzije-185-x-247-cm-antracit","status":"publish","type":"product","link":"https:\/\/msviscom.development.digitalist.si\/hr\/izdelek\/polikarbonatni-staklenik-hybrid-tip-6x8-dimenzije-185-x-247-cm-antracit\/","title":{"rendered":"POLIKARBONATNI STAKLENIK \u2013 HYBRID (Tip 6&#215;8) \u2013 Dimenzije: 185 x 247 cm \u2013 ANTRACIT"},"content":{"rendered":"<h2><a href=\"https:\/\/www.youtube.com\/watch?v=WrFANnVGlu0\">VIDEO PRAKTI\u010cNI PRIMJER SASTAVLJANJA<\/a><\/h2>\n<p>&nbsp;<\/p>\n<ul>\n<li>\n<h2><strong>TEHNI\u010cKA PODR\u0160KA<\/strong><\/h2>\n<\/li>\n<li>\n<h2><strong>MOGU\u0106NOST MONTA\u017dE VANJSKOG IZVO\u0110A\u010cA<\/strong><\/h2>\n<\/li>\n<li>\n<h2><strong>REZERVNI DIJELOVI<\/strong><\/h2>\n<\/li>\n<\/ul>\n<p>&nbsp;<\/p>\n<ul>\n<li>Prakti\u010dno neuni\u0161tivi polikarbonatni premaz osigurava uravnote\u017eene uvjete za rast\n<ul>\n<li><strong>Krov \u2013 Dvoslojne polikarbonatne plo\u010de \u0161tite od izlo\u017eenosti jakoj sun\u010devoj svjetlosti<\/strong><\/li>\n<li><strong>Zidovi \u2013 Kristalno prozirne polikarbonatne plo\u010de osiguravaju vi\u0161e od 90 % propusnosti svjetlosti<\/strong><\/li>\n<\/ul>\n<\/li>\n<li>Plo\u010de blokiraju \u0161tetne UV zrake i 100 % su UV za\u0161ti\u0107ene; ne mijenjaju boju, ne pucaju i ne lome se<\/li>\n<li>Izdr\u017eljiv aluminijski okvir otporan na hr\u0111u<\/li>\n<li>Uklju\u010dena pocin\u010dana \u010deli\u010dna baza \u2013 pove\u0107ava stabilnost konstrukcije<\/li>\n<li>Jednostavna monta\u017ea \u201euradi sam\u201d \u2013 sustav kliznih panela<\/li>\n<li>Jedna vrata na \u0161arkama mogu se sastaviti kao desna ili lijeva<\/li>\n<li>Uklju\u010den magnetski dr\u017ea\u010d vrata koji ih dr\u017ei otvorenima<\/li>\n<li>Ru\u010dka vrata mo\u017ee se zaklju\u010dati (brava nije uklju\u010dena)<\/li>\n<li>Ugra\u0111eni sustav oluka omogu\u0107uje u\u010dinkovitu odvodnju i skupljanje vode<\/li>\n<\/ul>\n<h2><strong>SASTAVLJANJE STAKLENIKA<\/strong><\/h2>\n<p><a href=\"https:\/\/www.youtube.com\/watch?v=rfA2q9Prstw\">VIDEO SASTAVLJANJE STAKLENIKA<\/a><\/p>\n<p>&nbsp;<\/p>\n<h2><b>PRAKTI\u010cAN PRIMJER UPORABE<\/b><\/h2>\n<p><a href=\"https:\/\/www.youtube.com\/watch?v=WrFANnVGlu0\">VIDEO PRAKTI\u010cNOG SASTAVLJANJA<\/a><\/p>\n<p>&nbsp;<\/p>\n<h2><strong>MOGU\u0106I DODACI ZA STAKLENIK<\/strong><\/h2>\n<p><a href=\"https:\/\/www.youtube.com\/watch?v=lhA3nY-vTZc\">DODACI<\/a><\/p>\n","protected":false},"excerpt":{"rendered":"<p>5 GODINA JAMSTVA, VELIKI IZBOR DODATAKA ZA STAKLENIK<\/p>\n","protected":false},"featured_media":5453,"template":"","meta":{"_acf_changed":false},"product_brand":[],"product_cat":[258,266],"product_tag":[],"class_list":{"0":"post-3529","1":"product","2":"type-product","3":"status-publish","4":"has-post-thumbnail","6":"product_cat-staklenici","7":"product_cat-hybrid","9":"first","10":"instock","11":"taxable","12":"shipping-taxable","13":"purchasable","14":"product-type-simple"},"acf":[],"yoast_head":"<!-- This site is optimized with the Yoast SEO plugin v25.3.1 - https:\/\/yoast.com\/wordpress\/plugins\/seo\/ -->\n<title>POLIKARBONATNI STAKLENIK \u2013 HYBRID (Tip 6x8) \u2013 Dimenzije: 185 x 247 cm \u2013 ANTRACIT - MS Viscom<\/title>\n<meta name=\"robots\" content=\"noindex, follow, max-snippet:-1, max-image-preview:large, max-video-preview:-1\" \/>\n<meta property=\"og:locale\" content=\"hr_HR\" \/>\n<meta property=\"og:type\" content=\"article\" \/>\n<meta property=\"og:title\" content=\"POLIKARBONATNI STAKLENIK \u2013 HYBRID (Tip 6x8) \u2013 Dimenzije: 185 x 247 cm \u2013 ANTRACIT - MS Viscom\" \/>\n<meta property=\"og:description\" content=\"5 GODINA JAMSTVA, VELIKI IZBOR DODATAKA ZA STAKLENIK\" \/>\n<meta property=\"og:url\" content=\"https:\/\/msviscom.development.digitalist.si\/hr\/izdelek\/polikarbonatni-staklenik-hybrid-tip-6x8-dimenzije-185-x-247-cm-antracit\/\" \/>\n<meta property=\"og:site_name\" content=\"MS Viscom\" \/>\n<meta property=\"article:modified_time\" content=\"2025-11-17T07:37:27+00:00\" \/>\n<meta name=\"twitter:card\" content=\"summary_large_image\" \/>\n<meta name=\"twitter:label1\" content=\"Procijenjeno vrijeme \u010ditanja\" \/>\n\t<meta name=\"twitter:data1\" content=\"1 minuta\" \/>\n<script type=\"application\/ld+json\" class=\"yoast-schema-graph\">{\"@context\":\"https:\/\/schema.org\",\"@graph\":[{\"@type\":\"WebPage\",\"@id\":\"https:\/\/msviscom.development.digitalist.si\/hr\/izdelek\/polikarbonatni-staklenik-hybrid-tip-6x8-dimenzije-185-x-247-cm-antracit\/\",\"url\":\"https:\/\/msviscom.development.digitalist.si\/hr\/izdelek\/polikarbonatni-staklenik-hybrid-tip-6x8-dimenzije-185-x-247-cm-antracit\/\",\"name\":\"POLIKARBONATNI STAKLENIK \u2013 HYBRID (Tip 6x8) \u2013 Dimenzije: 185 x 247 cm \u2013 ANTRACIT - MS Viscom\",\"isPartOf\":{\"@id\":\"https:\/\/msviscom.development.digitalist.si\/hr\/#website\"},\"primaryImageOfPage\":{\"@id\":\"https:\/\/msviscom.development.digitalist.si\/hr\/izdelek\/polikarbonatni-staklenik-hybrid-tip-6x8-dimenzije-185-x-247-cm-antracit\/#primaryimage\"},\"image\":{\"@id\":\"https:\/\/msviscom.development.digitalist.si\/hr\/izdelek\/polikarbonatni-staklenik-hybrid-tip-6x8-dimenzije-185-x-247-cm-antracit\/#primaryimage\"},\"thumbnailUrl\":\"https:\/\/msviscom.development.digitalist.si\/wp-content\/uploads\/2025\/07\/Palram_Greenhouses_Hybrid_6x8_Grey.jpg\",\"datePublished\":\"2025-07-21T08:11:53+00:00\",\"dateModified\":\"2025-11-17T07:37:27+00:00\",\"breadcrumb\":{\"@id\":\"https:\/\/msviscom.development.digitalist.si\/hr\/izdelek\/polikarbonatni-staklenik-hybrid-tip-6x8-dimenzije-185-x-247-cm-antracit\/#breadcrumb\"},\"inLanguage\":\"hr\",\"potentialAction\":[{\"@type\":\"ReadAction\",\"target\":[\"https:\/\/msviscom.development.digitalist.si\/hr\/izdelek\/polikarbonatni-staklenik-hybrid-tip-6x8-dimenzije-185-x-247-cm-antracit\/\"]}]},{\"@type\":\"ImageObject\",\"inLanguage\":\"hr\",\"@id\":\"https:\/\/msviscom.development.digitalist.si\/hr\/izdelek\/polikarbonatni-staklenik-hybrid-tip-6x8-dimenzije-185-x-247-cm-antracit\/#primaryimage\",\"url\":\"https:\/\/msviscom.development.digitalist.si\/wp-content\/uploads\/2025\/07\/Palram_Greenhouses_Hybrid_6x8_Grey.jpg\",\"contentUrl\":\"https:\/\/msviscom.development.digitalist.si\/wp-content\/uploads\/2025\/07\/Palram_Greenhouses_Hybrid_6x8_Grey.jpg\",\"width\":800,\"height\":600},{\"@type\":\"BreadcrumbList\",\"@id\":\"https:\/\/msviscom.development.digitalist.si\/hr\/izdelek\/polikarbonatni-staklenik-hybrid-tip-6x8-dimenzije-185-x-247-cm-antracit\/#breadcrumb\",\"itemListElement\":[{\"@type\":\"ListItem\",\"position\":1,\"name\":\"Domov\",\"item\":\"https:\/\/msviscom.development.digitalist.si\/hr\/\"},{\"@type\":\"ListItem\",\"position\":2,\"name\":\"Trgovina\",\"item\":\"https:\/\/msviscom.development.digitalist.si\/hr\/trgovina\/\"},{\"@type\":\"ListItem\",\"position\":3,\"name\":\"POLIKARBONATNI STAKLENIK \u2013 HYBRID (Tip 6&#215;8) \u2013 Dimenzije: 185 x 247 cm \u2013 ANTRACIT\"}]},{\"@type\":\"WebSite\",\"@id\":\"https:\/\/msviscom.development.digitalist.si\/hr\/#website\",\"url\":\"https:\/\/msviscom.development.digitalist.si\/hr\/\",\"name\":\"MS Viscom\",\"description\":\"\",\"potentialAction\":[{\"@type\":\"SearchAction\",\"target\":{\"@type\":\"EntryPoint\",\"urlTemplate\":\"https:\/\/msviscom.development.digitalist.si\/hr\/?s={search_term_string}\"},\"query-input\":{\"@type\":\"PropertyValueSpecification\",\"valueRequired\":true,\"valueName\":\"search_term_string\"}}],\"inLanguage\":\"hr\"}]}<\/script>\n<!-- \/ Yoast SEO plugin. -->","yoast_head_json":{"title":"POLIKARBONATNI STAKLENIK \u2013 HYBRID (Tip 6x8) \u2013 Dimenzije: 185 x 247 cm \u2013 ANTRACIT - MS Viscom","robots":{"index":"noindex","follow":"follow","max-snippet":"max-snippet:-1","max-image-preview":"max-image-preview:large","max-video-preview":"max-video-preview:-1"},"og_locale":"hr_HR","og_type":"article","og_title":"POLIKARBONATNI STAKLENIK \u2013 HYBRID (Tip 6x8) \u2013 Dimenzije: 185 x 247 cm \u2013 ANTRACIT - MS Viscom","og_description":"5 GODINA JAMSTVA, VELIKI IZBOR DODATAKA ZA STAKLENIK","og_url":"https:\/\/msviscom.development.digitalist.si\/hr\/izdelek\/polikarbonatni-staklenik-hybrid-tip-6x8-dimenzije-185-x-247-cm-antracit\/","og_site_name":"MS Viscom","article_modified_time":"2025-11-17T07:37:27+00:00","twitter_card":"summary_large_image","twitter_misc":{"Procijenjeno vrijeme \u010ditanja":"1 minuta"},"schema":{"@context":"https:\/\/schema.org","@graph":[{"@type":"WebPage","@id":"https:\/\/msviscom.development.digitalist.si\/hr\/izdelek\/polikarbonatni-staklenik-hybrid-tip-6x8-dimenzije-185-x-247-cm-antracit\/","url":"https:\/\/msviscom.development.digitalist.si\/hr\/izdelek\/polikarbonatni-staklenik-hybrid-tip-6x8-dimenzije-185-x-247-cm-antracit\/","name":"POLIKARBONATNI STAKLENIK \u2013 HYBRID (Tip 6x8) \u2013 Dimenzije: 185 x 247 cm \u2013 ANTRACIT - MS Viscom","isPartOf":{"@id":"https:\/\/msviscom.development.digitalist.si\/hr\/#website"},"primaryImageOfPage":{"@id":"https:\/\/msviscom.development.digitalist.si\/hr\/izdelek\/polikarbonatni-staklenik-hybrid-tip-6x8-dimenzije-185-x-247-cm-antracit\/#primaryimage"},"image":{"@id":"https:\/\/msviscom.development.digitalist.si\/hr\/izdelek\/polikarbonatni-staklenik-hybrid-tip-6x8-dimenzije-185-x-247-cm-antracit\/#primaryimage"},"thumbnailUrl":"https:\/\/msviscom.development.digitalist.si\/wp-content\/uploads\/2025\/07\/Palram_Greenhouses_Hybrid_6x8_Grey.jpg","datePublished":"2025-07-21T08:11:53+00:00","dateModified":"2025-11-17T07:37:27+00:00","breadcrumb":{"@id":"https:\/\/msviscom.development.digitalist.si\/hr\/izdelek\/polikarbonatni-staklenik-hybrid-tip-6x8-dimenzije-185-x-247-cm-antracit\/#breadcrumb"},"inLanguage":"hr","potentialAction":[{"@type":"ReadAction","target":["https:\/\/msviscom.development.digitalist.si\/hr\/izdelek\/polikarbonatni-staklenik-hybrid-tip-6x8-dimenzije-185-x-247-cm-antracit\/"]}]},{"@type":"ImageObject","inLanguage":"hr","@id":"https:\/\/msviscom.development.digitalist.si\/hr\/izdelek\/polikarbonatni-staklenik-hybrid-tip-6x8-dimenzije-185-x-247-cm-antracit\/#primaryimage","url":"https:\/\/msviscom.development.digitalist.si\/wp-content\/uploads\/2025\/07\/Palram_Greenhouses_Hybrid_6x8_Grey.jpg","contentUrl":"https:\/\/msviscom.development.digitalist.si\/wp-content\/uploads\/2025\/07\/Palram_Greenhouses_Hybrid_6x8_Grey.jpg","width":800,"height":600},{"@type":"BreadcrumbList","@id":"https:\/\/msviscom.development.digitalist.si\/hr\/izdelek\/polikarbonatni-staklenik-hybrid-tip-6x8-dimenzije-185-x-247-cm-antracit\/#breadcrumb","itemListElement":[{"@type":"ListItem","position":1,"name":"Domov","item":"https:\/\/msviscom.development.digitalist.si\/hr\/"},{"@type":"ListItem","position":2,"name":"Trgovina","item":"https:\/\/msviscom.development.digitalist.si\/hr\/trgovina\/"},{"@type":"ListItem","position":3,"name":"POLIKARBONATNI STAKLENIK \u2013 HYBRID (Tip 6&#215;8) \u2013 Dimenzije: 185 x 247 cm \u2013 ANTRACIT"}]},{"@type":"WebSite","@id":"https:\/\/msviscom.development.digitalist.si\/hr\/#website","url":"https:\/\/msviscom.development.digitalist.si\/hr\/","name":"MS Viscom","description":"","potentialAction":[{"@type":"SearchAction","target":{"@type":"EntryPoint","urlTemplate":"https:\/\/msviscom.development.digitalist.si\/hr\/?s={search_term_string}"},"query-input":{"@type":"PropertyValueSpecification","valueRequired":true,"valueName":"search_term_string"}}],"inLanguage":"hr"}]}},"_links":{"self":[{"href":"https:\/\/msviscom.development.digitalist.si\/hr\/wp-json\/wp\/v2\/product\/3529","targetHints":{"allow":["GET"]}}],"collection":[{"href":"https:\/\/msviscom.development.digitalist.si\/hr\/wp-json\/wp\/v2\/product"}],"about":[{"href":"https:\/\/msviscom.development.digitalist.si\/hr\/wp-json\/wp\/v2\/types\/product"}],"wp:featuredmedia":[{"embeddable":true,"href":"https:\/\/msviscom.development.digitalist.si\/hr\/wp-json\/wp\/v2\/media\/5453"}],"wp:attachment":[{"href":"https:\/\/msviscom.development.digitalist.si\/hr\/wp-json\/wp\/v2\/media?parent=3529"}],"wp:term":[{"taxonomy":"product_brand","embeddable":true,"href":"https:\/\/msviscom.development.digitalist.si\/hr\/wp-json\/wp\/v2\/product_brand?post=3529"},{"taxonomy":"product_cat","embeddable":true,"href":"https:\/\/msviscom.development.digitalist.si\/hr\/wp-json\/wp\/v2\/product_cat?post=3529"},{"taxonomy":"product_tag","embeddable":true,"href":"https:\/\/msviscom.development.digitalist.si\/hr\/wp-json\/wp\/v2\/product_tag?post=3529"}],"curies":[{"name":"wp","href":"https:\/\/api.w.org\/{rel}","templated":true}]}}