{"id":3522,"date":"2025-07-21T09:11:23","date_gmt":"2025-07-21T08:11:23","guid":{"rendered":"https:\/\/msviscom.development.digitalist.si\/izdelek\/dodaci-komplet-za-kapanje-sustav-za-navodnjavanje\/"},"modified":"2025-11-17T08:37:25","modified_gmt":"2025-11-17T07:37:25","slug":"dodaci-komplet-za-kapanje-sustav-za-navodnjavanje","status":"publish","type":"product","link":"https:\/\/msviscom.development.digitalist.si\/hr\/izdelek\/dodaci-komplet-za-kapanje-sustav-za-navodnjavanje\/","title":{"rendered":"DODACI \u2013 Komplet za kapanje (sustav za navodnjavanje)"},"content":{"rendered":"<h4 dir=\"ltr\" data-placeholder=\"Prijevod\">Set za kapanje<\/h4>\n<p dir=\"ltr\" data-placeholder=\"Prijevod\">Prilagodite svoj staklenik.<\/p>\n<p dir=\"ltr\" data-placeholder=\"Prijevod\">Dodaci stvaraju individualan i jedinstven staklenik, potpuno prilago\u0111en va\u0161im posebnim potrebama.<\/p>\n<p dir=\"ltr\" data-placeholder=\"Prijevod\">Olak\u0161ava vrtlarenje, \u010dini ga u\u010dinkovitijim i ugodnijim.<\/p>\n<p dir=\"ltr\" data-placeholder=\"Prijevod\">Odgovara svim verzijama staklenika.<\/p>\n<p dir=\"ltr\" data-placeholder=\"Prijevod\">Regulator navodnjavanja osigurava ravnomjernu raspodjelu vode.<\/p>\n<p dir=\"ltr\" data-placeholder=\"Prijevod\"><strong>Boja:<\/strong><\/p>\n<p dir=\"ltr\" data-placeholder=\"Prijevod\">Crna<\/p>\n<p dir=\"ltr\" data-placeholder=\"Prijevod\"><strong>Opseg isporuke:<\/strong><\/p>\n<ul dir=\"ltr\">\n<li data-placeholder=\"Prijevod\">10 m crijevo<\/li>\n<li data-placeholder=\"Prijevod\">16 x kapaljki<\/li>\n<li data-placeholder=\"Prijevod\">3\/4-in\u010dni adapter<\/li>\n<\/ul>\n","protected":false},"excerpt":{"rendered":"<p>Set za kapanje Prilagodite svoj staklenik. Dodaci stvaraju individualan i jedinstven staklenik, potpuno prilago\u0111en va\u0161im posebnim potrebama. Olak\u0161ava vrtlarenje, \u010dini ga u\u010dinkovitijim i ugodnijim. Odgovara svim verzijama staklenika. Regulator navodnjavanja osigurava ravnomjernu raspodjelu vode. Boja: Crna Opseg isporuke: 10 m crijevo 16 x kapaljki 3\/4-in\u010dni adapter<\/p>\n","protected":false},"featured_media":4397,"template":"","meta":{"_acf_changed":false},"product_brand":[],"product_cat":[258,270],"product_tag":[],"class_list":{"0":"post-3522","1":"product","2":"type-product","3":"status-publish","4":"has-post-thumbnail","6":"product_cat-staklenici","7":"product_cat-dodaci-za-staklenike","9":"first","10":"instock","11":"taxable","12":"shipping-taxable","13":"purchasable","14":"product-type-simple"},"acf":[],"yoast_head":"<!-- This site is optimized with the Yoast SEO plugin v25.3.1 - https:\/\/yoast.com\/wordpress\/plugins\/seo\/ -->\n<title>DODACI \u2013 Komplet za kapanje (sustav za navodnjavanje) - MS Viscom<\/title>\n<meta name=\"robots\" content=\"noindex, follow, max-snippet:-1, max-image-preview:large, max-video-preview:-1\" \/>\n<meta property=\"og:locale\" content=\"hr_HR\" \/>\n<meta property=\"og:type\" content=\"article\" \/>\n<meta property=\"og:title\" content=\"DODACI \u2013 Komplet za kapanje (sustav za navodnjavanje) - MS Viscom\" \/>\n<meta property=\"og:description\" content=\"Set za kapanje Prilagodite svoj staklenik. Dodaci stvaraju individualan i jedinstven staklenik, potpuno prilago\u0111en va\u0161im posebnim potrebama. Olak\u0161ava vrtlarenje, \u010dini ga u\u010dinkovitijim i ugodnijim. Odgovara svim verzijama staklenika. Regulator navodnjavanja osigurava ravnomjernu raspodjelu vode. Boja: Crna Opseg isporuke: 10 m crijevo 16 x kapaljki 3\/4-in\u010dni adapter\" \/>\n<meta property=\"og:url\" content=\"https:\/\/msviscom.development.digitalist.si\/hr\/izdelek\/dodaci-komplet-za-kapanje-sustav-za-navodnjavanje\/\" \/>\n<meta property=\"og:site_name\" content=\"MS Viscom\" \/>\n<meta property=\"article:modified_time\" content=\"2025-11-17T07:37:25+00:00\" \/>\n<meta name=\"twitter:card\" content=\"summary_large_image\" \/>\n<script type=\"application\/ld+json\" class=\"yoast-schema-graph\">{\"@context\":\"https:\/\/schema.org\",\"@graph\":[{\"@type\":\"WebPage\",\"@id\":\"https:\/\/msviscom.development.digitalist.si\/hr\/izdelek\/dodaci-komplet-za-kapanje-sustav-za-navodnjavanje\/\",\"url\":\"https:\/\/msviscom.development.digitalist.si\/hr\/izdelek\/dodaci-komplet-za-kapanje-sustav-za-navodnjavanje\/\",\"name\":\"DODACI \u2013 Komplet za kapanje (sustav za navodnjavanje) - MS Viscom\",\"isPartOf\":{\"@id\":\"https:\/\/msviscom.development.digitalist.si\/hr\/#website\"},\"primaryImageOfPage\":{\"@id\":\"https:\/\/msviscom.development.digitalist.si\/hr\/izdelek\/dodaci-komplet-za-kapanje-sustav-za-navodnjavanje\/#primaryimage\"},\"image\":{\"@id\":\"https:\/\/msviscom.development.digitalist.si\/hr\/izdelek\/dodaci-komplet-za-kapanje-sustav-za-navodnjavanje\/#primaryimage\"},\"thumbnailUrl\":\"https:\/\/msviscom.development.digitalist.si\/wp-content\/uploads\/2025\/07\/Drip_Irrigation_Parts_Palram.jpg\",\"datePublished\":\"2025-07-21T08:11:23+00:00\",\"dateModified\":\"2025-11-17T07:37:25+00:00\",\"breadcrumb\":{\"@id\":\"https:\/\/msviscom.development.digitalist.si\/hr\/izdelek\/dodaci-komplet-za-kapanje-sustav-za-navodnjavanje\/#breadcrumb\"},\"inLanguage\":\"hr\",\"potentialAction\":[{\"@type\":\"ReadAction\",\"target\":[\"https:\/\/msviscom.development.digitalist.si\/hr\/izdelek\/dodaci-komplet-za-kapanje-sustav-za-navodnjavanje\/\"]}]},{\"@type\":\"ImageObject\",\"inLanguage\":\"hr\",\"@id\":\"https:\/\/msviscom.development.digitalist.si\/hr\/izdelek\/dodaci-komplet-za-kapanje-sustav-za-navodnjavanje\/#primaryimage\",\"url\":\"https:\/\/msviscom.development.digitalist.si\/wp-content\/uploads\/2025\/07\/Drip_Irrigation_Parts_Palram.jpg\",\"contentUrl\":\"https:\/\/msviscom.development.digitalist.si\/wp-content\/uploads\/2025\/07\/Drip_Irrigation_Parts_Palram.jpg\",\"width\":800,\"height\":600},{\"@type\":\"BreadcrumbList\",\"@id\":\"https:\/\/msviscom.development.digitalist.si\/hr\/izdelek\/dodaci-komplet-za-kapanje-sustav-za-navodnjavanje\/#breadcrumb\",\"itemListElement\":[{\"@type\":\"ListItem\",\"position\":1,\"name\":\"Domov\",\"item\":\"https:\/\/msviscom.development.digitalist.si\/hr\/\"},{\"@type\":\"ListItem\",\"position\":2,\"name\":\"Trgovina\",\"item\":\"https:\/\/msviscom.development.digitalist.si\/hr\/trgovina\/\"},{\"@type\":\"ListItem\",\"position\":3,\"name\":\"DODACI \u2013 Komplet za kapanje (sustav za navodnjavanje)\"}]},{\"@type\":\"WebSite\",\"@id\":\"https:\/\/msviscom.development.digitalist.si\/hr\/#website\",\"url\":\"https:\/\/msviscom.development.digitalist.si\/hr\/\",\"name\":\"MS Viscom\",\"description\":\"\",\"potentialAction\":[{\"@type\":\"SearchAction\",\"target\":{\"@type\":\"EntryPoint\",\"urlTemplate\":\"https:\/\/msviscom.development.digitalist.si\/hr\/?s={search_term_string}\"},\"query-input\":{\"@type\":\"PropertyValueSpecification\",\"valueRequired\":true,\"valueName\":\"search_term_string\"}}],\"inLanguage\":\"hr\"}]}<\/script>\n<!-- \/ Yoast SEO plugin. -->","yoast_head_json":{"title":"DODACI \u2013 Komplet za kapanje (sustav za navodnjavanje) - MS Viscom","robots":{"index":"noindex","follow":"follow","max-snippet":"max-snippet:-1","max-image-preview":"max-image-preview:large","max-video-preview":"max-video-preview:-1"},"og_locale":"hr_HR","og_type":"article","og_title":"DODACI \u2013 Komplet za kapanje (sustav za navodnjavanje) - MS Viscom","og_description":"Set za kapanje Prilagodite svoj staklenik. Dodaci stvaraju individualan i jedinstven staklenik, potpuno prilago\u0111en va\u0161im posebnim potrebama. Olak\u0161ava vrtlarenje, \u010dini ga u\u010dinkovitijim i ugodnijim. Odgovara svim verzijama staklenika. Regulator navodnjavanja osigurava ravnomjernu raspodjelu vode. Boja: Crna Opseg isporuke: 10 m crijevo 16 x kapaljki 3\/4-in\u010dni adapter","og_url":"https:\/\/msviscom.development.digitalist.si\/hr\/izdelek\/dodaci-komplet-za-kapanje-sustav-za-navodnjavanje\/","og_site_name":"MS Viscom","article_modified_time":"2025-11-17T07:37:25+00:00","twitter_card":"summary_large_image","schema":{"@context":"https:\/\/schema.org","@graph":[{"@type":"WebPage","@id":"https:\/\/msviscom.development.digitalist.si\/hr\/izdelek\/dodaci-komplet-za-kapanje-sustav-za-navodnjavanje\/","url":"https:\/\/msviscom.development.digitalist.si\/hr\/izdelek\/dodaci-komplet-za-kapanje-sustav-za-navodnjavanje\/","name":"DODACI \u2013 Komplet za kapanje (sustav za navodnjavanje) - MS Viscom","isPartOf":{"@id":"https:\/\/msviscom.development.digitalist.si\/hr\/#website"},"primaryImageOfPage":{"@id":"https:\/\/msviscom.development.digitalist.si\/hr\/izdelek\/dodaci-komplet-za-kapanje-sustav-za-navodnjavanje\/#primaryimage"},"image":{"@id":"https:\/\/msviscom.development.digitalist.si\/hr\/izdelek\/dodaci-komplet-za-kapanje-sustav-za-navodnjavanje\/#primaryimage"},"thumbnailUrl":"https:\/\/msviscom.development.digitalist.si\/wp-content\/uploads\/2025\/07\/Drip_Irrigation_Parts_Palram.jpg","datePublished":"2025-07-21T08:11:23+00:00","dateModified":"2025-11-17T07:37:25+00:00","breadcrumb":{"@id":"https:\/\/msviscom.development.digitalist.si\/hr\/izdelek\/dodaci-komplet-za-kapanje-sustav-za-navodnjavanje\/#breadcrumb"},"inLanguage":"hr","potentialAction":[{"@type":"ReadAction","target":["https:\/\/msviscom.development.digitalist.si\/hr\/izdelek\/dodaci-komplet-za-kapanje-sustav-za-navodnjavanje\/"]}]},{"@type":"ImageObject","inLanguage":"hr","@id":"https:\/\/msviscom.development.digitalist.si\/hr\/izdelek\/dodaci-komplet-za-kapanje-sustav-za-navodnjavanje\/#primaryimage","url":"https:\/\/msviscom.development.digitalist.si\/wp-content\/uploads\/2025\/07\/Drip_Irrigation_Parts_Palram.jpg","contentUrl":"https:\/\/msviscom.development.digitalist.si\/wp-content\/uploads\/2025\/07\/Drip_Irrigation_Parts_Palram.jpg","width":800,"height":600},{"@type":"BreadcrumbList","@id":"https:\/\/msviscom.development.digitalist.si\/hr\/izdelek\/dodaci-komplet-za-kapanje-sustav-za-navodnjavanje\/#breadcrumb","itemListElement":[{"@type":"ListItem","position":1,"name":"Domov","item":"https:\/\/msviscom.development.digitalist.si\/hr\/"},{"@type":"ListItem","position":2,"name":"Trgovina","item":"https:\/\/msviscom.development.digitalist.si\/hr\/trgovina\/"},{"@type":"ListItem","position":3,"name":"DODACI \u2013 Komplet za kapanje (sustav za navodnjavanje)"}]},{"@type":"WebSite","@id":"https:\/\/msviscom.development.digitalist.si\/hr\/#website","url":"https:\/\/msviscom.development.digitalist.si\/hr\/","name":"MS Viscom","description":"","potentialAction":[{"@type":"SearchAction","target":{"@type":"EntryPoint","urlTemplate":"https:\/\/msviscom.development.digitalist.si\/hr\/?s={search_term_string}"},"query-input":{"@type":"PropertyValueSpecification","valueRequired":true,"valueName":"search_term_string"}}],"inLanguage":"hr"}]}},"_links":{"self":[{"href":"https:\/\/msviscom.development.digitalist.si\/hr\/wp-json\/wp\/v2\/product\/3522","targetHints":{"allow":["GET"]}}],"collection":[{"href":"https:\/\/msviscom.development.digitalist.si\/hr\/wp-json\/wp\/v2\/product"}],"about":[{"href":"https:\/\/msviscom.development.digitalist.si\/hr\/wp-json\/wp\/v2\/types\/product"}],"wp:featuredmedia":[{"embeddable":true,"href":"https:\/\/msviscom.development.digitalist.si\/hr\/wp-json\/wp\/v2\/media\/4397"}],"wp:attachment":[{"href":"https:\/\/msviscom.development.digitalist.si\/hr\/wp-json\/wp\/v2\/media?parent=3522"}],"wp:term":[{"taxonomy":"product_brand","embeddable":true,"href":"https:\/\/msviscom.development.digitalist.si\/hr\/wp-json\/wp\/v2\/product_brand?post=3522"},{"taxonomy":"product_cat","embeddable":true,"href":"https:\/\/msviscom.development.digitalist.si\/hr\/wp-json\/wp\/v2\/product_cat?post=3522"},{"taxonomy":"product_tag","embeddable":true,"href":"https:\/\/msviscom.development.digitalist.si\/hr\/wp-json\/wp\/v2\/product_tag?post=3522"}],"curies":[{"name":"wp","href":"https:\/\/api.w.org\/{rel}","templated":true}]}}