{"id":3520,"date":"2025-07-21T09:11:17","date_gmt":"2025-07-21T08:11:17","guid":{"rendered":"https:\/\/msviscom.development.digitalist.si\/izdelek\/dodaci-set-plasticnih-polica-jedna-dvostruka-polica-za-staklenik\/"},"modified":"2025-11-17T08:37:25","modified_gmt":"2025-11-17T07:37:25","slug":"dodaci-set-plasticnih-polica-jedna-dvostruka-polica-za-staklenik","status":"publish","type":"product","link":"https:\/\/msviscom.development.digitalist.si\/hr\/izdelek\/dodaci-set-plasticnih-polica-jedna-dvostruka-polica-za-staklenik\/","title":{"rendered":"DODACI \u2013 Set plasti\u010dnih polica (jedna dvostruka polica) za STAKLENIK"},"content":{"rendered":"<h4 dir=\"ltr\" data-placeholder=\"Prijevod\">Aluminijska polica za velika optere\u0107enja<\/h4>\n<ul dir=\"ltr\">\n<li data-placeholder=\"Prijevod\">nosivost do 40 kg<\/li>\n<li data-placeholder=\"Prijevod\">jednostavna za pri\u010dvr\u0161\u0107ivanje<\/li>\n<li data-placeholder=\"Prijevod\">mo\u017ee se pri\u010dvrstiti na aluminijske okvire bilo gdje u stakleniku<\/li>\n<\/ul>\n","protected":false},"excerpt":{"rendered":"<p>Aluminijska polica za velika optere\u0107enja nosivost do 40 kg jednostavna za pri\u010dvr\u0161\u0107ivanje mo\u017ee se pri\u010dvrstiti na aluminijske okvire bilo gdje u stakleniku<\/p>\n","protected":false},"featured_media":4440,"template":"","meta":{"_acf_changed":false},"product_brand":[],"product_cat":[258,270],"product_tag":[],"class_list":{"0":"post-3520","1":"product","2":"type-product","3":"status-publish","4":"has-post-thumbnail","6":"product_cat-staklenici","7":"product_cat-dodaci-za-staklenike","9":"first","10":"instock","11":"taxable","12":"shipping-taxable","13":"purchasable","14":"product-type-simple"},"acf":[],"yoast_head":"<!-- This site is optimized with the Yoast SEO plugin v25.3.1 - https:\/\/yoast.com\/wordpress\/plugins\/seo\/ -->\n<title>DODACI \u2013 Set plasti\u010dnih polica (jedna dvostruka polica) za STAKLENIK - MS Viscom<\/title>\n<meta name=\"robots\" content=\"noindex, follow, max-snippet:-1, max-image-preview:large, max-video-preview:-1\" \/>\n<meta property=\"og:locale\" content=\"hr_HR\" \/>\n<meta property=\"og:type\" content=\"article\" \/>\n<meta property=\"og:title\" content=\"DODACI \u2013 Set plasti\u010dnih polica (jedna dvostruka polica) za STAKLENIK - MS Viscom\" \/>\n<meta property=\"og:description\" content=\"Aluminijska polica za velika optere\u0107enja nosivost do 40 kg jednostavna za pri\u010dvr\u0161\u0107ivanje mo\u017ee se pri\u010dvrstiti na aluminijske okvire bilo gdje u stakleniku\" \/>\n<meta property=\"og:url\" content=\"https:\/\/msviscom.development.digitalist.si\/hr\/izdelek\/dodaci-set-plasticnih-polica-jedna-dvostruka-polica-za-staklenik\/\" \/>\n<meta property=\"og:site_name\" content=\"MS Viscom\" \/>\n<meta property=\"article:modified_time\" content=\"2025-11-17T07:37:25+00:00\" \/>\n<meta name=\"twitter:card\" content=\"summary_large_image\" \/>\n<script type=\"application\/ld+json\" class=\"yoast-schema-graph\">{\"@context\":\"https:\/\/schema.org\",\"@graph\":[{\"@type\":\"WebPage\",\"@id\":\"https:\/\/msviscom.development.digitalist.si\/hr\/izdelek\/dodaci-set-plasticnih-polica-jedna-dvostruka-polica-za-staklenik\/\",\"url\":\"https:\/\/msviscom.development.digitalist.si\/hr\/izdelek\/dodaci-set-plasticnih-polica-jedna-dvostruka-polica-za-staklenik\/\",\"name\":\"DODACI \u2013 Set plasti\u010dnih polica (jedna dvostruka polica) za STAKLENIK - MS Viscom\",\"isPartOf\":{\"@id\":\"https:\/\/msviscom.development.digitalist.si\/hr\/#website\"},\"primaryImageOfPage\":{\"@id\":\"https:\/\/msviscom.development.digitalist.si\/hr\/izdelek\/dodaci-set-plasticnih-polica-jedna-dvostruka-polica-za-staklenik\/#primaryimage\"},\"image\":{\"@id\":\"https:\/\/msviscom.development.digitalist.si\/hr\/izdelek\/dodaci-set-plasticnih-polica-jedna-dvostruka-polica-za-staklenik\/#primaryimage\"},\"thumbnailUrl\":\"https:\/\/msviscom.development.digitalist.si\/wp-content\/uploads\/2025\/07\/Palram_Greenhouse_Accessories_Twin_Shelf_Kit_Main_4.jpg\",\"datePublished\":\"2025-07-21T08:11:17+00:00\",\"dateModified\":\"2025-11-17T07:37:25+00:00\",\"breadcrumb\":{\"@id\":\"https:\/\/msviscom.development.digitalist.si\/hr\/izdelek\/dodaci-set-plasticnih-polica-jedna-dvostruka-polica-za-staklenik\/#breadcrumb\"},\"inLanguage\":\"hr\",\"potentialAction\":[{\"@type\":\"ReadAction\",\"target\":[\"https:\/\/msviscom.development.digitalist.si\/hr\/izdelek\/dodaci-set-plasticnih-polica-jedna-dvostruka-polica-za-staklenik\/\"]}]},{\"@type\":\"ImageObject\",\"inLanguage\":\"hr\",\"@id\":\"https:\/\/msviscom.development.digitalist.si\/hr\/izdelek\/dodaci-set-plasticnih-polica-jedna-dvostruka-polica-za-staklenik\/#primaryimage\",\"url\":\"https:\/\/msviscom.development.digitalist.si\/wp-content\/uploads\/2025\/07\/Palram_Greenhouse_Accessories_Twin_Shelf_Kit_Main_4.jpg\",\"contentUrl\":\"https:\/\/msviscom.development.digitalist.si\/wp-content\/uploads\/2025\/07\/Palram_Greenhouse_Accessories_Twin_Shelf_Kit_Main_4.jpg\",\"width\":800,\"height\":600},{\"@type\":\"BreadcrumbList\",\"@id\":\"https:\/\/msviscom.development.digitalist.si\/hr\/izdelek\/dodaci-set-plasticnih-polica-jedna-dvostruka-polica-za-staklenik\/#breadcrumb\",\"itemListElement\":[{\"@type\":\"ListItem\",\"position\":1,\"name\":\"Domov\",\"item\":\"https:\/\/msviscom.development.digitalist.si\/hr\/\"},{\"@type\":\"ListItem\",\"position\":2,\"name\":\"Trgovina\",\"item\":\"https:\/\/msviscom.development.digitalist.si\/hr\/trgovina\/\"},{\"@type\":\"ListItem\",\"position\":3,\"name\":\"DODACI \u2013 Set plasti\u010dnih polica (jedna dvostruka polica) za STAKLENIK\"}]},{\"@type\":\"WebSite\",\"@id\":\"https:\/\/msviscom.development.digitalist.si\/hr\/#website\",\"url\":\"https:\/\/msviscom.development.digitalist.si\/hr\/\",\"name\":\"MS Viscom\",\"description\":\"\",\"potentialAction\":[{\"@type\":\"SearchAction\",\"target\":{\"@type\":\"EntryPoint\",\"urlTemplate\":\"https:\/\/msviscom.development.digitalist.si\/hr\/?s={search_term_string}\"},\"query-input\":{\"@type\":\"PropertyValueSpecification\",\"valueRequired\":true,\"valueName\":\"search_term_string\"}}],\"inLanguage\":\"hr\"}]}<\/script>\n<!-- \/ Yoast SEO plugin. -->","yoast_head_json":{"title":"DODACI \u2013 Set plasti\u010dnih polica (jedna dvostruka polica) za STAKLENIK - MS Viscom","robots":{"index":"noindex","follow":"follow","max-snippet":"max-snippet:-1","max-image-preview":"max-image-preview:large","max-video-preview":"max-video-preview:-1"},"og_locale":"hr_HR","og_type":"article","og_title":"DODACI \u2013 Set plasti\u010dnih polica (jedna dvostruka polica) za STAKLENIK - MS Viscom","og_description":"Aluminijska polica za velika optere\u0107enja nosivost do 40 kg jednostavna za pri\u010dvr\u0161\u0107ivanje mo\u017ee se pri\u010dvrstiti na aluminijske okvire bilo gdje u stakleniku","og_url":"https:\/\/msviscom.development.digitalist.si\/hr\/izdelek\/dodaci-set-plasticnih-polica-jedna-dvostruka-polica-za-staklenik\/","og_site_name":"MS Viscom","article_modified_time":"2025-11-17T07:37:25+00:00","twitter_card":"summary_large_image","schema":{"@context":"https:\/\/schema.org","@graph":[{"@type":"WebPage","@id":"https:\/\/msviscom.development.digitalist.si\/hr\/izdelek\/dodaci-set-plasticnih-polica-jedna-dvostruka-polica-za-staklenik\/","url":"https:\/\/msviscom.development.digitalist.si\/hr\/izdelek\/dodaci-set-plasticnih-polica-jedna-dvostruka-polica-za-staklenik\/","name":"DODACI \u2013 Set plasti\u010dnih polica (jedna dvostruka polica) za STAKLENIK - MS Viscom","isPartOf":{"@id":"https:\/\/msviscom.development.digitalist.si\/hr\/#website"},"primaryImageOfPage":{"@id":"https:\/\/msviscom.development.digitalist.si\/hr\/izdelek\/dodaci-set-plasticnih-polica-jedna-dvostruka-polica-za-staklenik\/#primaryimage"},"image":{"@id":"https:\/\/msviscom.development.digitalist.si\/hr\/izdelek\/dodaci-set-plasticnih-polica-jedna-dvostruka-polica-za-staklenik\/#primaryimage"},"thumbnailUrl":"https:\/\/msviscom.development.digitalist.si\/wp-content\/uploads\/2025\/07\/Palram_Greenhouse_Accessories_Twin_Shelf_Kit_Main_4.jpg","datePublished":"2025-07-21T08:11:17+00:00","dateModified":"2025-11-17T07:37:25+00:00","breadcrumb":{"@id":"https:\/\/msviscom.development.digitalist.si\/hr\/izdelek\/dodaci-set-plasticnih-polica-jedna-dvostruka-polica-za-staklenik\/#breadcrumb"},"inLanguage":"hr","potentialAction":[{"@type":"ReadAction","target":["https:\/\/msviscom.development.digitalist.si\/hr\/izdelek\/dodaci-set-plasticnih-polica-jedna-dvostruka-polica-za-staklenik\/"]}]},{"@type":"ImageObject","inLanguage":"hr","@id":"https:\/\/msviscom.development.digitalist.si\/hr\/izdelek\/dodaci-set-plasticnih-polica-jedna-dvostruka-polica-za-staklenik\/#primaryimage","url":"https:\/\/msviscom.development.digitalist.si\/wp-content\/uploads\/2025\/07\/Palram_Greenhouse_Accessories_Twin_Shelf_Kit_Main_4.jpg","contentUrl":"https:\/\/msviscom.development.digitalist.si\/wp-content\/uploads\/2025\/07\/Palram_Greenhouse_Accessories_Twin_Shelf_Kit_Main_4.jpg","width":800,"height":600},{"@type":"BreadcrumbList","@id":"https:\/\/msviscom.development.digitalist.si\/hr\/izdelek\/dodaci-set-plasticnih-polica-jedna-dvostruka-polica-za-staklenik\/#breadcrumb","itemListElement":[{"@type":"ListItem","position":1,"name":"Domov","item":"https:\/\/msviscom.development.digitalist.si\/hr\/"},{"@type":"ListItem","position":2,"name":"Trgovina","item":"https:\/\/msviscom.development.digitalist.si\/hr\/trgovina\/"},{"@type":"ListItem","position":3,"name":"DODACI \u2013 Set plasti\u010dnih polica (jedna dvostruka polica) za STAKLENIK"}]},{"@type":"WebSite","@id":"https:\/\/msviscom.development.digitalist.si\/hr\/#website","url":"https:\/\/msviscom.development.digitalist.si\/hr\/","name":"MS Viscom","description":"","potentialAction":[{"@type":"SearchAction","target":{"@type":"EntryPoint","urlTemplate":"https:\/\/msviscom.development.digitalist.si\/hr\/?s={search_term_string}"},"query-input":{"@type":"PropertyValueSpecification","valueRequired":true,"valueName":"search_term_string"}}],"inLanguage":"hr"}]}},"_links":{"self":[{"href":"https:\/\/msviscom.development.digitalist.si\/hr\/wp-json\/wp\/v2\/product\/3520","targetHints":{"allow":["GET"]}}],"collection":[{"href":"https:\/\/msviscom.development.digitalist.si\/hr\/wp-json\/wp\/v2\/product"}],"about":[{"href":"https:\/\/msviscom.development.digitalist.si\/hr\/wp-json\/wp\/v2\/types\/product"}],"wp:featuredmedia":[{"embeddable":true,"href":"https:\/\/msviscom.development.digitalist.si\/hr\/wp-json\/wp\/v2\/media\/4440"}],"wp:attachment":[{"href":"https:\/\/msviscom.development.digitalist.si\/hr\/wp-json\/wp\/v2\/media?parent=3520"}],"wp:term":[{"taxonomy":"product_brand","embeddable":true,"href":"https:\/\/msviscom.development.digitalist.si\/hr\/wp-json\/wp\/v2\/product_brand?post=3520"},{"taxonomy":"product_cat","embeddable":true,"href":"https:\/\/msviscom.development.digitalist.si\/hr\/wp-json\/wp\/v2\/product_cat?post=3520"},{"taxonomy":"product_tag","embeddable":true,"href":"https:\/\/msviscom.development.digitalist.si\/hr\/wp-json\/wp\/v2\/product_tag?post=3520"}],"curies":[{"name":"wp","href":"https:\/\/api.w.org\/{rel}","templated":true}]}}