{"id":3502,"date":"2025-07-21T09:09:51","date_gmt":"2025-07-21T08:09:51","guid":{"rendered":"https:\/\/msviscom.development.digitalist.si\/izdelek\/feria-nadstresnica-za-terasu-3x305-siva-prozirna\/"},"modified":"2025-11-26T14:57:04","modified_gmt":"2025-11-26T13:57:04","slug":"feria-nadstresnica-za-terasu-3x305-siva-prozirna","status":"publish","type":"product","link":"https:\/\/msviscom.development.digitalist.si\/hr\/izdelek\/feria-nadstresnica-za-terasu-3x305-siva-prozirna\/","title":{"rendered":"FERIA nadstre\u0161nica za terasu, 3&#215;3,05, siva\/prozirna"},"content":{"rendered":"<h1><a href=\"https:\/\/www.youtube.com\/watch?v=ayCLzrDbG4Q\">VIDEO PRAKTI\u010cNI PRIMJER SASTAVLJANJA<\/a><\/h1>\n<p>&nbsp;<\/p>\n<ul>\n<li>\n<p data-start=\"0\" data-end=\"64\">TEHNI\u010cKA POMO\u0106<br data-start=\"14\" data-end=\"17\" \/>MOGU\u0106NOST VANJSKE MONTA\u017dE<br data-start=\"42\" data-end=\"45\" \/>REZERVNI DIJELOVI<\/p>\n<p data-start=\"66\" data-end=\"943\" data-is-last-node=\"\" data-is-only-node=\"\">Omogu\u0107uje raznoliku vanjsku upotrebu: krov terase, nadstre\u0161nicu za vozilo ili sun\u010dani prostor za opu\u0161tanje<br data-start=\"172\" data-end=\"175\" \/>Oblikovani i izra\u0111eni od vremenski otpornih, vodonepropusnih materijala bez potrebe za odr\u017eavanjem, koji stvaraju prekrasan vanjski prostor<br data-start=\"314\" data-end=\"317\" \/>Stupovi i plo\u010da za pri\u010dvr\u0161\u0107ivanje na zid podesivi su prema va\u0161im posebnim potrebama<br data-start=\"400\" data-end=\"403\" \/>Gotovo neuni\u0161tive, UV-otporne polikarbonatne krovne plo\u010de debljine 6 mm<br data-start=\"474\" data-end=\"477\" \/>Mogu\u0107nosti plo\u010da: prozirne \/ bron\u010dane<br data-start=\"514\" data-end=\"517\" \/>Krovne plo\u010de otporne na UV zrake, ne po\u017eute<br data-start=\"560\" data-end=\"563\" \/>Vrlo izdr\u017eljivi i protiv korozije otporni aluminijski profili s pra\u0161kastim premazom i pocin\u010dani \u010deli\u010dni priklju\u010dci<br data-start=\"677\" data-end=\"680\" \/>Ugra\u0111en \u017elijeb i podesive glave \u017elijebova (promjer 50 mm \/ 2\u201d)<br data-start=\"742\" data-end=\"745\" \/>Prilo\u017een komplet za sidrenje i podlo\u017eni kompleti<br data-start=\"793\" data-end=\"796\" \/>Jednostavna DIY monta\u017ea \u2013 ugradnja kliznih krovnih plo\u010da<br data-start=\"852\" data-end=\"855\" \/>Dostupna \u0161iroka paleta dimenzija<br data-start=\"887\" data-end=\"890\" \/>SASTAVLJANJE NADSTRE\u0160NICE SIERRA I NADSTRE\u0160NICE FERIA<\/p>\n<\/li>\n<\/ul>\n<p>&nbsp;<\/p>\n","protected":false},"excerpt":{"rendered":"<p>10-godi\u0161nje jamstvo, rezervni dijelovi, tehni\u010dka podr\u0161ka<\/p>\n","protected":false},"featured_media":4514,"template":"","meta":{"_acf_changed":false},"product_brand":[],"product_cat":[198],"product_tag":[],"class_list":{"0":"post-3502","1":"product","2":"type-product","3":"status-publish","4":"has-post-thumbnail","6":"product_cat-nadstresnice","8":"first","9":"instock","10":"taxable","11":"shipping-taxable","12":"purchasable","13":"product-type-simple"},"acf":[],"yoast_head":"<!-- This site is optimized with the Yoast SEO plugin v25.3.1 - https:\/\/yoast.com\/wordpress\/plugins\/seo\/ -->\n<title>FERIA nadstre\u0161nica za terasu, 3x3,05, siva\/prozirna - MS Viscom<\/title>\n<meta name=\"robots\" content=\"noindex, follow, max-snippet:-1, max-image-preview:large, max-video-preview:-1\" \/>\n<meta property=\"og:locale\" content=\"hr_HR\" \/>\n<meta property=\"og:type\" content=\"article\" \/>\n<meta property=\"og:title\" content=\"FERIA nadstre\u0161nica za terasu, 3x3,05, siva\/prozirna - MS Viscom\" \/>\n<meta property=\"og:description\" content=\"10-godi\u0161nje jamstvo, rezervni dijelovi, tehni\u010dka podr\u0161ka\" \/>\n<meta property=\"og:url\" content=\"https:\/\/msviscom.development.digitalist.si\/hr\/izdelek\/feria-nadstresnica-za-terasu-3x305-siva-prozirna\/\" \/>\n<meta property=\"og:site_name\" content=\"MS Viscom\" \/>\n<meta property=\"article:modified_time\" content=\"2025-11-26T13:57:04+00:00\" \/>\n<meta property=\"og:image\" content=\"https:\/\/msviscom.development.digitalist.si\/wp-content\/uploads\/2025\/07\/Palram-Canopia_Patio_Covers_Sierra_3x3.05_Grey_Clear_Cutout.jpg\" \/>\n\t<meta property=\"og:image:width\" content=\"800\" \/>\n\t<meta property=\"og:image:height\" content=\"600\" \/>\n\t<meta property=\"og:image:type\" content=\"image\/jpeg\" \/>\n<meta name=\"twitter:card\" content=\"summary_large_image\" \/>\n<meta name=\"twitter:label1\" content=\"Procijenjeno vrijeme \u010ditanja\" \/>\n\t<meta name=\"twitter:data1\" content=\"1 minuta\" \/>\n<script type=\"application\/ld+json\" class=\"yoast-schema-graph\">{\"@context\":\"https:\/\/schema.org\",\"@graph\":[{\"@type\":\"WebPage\",\"@id\":\"https:\/\/msviscom.development.digitalist.si\/hr\/izdelek\/feria-nadstresnica-za-terasu-3x305-siva-prozirna\/\",\"url\":\"https:\/\/msviscom.development.digitalist.si\/hr\/izdelek\/feria-nadstresnica-za-terasu-3x305-siva-prozirna\/\",\"name\":\"FERIA nadstre\u0161nica za terasu, 3x3,05, siva\/prozirna - MS Viscom\",\"isPartOf\":{\"@id\":\"https:\/\/msviscom.development.digitalist.si\/hr\/#website\"},\"primaryImageOfPage\":{\"@id\":\"https:\/\/msviscom.development.digitalist.si\/hr\/izdelek\/feria-nadstresnica-za-terasu-3x305-siva-prozirna\/#primaryimage\"},\"image\":{\"@id\":\"https:\/\/msviscom.development.digitalist.si\/hr\/izdelek\/feria-nadstresnica-za-terasu-3x305-siva-prozirna\/#primaryimage\"},\"thumbnailUrl\":\"https:\/\/msviscom.development.digitalist.si\/wp-content\/uploads\/2025\/07\/Palram-Canopia_Patio_Covers_Sierra_3x3.05_Grey_Clear_Cutout.jpg\",\"datePublished\":\"2025-07-21T08:09:51+00:00\",\"dateModified\":\"2025-11-26T13:57:04+00:00\",\"breadcrumb\":{\"@id\":\"https:\/\/msviscom.development.digitalist.si\/hr\/izdelek\/feria-nadstresnica-za-terasu-3x305-siva-prozirna\/#breadcrumb\"},\"inLanguage\":\"hr\",\"potentialAction\":[{\"@type\":\"ReadAction\",\"target\":[\"https:\/\/msviscom.development.digitalist.si\/hr\/izdelek\/feria-nadstresnica-za-terasu-3x305-siva-prozirna\/\"]}]},{\"@type\":\"ImageObject\",\"inLanguage\":\"hr\",\"@id\":\"https:\/\/msviscom.development.digitalist.si\/hr\/izdelek\/feria-nadstresnica-za-terasu-3x305-siva-prozirna\/#primaryimage\",\"url\":\"https:\/\/msviscom.development.digitalist.si\/wp-content\/uploads\/2025\/07\/Palram-Canopia_Patio_Covers_Sierra_3x3.05_Grey_Clear_Cutout.jpg\",\"contentUrl\":\"https:\/\/msviscom.development.digitalist.si\/wp-content\/uploads\/2025\/07\/Palram-Canopia_Patio_Covers_Sierra_3x3.05_Grey_Clear_Cutout.jpg\",\"width\":800,\"height\":600},{\"@type\":\"BreadcrumbList\",\"@id\":\"https:\/\/msviscom.development.digitalist.si\/hr\/izdelek\/feria-nadstresnica-za-terasu-3x305-siva-prozirna\/#breadcrumb\",\"itemListElement\":[{\"@type\":\"ListItem\",\"position\":1,\"name\":\"Domov\",\"item\":\"https:\/\/msviscom.development.digitalist.si\/hr\/\"},{\"@type\":\"ListItem\",\"position\":2,\"name\":\"Trgovina\",\"item\":\"https:\/\/msviscom.development.digitalist.si\/hr\/trgovina\/\"},{\"@type\":\"ListItem\",\"position\":3,\"name\":\"FERIA nadstre\u0161nica za terasu, 3&#215;3,05, siva\/prozirna\"}]},{\"@type\":\"WebSite\",\"@id\":\"https:\/\/msviscom.development.digitalist.si\/hr\/#website\",\"url\":\"https:\/\/msviscom.development.digitalist.si\/hr\/\",\"name\":\"MS Viscom\",\"description\":\"\",\"potentialAction\":[{\"@type\":\"SearchAction\",\"target\":{\"@type\":\"EntryPoint\",\"urlTemplate\":\"https:\/\/msviscom.development.digitalist.si\/hr\/?s={search_term_string}\"},\"query-input\":{\"@type\":\"PropertyValueSpecification\",\"valueRequired\":true,\"valueName\":\"search_term_string\"}}],\"inLanguage\":\"hr\"}]}<\/script>\n<!-- \/ Yoast SEO plugin. -->","yoast_head_json":{"title":"FERIA nadstre\u0161nica za terasu, 3x3,05, siva\/prozirna - MS Viscom","robots":{"index":"noindex","follow":"follow","max-snippet":"max-snippet:-1","max-image-preview":"max-image-preview:large","max-video-preview":"max-video-preview:-1"},"og_locale":"hr_HR","og_type":"article","og_title":"FERIA nadstre\u0161nica za terasu, 3x3,05, siva\/prozirna - MS Viscom","og_description":"10-godi\u0161nje jamstvo, rezervni dijelovi, tehni\u010dka podr\u0161ka","og_url":"https:\/\/msviscom.development.digitalist.si\/hr\/izdelek\/feria-nadstresnica-za-terasu-3x305-siva-prozirna\/","og_site_name":"MS Viscom","article_modified_time":"2025-11-26T13:57:04+00:00","og_image":[{"width":800,"height":600,"url":"https:\/\/msviscom.development.digitalist.si\/wp-content\/uploads\/2025\/07\/Palram-Canopia_Patio_Covers_Sierra_3x3.05_Grey_Clear_Cutout.jpg","type":"image\/jpeg"}],"twitter_card":"summary_large_image","twitter_misc":{"Procijenjeno vrijeme \u010ditanja":"1 minuta"},"schema":{"@context":"https:\/\/schema.org","@graph":[{"@type":"WebPage","@id":"https:\/\/msviscom.development.digitalist.si\/hr\/izdelek\/feria-nadstresnica-za-terasu-3x305-siva-prozirna\/","url":"https:\/\/msviscom.development.digitalist.si\/hr\/izdelek\/feria-nadstresnica-za-terasu-3x305-siva-prozirna\/","name":"FERIA nadstre\u0161nica za terasu, 3x3,05, siva\/prozirna - MS Viscom","isPartOf":{"@id":"https:\/\/msviscom.development.digitalist.si\/hr\/#website"},"primaryImageOfPage":{"@id":"https:\/\/msviscom.development.digitalist.si\/hr\/izdelek\/feria-nadstresnica-za-terasu-3x305-siva-prozirna\/#primaryimage"},"image":{"@id":"https:\/\/msviscom.development.digitalist.si\/hr\/izdelek\/feria-nadstresnica-za-terasu-3x305-siva-prozirna\/#primaryimage"},"thumbnailUrl":"https:\/\/msviscom.development.digitalist.si\/wp-content\/uploads\/2025\/07\/Palram-Canopia_Patio_Covers_Sierra_3x3.05_Grey_Clear_Cutout.jpg","datePublished":"2025-07-21T08:09:51+00:00","dateModified":"2025-11-26T13:57:04+00:00","breadcrumb":{"@id":"https:\/\/msviscom.development.digitalist.si\/hr\/izdelek\/feria-nadstresnica-za-terasu-3x305-siva-prozirna\/#breadcrumb"},"inLanguage":"hr","potentialAction":[{"@type":"ReadAction","target":["https:\/\/msviscom.development.digitalist.si\/hr\/izdelek\/feria-nadstresnica-za-terasu-3x305-siva-prozirna\/"]}]},{"@type":"ImageObject","inLanguage":"hr","@id":"https:\/\/msviscom.development.digitalist.si\/hr\/izdelek\/feria-nadstresnica-za-terasu-3x305-siva-prozirna\/#primaryimage","url":"https:\/\/msviscom.development.digitalist.si\/wp-content\/uploads\/2025\/07\/Palram-Canopia_Patio_Covers_Sierra_3x3.05_Grey_Clear_Cutout.jpg","contentUrl":"https:\/\/msviscom.development.digitalist.si\/wp-content\/uploads\/2025\/07\/Palram-Canopia_Patio_Covers_Sierra_3x3.05_Grey_Clear_Cutout.jpg","width":800,"height":600},{"@type":"BreadcrumbList","@id":"https:\/\/msviscom.development.digitalist.si\/hr\/izdelek\/feria-nadstresnica-za-terasu-3x305-siva-prozirna\/#breadcrumb","itemListElement":[{"@type":"ListItem","position":1,"name":"Domov","item":"https:\/\/msviscom.development.digitalist.si\/hr\/"},{"@type":"ListItem","position":2,"name":"Trgovina","item":"https:\/\/msviscom.development.digitalist.si\/hr\/trgovina\/"},{"@type":"ListItem","position":3,"name":"FERIA nadstre\u0161nica za terasu, 3&#215;3,05, siva\/prozirna"}]},{"@type":"WebSite","@id":"https:\/\/msviscom.development.digitalist.si\/hr\/#website","url":"https:\/\/msviscom.development.digitalist.si\/hr\/","name":"MS Viscom","description":"","potentialAction":[{"@type":"SearchAction","target":{"@type":"EntryPoint","urlTemplate":"https:\/\/msviscom.development.digitalist.si\/hr\/?s={search_term_string}"},"query-input":{"@type":"PropertyValueSpecification","valueRequired":true,"valueName":"search_term_string"}}],"inLanguage":"hr"}]}},"_links":{"self":[{"href":"https:\/\/msviscom.development.digitalist.si\/hr\/wp-json\/wp\/v2\/product\/3502","targetHints":{"allow":["GET"]}}],"collection":[{"href":"https:\/\/msviscom.development.digitalist.si\/hr\/wp-json\/wp\/v2\/product"}],"about":[{"href":"https:\/\/msviscom.development.digitalist.si\/hr\/wp-json\/wp\/v2\/types\/product"}],"wp:featuredmedia":[{"embeddable":true,"href":"https:\/\/msviscom.development.digitalist.si\/hr\/wp-json\/wp\/v2\/media\/4514"}],"wp:attachment":[{"href":"https:\/\/msviscom.development.digitalist.si\/hr\/wp-json\/wp\/v2\/media?parent=3502"}],"wp:term":[{"taxonomy":"product_brand","embeddable":true,"href":"https:\/\/msviscom.development.digitalist.si\/hr\/wp-json\/wp\/v2\/product_brand?post=3502"},{"taxonomy":"product_cat","embeddable":true,"href":"https:\/\/msviscom.development.digitalist.si\/hr\/wp-json\/wp\/v2\/product_cat?post=3502"},{"taxonomy":"product_tag","embeddable":true,"href":"https:\/\/msviscom.development.digitalist.si\/hr\/wp-json\/wp\/v2\/product_tag?post=3502"}],"curies":[{"name":"wp","href":"https:\/\/api.w.org\/{rel}","templated":true}]}}