{"id":3497,"date":"2025-07-21T09:09:43","date_gmt":"2025-07-21T08:09:43","guid":{"rendered":"https:\/\/msviscom.development.digitalist.si\/izdelek\/nadstresnica-za-auto-atlas-5000\/"},"modified":"2025-11-17T08:37:17","modified_gmt":"2025-11-17T07:37:17","slug":"nadstresnica-za-auto-atlas-5000","status":"publish","type":"product","link":"https:\/\/msviscom.development.digitalist.si\/hr\/izdelek\/nadstresnica-za-auto-atlas-5000\/","title":{"rendered":"NADSTRE\u0160NICA ZA AUTO ATLAS 5000"},"content":{"rendered":"<p><a href=\"https:\/\/www.youtube.com\/watch?v=xSfxNwzGamU\">https:\/\/www.youtube.com\/watch?v=xSfxNwzGamU<\/a><\/p>\n<ul>\n<li>\n<h2><strong>TEHNI\u010cKA POMO\u0106<\/strong><\/h2>\n<\/li>\n<li>\n<h2><strong>MOGU\u0106NOST MONTA\u017dE VANJSKOG IZVO\u0110A\u010cA<\/strong><\/h2>\n<\/li>\n<li>\n<h2><strong>REZERVNI DIJELOVI<\/strong><\/h2>\n<\/li>\n<li>\n<h2><strong>5 GODINA JAMSTVA<\/strong><\/h2>\n<\/li>\n<\/ul>\n<p>Suvremena i elegantna nadstre\u0161nica za automobil, dizajnirana za jednostavnu monta\u017eu<\/p>\n<ul>\n<li>\n<p>Gotovo neuni\u0161tive valovite polikarbonatne plo\u010de<\/p>\n<\/li>\n<li>\n<p>Izdr\u017eljiv, otporan na hr\u0111u, pra\u0161kasto obojeni aluminijski okvir i spojni elementi od pocin\u010danog \u010delika<\/p>\n<\/li>\n<li>\n<p>Oblik s \u010detiri stupa osigurava prostran i jednostavan pristup<\/p>\n<\/li>\n<li>\n<p>\u010cvrst i trajan \u2013 dizajniran da izdr\u017ei o\u0161tre vremenske uvjete<\/p>\n<\/li>\n<li>\n<p>Bez odr\u017eavanja \u2013 bez hr\u0111e, truljenja i lju\u0161tenja<\/p>\n<\/li>\n<li>\n<p>Kompaktan i prakti\u010dan paket koji \u0161tedi prostor pri skladi\u0161tenju i tro\u0161kove dostave<\/p>\n<\/li>\n<\/ul>\n<h3>MONTA\u017dA<\/h3>\n<p><a href=\"https:\/\/www.youtube.com\/watch?v=NeOIY1pSBK4\">https:\/\/www.youtube.com\/watch?v=NeOIY1pSBK4<\/a><\/p>\n","protected":false},"excerpt":{"rendered":"<p>https:\/\/www.youtube.com\/watch?v=xSfxNwzGamU TEHNI\u010cKA POMO\u0106 MOGU\u0106NOST MONTA\u017dE VANJSKOG IZVO\u0110A\u010cA REZERVNI DIJELOVI 5 GODINA JAMSTVA Suvremena i elegantna nadstre\u0161nica za automobil, dizajnirana za jednostavnu monta\u017eu Gotovo neuni\u0161tive valovite polikarbonatne plo\u010de Izdr\u017eljiv, otporan na hr\u0111u, pra\u0161kasto obojeni aluminijski okvir i spojni elementi od pocin\u010danog \u010delika Oblik s \u010detiri stupa osigurava prostran i jednostavan pristup \u010cvrst i trajan \u2013 dizajniran [&#8230;]\n","protected":false},"featured_media":5212,"template":"","meta":{"_acf_changed":false},"product_brand":[],"product_cat":[198],"product_tag":[],"class_list":{"0":"post-3497","1":"product","2":"type-product","3":"status-publish","4":"has-post-thumbnail","6":"product_cat-nadstresnice","8":"first","9":"outofstock","10":"taxable","11":"shipping-taxable","12":"purchasable","13":"product-type-simple"},"acf":[],"yoast_head":"<!-- This site is optimized with the Yoast SEO plugin v25.3.1 - https:\/\/yoast.com\/wordpress\/plugins\/seo\/ -->\n<title>NADSTRE\u0160NICA ZA AUTO ATLAS 5000 - MS Viscom<\/title>\n<meta name=\"robots\" content=\"noindex, follow, max-snippet:-1, max-image-preview:large, max-video-preview:-1\" \/>\n<meta property=\"og:locale\" content=\"hr_HR\" \/>\n<meta property=\"og:type\" content=\"article\" \/>\n<meta property=\"og:title\" content=\"NADSTRE\u0160NICA ZA AUTO ATLAS 5000 - MS Viscom\" \/>\n<meta property=\"og:description\" content=\"https:\/\/www.youtube.com\/watch?v=xSfxNwzGamU TEHNI\u010cKA POMO\u0106 MOGU\u0106NOST MONTA\u017dE VANJSKOG IZVO\u0110A\u010cA REZERVNI DIJELOVI 5 GODINA JAMSTVA Suvremena i elegantna nadstre\u0161nica za automobil, dizajnirana za jednostavnu monta\u017eu Gotovo neuni\u0161tive valovite polikarbonatne plo\u010de Izdr\u017eljiv, otporan na hr\u0111u, pra\u0161kasto obojeni aluminijski okvir i spojni elementi od pocin\u010danog \u010delika Oblik s \u010detiri stupa osigurava prostran i jednostavan pristup \u010cvrst i trajan \u2013 dizajniran [...]\" \/>\n<meta property=\"og:url\" content=\"https:\/\/msviscom.development.digitalist.si\/hr\/izdelek\/nadstresnica-za-auto-atlas-5000\/\" \/>\n<meta property=\"og:site_name\" content=\"MS Viscom\" \/>\n<meta property=\"article:modified_time\" content=\"2025-11-17T07:37:17+00:00\" \/>\n<meta name=\"twitter:card\" content=\"summary_large_image\" \/>\n<meta name=\"twitter:label1\" content=\"Procijenjeno vrijeme \u010ditanja\" \/>\n\t<meta name=\"twitter:data1\" content=\"1 minuta\" \/>\n<script type=\"application\/ld+json\" class=\"yoast-schema-graph\">{\"@context\":\"https:\/\/schema.org\",\"@graph\":[{\"@type\":\"WebPage\",\"@id\":\"https:\/\/msviscom.development.digitalist.si\/hr\/izdelek\/nadstresnica-za-auto-atlas-5000\/\",\"url\":\"https:\/\/msviscom.development.digitalist.si\/hr\/izdelek\/nadstresnica-za-auto-atlas-5000\/\",\"name\":\"NADSTRE\u0160NICA ZA AUTO ATLAS 5000 - MS Viscom\",\"isPartOf\":{\"@id\":\"https:\/\/msviscom.development.digitalist.si\/hr\/#website\"},\"primaryImageOfPage\":{\"@id\":\"https:\/\/msviscom.development.digitalist.si\/hr\/izdelek\/nadstresnica-za-auto-atlas-5000\/#primaryimage\"},\"image\":{\"@id\":\"https:\/\/msviscom.development.digitalist.si\/hr\/izdelek\/nadstresnica-za-auto-atlas-5000\/#primaryimage\"},\"thumbnailUrl\":\"https:\/\/msviscom.development.digitalist.si\/wp-content\/uploads\/2025\/07\/Palram_Carports_Atlas_CutOut.jpg\",\"datePublished\":\"2025-07-21T08:09:43+00:00\",\"dateModified\":\"2025-11-17T07:37:17+00:00\",\"breadcrumb\":{\"@id\":\"https:\/\/msviscom.development.digitalist.si\/hr\/izdelek\/nadstresnica-za-auto-atlas-5000\/#breadcrumb\"},\"inLanguage\":\"hr\",\"potentialAction\":[{\"@type\":\"ReadAction\",\"target\":[\"https:\/\/msviscom.development.digitalist.si\/hr\/izdelek\/nadstresnica-za-auto-atlas-5000\/\"]}]},{\"@type\":\"ImageObject\",\"inLanguage\":\"hr\",\"@id\":\"https:\/\/msviscom.development.digitalist.si\/hr\/izdelek\/nadstresnica-za-auto-atlas-5000\/#primaryimage\",\"url\":\"https:\/\/msviscom.development.digitalist.si\/wp-content\/uploads\/2025\/07\/Palram_Carports_Atlas_CutOut.jpg\",\"contentUrl\":\"https:\/\/msviscom.development.digitalist.si\/wp-content\/uploads\/2025\/07\/Palram_Carports_Atlas_CutOut.jpg\",\"width\":800,\"height\":600},{\"@type\":\"BreadcrumbList\",\"@id\":\"https:\/\/msviscom.development.digitalist.si\/hr\/izdelek\/nadstresnica-za-auto-atlas-5000\/#breadcrumb\",\"itemListElement\":[{\"@type\":\"ListItem\",\"position\":1,\"name\":\"Domov\",\"item\":\"https:\/\/msviscom.development.digitalist.si\/hr\/\"},{\"@type\":\"ListItem\",\"position\":2,\"name\":\"Trgovina\",\"item\":\"https:\/\/msviscom.development.digitalist.si\/hr\/trgovina\/\"},{\"@type\":\"ListItem\",\"position\":3,\"name\":\"NADSTRE\u0160NICA ZA AUTO ATLAS 5000\"}]},{\"@type\":\"WebSite\",\"@id\":\"https:\/\/msviscom.development.digitalist.si\/hr\/#website\",\"url\":\"https:\/\/msviscom.development.digitalist.si\/hr\/\",\"name\":\"MS Viscom\",\"description\":\"\",\"potentialAction\":[{\"@type\":\"SearchAction\",\"target\":{\"@type\":\"EntryPoint\",\"urlTemplate\":\"https:\/\/msviscom.development.digitalist.si\/hr\/?s={search_term_string}\"},\"query-input\":{\"@type\":\"PropertyValueSpecification\",\"valueRequired\":true,\"valueName\":\"search_term_string\"}}],\"inLanguage\":\"hr\"}]}<\/script>\n<!-- \/ Yoast SEO plugin. -->","yoast_head_json":{"title":"NADSTRE\u0160NICA ZA AUTO ATLAS 5000 - MS Viscom","robots":{"index":"noindex","follow":"follow","max-snippet":"max-snippet:-1","max-image-preview":"max-image-preview:large","max-video-preview":"max-video-preview:-1"},"og_locale":"hr_HR","og_type":"article","og_title":"NADSTRE\u0160NICA ZA AUTO ATLAS 5000 - MS Viscom","og_description":"https:\/\/www.youtube.com\/watch?v=xSfxNwzGamU TEHNI\u010cKA POMO\u0106 MOGU\u0106NOST MONTA\u017dE VANJSKOG IZVO\u0110A\u010cA REZERVNI DIJELOVI 5 GODINA JAMSTVA Suvremena i elegantna nadstre\u0161nica za automobil, dizajnirana za jednostavnu monta\u017eu Gotovo neuni\u0161tive valovite polikarbonatne plo\u010de Izdr\u017eljiv, otporan na hr\u0111u, pra\u0161kasto obojeni aluminijski okvir i spojni elementi od pocin\u010danog \u010delika Oblik s \u010detiri stupa osigurava prostran i jednostavan pristup \u010cvrst i trajan \u2013 dizajniran [...]","og_url":"https:\/\/msviscom.development.digitalist.si\/hr\/izdelek\/nadstresnica-za-auto-atlas-5000\/","og_site_name":"MS Viscom","article_modified_time":"2025-11-17T07:37:17+00:00","twitter_card":"summary_large_image","twitter_misc":{"Procijenjeno vrijeme \u010ditanja":"1 minuta"},"schema":{"@context":"https:\/\/schema.org","@graph":[{"@type":"WebPage","@id":"https:\/\/msviscom.development.digitalist.si\/hr\/izdelek\/nadstresnica-za-auto-atlas-5000\/","url":"https:\/\/msviscom.development.digitalist.si\/hr\/izdelek\/nadstresnica-za-auto-atlas-5000\/","name":"NADSTRE\u0160NICA ZA AUTO ATLAS 5000 - MS Viscom","isPartOf":{"@id":"https:\/\/msviscom.development.digitalist.si\/hr\/#website"},"primaryImageOfPage":{"@id":"https:\/\/msviscom.development.digitalist.si\/hr\/izdelek\/nadstresnica-za-auto-atlas-5000\/#primaryimage"},"image":{"@id":"https:\/\/msviscom.development.digitalist.si\/hr\/izdelek\/nadstresnica-za-auto-atlas-5000\/#primaryimage"},"thumbnailUrl":"https:\/\/msviscom.development.digitalist.si\/wp-content\/uploads\/2025\/07\/Palram_Carports_Atlas_CutOut.jpg","datePublished":"2025-07-21T08:09:43+00:00","dateModified":"2025-11-17T07:37:17+00:00","breadcrumb":{"@id":"https:\/\/msviscom.development.digitalist.si\/hr\/izdelek\/nadstresnica-za-auto-atlas-5000\/#breadcrumb"},"inLanguage":"hr","potentialAction":[{"@type":"ReadAction","target":["https:\/\/msviscom.development.digitalist.si\/hr\/izdelek\/nadstresnica-za-auto-atlas-5000\/"]}]},{"@type":"ImageObject","inLanguage":"hr","@id":"https:\/\/msviscom.development.digitalist.si\/hr\/izdelek\/nadstresnica-za-auto-atlas-5000\/#primaryimage","url":"https:\/\/msviscom.development.digitalist.si\/wp-content\/uploads\/2025\/07\/Palram_Carports_Atlas_CutOut.jpg","contentUrl":"https:\/\/msviscom.development.digitalist.si\/wp-content\/uploads\/2025\/07\/Palram_Carports_Atlas_CutOut.jpg","width":800,"height":600},{"@type":"BreadcrumbList","@id":"https:\/\/msviscom.development.digitalist.si\/hr\/izdelek\/nadstresnica-za-auto-atlas-5000\/#breadcrumb","itemListElement":[{"@type":"ListItem","position":1,"name":"Domov","item":"https:\/\/msviscom.development.digitalist.si\/hr\/"},{"@type":"ListItem","position":2,"name":"Trgovina","item":"https:\/\/msviscom.development.digitalist.si\/hr\/trgovina\/"},{"@type":"ListItem","position":3,"name":"NADSTRE\u0160NICA ZA AUTO ATLAS 5000"}]},{"@type":"WebSite","@id":"https:\/\/msviscom.development.digitalist.si\/hr\/#website","url":"https:\/\/msviscom.development.digitalist.si\/hr\/","name":"MS Viscom","description":"","potentialAction":[{"@type":"SearchAction","target":{"@type":"EntryPoint","urlTemplate":"https:\/\/msviscom.development.digitalist.si\/hr\/?s={search_term_string}"},"query-input":{"@type":"PropertyValueSpecification","valueRequired":true,"valueName":"search_term_string"}}],"inLanguage":"hr"}]}},"_links":{"self":[{"href":"https:\/\/msviscom.development.digitalist.si\/hr\/wp-json\/wp\/v2\/product\/3497","targetHints":{"allow":["GET"]}}],"collection":[{"href":"https:\/\/msviscom.development.digitalist.si\/hr\/wp-json\/wp\/v2\/product"}],"about":[{"href":"https:\/\/msviscom.development.digitalist.si\/hr\/wp-json\/wp\/v2\/types\/product"}],"wp:featuredmedia":[{"embeddable":true,"href":"https:\/\/msviscom.development.digitalist.si\/hr\/wp-json\/wp\/v2\/media\/5212"}],"wp:attachment":[{"href":"https:\/\/msviscom.development.digitalist.si\/hr\/wp-json\/wp\/v2\/media?parent=3497"}],"wp:term":[{"taxonomy":"product_brand","embeddable":true,"href":"https:\/\/msviscom.development.digitalist.si\/hr\/wp-json\/wp\/v2\/product_brand?post=3497"},{"taxonomy":"product_cat","embeddable":true,"href":"https:\/\/msviscom.development.digitalist.si\/hr\/wp-json\/wp\/v2\/product_cat?post=3497"},{"taxonomy":"product_tag","embeddable":true,"href":"https:\/\/msviscom.development.digitalist.si\/hr\/wp-json\/wp\/v2\/product_tag?post=3497"}],"curies":[{"name":"wp","href":"https:\/\/api.w.org\/{rel}","templated":true}]}}