{"id":3492,"date":"2025-07-21T09:09:14","date_gmt":"2025-07-21T08:09:14","guid":{"rendered":"https:\/\/msviscom.development.digitalist.si\/izdelek\/nadstresnice-za-auto-arizona-wave\/"},"modified":"2025-11-17T08:37:15","modified_gmt":"2025-11-17T07:37:15","slug":"nadstresnice-za-auto-arizona-wave","status":"publish","type":"product","link":"https:\/\/msviscom.development.digitalist.si\/hr\/izdelek\/nadstresnice-za-auto-arizona-wave\/","title":{"rendered":"Nadstre\u0161nice za auto \u2013 Arizona-Wave"},"content":{"rendered":"<h4><b>Zahvaljuju\u0107i Arizona Wave nadstre\u0161nici, parkiranje \u0107e od sada biti jednostavno kao igra.<\/b><\/h4>\n<p>&nbsp;<\/p>\n<table width=\"542\" cellspacing=\"0\" cellpadding=\"0\">\n<tbody>\n<tr>\n<td align=\"left\" valign=\"top\" height=\"347\">\n<p>* Robustna i antikorozivna konstrukcija s pra\u0161kasto oblo\u017eenim okvirom izra\u0111enim od \u010dvrstog aluminija te laserski rezanim spojnim elementima od pocin\u010danog \u010delika s antracit premazom<\/p>\n<p>* Za monta\u017eu su potrebni betonski temelji<\/p>\n<p>* Konstrukcija s dva stupa omogu\u0107uje jednostavan pristup<\/p>\n<p>* Prakti\u010dno neuni\u0161tive i 100 % UV-za\u0161ti\u0107ene valovite polikarbonatne plo\u010de iznimno su otporne na udarce<\/p>\n<p>* Poseban solarno sivi premaz blokira \u0161tetne UV zrake, propu\u0161ta prirodno svjetlo i istodobno osigurava dovoljno sjene<\/p>\n<p>* Dizajnirana je tako da bude otporna na nepovoljne vremenske uvjete<\/p>\n<p>* Unaprijed izbu\u0161eni profili i unaprijed izrezane plo\u010de spremni su za monta\u017eu, a svi vijci su uklju\u010deni<\/p>\n<p>* Nije potrebno odr\u017eavanje \u2013 krov ne hr\u0111a, ne trune i ne lju\u0161ti se<\/p>\n<p>&nbsp;<br \/>\n&nbsp;<\/p>\n<h4><strong>Nadstre\u0161nice za automobile Arizona Wave su vrhunske kvalitete i imaju 10 godina jamstva.<\/strong><\/h4>\n<\/td>\n<\/tr>\n<\/tbody>\n<\/table>\n","protected":false},"excerpt":{"rendered":"<p>Nadstre\u0161nica za automobil izra\u0111ena od ALU konstrukcije i valovitog polikarbonata.<\/p>\n<p>Estetski i \u010dvrsti vi\u0161enamjenski komplet za automobilsku nadstre\u0161nicu.<\/p>\n","protected":false},"featured_media":5318,"template":"","meta":{"_acf_changed":false},"product_brand":[],"product_cat":[198,204],"product_tag":[],"class_list":{"0":"post-3492","1":"product","2":"type-product","3":"status-publish","4":"has-post-thumbnail","6":"product_cat-nadstresnice","7":"product_cat-arizona","9":"first","10":"outofstock","11":"taxable","12":"shipping-taxable","13":"purchasable","14":"product-type-simple"},"acf":[],"yoast_head":"<!-- This site is optimized with the Yoast SEO plugin v25.3.1 - https:\/\/yoast.com\/wordpress\/plugins\/seo\/ -->\n<title>Nadstre\u0161nice za auto \u2013 Arizona-Wave - MS Viscom<\/title>\n<meta name=\"robots\" content=\"noindex, follow, max-snippet:-1, max-image-preview:large, max-video-preview:-1\" \/>\n<meta property=\"og:locale\" content=\"hr_HR\" \/>\n<meta property=\"og:type\" content=\"article\" \/>\n<meta property=\"og:title\" content=\"Nadstre\u0161nice za auto \u2013 Arizona-Wave - MS Viscom\" \/>\n<meta property=\"og:description\" content=\"Nadstre\u0161nica za automobil izra\u0111ena od ALU konstrukcije i valovitog polikarbonata.   Estetski i \u010dvrsti vi\u0161enamjenski komplet za automobilsku nadstre\u0161nicu.\" \/>\n<meta property=\"og:url\" content=\"https:\/\/msviscom.development.digitalist.si\/hr\/izdelek\/nadstresnice-za-auto-arizona-wave\/\" \/>\n<meta property=\"og:site_name\" content=\"MS Viscom\" \/>\n<meta property=\"article:modified_time\" content=\"2025-11-17T07:37:15+00:00\" \/>\n<meta name=\"twitter:card\" content=\"summary_large_image\" \/>\n<meta name=\"twitter:label1\" content=\"Procijenjeno vrijeme \u010ditanja\" \/>\n\t<meta name=\"twitter:data1\" content=\"1 minuta\" \/>\n<script type=\"application\/ld+json\" class=\"yoast-schema-graph\">{\"@context\":\"https:\/\/schema.org\",\"@graph\":[{\"@type\":\"WebPage\",\"@id\":\"https:\/\/msviscom.development.digitalist.si\/hr\/izdelek\/nadstresnice-za-auto-arizona-wave\/\",\"url\":\"https:\/\/msviscom.development.digitalist.si\/hr\/izdelek\/nadstresnice-za-auto-arizona-wave\/\",\"name\":\"Nadstre\u0161nice za auto \u2013 Arizona-Wave - MS Viscom\",\"isPartOf\":{\"@id\":\"https:\/\/msviscom.development.digitalist.si\/hr\/#website\"},\"primaryImageOfPage\":{\"@id\":\"https:\/\/msviscom.development.digitalist.si\/hr\/izdelek\/nadstresnice-za-auto-arizona-wave\/#primaryimage\"},\"image\":{\"@id\":\"https:\/\/msviscom.development.digitalist.si\/hr\/izdelek\/nadstresnice-za-auto-arizona-wave\/#primaryimage\"},\"thumbnailUrl\":\"https:\/\/msviscom.development.digitalist.si\/wp-content\/uploads\/2025\/07\/Nadstresek_za_avto-Arizona_5000-4_r.jpg\",\"datePublished\":\"2025-07-21T08:09:14+00:00\",\"dateModified\":\"2025-11-17T07:37:15+00:00\",\"breadcrumb\":{\"@id\":\"https:\/\/msviscom.development.digitalist.si\/hr\/izdelek\/nadstresnice-za-auto-arizona-wave\/#breadcrumb\"},\"inLanguage\":\"hr\",\"potentialAction\":[{\"@type\":\"ReadAction\",\"target\":[\"https:\/\/msviscom.development.digitalist.si\/hr\/izdelek\/nadstresnice-za-auto-arizona-wave\/\"]}]},{\"@type\":\"ImageObject\",\"inLanguage\":\"hr\",\"@id\":\"https:\/\/msviscom.development.digitalist.si\/hr\/izdelek\/nadstresnice-za-auto-arizona-wave\/#primaryimage\",\"url\":\"https:\/\/msviscom.development.digitalist.si\/wp-content\/uploads\/2025\/07\/Nadstresek_za_avto-Arizona_5000-4_r.jpg\",\"contentUrl\":\"https:\/\/msviscom.development.digitalist.si\/wp-content\/uploads\/2025\/07\/Nadstresek_za_avto-Arizona_5000-4_r.jpg\",\"width\":800,\"height\":600},{\"@type\":\"BreadcrumbList\",\"@id\":\"https:\/\/msviscom.development.digitalist.si\/hr\/izdelek\/nadstresnice-za-auto-arizona-wave\/#breadcrumb\",\"itemListElement\":[{\"@type\":\"ListItem\",\"position\":1,\"name\":\"Domov\",\"item\":\"https:\/\/msviscom.development.digitalist.si\/hr\/\"},{\"@type\":\"ListItem\",\"position\":2,\"name\":\"Trgovina\",\"item\":\"https:\/\/msviscom.development.digitalist.si\/hr\/trgovina\/\"},{\"@type\":\"ListItem\",\"position\":3,\"name\":\"Nadstre\u0161nice za auto \u2013 Arizona-Wave\"}]},{\"@type\":\"WebSite\",\"@id\":\"https:\/\/msviscom.development.digitalist.si\/hr\/#website\",\"url\":\"https:\/\/msviscom.development.digitalist.si\/hr\/\",\"name\":\"MS Viscom\",\"description\":\"\",\"potentialAction\":[{\"@type\":\"SearchAction\",\"target\":{\"@type\":\"EntryPoint\",\"urlTemplate\":\"https:\/\/msviscom.development.digitalist.si\/hr\/?s={search_term_string}\"},\"query-input\":{\"@type\":\"PropertyValueSpecification\",\"valueRequired\":true,\"valueName\":\"search_term_string\"}}],\"inLanguage\":\"hr\"}]}<\/script>\n<!-- \/ Yoast SEO plugin. -->","yoast_head_json":{"title":"Nadstre\u0161nice za auto \u2013 Arizona-Wave - MS Viscom","robots":{"index":"noindex","follow":"follow","max-snippet":"max-snippet:-1","max-image-preview":"max-image-preview:large","max-video-preview":"max-video-preview:-1"},"og_locale":"hr_HR","og_type":"article","og_title":"Nadstre\u0161nice za auto \u2013 Arizona-Wave - MS Viscom","og_description":"Nadstre\u0161nica za automobil izra\u0111ena od ALU konstrukcije i valovitog polikarbonata.   Estetski i \u010dvrsti vi\u0161enamjenski komplet za automobilsku nadstre\u0161nicu.","og_url":"https:\/\/msviscom.development.digitalist.si\/hr\/izdelek\/nadstresnice-za-auto-arizona-wave\/","og_site_name":"MS Viscom","article_modified_time":"2025-11-17T07:37:15+00:00","twitter_card":"summary_large_image","twitter_misc":{"Procijenjeno vrijeme \u010ditanja":"1 minuta"},"schema":{"@context":"https:\/\/schema.org","@graph":[{"@type":"WebPage","@id":"https:\/\/msviscom.development.digitalist.si\/hr\/izdelek\/nadstresnice-za-auto-arizona-wave\/","url":"https:\/\/msviscom.development.digitalist.si\/hr\/izdelek\/nadstresnice-za-auto-arizona-wave\/","name":"Nadstre\u0161nice za auto \u2013 Arizona-Wave - MS Viscom","isPartOf":{"@id":"https:\/\/msviscom.development.digitalist.si\/hr\/#website"},"primaryImageOfPage":{"@id":"https:\/\/msviscom.development.digitalist.si\/hr\/izdelek\/nadstresnice-za-auto-arizona-wave\/#primaryimage"},"image":{"@id":"https:\/\/msviscom.development.digitalist.si\/hr\/izdelek\/nadstresnice-za-auto-arizona-wave\/#primaryimage"},"thumbnailUrl":"https:\/\/msviscom.development.digitalist.si\/wp-content\/uploads\/2025\/07\/Nadstresek_za_avto-Arizona_5000-4_r.jpg","datePublished":"2025-07-21T08:09:14+00:00","dateModified":"2025-11-17T07:37:15+00:00","breadcrumb":{"@id":"https:\/\/msviscom.development.digitalist.si\/hr\/izdelek\/nadstresnice-za-auto-arizona-wave\/#breadcrumb"},"inLanguage":"hr","potentialAction":[{"@type":"ReadAction","target":["https:\/\/msviscom.development.digitalist.si\/hr\/izdelek\/nadstresnice-za-auto-arizona-wave\/"]}]},{"@type":"ImageObject","inLanguage":"hr","@id":"https:\/\/msviscom.development.digitalist.si\/hr\/izdelek\/nadstresnice-za-auto-arizona-wave\/#primaryimage","url":"https:\/\/msviscom.development.digitalist.si\/wp-content\/uploads\/2025\/07\/Nadstresek_za_avto-Arizona_5000-4_r.jpg","contentUrl":"https:\/\/msviscom.development.digitalist.si\/wp-content\/uploads\/2025\/07\/Nadstresek_za_avto-Arizona_5000-4_r.jpg","width":800,"height":600},{"@type":"BreadcrumbList","@id":"https:\/\/msviscom.development.digitalist.si\/hr\/izdelek\/nadstresnice-za-auto-arizona-wave\/#breadcrumb","itemListElement":[{"@type":"ListItem","position":1,"name":"Domov","item":"https:\/\/msviscom.development.digitalist.si\/hr\/"},{"@type":"ListItem","position":2,"name":"Trgovina","item":"https:\/\/msviscom.development.digitalist.si\/hr\/trgovina\/"},{"@type":"ListItem","position":3,"name":"Nadstre\u0161nice za auto \u2013 Arizona-Wave"}]},{"@type":"WebSite","@id":"https:\/\/msviscom.development.digitalist.si\/hr\/#website","url":"https:\/\/msviscom.development.digitalist.si\/hr\/","name":"MS Viscom","description":"","potentialAction":[{"@type":"SearchAction","target":{"@type":"EntryPoint","urlTemplate":"https:\/\/msviscom.development.digitalist.si\/hr\/?s={search_term_string}"},"query-input":{"@type":"PropertyValueSpecification","valueRequired":true,"valueName":"search_term_string"}}],"inLanguage":"hr"}]}},"_links":{"self":[{"href":"https:\/\/msviscom.development.digitalist.si\/hr\/wp-json\/wp\/v2\/product\/3492","targetHints":{"allow":["GET"]}}],"collection":[{"href":"https:\/\/msviscom.development.digitalist.si\/hr\/wp-json\/wp\/v2\/product"}],"about":[{"href":"https:\/\/msviscom.development.digitalist.si\/hr\/wp-json\/wp\/v2\/types\/product"}],"wp:featuredmedia":[{"embeddable":true,"href":"https:\/\/msviscom.development.digitalist.si\/hr\/wp-json\/wp\/v2\/media\/5318"}],"wp:attachment":[{"href":"https:\/\/msviscom.development.digitalist.si\/hr\/wp-json\/wp\/v2\/media?parent=3492"}],"wp:term":[{"taxonomy":"product_brand","embeddable":true,"href":"https:\/\/msviscom.development.digitalist.si\/hr\/wp-json\/wp\/v2\/product_brand?post=3492"},{"taxonomy":"product_cat","embeddable":true,"href":"https:\/\/msviscom.development.digitalist.si\/hr\/wp-json\/wp\/v2\/product_cat?post=3492"},{"taxonomy":"product_tag","embeddable":true,"href":"https:\/\/msviscom.development.digitalist.si\/hr\/wp-json\/wp\/v2\/product_tag?post=3492"}],"curies":[{"name":"wp","href":"https:\/\/api.w.org\/{rel}","templated":true}]}}