{"id":3491,"date":"2025-07-21T09:09:09","date_gmt":"2025-07-21T08:09:09","guid":{"rendered":"https:\/\/msviscom.development.digitalist.si\/izdelek\/nadstresnice-za-auto-atlas\/"},"modified":"2025-11-17T08:37:15","modified_gmt":"2025-11-17T07:37:15","slug":"nadstresnice-za-auto-atlas","status":"publish","type":"product","link":"https:\/\/msviscom.development.digitalist.si\/hr\/izdelek\/nadstresnice-za-auto-atlas\/","title":{"rendered":"Nadstre\u0161nice za auto \u2013 Atlas"},"content":{"rendered":"<h4><strong>Moderan i elegantan nadstre\u0161nica za automobil, dizajnirana za jednostavnu monta\u017eu.<\/strong><\/h4>\n<p>&nbsp;<\/p>\n<p><strong>Nadstre\u0161nica je modularna, \u0161to omogu\u0107uje produljenje u duljinu spajanjem vi\u0161e jedinica.<\/strong><\/p>\n<p>&nbsp;<\/p>\n<p>\n&bull; Prakti\u010dno neuni\u0161tive valovite polikarbonatne plo\u010de<br \/>\n&bull; Izdr\u017eljiv, antikorozivan aluminijski okvir s pra\u0161kasto obradom i spojni elementi od pocin\u010danog \u010delika<br \/>\n&bull; Dizajn s \u010detiri stupa omogu\u0107uje prostran i jednostavan pristup<br \/>\n&bull; \u010cvrsta i dugotrajna konstrukcija \u2013 dizajnirana da izdr\u017ei ekstremne vremenske uvjete<br \/>\n&bull; Bez potrebe za odr\u017eavanjem \u2013 ne hr\u0111a, ne trune i ne lju\u0161ti se<br \/>\n&bull; Kompaktno i prakti\u010dno pakiranje koje \u0161tedi prostor pri skladi\u0161tenju i smanjuje tro\u0161kove dostave\n<\/p>\n<p>&nbsp;<\/p>\n<p><strong>Nadstre\u0161nice za automobile Atlas su vrhunske kvalitete i imaju 10 godina jamstva.<\/strong><\/p>\n","protected":false},"excerpt":{"rendered":"<p>Pru\u017eite svom automobilu elegantnu i lijepu \u201curadi sam\u201d nadstre\u0161nicu.<\/p>\n","protected":false},"featured_media":5326,"template":"","meta":{"_acf_changed":false},"product_brand":[],"product_cat":[198],"product_tag":[],"class_list":{"0":"post-3491","1":"product","2":"type-product","3":"status-publish","4":"has-post-thumbnail","6":"product_cat-nadstresnice","8":"first","9":"outofstock","10":"taxable","11":"shipping-taxable","12":"purchasable","13":"product-type-simple"},"acf":[],"yoast_head":"<!-- This site is optimized with the Yoast SEO plugin v25.3.1 - https:\/\/yoast.com\/wordpress\/plugins\/seo\/ -->\n<title>Nadstre\u0161nice za auto \u2013 Atlas - MS Viscom<\/title>\n<meta name=\"robots\" content=\"noindex, follow, max-snippet:-1, max-image-preview:large, max-video-preview:-1\" \/>\n<meta property=\"og:locale\" content=\"hr_HR\" \/>\n<meta property=\"og:type\" content=\"article\" \/>\n<meta property=\"og:title\" content=\"Nadstre\u0161nice za auto \u2013 Atlas - MS Viscom\" \/>\n<meta property=\"og:description\" content=\"Pru\u017eite svom automobilu elegantnu i lijepu \u201curadi sam\u201d nadstre\u0161nicu.\" \/>\n<meta property=\"og:url\" content=\"https:\/\/msviscom.development.digitalist.si\/hr\/izdelek\/nadstresnice-za-auto-atlas\/\" \/>\n<meta property=\"og:site_name\" content=\"MS Viscom\" \/>\n<meta property=\"article:modified_time\" content=\"2025-11-17T07:37:15+00:00\" \/>\n<meta name=\"twitter:card\" content=\"summary_large_image\" \/>\n<meta name=\"twitter:label1\" content=\"Procijenjeno vrijeme \u010ditanja\" \/>\n\t<meta name=\"twitter:data1\" content=\"1 minuta\" \/>\n<script type=\"application\/ld+json\" class=\"yoast-schema-graph\">{\"@context\":\"https:\/\/schema.org\",\"@graph\":[{\"@type\":\"WebPage\",\"@id\":\"https:\/\/msviscom.development.digitalist.si\/hr\/izdelek\/nadstresnice-za-auto-atlas\/\",\"url\":\"https:\/\/msviscom.development.digitalist.si\/hr\/izdelek\/nadstresnice-za-auto-atlas\/\",\"name\":\"Nadstre\u0161nice za auto \u2013 Atlas - MS Viscom\",\"isPartOf\":{\"@id\":\"https:\/\/msviscom.development.digitalist.si\/hr\/#website\"},\"primaryImageOfPage\":{\"@id\":\"https:\/\/msviscom.development.digitalist.si\/hr\/izdelek\/nadstresnice-za-auto-atlas\/#primaryimage\"},\"image\":{\"@id\":\"https:\/\/msviscom.development.digitalist.si\/hr\/izdelek\/nadstresnice-za-auto-atlas\/#primaryimage\"},\"thumbnailUrl\":\"https:\/\/msviscom.development.digitalist.si\/wp-content\/uploads\/2025\/07\/Nadstresek-za-avte-Atlas-3_r.jpg\",\"datePublished\":\"2025-07-21T08:09:09+00:00\",\"dateModified\":\"2025-11-17T07:37:15+00:00\",\"breadcrumb\":{\"@id\":\"https:\/\/msviscom.development.digitalist.si\/hr\/izdelek\/nadstresnice-za-auto-atlas\/#breadcrumb\"},\"inLanguage\":\"hr\",\"potentialAction\":[{\"@type\":\"ReadAction\",\"target\":[\"https:\/\/msviscom.development.digitalist.si\/hr\/izdelek\/nadstresnice-za-auto-atlas\/\"]}]},{\"@type\":\"ImageObject\",\"inLanguage\":\"hr\",\"@id\":\"https:\/\/msviscom.development.digitalist.si\/hr\/izdelek\/nadstresnice-za-auto-atlas\/#primaryimage\",\"url\":\"https:\/\/msviscom.development.digitalist.si\/wp-content\/uploads\/2025\/07\/Nadstresek-za-avte-Atlas-3_r.jpg\",\"contentUrl\":\"https:\/\/msviscom.development.digitalist.si\/wp-content\/uploads\/2025\/07\/Nadstresek-za-avte-Atlas-3_r.jpg\",\"width\":800,\"height\":600},{\"@type\":\"BreadcrumbList\",\"@id\":\"https:\/\/msviscom.development.digitalist.si\/hr\/izdelek\/nadstresnice-za-auto-atlas\/#breadcrumb\",\"itemListElement\":[{\"@type\":\"ListItem\",\"position\":1,\"name\":\"Domov\",\"item\":\"https:\/\/msviscom.development.digitalist.si\/hr\/\"},{\"@type\":\"ListItem\",\"position\":2,\"name\":\"Trgovina\",\"item\":\"https:\/\/msviscom.development.digitalist.si\/hr\/trgovina\/\"},{\"@type\":\"ListItem\",\"position\":3,\"name\":\"Nadstre\u0161nice za auto \u2013 Atlas\"}]},{\"@type\":\"WebSite\",\"@id\":\"https:\/\/msviscom.development.digitalist.si\/hr\/#website\",\"url\":\"https:\/\/msviscom.development.digitalist.si\/hr\/\",\"name\":\"MS Viscom\",\"description\":\"\",\"potentialAction\":[{\"@type\":\"SearchAction\",\"target\":{\"@type\":\"EntryPoint\",\"urlTemplate\":\"https:\/\/msviscom.development.digitalist.si\/hr\/?s={search_term_string}\"},\"query-input\":{\"@type\":\"PropertyValueSpecification\",\"valueRequired\":true,\"valueName\":\"search_term_string\"}}],\"inLanguage\":\"hr\"}]}<\/script>\n<!-- \/ Yoast SEO plugin. -->","yoast_head_json":{"title":"Nadstre\u0161nice za auto \u2013 Atlas - MS Viscom","robots":{"index":"noindex","follow":"follow","max-snippet":"max-snippet:-1","max-image-preview":"max-image-preview:large","max-video-preview":"max-video-preview:-1"},"og_locale":"hr_HR","og_type":"article","og_title":"Nadstre\u0161nice za auto \u2013 Atlas - MS Viscom","og_description":"Pru\u017eite svom automobilu elegantnu i lijepu \u201curadi sam\u201d nadstre\u0161nicu.","og_url":"https:\/\/msviscom.development.digitalist.si\/hr\/izdelek\/nadstresnice-za-auto-atlas\/","og_site_name":"MS Viscom","article_modified_time":"2025-11-17T07:37:15+00:00","twitter_card":"summary_large_image","twitter_misc":{"Procijenjeno vrijeme \u010ditanja":"1 minuta"},"schema":{"@context":"https:\/\/schema.org","@graph":[{"@type":"WebPage","@id":"https:\/\/msviscom.development.digitalist.si\/hr\/izdelek\/nadstresnice-za-auto-atlas\/","url":"https:\/\/msviscom.development.digitalist.si\/hr\/izdelek\/nadstresnice-za-auto-atlas\/","name":"Nadstre\u0161nice za auto \u2013 Atlas - MS Viscom","isPartOf":{"@id":"https:\/\/msviscom.development.digitalist.si\/hr\/#website"},"primaryImageOfPage":{"@id":"https:\/\/msviscom.development.digitalist.si\/hr\/izdelek\/nadstresnice-za-auto-atlas\/#primaryimage"},"image":{"@id":"https:\/\/msviscom.development.digitalist.si\/hr\/izdelek\/nadstresnice-za-auto-atlas\/#primaryimage"},"thumbnailUrl":"https:\/\/msviscom.development.digitalist.si\/wp-content\/uploads\/2025\/07\/Nadstresek-za-avte-Atlas-3_r.jpg","datePublished":"2025-07-21T08:09:09+00:00","dateModified":"2025-11-17T07:37:15+00:00","breadcrumb":{"@id":"https:\/\/msviscom.development.digitalist.si\/hr\/izdelek\/nadstresnice-za-auto-atlas\/#breadcrumb"},"inLanguage":"hr","potentialAction":[{"@type":"ReadAction","target":["https:\/\/msviscom.development.digitalist.si\/hr\/izdelek\/nadstresnice-za-auto-atlas\/"]}]},{"@type":"ImageObject","inLanguage":"hr","@id":"https:\/\/msviscom.development.digitalist.si\/hr\/izdelek\/nadstresnice-za-auto-atlas\/#primaryimage","url":"https:\/\/msviscom.development.digitalist.si\/wp-content\/uploads\/2025\/07\/Nadstresek-za-avte-Atlas-3_r.jpg","contentUrl":"https:\/\/msviscom.development.digitalist.si\/wp-content\/uploads\/2025\/07\/Nadstresek-za-avte-Atlas-3_r.jpg","width":800,"height":600},{"@type":"BreadcrumbList","@id":"https:\/\/msviscom.development.digitalist.si\/hr\/izdelek\/nadstresnice-za-auto-atlas\/#breadcrumb","itemListElement":[{"@type":"ListItem","position":1,"name":"Domov","item":"https:\/\/msviscom.development.digitalist.si\/hr\/"},{"@type":"ListItem","position":2,"name":"Trgovina","item":"https:\/\/msviscom.development.digitalist.si\/hr\/trgovina\/"},{"@type":"ListItem","position":3,"name":"Nadstre\u0161nice za auto \u2013 Atlas"}]},{"@type":"WebSite","@id":"https:\/\/msviscom.development.digitalist.si\/hr\/#website","url":"https:\/\/msviscom.development.digitalist.si\/hr\/","name":"MS Viscom","description":"","potentialAction":[{"@type":"SearchAction","target":{"@type":"EntryPoint","urlTemplate":"https:\/\/msviscom.development.digitalist.si\/hr\/?s={search_term_string}"},"query-input":{"@type":"PropertyValueSpecification","valueRequired":true,"valueName":"search_term_string"}}],"inLanguage":"hr"}]}},"_links":{"self":[{"href":"https:\/\/msviscom.development.digitalist.si\/hr\/wp-json\/wp\/v2\/product\/3491","targetHints":{"allow":["GET"]}}],"collection":[{"href":"https:\/\/msviscom.development.digitalist.si\/hr\/wp-json\/wp\/v2\/product"}],"about":[{"href":"https:\/\/msviscom.development.digitalist.si\/hr\/wp-json\/wp\/v2\/types\/product"}],"wp:featuredmedia":[{"embeddable":true,"href":"https:\/\/msviscom.development.digitalist.si\/hr\/wp-json\/wp\/v2\/media\/5326"}],"wp:attachment":[{"href":"https:\/\/msviscom.development.digitalist.si\/hr\/wp-json\/wp\/v2\/media?parent=3491"}],"wp:term":[{"taxonomy":"product_brand","embeddable":true,"href":"https:\/\/msviscom.development.digitalist.si\/hr\/wp-json\/wp\/v2\/product_brand?post=3491"},{"taxonomy":"product_cat","embeddable":true,"href":"https:\/\/msviscom.development.digitalist.si\/hr\/wp-json\/wp\/v2\/product_cat?post=3491"},{"taxonomy":"product_tag","embeddable":true,"href":"https:\/\/msviscom.development.digitalist.si\/hr\/wp-json\/wp\/v2\/product_tag?post=3491"}],"curies":[{"name":"wp","href":"https:\/\/api.w.org\/{rel}","templated":true}]}}