{"id":3485,"date":"2025-07-21T09:08:41","date_gmt":"2025-07-21T08:08:41","guid":{"rendered":"https:\/\/msviscom.development.digitalist.si\/izdelek\/hladioni-prsluk-nilak\/"},"modified":"2025-11-17T08:37:13","modified_gmt":"2025-11-17T07:37:13","slug":"hladioni-prsluk-nilak","status":"publish","type":"product","link":"https:\/\/msviscom.development.digitalist.si\/hr\/izdelek\/hladioni-prsluk-nilak\/","title":{"rendered":"Hladioni prsluk \u2013 NILAK"},"content":{"rendered":"<p>Hladni prsluci NILAK lagani su i jednostavni za (ponovno) aktiviranje.<\/p>\n<p>&nbsp;<\/p>\n<p>Proizvodi su dizajnirani za no\u0161enje u okru\u017eenjima s temperaturama koje nisu ekstremne i najbolje djeluju pri niskoj do srednjoj vla\u017enosti zraka. Razina protoka zraka oko tijela odre\u0111uje u\u010dinak i trajanje hla\u0111enja. Za uporabu u ekstremnim uvjetima, gdje toplinu stvaraju industrijske aktivnosti i gdje korisnik mora nositi za\u0161titnu ili hermeti\u010dku odje\u0107u, ovi proizvodi nisu prikladni jer ne pru\u017eaju dovoljnu za\u0161titu od toplinskog stresa. Za takve uvjete preporu\u010dujemo na\u0161e rashladne proizvode INUTEQ-PAC&reg;.<\/p>\n<p>&nbsp;<\/p>\n<p>Prsluci NILAK predstavljaju ekonomi\u010dno rje\u0161enje za hla\u0111enje tijela.<\/p>\n<p>&nbsp;<\/p>\n<p>Koriste se prvenstveno u hortikulturi, sportu i djelatnostima gdje ste izlo\u017eeni suncu.<\/p>\n<p>&nbsp;<\/p>\n<h5><strong>Kako aktivirati rashladne prsluke NILAK:<\/strong><\/h5>\n<ul>\n<li>Proizvod potopite u vodu na 1 do 2 minute.<\/li>\n<li>Nje\u017eno istisnite vi\u0161ak vode, ali ih <strong>nemojte CIJEDITI!<\/strong><\/li>\n<li>Prije uporabe mo\u017eete ru\u010dnikom obrisati vodootpornu podlogu (prsluk\/pokrivalo).<\/li>\n<li>Vrlo je va\u017eno da se prsluk NILAK <strong>nosi preko majice<\/strong>.<\/li>\n<li>Prsluci moraju <strong>\u010dvrsto prijanjati uz tijelo<\/strong> jer se tako u\u010dinak hla\u0111enja znatno pove\u0107ava.<\/li>\n<\/ul>\n<p>&nbsp;<\/p>\n<p><strong>Tijekom vru\u0107ih ljetnih dana prsluci NILAK pru\u017eit \u0107e vam u\u010dinkovito hla\u0111enje \u2014 samo ih trebate isprobati.<\/strong><\/p>\n","protected":false},"excerpt":{"rendered":"<p>Hladioni prsluk NILAK omogu\u0107uje hla\u0111enje isparavanjem vode unutar prsluka, pri \u010demu je povr\u0161ina lagano vla\u017ena.<\/p>\n","protected":false},"featured_media":1225,"template":"","meta":{"_acf_changed":false},"product_brand":[],"product_cat":[250,252],"product_tag":[],"class_list":{"0":"post-3485","1":"product","2":"type-product","3":"status-publish","4":"has-post-thumbnail","6":"product_cat-rasprodaja","7":"product_cat-rashladna-odjeca","9":"first","10":"outofstock","11":"taxable","12":"shipping-taxable","13":"purchasable","14":"product-type-simple"},"acf":[],"yoast_head":"<!-- This site is optimized with the Yoast SEO plugin v25.3.1 - https:\/\/yoast.com\/wordpress\/plugins\/seo\/ -->\n<title>Hladioni prsluk \u2013 NILAK - MS Viscom<\/title>\n<meta name=\"robots\" content=\"noindex, follow, max-snippet:-1, max-image-preview:large, max-video-preview:-1\" \/>\n<meta property=\"og:locale\" content=\"hr_HR\" \/>\n<meta property=\"og:type\" content=\"article\" \/>\n<meta property=\"og:title\" content=\"Hladioni prsluk \u2013 NILAK - MS Viscom\" \/>\n<meta property=\"og:description\" content=\"Hladioni prsluk NILAK omogu\u0107uje hla\u0111enje isparavanjem vode unutar prsluka, pri \u010demu je povr\u0161ina lagano vla\u017ena.\" \/>\n<meta property=\"og:url\" content=\"https:\/\/msviscom.development.digitalist.si\/hr\/izdelek\/hladioni-prsluk-nilak\/\" \/>\n<meta property=\"og:site_name\" content=\"MS Viscom\" \/>\n<meta property=\"article:modified_time\" content=\"2025-11-17T07:37:13+00:00\" \/>\n<meta name=\"twitter:card\" content=\"summary_large_image\" \/>\n<meta name=\"twitter:label1\" content=\"Procijenjeno vrijeme \u010ditanja\" \/>\n\t<meta name=\"twitter:data1\" content=\"1 minuta\" \/>\n<script type=\"application\/ld+json\" class=\"yoast-schema-graph\">{\"@context\":\"https:\/\/schema.org\",\"@graph\":[{\"@type\":\"WebPage\",\"@id\":\"https:\/\/msviscom.development.digitalist.si\/hr\/izdelek\/hladioni-prsluk-nilak\/\",\"url\":\"https:\/\/msviscom.development.digitalist.si\/hr\/izdelek\/hladioni-prsluk-nilak\/\",\"name\":\"Hladioni prsluk \u2013 NILAK - MS Viscom\",\"isPartOf\":{\"@id\":\"https:\/\/msviscom.development.digitalist.si\/hr\/#website\"},\"primaryImageOfPage\":{\"@id\":\"https:\/\/msviscom.development.digitalist.si\/hr\/izdelek\/hladioni-prsluk-nilak\/#primaryimage\"},\"image\":{\"@id\":\"https:\/\/msviscom.development.digitalist.si\/hr\/izdelek\/hladioni-prsluk-nilak\/#primaryimage\"},\"thumbnailUrl\":\"https:\/\/msviscom.development.digitalist.si\/wp-content\/uploads\/2025\/07\/Hladilni_telovnik_NILAK-black_r.jpg\",\"datePublished\":\"2025-07-21T08:08:41+00:00\",\"dateModified\":\"2025-11-17T07:37:13+00:00\",\"breadcrumb\":{\"@id\":\"https:\/\/msviscom.development.digitalist.si\/hr\/izdelek\/hladioni-prsluk-nilak\/#breadcrumb\"},\"inLanguage\":\"hr\",\"potentialAction\":[{\"@type\":\"ReadAction\",\"target\":[\"https:\/\/msviscom.development.digitalist.si\/hr\/izdelek\/hladioni-prsluk-nilak\/\"]}]},{\"@type\":\"ImageObject\",\"inLanguage\":\"hr\",\"@id\":\"https:\/\/msviscom.development.digitalist.si\/hr\/izdelek\/hladioni-prsluk-nilak\/#primaryimage\",\"url\":\"https:\/\/msviscom.development.digitalist.si\/wp-content\/uploads\/2025\/07\/Hladilni_telovnik_NILAK-black_r.jpg\",\"contentUrl\":\"https:\/\/msviscom.development.digitalist.si\/wp-content\/uploads\/2025\/07\/Hladilni_telovnik_NILAK-black_r.jpg\",\"width\":800,\"height\":600},{\"@type\":\"BreadcrumbList\",\"@id\":\"https:\/\/msviscom.development.digitalist.si\/hr\/izdelek\/hladioni-prsluk-nilak\/#breadcrumb\",\"itemListElement\":[{\"@type\":\"ListItem\",\"position\":1,\"name\":\"Domov\",\"item\":\"https:\/\/msviscom.development.digitalist.si\/hr\/\"},{\"@type\":\"ListItem\",\"position\":2,\"name\":\"Trgovina\",\"item\":\"https:\/\/msviscom.development.digitalist.si\/hr\/trgovina\/\"},{\"@type\":\"ListItem\",\"position\":3,\"name\":\"Hladioni prsluk \u2013 NILAK\"}]},{\"@type\":\"WebSite\",\"@id\":\"https:\/\/msviscom.development.digitalist.si\/hr\/#website\",\"url\":\"https:\/\/msviscom.development.digitalist.si\/hr\/\",\"name\":\"MS Viscom\",\"description\":\"\",\"potentialAction\":[{\"@type\":\"SearchAction\",\"target\":{\"@type\":\"EntryPoint\",\"urlTemplate\":\"https:\/\/msviscom.development.digitalist.si\/hr\/?s={search_term_string}\"},\"query-input\":{\"@type\":\"PropertyValueSpecification\",\"valueRequired\":true,\"valueName\":\"search_term_string\"}}],\"inLanguage\":\"hr\"}]}<\/script>\n<!-- \/ Yoast SEO plugin. -->","yoast_head_json":{"title":"Hladioni prsluk \u2013 NILAK - MS Viscom","robots":{"index":"noindex","follow":"follow","max-snippet":"max-snippet:-1","max-image-preview":"max-image-preview:large","max-video-preview":"max-video-preview:-1"},"og_locale":"hr_HR","og_type":"article","og_title":"Hladioni prsluk \u2013 NILAK - MS Viscom","og_description":"Hladioni prsluk NILAK omogu\u0107uje hla\u0111enje isparavanjem vode unutar prsluka, pri \u010demu je povr\u0161ina lagano vla\u017ena.","og_url":"https:\/\/msviscom.development.digitalist.si\/hr\/izdelek\/hladioni-prsluk-nilak\/","og_site_name":"MS Viscom","article_modified_time":"2025-11-17T07:37:13+00:00","twitter_card":"summary_large_image","twitter_misc":{"Procijenjeno vrijeme \u010ditanja":"1 minuta"},"schema":{"@context":"https:\/\/schema.org","@graph":[{"@type":"WebPage","@id":"https:\/\/msviscom.development.digitalist.si\/hr\/izdelek\/hladioni-prsluk-nilak\/","url":"https:\/\/msviscom.development.digitalist.si\/hr\/izdelek\/hladioni-prsluk-nilak\/","name":"Hladioni prsluk \u2013 NILAK - MS Viscom","isPartOf":{"@id":"https:\/\/msviscom.development.digitalist.si\/hr\/#website"},"primaryImageOfPage":{"@id":"https:\/\/msviscom.development.digitalist.si\/hr\/izdelek\/hladioni-prsluk-nilak\/#primaryimage"},"image":{"@id":"https:\/\/msviscom.development.digitalist.si\/hr\/izdelek\/hladioni-prsluk-nilak\/#primaryimage"},"thumbnailUrl":"https:\/\/msviscom.development.digitalist.si\/wp-content\/uploads\/2025\/07\/Hladilni_telovnik_NILAK-black_r.jpg","datePublished":"2025-07-21T08:08:41+00:00","dateModified":"2025-11-17T07:37:13+00:00","breadcrumb":{"@id":"https:\/\/msviscom.development.digitalist.si\/hr\/izdelek\/hladioni-prsluk-nilak\/#breadcrumb"},"inLanguage":"hr","potentialAction":[{"@type":"ReadAction","target":["https:\/\/msviscom.development.digitalist.si\/hr\/izdelek\/hladioni-prsluk-nilak\/"]}]},{"@type":"ImageObject","inLanguage":"hr","@id":"https:\/\/msviscom.development.digitalist.si\/hr\/izdelek\/hladioni-prsluk-nilak\/#primaryimage","url":"https:\/\/msviscom.development.digitalist.si\/wp-content\/uploads\/2025\/07\/Hladilni_telovnik_NILAK-black_r.jpg","contentUrl":"https:\/\/msviscom.development.digitalist.si\/wp-content\/uploads\/2025\/07\/Hladilni_telovnik_NILAK-black_r.jpg","width":800,"height":600},{"@type":"BreadcrumbList","@id":"https:\/\/msviscom.development.digitalist.si\/hr\/izdelek\/hladioni-prsluk-nilak\/#breadcrumb","itemListElement":[{"@type":"ListItem","position":1,"name":"Domov","item":"https:\/\/msviscom.development.digitalist.si\/hr\/"},{"@type":"ListItem","position":2,"name":"Trgovina","item":"https:\/\/msviscom.development.digitalist.si\/hr\/trgovina\/"},{"@type":"ListItem","position":3,"name":"Hladioni prsluk \u2013 NILAK"}]},{"@type":"WebSite","@id":"https:\/\/msviscom.development.digitalist.si\/hr\/#website","url":"https:\/\/msviscom.development.digitalist.si\/hr\/","name":"MS Viscom","description":"","potentialAction":[{"@type":"SearchAction","target":{"@type":"EntryPoint","urlTemplate":"https:\/\/msviscom.development.digitalist.si\/hr\/?s={search_term_string}"},"query-input":{"@type":"PropertyValueSpecification","valueRequired":true,"valueName":"search_term_string"}}],"inLanguage":"hr"}]}},"_links":{"self":[{"href":"https:\/\/msviscom.development.digitalist.si\/hr\/wp-json\/wp\/v2\/product\/3485","targetHints":{"allow":["GET"]}}],"collection":[{"href":"https:\/\/msviscom.development.digitalist.si\/hr\/wp-json\/wp\/v2\/product"}],"about":[{"href":"https:\/\/msviscom.development.digitalist.si\/hr\/wp-json\/wp\/v2\/types\/product"}],"wp:featuredmedia":[{"embeddable":true,"href":"https:\/\/msviscom.development.digitalist.si\/hr\/wp-json\/wp\/v2\/media\/1225"}],"wp:attachment":[{"href":"https:\/\/msviscom.development.digitalist.si\/hr\/wp-json\/wp\/v2\/media?parent=3485"}],"wp:term":[{"taxonomy":"product_brand","embeddable":true,"href":"https:\/\/msviscom.development.digitalist.si\/hr\/wp-json\/wp\/v2\/product_brand?post=3485"},{"taxonomy":"product_cat","embeddable":true,"href":"https:\/\/msviscom.development.digitalist.si\/hr\/wp-json\/wp\/v2\/product_cat?post=3485"},{"taxonomy":"product_tag","embeddable":true,"href":"https:\/\/msviscom.development.digitalist.si\/hr\/wp-json\/wp\/v2\/product_tag?post=3485"}],"curies":[{"name":"wp","href":"https:\/\/api.w.org\/{rel}","templated":true}]}}