{"id":3477,"date":"2025-07-21T09:08:10","date_gmt":"2025-07-21T08:08:10","guid":{"rendered":"https:\/\/msviscom.development.digitalist.si\/izdelek\/hladioni-prsluk-ataneq\/"},"modified":"2025-11-17T08:37:11","modified_gmt":"2025-11-17T07:37:11","slug":"hladioni-prsluk-ataneq","status":"publish","type":"product","link":"https:\/\/msviscom.development.digitalist.si\/hr\/izdelek\/hladioni-prsluk-ataneq\/","title":{"rendered":"Hladioni prsluk \u2013 ATANEQ"},"content":{"rendered":"<p>Hladni prsluk ATANEQ izra\u0111en je prema inovativnoj nizozemskoj tehnologiji tvrtke INUTEQ &#8211; DRY technology.<\/p>\n<p>&nbsp;<\/p>\n<p>Voda se ulije u prsluk i zatvori. Kroz posebnu tkaninu koja polako propu\u0161ta vlagu, voda postupno isparava, \u010dime se tijelo u\u010dinkovito hladi.<\/p>\n<p>&nbsp;<\/p>\n<p><strong>UPORABA:<\/strong><\/p>\n<ul>\n<li>U hladne prsluke ATANEQ ulijte vodu kroz otvor \u2013 \u010dep koji se nalazi na prsluku, kako bi se voda ravnomjerno rasporedila.<br \/>\n  <strong>Vrlo je va\u017eno da se vi\u0161ak vode iz prsluka NJE\u017dNO istisne, tako da vi\u0161ak iscuri van. PAZI: prsluk se ne smije cijediti, ve\u0107 samo lagano istisnuti vi\u0161ak vode.<\/strong><\/li>\n<li>Posebna pjena unutar prsluka upija samo onoliko vode koliko je potrebno. Vodu treba istisnuti do te mjere da u prsluku ne ostane teku\u0107a voda, ve\u0107 da je pjena samo natopljena. Ako ima previ\u0161e ili premalo vode, u\u010dinak hla\u0111enja bit \u0107e smanjen.<\/li>\n<li>Vrlo je va\u017eno da se prsluk ATANEQ <strong>nosi preko majice<\/strong>.<\/li>\n<li>Prsluk mora <strong>prianjati uz tijelo<\/strong> jer se tako zna\u010dajno pove\u0107ava u\u010dinak hla\u0111enja.<\/li>\n<\/ul>\n<p><strong>Tijekom vru\u0107ih ljetnih dana prsluk ATANEQ pru\u017eit \u0107e vam u\u010dinkovito hla\u0111enje \u2013 samo ga treba isprobati.<\/strong><\/p>\n<p>&nbsp;<\/p>\n","protected":false},"excerpt":{"rendered":"<p>Hladioni prsluk ATANEQ omogu\u0107uje dugotrajno hla\u0111enje sa suhom povr\u0161inom.<\/p>\n","protected":false},"featured_media":1169,"template":"","meta":{"_acf_changed":false},"product_brand":[],"product_cat":[250,252],"product_tag":[],"class_list":{"0":"post-3477","1":"product","2":"type-product","3":"status-publish","4":"has-post-thumbnail","6":"product_cat-rasprodaja","7":"product_cat-rashladna-odjeca","9":"first","10":"outofstock","11":"taxable","12":"shipping-taxable","13":"purchasable","14":"product-type-simple"},"acf":[],"yoast_head":"<!-- This site is optimized with the Yoast SEO plugin v25.3.1 - https:\/\/yoast.com\/wordpress\/plugins\/seo\/ -->\n<title>Hladioni prsluk \u2013 ATANEQ - MS Viscom<\/title>\n<meta name=\"robots\" content=\"noindex, follow, max-snippet:-1, max-image-preview:large, max-video-preview:-1\" \/>\n<meta property=\"og:locale\" content=\"hr_HR\" \/>\n<meta property=\"og:type\" content=\"article\" \/>\n<meta property=\"og:title\" content=\"Hladioni prsluk \u2013 ATANEQ - MS Viscom\" \/>\n<meta property=\"og:description\" content=\"Hladioni prsluk ATANEQ omogu\u0107uje dugotrajno hla\u0111enje sa suhom povr\u0161inom.\" \/>\n<meta property=\"og:url\" content=\"https:\/\/msviscom.development.digitalist.si\/hr\/izdelek\/hladioni-prsluk-ataneq\/\" \/>\n<meta property=\"og:site_name\" content=\"MS Viscom\" \/>\n<meta property=\"article:modified_time\" content=\"2025-11-17T07:37:11+00:00\" \/>\n<meta name=\"twitter:card\" content=\"summary_large_image\" \/>\n<meta name=\"twitter:label1\" content=\"Procijenjeno vrijeme \u010ditanja\" \/>\n\t<meta name=\"twitter:data1\" content=\"1 minuta\" \/>\n<script type=\"application\/ld+json\" class=\"yoast-schema-graph\">{\"@context\":\"https:\/\/schema.org\",\"@graph\":[{\"@type\":\"WebPage\",\"@id\":\"https:\/\/msviscom.development.digitalist.si\/hr\/izdelek\/hladioni-prsluk-ataneq\/\",\"url\":\"https:\/\/msviscom.development.digitalist.si\/hr\/izdelek\/hladioni-prsluk-ataneq\/\",\"name\":\"Hladioni prsluk \u2013 ATANEQ - MS Viscom\",\"isPartOf\":{\"@id\":\"https:\/\/msviscom.development.digitalist.si\/hr\/#website\"},\"primaryImageOfPage\":{\"@id\":\"https:\/\/msviscom.development.digitalist.si\/hr\/izdelek\/hladioni-prsluk-ataneq\/#primaryimage\"},\"image\":{\"@id\":\"https:\/\/msviscom.development.digitalist.si\/hr\/izdelek\/hladioni-prsluk-ataneq\/#primaryimage\"},\"thumbnailUrl\":\"https:\/\/msviscom.development.digitalist.si\/wp-content\/uploads\/2025\/07\/Hladilni_telovnik_ANATEQ-3_r.jpg\",\"datePublished\":\"2025-07-21T08:08:10+00:00\",\"dateModified\":\"2025-11-17T07:37:11+00:00\",\"breadcrumb\":{\"@id\":\"https:\/\/msviscom.development.digitalist.si\/hr\/izdelek\/hladioni-prsluk-ataneq\/#breadcrumb\"},\"inLanguage\":\"hr\",\"potentialAction\":[{\"@type\":\"ReadAction\",\"target\":[\"https:\/\/msviscom.development.digitalist.si\/hr\/izdelek\/hladioni-prsluk-ataneq\/\"]}]},{\"@type\":\"ImageObject\",\"inLanguage\":\"hr\",\"@id\":\"https:\/\/msviscom.development.digitalist.si\/hr\/izdelek\/hladioni-prsluk-ataneq\/#primaryimage\",\"url\":\"https:\/\/msviscom.development.digitalist.si\/wp-content\/uploads\/2025\/07\/Hladilni_telovnik_ANATEQ-3_r.jpg\",\"contentUrl\":\"https:\/\/msviscom.development.digitalist.si\/wp-content\/uploads\/2025\/07\/Hladilni_telovnik_ANATEQ-3_r.jpg\",\"width\":800,\"height\":600},{\"@type\":\"BreadcrumbList\",\"@id\":\"https:\/\/msviscom.development.digitalist.si\/hr\/izdelek\/hladioni-prsluk-ataneq\/#breadcrumb\",\"itemListElement\":[{\"@type\":\"ListItem\",\"position\":1,\"name\":\"Domov\",\"item\":\"https:\/\/msviscom.development.digitalist.si\/hr\/\"},{\"@type\":\"ListItem\",\"position\":2,\"name\":\"Trgovina\",\"item\":\"https:\/\/msviscom.development.digitalist.si\/hr\/trgovina\/\"},{\"@type\":\"ListItem\",\"position\":3,\"name\":\"Hladioni prsluk \u2013 ATANEQ\"}]},{\"@type\":\"WebSite\",\"@id\":\"https:\/\/msviscom.development.digitalist.si\/hr\/#website\",\"url\":\"https:\/\/msviscom.development.digitalist.si\/hr\/\",\"name\":\"MS Viscom\",\"description\":\"\",\"potentialAction\":[{\"@type\":\"SearchAction\",\"target\":{\"@type\":\"EntryPoint\",\"urlTemplate\":\"https:\/\/msviscom.development.digitalist.si\/hr\/?s={search_term_string}\"},\"query-input\":{\"@type\":\"PropertyValueSpecification\",\"valueRequired\":true,\"valueName\":\"search_term_string\"}}],\"inLanguage\":\"hr\"}]}<\/script>\n<!-- \/ Yoast SEO plugin. -->","yoast_head_json":{"title":"Hladioni prsluk \u2013 ATANEQ - MS Viscom","robots":{"index":"noindex","follow":"follow","max-snippet":"max-snippet:-1","max-image-preview":"max-image-preview:large","max-video-preview":"max-video-preview:-1"},"og_locale":"hr_HR","og_type":"article","og_title":"Hladioni prsluk \u2013 ATANEQ - MS Viscom","og_description":"Hladioni prsluk ATANEQ omogu\u0107uje dugotrajno hla\u0111enje sa suhom povr\u0161inom.","og_url":"https:\/\/msviscom.development.digitalist.si\/hr\/izdelek\/hladioni-prsluk-ataneq\/","og_site_name":"MS Viscom","article_modified_time":"2025-11-17T07:37:11+00:00","twitter_card":"summary_large_image","twitter_misc":{"Procijenjeno vrijeme \u010ditanja":"1 minuta"},"schema":{"@context":"https:\/\/schema.org","@graph":[{"@type":"WebPage","@id":"https:\/\/msviscom.development.digitalist.si\/hr\/izdelek\/hladioni-prsluk-ataneq\/","url":"https:\/\/msviscom.development.digitalist.si\/hr\/izdelek\/hladioni-prsluk-ataneq\/","name":"Hladioni prsluk \u2013 ATANEQ - MS Viscom","isPartOf":{"@id":"https:\/\/msviscom.development.digitalist.si\/hr\/#website"},"primaryImageOfPage":{"@id":"https:\/\/msviscom.development.digitalist.si\/hr\/izdelek\/hladioni-prsluk-ataneq\/#primaryimage"},"image":{"@id":"https:\/\/msviscom.development.digitalist.si\/hr\/izdelek\/hladioni-prsluk-ataneq\/#primaryimage"},"thumbnailUrl":"https:\/\/msviscom.development.digitalist.si\/wp-content\/uploads\/2025\/07\/Hladilni_telovnik_ANATEQ-3_r.jpg","datePublished":"2025-07-21T08:08:10+00:00","dateModified":"2025-11-17T07:37:11+00:00","breadcrumb":{"@id":"https:\/\/msviscom.development.digitalist.si\/hr\/izdelek\/hladioni-prsluk-ataneq\/#breadcrumb"},"inLanguage":"hr","potentialAction":[{"@type":"ReadAction","target":["https:\/\/msviscom.development.digitalist.si\/hr\/izdelek\/hladioni-prsluk-ataneq\/"]}]},{"@type":"ImageObject","inLanguage":"hr","@id":"https:\/\/msviscom.development.digitalist.si\/hr\/izdelek\/hladioni-prsluk-ataneq\/#primaryimage","url":"https:\/\/msviscom.development.digitalist.si\/wp-content\/uploads\/2025\/07\/Hladilni_telovnik_ANATEQ-3_r.jpg","contentUrl":"https:\/\/msviscom.development.digitalist.si\/wp-content\/uploads\/2025\/07\/Hladilni_telovnik_ANATEQ-3_r.jpg","width":800,"height":600},{"@type":"BreadcrumbList","@id":"https:\/\/msviscom.development.digitalist.si\/hr\/izdelek\/hladioni-prsluk-ataneq\/#breadcrumb","itemListElement":[{"@type":"ListItem","position":1,"name":"Domov","item":"https:\/\/msviscom.development.digitalist.si\/hr\/"},{"@type":"ListItem","position":2,"name":"Trgovina","item":"https:\/\/msviscom.development.digitalist.si\/hr\/trgovina\/"},{"@type":"ListItem","position":3,"name":"Hladioni prsluk \u2013 ATANEQ"}]},{"@type":"WebSite","@id":"https:\/\/msviscom.development.digitalist.si\/hr\/#website","url":"https:\/\/msviscom.development.digitalist.si\/hr\/","name":"MS Viscom","description":"","potentialAction":[{"@type":"SearchAction","target":{"@type":"EntryPoint","urlTemplate":"https:\/\/msviscom.development.digitalist.si\/hr\/?s={search_term_string}"},"query-input":{"@type":"PropertyValueSpecification","valueRequired":true,"valueName":"search_term_string"}}],"inLanguage":"hr"}]}},"_links":{"self":[{"href":"https:\/\/msviscom.development.digitalist.si\/hr\/wp-json\/wp\/v2\/product\/3477","targetHints":{"allow":["GET"]}}],"collection":[{"href":"https:\/\/msviscom.development.digitalist.si\/hr\/wp-json\/wp\/v2\/product"}],"about":[{"href":"https:\/\/msviscom.development.digitalist.si\/hr\/wp-json\/wp\/v2\/types\/product"}],"wp:featuredmedia":[{"embeddable":true,"href":"https:\/\/msviscom.development.digitalist.si\/hr\/wp-json\/wp\/v2\/media\/1169"}],"wp:attachment":[{"href":"https:\/\/msviscom.development.digitalist.si\/hr\/wp-json\/wp\/v2\/media?parent=3477"}],"wp:term":[{"taxonomy":"product_brand","embeddable":true,"href":"https:\/\/msviscom.development.digitalist.si\/hr\/wp-json\/wp\/v2\/product_brand?post=3477"},{"taxonomy":"product_cat","embeddable":true,"href":"https:\/\/msviscom.development.digitalist.si\/hr\/wp-json\/wp\/v2\/product_cat?post=3477"},{"taxonomy":"product_tag","embeddable":true,"href":"https:\/\/msviscom.development.digitalist.si\/hr\/wp-json\/wp\/v2\/product_tag?post=3477"}],"curies":[{"name":"wp","href":"https:\/\/api.w.org\/{rel}","templated":true}]}}