{"id":3476,"date":"2025-07-21T09:08:08","date_gmt":"2025-07-21T08:08:08","guid":{"rendered":"https:\/\/msviscom.development.digitalist.si\/izdelek\/poliolefinska-folija-cristel\/"},"modified":"2025-11-17T08:37:11","modified_gmt":"2025-11-17T07:37:11","slug":"poliolefinska-folija-cristel","status":"publish","type":"product","link":"https:\/\/msviscom.development.digitalist.si\/hr\/izdelek\/poliolefinska-folija-cristel\/","title":{"rendered":"Poliolefinska folija &#8211; Cristel"},"content":{"rendered":"<p id=\"tw-target-text\" dir=\"ltr\" data-placeholder=\"Prevod\">Poliolefin folija za termalno skupljanje CRISTEL ima izvrsna mehani\u010dka svojstva i<\/p>\n<p>je prikladna za sve vrste strojeva.<\/p>\n<h4 dir=\"ltr\" data-placeholder=\"Prevod\"><\/h4>\n<h4 dir=\"ltr\" data-placeholder=\"Prevod\"><strong>Glavne prednosti CRISTEL skupljaju\u0107e folije su:<\/strong><\/h4>\n<p dir=\"ltr\" data-placeholder=\"Prevod\">&#8211; Otporna na trganje i udarce<\/p>\n<p>&#8211; Dobra obradivost i svestranost<br \/>\n&#8211; \u010cistiji zavar<br \/>\n&#8211; Toplinska stabilnost: role se na sobnoj temperaturi ne iskrivljuju i ne skupljaju<br \/>\n&#8211; Elasti\u010dna je \u2013 bolje se prilago\u0111ava kona\u010dnom proizvodu<br \/>\n&#8211; Otporna na hladno\u0107u, idealna za zamrznute proizvode<br \/>\n&#8211; Sjajna i prozirna, s vrlo dobrim opti\u010dkim svojstvima<br \/>\n&#8211; Ne\u0161kodljiva pri kontaktu s hranom<br \/>\n&#8211; Ekolo\u0161ka, po\u0161tuje okoli\u0161<\/p>\n<p>Poliolefin folija koristi se u mnogim sektorima, kao \u0161to su:<\/p>\n<p>&#8211; prehrambena industrija (\u010dokolade, smrznuta hrana, keksi, zamrznuto meso&#8230;)<br \/>\n&#8211; nakladni\u0161tvo i uredski materijal, multimedija (CD-i i DVD-i)<br \/>\n&#8211; okviri za slike i kalupi<br \/>\n&#8211; kozmetika i parfemi<br \/>\n&#8211; igra\u010dke<br \/>\n&#8211; uvez knjiga, knjige i \u010dasopisi<br \/>\n&#8211; proizvodi za ku\u0107anstvo i kuhinju<br \/>\n&#8211; automobilski rezervni dijelovi<br \/>\n&#8211; promotivni proizvodi, ukrasne pozadine<br \/>\n&#8211; poklon papir i ru\u010dno omatanje rola papira itd.<\/p>\n","protected":false},"excerpt":{"rendered":"<p>Proizvo\u0111a\u010d je Plasticos, jedan od najve\u0107ih proizvo\u0111a\u010da poliolefinske folije u Europi. Ove poliolefinske folije su vrlo visoke kvalitete i prikladne za pakiranje svih vrsta hrane&#8230;<\/p>\n","protected":false},"featured_media":1165,"template":"","meta":{"_acf_changed":false},"product_brand":[],"product_cat":[366],"product_tag":[],"class_list":{"0":"post-3476","1":"product","2":"type-product","3":"status-publish","4":"has-post-thumbnail","6":"product_cat-poliolefinske-folije","8":"first","9":"outofstock","10":"taxable","11":"shipping-taxable","12":"purchasable","13":"product-type-simple"},"acf":[],"yoast_head":"<!-- This site is optimized with the Yoast SEO plugin v25.3.1 - https:\/\/yoast.com\/wordpress\/plugins\/seo\/ -->\n<title>Poliolefinska folija - Cristel - MS Viscom<\/title>\n<meta name=\"robots\" content=\"noindex, follow, max-snippet:-1, max-image-preview:large, max-video-preview:-1\" \/>\n<meta property=\"og:locale\" content=\"hr_HR\" \/>\n<meta property=\"og:type\" content=\"article\" \/>\n<meta property=\"og:title\" content=\"Poliolefinska folija - Cristel - MS Viscom\" \/>\n<meta property=\"og:description\" content=\"Proizvo\u0111a\u010d je Plasticos, jedan od najve\u0107ih proizvo\u0111a\u010da poliolefinske folije u Europi. Ove poliolefinske folije su vrlo visoke kvalitete i prikladne za pakiranje svih vrsta hrane...\" \/>\n<meta property=\"og:url\" content=\"https:\/\/msviscom.development.digitalist.si\/hr\/izdelek\/poliolefinska-folija-cristel\/\" \/>\n<meta property=\"og:site_name\" content=\"MS Viscom\" \/>\n<meta property=\"article:modified_time\" content=\"2025-11-17T07:37:11+00:00\" \/>\n<meta name=\"twitter:card\" content=\"summary_large_image\" \/>\n<meta name=\"twitter:label1\" content=\"Procijenjeno vrijeme \u010ditanja\" \/>\n\t<meta name=\"twitter:data1\" content=\"1 minuta\" \/>\n<script type=\"application\/ld+json\" class=\"yoast-schema-graph\">{\"@context\":\"https:\/\/schema.org\",\"@graph\":[{\"@type\":\"WebPage\",\"@id\":\"https:\/\/msviscom.development.digitalist.si\/hr\/izdelek\/poliolefinska-folija-cristel\/\",\"url\":\"https:\/\/msviscom.development.digitalist.si\/hr\/izdelek\/poliolefinska-folija-cristel\/\",\"name\":\"Poliolefinska folija - Cristel - MS Viscom\",\"isPartOf\":{\"@id\":\"https:\/\/msviscom.development.digitalist.si\/hr\/#website\"},\"primaryImageOfPage\":{\"@id\":\"https:\/\/msviscom.development.digitalist.si\/hr\/izdelek\/poliolefinska-folija-cristel\/#primaryimage\"},\"image\":{\"@id\":\"https:\/\/msviscom.development.digitalist.si\/hr\/izdelek\/poliolefinska-folija-cristel\/#primaryimage\"},\"thumbnailUrl\":\"https:\/\/msviscom.development.digitalist.si\/wp-content\/uploads\/2025\/07\/Poliolefiolefinska_folija_cristel_r.jpg\",\"datePublished\":\"2025-07-21T08:08:08+00:00\",\"dateModified\":\"2025-11-17T07:37:11+00:00\",\"breadcrumb\":{\"@id\":\"https:\/\/msviscom.development.digitalist.si\/hr\/izdelek\/poliolefinska-folija-cristel\/#breadcrumb\"},\"inLanguage\":\"hr\",\"potentialAction\":[{\"@type\":\"ReadAction\",\"target\":[\"https:\/\/msviscom.development.digitalist.si\/hr\/izdelek\/poliolefinska-folija-cristel\/\"]}]},{\"@type\":\"ImageObject\",\"inLanguage\":\"hr\",\"@id\":\"https:\/\/msviscom.development.digitalist.si\/hr\/izdelek\/poliolefinska-folija-cristel\/#primaryimage\",\"url\":\"https:\/\/msviscom.development.digitalist.si\/wp-content\/uploads\/2025\/07\/Poliolefiolefinska_folija_cristel_r.jpg\",\"contentUrl\":\"https:\/\/msviscom.development.digitalist.si\/wp-content\/uploads\/2025\/07\/Poliolefiolefinska_folija_cristel_r.jpg\",\"width\":800,\"height\":600},{\"@type\":\"BreadcrumbList\",\"@id\":\"https:\/\/msviscom.development.digitalist.si\/hr\/izdelek\/poliolefinska-folija-cristel\/#breadcrumb\",\"itemListElement\":[{\"@type\":\"ListItem\",\"position\":1,\"name\":\"Domov\",\"item\":\"https:\/\/msviscom.development.digitalist.si\/hr\/\"},{\"@type\":\"ListItem\",\"position\":2,\"name\":\"Trgovina\",\"item\":\"https:\/\/msviscom.development.digitalist.si\/hr\/trgovina\/\"},{\"@type\":\"ListItem\",\"position\":3,\"name\":\"Poliolefinska folija &#8211; Cristel\"}]},{\"@type\":\"WebSite\",\"@id\":\"https:\/\/msviscom.development.digitalist.si\/hr\/#website\",\"url\":\"https:\/\/msviscom.development.digitalist.si\/hr\/\",\"name\":\"MS Viscom\",\"description\":\"\",\"potentialAction\":[{\"@type\":\"SearchAction\",\"target\":{\"@type\":\"EntryPoint\",\"urlTemplate\":\"https:\/\/msviscom.development.digitalist.si\/hr\/?s={search_term_string}\"},\"query-input\":{\"@type\":\"PropertyValueSpecification\",\"valueRequired\":true,\"valueName\":\"search_term_string\"}}],\"inLanguage\":\"hr\"}]}<\/script>\n<!-- \/ Yoast SEO plugin. -->","yoast_head_json":{"title":"Poliolefinska folija - Cristel - MS Viscom","robots":{"index":"noindex","follow":"follow","max-snippet":"max-snippet:-1","max-image-preview":"max-image-preview:large","max-video-preview":"max-video-preview:-1"},"og_locale":"hr_HR","og_type":"article","og_title":"Poliolefinska folija - Cristel - MS Viscom","og_description":"Proizvo\u0111a\u010d je Plasticos, jedan od najve\u0107ih proizvo\u0111a\u010da poliolefinske folije u Europi. Ove poliolefinske folije su vrlo visoke kvalitete i prikladne za pakiranje svih vrsta hrane...","og_url":"https:\/\/msviscom.development.digitalist.si\/hr\/izdelek\/poliolefinska-folija-cristel\/","og_site_name":"MS Viscom","article_modified_time":"2025-11-17T07:37:11+00:00","twitter_card":"summary_large_image","twitter_misc":{"Procijenjeno vrijeme \u010ditanja":"1 minuta"},"schema":{"@context":"https:\/\/schema.org","@graph":[{"@type":"WebPage","@id":"https:\/\/msviscom.development.digitalist.si\/hr\/izdelek\/poliolefinska-folija-cristel\/","url":"https:\/\/msviscom.development.digitalist.si\/hr\/izdelek\/poliolefinska-folija-cristel\/","name":"Poliolefinska folija - Cristel - MS Viscom","isPartOf":{"@id":"https:\/\/msviscom.development.digitalist.si\/hr\/#website"},"primaryImageOfPage":{"@id":"https:\/\/msviscom.development.digitalist.si\/hr\/izdelek\/poliolefinska-folija-cristel\/#primaryimage"},"image":{"@id":"https:\/\/msviscom.development.digitalist.si\/hr\/izdelek\/poliolefinska-folija-cristel\/#primaryimage"},"thumbnailUrl":"https:\/\/msviscom.development.digitalist.si\/wp-content\/uploads\/2025\/07\/Poliolefiolefinska_folija_cristel_r.jpg","datePublished":"2025-07-21T08:08:08+00:00","dateModified":"2025-11-17T07:37:11+00:00","breadcrumb":{"@id":"https:\/\/msviscom.development.digitalist.si\/hr\/izdelek\/poliolefinska-folija-cristel\/#breadcrumb"},"inLanguage":"hr","potentialAction":[{"@type":"ReadAction","target":["https:\/\/msviscom.development.digitalist.si\/hr\/izdelek\/poliolefinska-folija-cristel\/"]}]},{"@type":"ImageObject","inLanguage":"hr","@id":"https:\/\/msviscom.development.digitalist.si\/hr\/izdelek\/poliolefinska-folija-cristel\/#primaryimage","url":"https:\/\/msviscom.development.digitalist.si\/wp-content\/uploads\/2025\/07\/Poliolefiolefinska_folija_cristel_r.jpg","contentUrl":"https:\/\/msviscom.development.digitalist.si\/wp-content\/uploads\/2025\/07\/Poliolefiolefinska_folija_cristel_r.jpg","width":800,"height":600},{"@type":"BreadcrumbList","@id":"https:\/\/msviscom.development.digitalist.si\/hr\/izdelek\/poliolefinska-folija-cristel\/#breadcrumb","itemListElement":[{"@type":"ListItem","position":1,"name":"Domov","item":"https:\/\/msviscom.development.digitalist.si\/hr\/"},{"@type":"ListItem","position":2,"name":"Trgovina","item":"https:\/\/msviscom.development.digitalist.si\/hr\/trgovina\/"},{"@type":"ListItem","position":3,"name":"Poliolefinska folija &#8211; Cristel"}]},{"@type":"WebSite","@id":"https:\/\/msviscom.development.digitalist.si\/hr\/#website","url":"https:\/\/msviscom.development.digitalist.si\/hr\/","name":"MS Viscom","description":"","potentialAction":[{"@type":"SearchAction","target":{"@type":"EntryPoint","urlTemplate":"https:\/\/msviscom.development.digitalist.si\/hr\/?s={search_term_string}"},"query-input":{"@type":"PropertyValueSpecification","valueRequired":true,"valueName":"search_term_string"}}],"inLanguage":"hr"}]}},"_links":{"self":[{"href":"https:\/\/msviscom.development.digitalist.si\/hr\/wp-json\/wp\/v2\/product\/3476","targetHints":{"allow":["GET"]}}],"collection":[{"href":"https:\/\/msviscom.development.digitalist.si\/hr\/wp-json\/wp\/v2\/product"}],"about":[{"href":"https:\/\/msviscom.development.digitalist.si\/hr\/wp-json\/wp\/v2\/types\/product"}],"wp:featuredmedia":[{"embeddable":true,"href":"https:\/\/msviscom.development.digitalist.si\/hr\/wp-json\/wp\/v2\/media\/1165"}],"wp:attachment":[{"href":"https:\/\/msviscom.development.digitalist.si\/hr\/wp-json\/wp\/v2\/media?parent=3476"}],"wp:term":[{"taxonomy":"product_brand","embeddable":true,"href":"https:\/\/msviscom.development.digitalist.si\/hr\/wp-json\/wp\/v2\/product_brand?post=3476"},{"taxonomy":"product_cat","embeddable":true,"href":"https:\/\/msviscom.development.digitalist.si\/hr\/wp-json\/wp\/v2\/product_cat?post=3476"},{"taxonomy":"product_tag","embeddable":true,"href":"https:\/\/msviscom.development.digitalist.si\/hr\/wp-json\/wp\/v2\/product_tag?post=3476"}],"curies":[{"name":"wp","href":"https:\/\/api.w.org\/{rel}","templated":true}]}}