{"id":3474,"date":"2025-07-21T09:07:57","date_gmt":"2025-07-21T08:07:57","guid":{"rendered":"https:\/\/msviscom.development.digitalist.si\/izdelek\/vanjska-kompaktna-ploca-exterior\/"},"modified":"2025-11-17T08:37:10","modified_gmt":"2025-11-17T07:37:10","slug":"vanjska-kompaktna-ploca-exterior","status":"publish","type":"product","link":"https:\/\/msviscom.development.digitalist.si\/hr\/izdelek\/vanjska-kompaktna-ploca-exterior\/","title":{"rendered":"VANJSKA KOMPAKTNA PLO\u010cA \u2013 EXTERIOR"},"content":{"rendered":"<p data-start=\"352\" data-end=\"677\">Vanjski kompakt predstavlja vrhunsko rje\u0161enje za fasadne i vanjske dekorativne obloge. Plo\u010de su izra\u0111ene od papira impregniranog fenolnom smolom te za\u0161ti\u0107ene melaminskom ili drugom dekorativnom folijom, \u0161to im daje otpornost na vremenske utjecaje, UV-zra\u010denje i mehani\u010dka o\u0161te\u0107enja. Umjesto ravnih aplikacija, idealne su za balkone, ograde, fasadne obloge i vanjske dekorativne zidove, gdje je va\u017eno da materijal godinama zadr\u017ei boju, teksturu i oblik. Dostupne su u razli\u010ditim dekorima i povr\u0161inskim strukturama, poput mat, teksturirane ili obojene zavr\u0161ne obrade. Mogu\u0107nost rezanja po mjeri omogu\u0107uje prilagodbu svakom projektu uz zadr\u017eavanje profesionalnog i estetskog izgleda.<\/p>\n<h4><strong>Glavne prednosti kompakt plo\u010da:<\/strong><\/h4>\n<p>\u2022 dobra udarna \u010dvrsto\u0107a,<br \/>\n\u2022 dobra otpornost na mehani\u010dka optere\u0107enja,<br \/>\n\u2022 jednostavna monta\u017ea,<br \/>\n\u2022 jednostavno rukovanje i ugradnja,<br \/>\n\u2022 dobra vatrootpornost,<br \/>\n\u2022 UV za\u0161tita<\/p>\n","protected":false},"excerpt":{"rendered":"<p>Vanjska kompaktna \u2013 Exterior HPL plo\u010de su robusne fasadne plo\u010de s UV za\u0161titom, idealne za ograde, balkone i vanjske obloge. Estetika i trajnost u jednom.<\/p>\n","protected":false},"featured_media":2915,"template":"","meta":{"_acf_changed":false},"product_brand":[],"product_cat":[188,196],"product_tag":[],"class_list":{"0":"post-3474","1":"product","2":"type-product","3":"status-publish","4":"has-post-thumbnail","6":"product_cat-kompakt-ploce","7":"product_cat-vanjska-kompakta","9":"first","10":"outofstock","11":"taxable","12":"shipping-taxable","13":"purchasable","14":"product-type-simple"},"acf":[],"yoast_head":"<!-- This site is optimized with the Yoast SEO plugin v25.3.1 - https:\/\/yoast.com\/wordpress\/plugins\/seo\/ -->\n<title>VANJSKA KOMPAKTNA PLO\u010cA \u2013 EXTERIOR - MS Viscom<\/title>\n<meta name=\"robots\" content=\"noindex, follow, max-snippet:-1, max-image-preview:large, max-video-preview:-1\" \/>\n<meta property=\"og:locale\" content=\"hr_HR\" \/>\n<meta property=\"og:type\" content=\"article\" \/>\n<meta property=\"og:title\" content=\"VANJSKA KOMPAKTNA PLO\u010cA \u2013 EXTERIOR - MS Viscom\" \/>\n<meta property=\"og:description\" content=\"Vanjska kompaktna \u2013 Exterior HPL plo\u010de su robusne fasadne plo\u010de s UV za\u0161titom, idealne za ograde, balkone i vanjske obloge. Estetika i trajnost u jednom.\" \/>\n<meta property=\"og:url\" content=\"https:\/\/msviscom.development.digitalist.si\/hr\/izdelek\/vanjska-kompaktna-ploca-exterior\/\" \/>\n<meta property=\"og:site_name\" content=\"MS Viscom\" \/>\n<meta property=\"article:modified_time\" content=\"2025-11-17T07:37:10+00:00\" \/>\n<meta name=\"twitter:card\" content=\"summary_large_image\" \/>\n<meta name=\"twitter:label1\" content=\"Procijenjeno vrijeme \u010ditanja\" \/>\n\t<meta name=\"twitter:data1\" content=\"1 minuta\" \/>\n<script type=\"application\/ld+json\" class=\"yoast-schema-graph\">{\"@context\":\"https:\/\/schema.org\",\"@graph\":[{\"@type\":\"WebPage\",\"@id\":\"https:\/\/msviscom.development.digitalist.si\/hr\/izdelek\/vanjska-kompaktna-ploca-exterior\/\",\"url\":\"https:\/\/msviscom.development.digitalist.si\/hr\/izdelek\/vanjska-kompaktna-ploca-exterior\/\",\"name\":\"VANJSKA KOMPAKTNA PLO\u010cA \u2013 EXTERIOR - MS Viscom\",\"isPartOf\":{\"@id\":\"https:\/\/msviscom.development.digitalist.si\/hr\/#website\"},\"primaryImageOfPage\":{\"@id\":\"https:\/\/msviscom.development.digitalist.si\/hr\/izdelek\/vanjska-kompaktna-ploca-exterior\/#primaryimage\"},\"image\":{\"@id\":\"https:\/\/msviscom.development.digitalist.si\/hr\/izdelek\/vanjska-kompaktna-ploca-exterior\/#primaryimage\"},\"thumbnailUrl\":\"https:\/\/msviscom.development.digitalist.si\/wp-content\/uploads\/2025\/09\/Compacta_HPL_exterior_Lamicolor-2-scaled.jpg\",\"datePublished\":\"2025-07-21T08:07:57+00:00\",\"dateModified\":\"2025-11-17T07:37:10+00:00\",\"breadcrumb\":{\"@id\":\"https:\/\/msviscom.development.digitalist.si\/hr\/izdelek\/vanjska-kompaktna-ploca-exterior\/#breadcrumb\"},\"inLanguage\":\"hr\",\"potentialAction\":[{\"@type\":\"ReadAction\",\"target\":[\"https:\/\/msviscom.development.digitalist.si\/hr\/izdelek\/vanjska-kompaktna-ploca-exterior\/\"]}]},{\"@type\":\"ImageObject\",\"inLanguage\":\"hr\",\"@id\":\"https:\/\/msviscom.development.digitalist.si\/hr\/izdelek\/vanjska-kompaktna-ploca-exterior\/#primaryimage\",\"url\":\"https:\/\/msviscom.development.digitalist.si\/wp-content\/uploads\/2025\/09\/Compacta_HPL_exterior_Lamicolor-2-scaled.jpg\",\"contentUrl\":\"https:\/\/msviscom.development.digitalist.si\/wp-content\/uploads\/2025\/09\/Compacta_HPL_exterior_Lamicolor-2-scaled.jpg\",\"width\":2560,\"height\":1704},{\"@type\":\"BreadcrumbList\",\"@id\":\"https:\/\/msviscom.development.digitalist.si\/hr\/izdelek\/vanjska-kompaktna-ploca-exterior\/#breadcrumb\",\"itemListElement\":[{\"@type\":\"ListItem\",\"position\":1,\"name\":\"Domov\",\"item\":\"https:\/\/msviscom.development.digitalist.si\/hr\/\"},{\"@type\":\"ListItem\",\"position\":2,\"name\":\"Trgovina\",\"item\":\"https:\/\/msviscom.development.digitalist.si\/hr\/trgovina\/\"},{\"@type\":\"ListItem\",\"position\":3,\"name\":\"VANJSKA KOMPAKTNA PLO\u010cA \u2013 EXTERIOR\"}]},{\"@type\":\"WebSite\",\"@id\":\"https:\/\/msviscom.development.digitalist.si\/hr\/#website\",\"url\":\"https:\/\/msviscom.development.digitalist.si\/hr\/\",\"name\":\"MS Viscom\",\"description\":\"\",\"potentialAction\":[{\"@type\":\"SearchAction\",\"target\":{\"@type\":\"EntryPoint\",\"urlTemplate\":\"https:\/\/msviscom.development.digitalist.si\/hr\/?s={search_term_string}\"},\"query-input\":{\"@type\":\"PropertyValueSpecification\",\"valueRequired\":true,\"valueName\":\"search_term_string\"}}],\"inLanguage\":\"hr\"}]}<\/script>\n<!-- \/ Yoast SEO plugin. -->","yoast_head_json":{"title":"VANJSKA KOMPAKTNA PLO\u010cA \u2013 EXTERIOR - MS Viscom","robots":{"index":"noindex","follow":"follow","max-snippet":"max-snippet:-1","max-image-preview":"max-image-preview:large","max-video-preview":"max-video-preview:-1"},"og_locale":"hr_HR","og_type":"article","og_title":"VANJSKA KOMPAKTNA PLO\u010cA \u2013 EXTERIOR - MS Viscom","og_description":"Vanjska kompaktna \u2013 Exterior HPL plo\u010de su robusne fasadne plo\u010de s UV za\u0161titom, idealne za ograde, balkone i vanjske obloge. Estetika i trajnost u jednom.","og_url":"https:\/\/msviscom.development.digitalist.si\/hr\/izdelek\/vanjska-kompaktna-ploca-exterior\/","og_site_name":"MS Viscom","article_modified_time":"2025-11-17T07:37:10+00:00","twitter_card":"summary_large_image","twitter_misc":{"Procijenjeno vrijeme \u010ditanja":"1 minuta"},"schema":{"@context":"https:\/\/schema.org","@graph":[{"@type":"WebPage","@id":"https:\/\/msviscom.development.digitalist.si\/hr\/izdelek\/vanjska-kompaktna-ploca-exterior\/","url":"https:\/\/msviscom.development.digitalist.si\/hr\/izdelek\/vanjska-kompaktna-ploca-exterior\/","name":"VANJSKA KOMPAKTNA PLO\u010cA \u2013 EXTERIOR - MS Viscom","isPartOf":{"@id":"https:\/\/msviscom.development.digitalist.si\/hr\/#website"},"primaryImageOfPage":{"@id":"https:\/\/msviscom.development.digitalist.si\/hr\/izdelek\/vanjska-kompaktna-ploca-exterior\/#primaryimage"},"image":{"@id":"https:\/\/msviscom.development.digitalist.si\/hr\/izdelek\/vanjska-kompaktna-ploca-exterior\/#primaryimage"},"thumbnailUrl":"https:\/\/msviscom.development.digitalist.si\/wp-content\/uploads\/2025\/09\/Compacta_HPL_exterior_Lamicolor-2-scaled.jpg","datePublished":"2025-07-21T08:07:57+00:00","dateModified":"2025-11-17T07:37:10+00:00","breadcrumb":{"@id":"https:\/\/msviscom.development.digitalist.si\/hr\/izdelek\/vanjska-kompaktna-ploca-exterior\/#breadcrumb"},"inLanguage":"hr","potentialAction":[{"@type":"ReadAction","target":["https:\/\/msviscom.development.digitalist.si\/hr\/izdelek\/vanjska-kompaktna-ploca-exterior\/"]}]},{"@type":"ImageObject","inLanguage":"hr","@id":"https:\/\/msviscom.development.digitalist.si\/hr\/izdelek\/vanjska-kompaktna-ploca-exterior\/#primaryimage","url":"https:\/\/msviscom.development.digitalist.si\/wp-content\/uploads\/2025\/09\/Compacta_HPL_exterior_Lamicolor-2-scaled.jpg","contentUrl":"https:\/\/msviscom.development.digitalist.si\/wp-content\/uploads\/2025\/09\/Compacta_HPL_exterior_Lamicolor-2-scaled.jpg","width":2560,"height":1704},{"@type":"BreadcrumbList","@id":"https:\/\/msviscom.development.digitalist.si\/hr\/izdelek\/vanjska-kompaktna-ploca-exterior\/#breadcrumb","itemListElement":[{"@type":"ListItem","position":1,"name":"Domov","item":"https:\/\/msviscom.development.digitalist.si\/hr\/"},{"@type":"ListItem","position":2,"name":"Trgovina","item":"https:\/\/msviscom.development.digitalist.si\/hr\/trgovina\/"},{"@type":"ListItem","position":3,"name":"VANJSKA KOMPAKTNA PLO\u010cA \u2013 EXTERIOR"}]},{"@type":"WebSite","@id":"https:\/\/msviscom.development.digitalist.si\/hr\/#website","url":"https:\/\/msviscom.development.digitalist.si\/hr\/","name":"MS Viscom","description":"","potentialAction":[{"@type":"SearchAction","target":{"@type":"EntryPoint","urlTemplate":"https:\/\/msviscom.development.digitalist.si\/hr\/?s={search_term_string}"},"query-input":{"@type":"PropertyValueSpecification","valueRequired":true,"valueName":"search_term_string"}}],"inLanguage":"hr"}]}},"_links":{"self":[{"href":"https:\/\/msviscom.development.digitalist.si\/hr\/wp-json\/wp\/v2\/product\/3474","targetHints":{"allow":["GET"]}}],"collection":[{"href":"https:\/\/msviscom.development.digitalist.si\/hr\/wp-json\/wp\/v2\/product"}],"about":[{"href":"https:\/\/msviscom.development.digitalist.si\/hr\/wp-json\/wp\/v2\/types\/product"}],"wp:featuredmedia":[{"embeddable":true,"href":"https:\/\/msviscom.development.digitalist.si\/hr\/wp-json\/wp\/v2\/media\/2915"}],"wp:attachment":[{"href":"https:\/\/msviscom.development.digitalist.si\/hr\/wp-json\/wp\/v2\/media?parent=3474"}],"wp:term":[{"taxonomy":"product_brand","embeddable":true,"href":"https:\/\/msviscom.development.digitalist.si\/hr\/wp-json\/wp\/v2\/product_brand?post=3474"},{"taxonomy":"product_cat","embeddable":true,"href":"https:\/\/msviscom.development.digitalist.si\/hr\/wp-json\/wp\/v2\/product_cat?post=3474"},{"taxonomy":"product_tag","embeddable":true,"href":"https:\/\/msviscom.development.digitalist.si\/hr\/wp-json\/wp\/v2\/product_tag?post=3474"}],"curies":[{"name":"wp","href":"https:\/\/api.w.org\/{rel}","templated":true}]}}