{"id":3465,"date":"2025-07-21T09:07:16","date_gmt":"2025-07-21T08:07:16","guid":{"rendered":"https:\/\/msviscom.development.digitalist.si\/izdelek\/markiza-bijela-3x305-m-za-nadstresnicu-za-terasu-sierra\/"},"modified":"2025-11-17T08:37:07","modified_gmt":"2025-11-17T07:37:07","slug":"markiza-bijela-3x305-m-za-nadstresnicu-za-terasu-sierra","status":"publish","type":"product","link":"https:\/\/msviscom.development.digitalist.si\/hr\/izdelek\/markiza-bijela-3x305-m-za-nadstresnicu-za-terasu-sierra\/","title":{"rendered":"Markiza bijela 3&#215;3,05 m za NADSTRE\u0160NICU ZA TERASU SIERRA"},"content":{"rendered":"<p>Markiza za nadstre\u0161nicu Sierra<\/p>\n<p>Namjena: zasjenjenje<\/p>\n<p>Boja: bijela<\/p>\n<p>Upotreba za nadstre\u0161nicu Sierra dim. 3&#215;3,05 m<\/p>\n<p>Palram Sierra dodaci \u2013 bijela markiza stvara ugodnu atmosferu tijekom sun\u010danih dana. Set zavjesa izra\u0111en je od tkanine sli\u010dne platnu. Prikladna za terase du\u017eine 3 metra.<\/p>\n","protected":false},"excerpt":{"rendered":"<p>Palram Sierra dodaci \u2013 bijela markiza stvara ugodnu atmosferu tijekom sun\u010danih dana. Set zavjesa izra\u0111en je od tkanine sli\u010dne platnu. Prikladna za terase du\u017eine 3 metra.<\/p>\n","protected":false},"featured_media":5021,"template":"","meta":{"_acf_changed":false},"product_brand":[],"product_cat":[198,207],"product_tag":[],"class_list":{"0":"post-3465","1":"product","2":"type-product","3":"status-publish","4":"has-post-thumbnail","6":"product_cat-nadstresnice","7":"product_cat-sierra","9":"first","10":"instock","11":"taxable","12":"shipping-taxable","13":"purchasable","14":"product-type-simple"},"acf":[],"yoast_head":"<!-- This site is optimized with the Yoast SEO plugin v25.3.1 - https:\/\/yoast.com\/wordpress\/plugins\/seo\/ -->\n<title>Markiza bijela 3x3,05 m za NADSTRE\u0160NICU ZA TERASU SIERRA - MS Viscom<\/title>\n<meta name=\"robots\" content=\"noindex, follow, max-snippet:-1, max-image-preview:large, max-video-preview:-1\" \/>\n<meta property=\"og:locale\" content=\"hr_HR\" \/>\n<meta property=\"og:type\" content=\"article\" \/>\n<meta property=\"og:title\" content=\"Markiza bijela 3x3,05 m za NADSTRE\u0160NICU ZA TERASU SIERRA - MS Viscom\" \/>\n<meta property=\"og:description\" content=\"Palram Sierra dodaci \u2013 bijela markiza stvara ugodnu atmosferu tijekom sun\u010danih dana. Set zavjesa izra\u0111en je od tkanine sli\u010dne platnu. Prikladna za terase du\u017eine 3 metra.\" \/>\n<meta property=\"og:url\" content=\"https:\/\/msviscom.development.digitalist.si\/hr\/izdelek\/markiza-bijela-3x305-m-za-nadstresnicu-za-terasu-sierra\/\" \/>\n<meta property=\"og:site_name\" content=\"MS Viscom\" \/>\n<meta property=\"article:modified_time\" content=\"2025-11-17T07:37:07+00:00\" \/>\n<meta name=\"twitter:card\" content=\"summary_large_image\" \/>\n<script type=\"application\/ld+json\" class=\"yoast-schema-graph\">{\"@context\":\"https:\/\/schema.org\",\"@graph\":[{\"@type\":\"WebPage\",\"@id\":\"https:\/\/msviscom.development.digitalist.si\/hr\/izdelek\/markiza-bijela-3x305-m-za-nadstresnicu-za-terasu-sierra\/\",\"url\":\"https:\/\/msviscom.development.digitalist.si\/hr\/izdelek\/markiza-bijela-3x305-m-za-nadstresnicu-za-terasu-sierra\/\",\"name\":\"Markiza bijela 3x3,05 m za NADSTRE\u0160NICU ZA TERASU SIERRA - MS Viscom\",\"isPartOf\":{\"@id\":\"https:\/\/msviscom.development.digitalist.si\/hr\/#website\"},\"primaryImageOfPage\":{\"@id\":\"https:\/\/msviscom.development.digitalist.si\/hr\/izdelek\/markiza-bijela-3x305-m-za-nadstresnicu-za-terasu-sierra\/#primaryimage\"},\"image\":{\"@id\":\"https:\/\/msviscom.development.digitalist.si\/hr\/izdelek\/markiza-bijela-3x305-m-za-nadstresnicu-za-terasu-sierra\/#primaryimage\"},\"thumbnailUrl\":\"https:\/\/msviscom.development.digitalist.si\/wp-content\/uploads\/2025\/07\/Palram_Patio_Cover_Accessories_Roof_Blinds_main_1.jpg\",\"datePublished\":\"2025-07-21T08:07:16+00:00\",\"dateModified\":\"2025-11-17T07:37:07+00:00\",\"breadcrumb\":{\"@id\":\"https:\/\/msviscom.development.digitalist.si\/hr\/izdelek\/markiza-bijela-3x305-m-za-nadstresnicu-za-terasu-sierra\/#breadcrumb\"},\"inLanguage\":\"hr\",\"potentialAction\":[{\"@type\":\"ReadAction\",\"target\":[\"https:\/\/msviscom.development.digitalist.si\/hr\/izdelek\/markiza-bijela-3x305-m-za-nadstresnicu-za-terasu-sierra\/\"]}]},{\"@type\":\"ImageObject\",\"inLanguage\":\"hr\",\"@id\":\"https:\/\/msviscom.development.digitalist.si\/hr\/izdelek\/markiza-bijela-3x305-m-za-nadstresnicu-za-terasu-sierra\/#primaryimage\",\"url\":\"https:\/\/msviscom.development.digitalist.si\/wp-content\/uploads\/2025\/07\/Palram_Patio_Cover_Accessories_Roof_Blinds_main_1.jpg\",\"contentUrl\":\"https:\/\/msviscom.development.digitalist.si\/wp-content\/uploads\/2025\/07\/Palram_Patio_Cover_Accessories_Roof_Blinds_main_1.jpg\",\"width\":800,\"height\":600},{\"@type\":\"BreadcrumbList\",\"@id\":\"https:\/\/msviscom.development.digitalist.si\/hr\/izdelek\/markiza-bijela-3x305-m-za-nadstresnicu-za-terasu-sierra\/#breadcrumb\",\"itemListElement\":[{\"@type\":\"ListItem\",\"position\":1,\"name\":\"Domov\",\"item\":\"https:\/\/msviscom.development.digitalist.si\/hr\/\"},{\"@type\":\"ListItem\",\"position\":2,\"name\":\"Trgovina\",\"item\":\"https:\/\/msviscom.development.digitalist.si\/hr\/trgovina\/\"},{\"@type\":\"ListItem\",\"position\":3,\"name\":\"Markiza bijela 3&#215;3,05 m za NADSTRE\u0160NICU ZA TERASU SIERRA\"}]},{\"@type\":\"WebSite\",\"@id\":\"https:\/\/msviscom.development.digitalist.si\/hr\/#website\",\"url\":\"https:\/\/msviscom.development.digitalist.si\/hr\/\",\"name\":\"MS Viscom\",\"description\":\"\",\"potentialAction\":[{\"@type\":\"SearchAction\",\"target\":{\"@type\":\"EntryPoint\",\"urlTemplate\":\"https:\/\/msviscom.development.digitalist.si\/hr\/?s={search_term_string}\"},\"query-input\":{\"@type\":\"PropertyValueSpecification\",\"valueRequired\":true,\"valueName\":\"search_term_string\"}}],\"inLanguage\":\"hr\"}]}<\/script>\n<!-- \/ Yoast SEO plugin. -->","yoast_head_json":{"title":"Markiza bijela 3x3,05 m za NADSTRE\u0160NICU ZA TERASU SIERRA - MS Viscom","robots":{"index":"noindex","follow":"follow","max-snippet":"max-snippet:-1","max-image-preview":"max-image-preview:large","max-video-preview":"max-video-preview:-1"},"og_locale":"hr_HR","og_type":"article","og_title":"Markiza bijela 3x3,05 m za NADSTRE\u0160NICU ZA TERASU SIERRA - MS Viscom","og_description":"Palram Sierra dodaci \u2013 bijela markiza stvara ugodnu atmosferu tijekom sun\u010danih dana. Set zavjesa izra\u0111en je od tkanine sli\u010dne platnu. Prikladna za terase du\u017eine 3 metra.","og_url":"https:\/\/msviscom.development.digitalist.si\/hr\/izdelek\/markiza-bijela-3x305-m-za-nadstresnicu-za-terasu-sierra\/","og_site_name":"MS Viscom","article_modified_time":"2025-11-17T07:37:07+00:00","twitter_card":"summary_large_image","schema":{"@context":"https:\/\/schema.org","@graph":[{"@type":"WebPage","@id":"https:\/\/msviscom.development.digitalist.si\/hr\/izdelek\/markiza-bijela-3x305-m-za-nadstresnicu-za-terasu-sierra\/","url":"https:\/\/msviscom.development.digitalist.si\/hr\/izdelek\/markiza-bijela-3x305-m-za-nadstresnicu-za-terasu-sierra\/","name":"Markiza bijela 3x3,05 m za NADSTRE\u0160NICU ZA TERASU SIERRA - MS Viscom","isPartOf":{"@id":"https:\/\/msviscom.development.digitalist.si\/hr\/#website"},"primaryImageOfPage":{"@id":"https:\/\/msviscom.development.digitalist.si\/hr\/izdelek\/markiza-bijela-3x305-m-za-nadstresnicu-za-terasu-sierra\/#primaryimage"},"image":{"@id":"https:\/\/msviscom.development.digitalist.si\/hr\/izdelek\/markiza-bijela-3x305-m-za-nadstresnicu-za-terasu-sierra\/#primaryimage"},"thumbnailUrl":"https:\/\/msviscom.development.digitalist.si\/wp-content\/uploads\/2025\/07\/Palram_Patio_Cover_Accessories_Roof_Blinds_main_1.jpg","datePublished":"2025-07-21T08:07:16+00:00","dateModified":"2025-11-17T07:37:07+00:00","breadcrumb":{"@id":"https:\/\/msviscom.development.digitalist.si\/hr\/izdelek\/markiza-bijela-3x305-m-za-nadstresnicu-za-terasu-sierra\/#breadcrumb"},"inLanguage":"hr","potentialAction":[{"@type":"ReadAction","target":["https:\/\/msviscom.development.digitalist.si\/hr\/izdelek\/markiza-bijela-3x305-m-za-nadstresnicu-za-terasu-sierra\/"]}]},{"@type":"ImageObject","inLanguage":"hr","@id":"https:\/\/msviscom.development.digitalist.si\/hr\/izdelek\/markiza-bijela-3x305-m-za-nadstresnicu-za-terasu-sierra\/#primaryimage","url":"https:\/\/msviscom.development.digitalist.si\/wp-content\/uploads\/2025\/07\/Palram_Patio_Cover_Accessories_Roof_Blinds_main_1.jpg","contentUrl":"https:\/\/msviscom.development.digitalist.si\/wp-content\/uploads\/2025\/07\/Palram_Patio_Cover_Accessories_Roof_Blinds_main_1.jpg","width":800,"height":600},{"@type":"BreadcrumbList","@id":"https:\/\/msviscom.development.digitalist.si\/hr\/izdelek\/markiza-bijela-3x305-m-za-nadstresnicu-za-terasu-sierra\/#breadcrumb","itemListElement":[{"@type":"ListItem","position":1,"name":"Domov","item":"https:\/\/msviscom.development.digitalist.si\/hr\/"},{"@type":"ListItem","position":2,"name":"Trgovina","item":"https:\/\/msviscom.development.digitalist.si\/hr\/trgovina\/"},{"@type":"ListItem","position":3,"name":"Markiza bijela 3&#215;3,05 m za NADSTRE\u0160NICU ZA TERASU SIERRA"}]},{"@type":"WebSite","@id":"https:\/\/msviscom.development.digitalist.si\/hr\/#website","url":"https:\/\/msviscom.development.digitalist.si\/hr\/","name":"MS Viscom","description":"","potentialAction":[{"@type":"SearchAction","target":{"@type":"EntryPoint","urlTemplate":"https:\/\/msviscom.development.digitalist.si\/hr\/?s={search_term_string}"},"query-input":{"@type":"PropertyValueSpecification","valueRequired":true,"valueName":"search_term_string"}}],"inLanguage":"hr"}]}},"_links":{"self":[{"href":"https:\/\/msviscom.development.digitalist.si\/hr\/wp-json\/wp\/v2\/product\/3465","targetHints":{"allow":["GET"]}}],"collection":[{"href":"https:\/\/msviscom.development.digitalist.si\/hr\/wp-json\/wp\/v2\/product"}],"about":[{"href":"https:\/\/msviscom.development.digitalist.si\/hr\/wp-json\/wp\/v2\/types\/product"}],"wp:featuredmedia":[{"embeddable":true,"href":"https:\/\/msviscom.development.digitalist.si\/hr\/wp-json\/wp\/v2\/media\/5021"}],"wp:attachment":[{"href":"https:\/\/msviscom.development.digitalist.si\/hr\/wp-json\/wp\/v2\/media?parent=3465"}],"wp:term":[{"taxonomy":"product_brand","embeddable":true,"href":"https:\/\/msviscom.development.digitalist.si\/hr\/wp-json\/wp\/v2\/product_brand?post=3465"},{"taxonomy":"product_cat","embeddable":true,"href":"https:\/\/msviscom.development.digitalist.si\/hr\/wp-json\/wp\/v2\/product_cat?post=3465"},{"taxonomy":"product_tag","embeddable":true,"href":"https:\/\/msviscom.development.digitalist.si\/hr\/wp-json\/wp\/v2\/product_tag?post=3465"}],"curies":[{"name":"wp","href":"https:\/\/api.w.org\/{rel}","templated":true}]}}