{"id":3453,"date":"2025-07-21T09:06:32","date_gmt":"2025-07-21T08:06:32","guid":{"rendered":"https:\/\/msviscom.development.digitalist.si\/izdelek\/polikarbonatne-ploce-jednoslojne-prozirne\/"},"modified":"2025-11-17T08:37:03","modified_gmt":"2025-11-17T07:37:03","slug":"polikarbonatne-ploce-jednoslojne-prozirne","status":"publish","type":"product","link":"https:\/\/msviscom.development.digitalist.si\/hr\/izdelek\/polikarbonatne-ploce-jednoslojne-prozirne\/","title":{"rendered":"Polikarbonatne plo\u010de \u2013 jednoslojne, PROZIRNE"},"content":{"rendered":"<p>&nbsp;<\/p>\n<p>Imaju bolje karakteristike od pleksiglasa, zbog \u010dega su svestrano upotrebljive. Zbog dobre propusnosti svjetlosti savr\u0161ene su za oblaganje zidova, ostakljenja i razne krovne obloge. Odli\u010dno se pokazuju kao prozirna krovna obloga terasa, vrtnih nadstre\u0161nica i nadstre\u0161nica za automobile. Njihove glavne prednosti su mala te\u017eina, dobra strukturna \u010dvrsto\u0107a, visoka vatrootpornost i velika udarna otpornost. Pru\u017eaju dobru propusnost svjetlosti, zbog \u010dega su idealan polikarbonatni pokrov za natkrivene terase i vrtne nadstre\u0161nice. Glavne prednosti jednoslojnih polikarbonatnih plo\u010da su velika udarna \u010dvrsto\u0107a, dobra strukturna otpornost i vatrootpornost. Otporne su na UV zrake i ostale vremenske utjecaje te blokiraju gotovo sve vrste zra\u010denja. Rukovanje polikarbonatnim plo\u010dama jednostavno je zbog njihove male te\u017eine.<\/p>\n<p>&nbsp;<\/p>\n<h3>Glavne prednosti punih polikarbonatnih plo\u010da:<\/h3>\n<ul>\n<li>mala te\u017eina i velika udarna \u010dvrsto\u0107a,<\/li>\n<li>dobra propusnost svjetlosti,<\/li>\n<li>izvrsna strukturna otpornost,<\/li>\n<li>otpornost na UV zrake i vremenske uvjete,<\/li>\n<li>blokiraju gotovo sve vrste zra\u010denja,<\/li>\n<li>jednostavno rukovanje i ugradnja,<\/li>\n<li>visoka vatrootpornost,<\/li>\n<li>bolja mehani\u010dka svojstva od pleksiglasa.<\/li>\n<\/ul>\n<p>&nbsp;<\/p>\n","protected":false},"excerpt":{"rendered":"<p>Jednoslojne odnosno pune polikarbonatne plo\u010de mogu se koristiti i u unutarnjim i u vanjskim prostorima jer imaju UV za\u0161titu. Tako\u0111er se mogu koristiti kao zamjena za staklo te su prikladne za nadstre\u0161nice.<\/p>\n","protected":false},"featured_media":992,"template":"","meta":{"_acf_changed":false},"product_brand":[],"product_cat":[232,242],"product_tag":[],"class_list":{"0":"post-3453","1":"product","2":"type-product","3":"status-publish","4":"has-post-thumbnail","6":"product_cat-polikarbonatne-ploce","7":"product_cat-polikarbonatno-staklo","9":"first","10":"outofstock","11":"taxable","12":"shipping-taxable","13":"purchasable","14":"product-type-simple"},"acf":[],"yoast_head":"<!-- This site is optimized with the Yoast SEO plugin v25.3.1 - https:\/\/yoast.com\/wordpress\/plugins\/seo\/ -->\n<title>Polikarbonatne plo\u010de \u2013 jednoslojne, PROZIRNE - MS Viscom<\/title>\n<meta name=\"robots\" content=\"noindex, follow, max-snippet:-1, max-image-preview:large, max-video-preview:-1\" \/>\n<meta property=\"og:locale\" content=\"hr_HR\" \/>\n<meta property=\"og:type\" content=\"article\" \/>\n<meta property=\"og:title\" content=\"Polikarbonatne plo\u010de \u2013 jednoslojne, PROZIRNE - MS Viscom\" \/>\n<meta property=\"og:description\" content=\"Jednoslojne odnosno pune polikarbonatne plo\u010de mogu se koristiti i u unutarnjim i u vanjskim prostorima jer imaju UV za\u0161titu. Tako\u0111er se mogu koristiti kao zamjena za staklo te su prikladne za nadstre\u0161nice.\" \/>\n<meta property=\"og:url\" content=\"https:\/\/msviscom.development.digitalist.si\/hr\/izdelek\/polikarbonatne-ploce-jednoslojne-prozirne\/\" \/>\n<meta property=\"og:site_name\" content=\"MS Viscom\" \/>\n<meta property=\"article:modified_time\" content=\"2025-11-17T07:37:03+00:00\" \/>\n<meta name=\"twitter:card\" content=\"summary_large_image\" \/>\n<meta name=\"twitter:label1\" content=\"Procijenjeno vrijeme \u010ditanja\" \/>\n\t<meta name=\"twitter:data1\" content=\"1 minuta\" \/>\n<script type=\"application\/ld+json\" class=\"yoast-schema-graph\">{\"@context\":\"https:\/\/schema.org\",\"@graph\":[{\"@type\":\"WebPage\",\"@id\":\"https:\/\/msviscom.development.digitalist.si\/hr\/izdelek\/polikarbonatne-ploce-jednoslojne-prozirne\/\",\"url\":\"https:\/\/msviscom.development.digitalist.si\/hr\/izdelek\/polikarbonatne-ploce-jednoslojne-prozirne\/\",\"name\":\"Polikarbonatne plo\u010de \u2013 jednoslojne, PROZIRNE - MS Viscom\",\"isPartOf\":{\"@id\":\"https:\/\/msviscom.development.digitalist.si\/hr\/#website\"},\"primaryImageOfPage\":{\"@id\":\"https:\/\/msviscom.development.digitalist.si\/hr\/izdelek\/polikarbonatne-ploce-jednoslojne-prozirne\/#primaryimage\"},\"image\":{\"@id\":\"https:\/\/msviscom.development.digitalist.si\/hr\/izdelek\/polikarbonatne-ploce-jednoslojne-prozirne\/#primaryimage\"},\"thumbnailUrl\":\"https:\/\/msviscom.development.digitalist.si\/wp-content\/uploads\/2025\/07\/Polycarbonate-solid-transparent-4_r.jpg\",\"datePublished\":\"2025-07-21T08:06:32+00:00\",\"dateModified\":\"2025-11-17T07:37:03+00:00\",\"breadcrumb\":{\"@id\":\"https:\/\/msviscom.development.digitalist.si\/hr\/izdelek\/polikarbonatne-ploce-jednoslojne-prozirne\/#breadcrumb\"},\"inLanguage\":\"hr\",\"potentialAction\":[{\"@type\":\"ReadAction\",\"target\":[\"https:\/\/msviscom.development.digitalist.si\/hr\/izdelek\/polikarbonatne-ploce-jednoslojne-prozirne\/\"]}]},{\"@type\":\"ImageObject\",\"inLanguage\":\"hr\",\"@id\":\"https:\/\/msviscom.development.digitalist.si\/hr\/izdelek\/polikarbonatne-ploce-jednoslojne-prozirne\/#primaryimage\",\"url\":\"https:\/\/msviscom.development.digitalist.si\/wp-content\/uploads\/2025\/07\/Polycarbonate-solid-transparent-4_r.jpg\",\"contentUrl\":\"https:\/\/msviscom.development.digitalist.si\/wp-content\/uploads\/2025\/07\/Polycarbonate-solid-transparent-4_r.jpg\",\"width\":800,\"height\":600},{\"@type\":\"BreadcrumbList\",\"@id\":\"https:\/\/msviscom.development.digitalist.si\/hr\/izdelek\/polikarbonatne-ploce-jednoslojne-prozirne\/#breadcrumb\",\"itemListElement\":[{\"@type\":\"ListItem\",\"position\":1,\"name\":\"Domov\",\"item\":\"https:\/\/msviscom.development.digitalist.si\/hr\/\"},{\"@type\":\"ListItem\",\"position\":2,\"name\":\"Trgovina\",\"item\":\"https:\/\/msviscom.development.digitalist.si\/hr\/trgovina\/\"},{\"@type\":\"ListItem\",\"position\":3,\"name\":\"Polikarbonatne plo\u010de \u2013 jednoslojne, PROZIRNE\"}]},{\"@type\":\"WebSite\",\"@id\":\"https:\/\/msviscom.development.digitalist.si\/hr\/#website\",\"url\":\"https:\/\/msviscom.development.digitalist.si\/hr\/\",\"name\":\"MS Viscom\",\"description\":\"\",\"potentialAction\":[{\"@type\":\"SearchAction\",\"target\":{\"@type\":\"EntryPoint\",\"urlTemplate\":\"https:\/\/msviscom.development.digitalist.si\/hr\/?s={search_term_string}\"},\"query-input\":{\"@type\":\"PropertyValueSpecification\",\"valueRequired\":true,\"valueName\":\"search_term_string\"}}],\"inLanguage\":\"hr\"}]}<\/script>\n<!-- \/ Yoast SEO plugin. -->","yoast_head_json":{"title":"Polikarbonatne plo\u010de \u2013 jednoslojne, PROZIRNE - MS Viscom","robots":{"index":"noindex","follow":"follow","max-snippet":"max-snippet:-1","max-image-preview":"max-image-preview:large","max-video-preview":"max-video-preview:-1"},"og_locale":"hr_HR","og_type":"article","og_title":"Polikarbonatne plo\u010de \u2013 jednoslojne, PROZIRNE - MS Viscom","og_description":"Jednoslojne odnosno pune polikarbonatne plo\u010de mogu se koristiti i u unutarnjim i u vanjskim prostorima jer imaju UV za\u0161titu. Tako\u0111er se mogu koristiti kao zamjena za staklo te su prikladne za nadstre\u0161nice.","og_url":"https:\/\/msviscom.development.digitalist.si\/hr\/izdelek\/polikarbonatne-ploce-jednoslojne-prozirne\/","og_site_name":"MS Viscom","article_modified_time":"2025-11-17T07:37:03+00:00","twitter_card":"summary_large_image","twitter_misc":{"Procijenjeno vrijeme \u010ditanja":"1 minuta"},"schema":{"@context":"https:\/\/schema.org","@graph":[{"@type":"WebPage","@id":"https:\/\/msviscom.development.digitalist.si\/hr\/izdelek\/polikarbonatne-ploce-jednoslojne-prozirne\/","url":"https:\/\/msviscom.development.digitalist.si\/hr\/izdelek\/polikarbonatne-ploce-jednoslojne-prozirne\/","name":"Polikarbonatne plo\u010de \u2013 jednoslojne, PROZIRNE - MS Viscom","isPartOf":{"@id":"https:\/\/msviscom.development.digitalist.si\/hr\/#website"},"primaryImageOfPage":{"@id":"https:\/\/msviscom.development.digitalist.si\/hr\/izdelek\/polikarbonatne-ploce-jednoslojne-prozirne\/#primaryimage"},"image":{"@id":"https:\/\/msviscom.development.digitalist.si\/hr\/izdelek\/polikarbonatne-ploce-jednoslojne-prozirne\/#primaryimage"},"thumbnailUrl":"https:\/\/msviscom.development.digitalist.si\/wp-content\/uploads\/2025\/07\/Polycarbonate-solid-transparent-4_r.jpg","datePublished":"2025-07-21T08:06:32+00:00","dateModified":"2025-11-17T07:37:03+00:00","breadcrumb":{"@id":"https:\/\/msviscom.development.digitalist.si\/hr\/izdelek\/polikarbonatne-ploce-jednoslojne-prozirne\/#breadcrumb"},"inLanguage":"hr","potentialAction":[{"@type":"ReadAction","target":["https:\/\/msviscom.development.digitalist.si\/hr\/izdelek\/polikarbonatne-ploce-jednoslojne-prozirne\/"]}]},{"@type":"ImageObject","inLanguage":"hr","@id":"https:\/\/msviscom.development.digitalist.si\/hr\/izdelek\/polikarbonatne-ploce-jednoslojne-prozirne\/#primaryimage","url":"https:\/\/msviscom.development.digitalist.si\/wp-content\/uploads\/2025\/07\/Polycarbonate-solid-transparent-4_r.jpg","contentUrl":"https:\/\/msviscom.development.digitalist.si\/wp-content\/uploads\/2025\/07\/Polycarbonate-solid-transparent-4_r.jpg","width":800,"height":600},{"@type":"BreadcrumbList","@id":"https:\/\/msviscom.development.digitalist.si\/hr\/izdelek\/polikarbonatne-ploce-jednoslojne-prozirne\/#breadcrumb","itemListElement":[{"@type":"ListItem","position":1,"name":"Domov","item":"https:\/\/msviscom.development.digitalist.si\/hr\/"},{"@type":"ListItem","position":2,"name":"Trgovina","item":"https:\/\/msviscom.development.digitalist.si\/hr\/trgovina\/"},{"@type":"ListItem","position":3,"name":"Polikarbonatne plo\u010de \u2013 jednoslojne, PROZIRNE"}]},{"@type":"WebSite","@id":"https:\/\/msviscom.development.digitalist.si\/hr\/#website","url":"https:\/\/msviscom.development.digitalist.si\/hr\/","name":"MS Viscom","description":"","potentialAction":[{"@type":"SearchAction","target":{"@type":"EntryPoint","urlTemplate":"https:\/\/msviscom.development.digitalist.si\/hr\/?s={search_term_string}"},"query-input":{"@type":"PropertyValueSpecification","valueRequired":true,"valueName":"search_term_string"}}],"inLanguage":"hr"}]}},"_links":{"self":[{"href":"https:\/\/msviscom.development.digitalist.si\/hr\/wp-json\/wp\/v2\/product\/3453","targetHints":{"allow":["GET"]}}],"collection":[{"href":"https:\/\/msviscom.development.digitalist.si\/hr\/wp-json\/wp\/v2\/product"}],"about":[{"href":"https:\/\/msviscom.development.digitalist.si\/hr\/wp-json\/wp\/v2\/types\/product"}],"wp:featuredmedia":[{"embeddable":true,"href":"https:\/\/msviscom.development.digitalist.si\/hr\/wp-json\/wp\/v2\/media\/992"}],"wp:attachment":[{"href":"https:\/\/msviscom.development.digitalist.si\/hr\/wp-json\/wp\/v2\/media?parent=3453"}],"wp:term":[{"taxonomy":"product_brand","embeddable":true,"href":"https:\/\/msviscom.development.digitalist.si\/hr\/wp-json\/wp\/v2\/product_brand?post=3453"},{"taxonomy":"product_cat","embeddable":true,"href":"https:\/\/msviscom.development.digitalist.si\/hr\/wp-json\/wp\/v2\/product_cat?post=3453"},{"taxonomy":"product_tag","embeddable":true,"href":"https:\/\/msviscom.development.digitalist.si\/hr\/wp-json\/wp\/v2\/product_tag?post=3453"}],"curies":[{"name":"wp","href":"https:\/\/api.w.org\/{rel}","templated":true}]}}