{"id":3428,"date":"2025-07-21T09:06:00","date_gmt":"2025-07-21T08:06:00","guid":{"rendered":"https:\/\/msviscom.development.digitalist.si\/izdelek\/viseslojna-polikarbonatna-ploca-16-mm-prozirna\/"},"modified":"2025-11-17T08:36:53","modified_gmt":"2025-11-17T07:36:53","slug":"viseslojna-polikarbonatna-ploca-16-mm-prozirna","status":"publish","type":"product","link":"https:\/\/msviscom.development.digitalist.si\/hr\/izdelek\/viseslojna-polikarbonatna-ploca-16-mm-prozirna\/","title":{"rendered":"Vi\u0161eslojna polikarbonatna plo\u010da, 16 mm, PROZIRNA"},"content":{"rendered":"<p>Polikarbonatne plo\u010de SUNLITE debljine 16 mm idealan su izbor za nadstre\u0161nice za automobile, jer zahvaljuju\u0107i velikoj otpornosti na udarce i izvrsnoj strukturnoj \u010dvrsto\u0107i pru\u017eaju pouzdanu za\u0161titu. Nadstre\u0161nice za automobile u\u010dinkovito \u0161tite vozilo od razli\u010ditih vremenskih utjecaja kao \u0161to su snijeg i tu\u010da. Polikarbonatni krov SUNLITE tako\u0111er pru\u017ea za\u0161titu od UV zraka koje mogu o\u0161tetiti boju automobila. Njihova vrlo dobra karakteristika je i otpornost na vatru. Polikarbonatne plo\u010de SUNLITE mogu se koristiti za stambene, arhitektonske i industrijske krovne konstrukcije.<\/p>\n<p>&nbsp;<\/p>\n<p>&nbsp;<\/p>\n<h3>Za\u0161to odabrati vi\u0161eslojne polikarbonatne plo\u010de SUNLITE?<\/h3>\n<h3><span class=\"h4\">njema\u010dka kvaliteta<\/span><\/h3>\n<h3><span class=\"h4\">prihvatljiva cijena<\/span><\/h3>\n<h3><span class=\"h4\">OPTIMALAN IZBOR!<\/span><\/h3>\n<p>&nbsp;<\/p>\n<p>&nbsp;<\/p>\n<h3>Glavne prednosti polikarbonatnih plo\u010da SUNLITE:<\/h3>\n<p>\u2022 izvrsna toplinska izolacija,<\/p>\n<p>\u2022 mala te\u017eina i velika otpornost na udarce,<\/p>\n<p>\u2022 dobra propusnost svjetlosti,<\/p>\n<p>\u2022 odli\u010dna strukturna \u010dvrsto\u0107a,<\/p>\n<p>\u2022 otpornost na UV-zrake i vremenske utjecaje,<\/p>\n<p>\u2022 zaustavljaju gotovo sve vrste zra\u010denja,<\/p>\n<p>\u2022 jednostavno rukovanje i ugradnja,<\/p>\n<p>\u2022 visoka otpornost na vatru.<\/p>\n<p>&nbsp;<\/p>\n","protected":false},"excerpt":{"rendered":"<p>Lagane vi\u0161eslojne polikarbonatne plo\u010de SUNLITE odlikuju se velikom otporno\u0161\u0107u na udarce i vrhunskom toplinskom izolacijom. Zahvaljuju\u0107i dobroj propusnosti svjetlosti, plo\u010de SUNLITE savr\u0161ene su za razli\u010dite krovne pokrove, oblaganje zidova i ostakljenja.<\/p>\n","protected":false},"featured_media":923,"template":"","meta":{"_acf_changed":false},"product_brand":[],"product_cat":[232,246],"product_tag":[],"class_list":{"0":"post-3428","1":"product","2":"type-product","3":"status-publish","4":"has-post-thumbnail","6":"product_cat-polikarbonatne-ploce","7":"product_cat-viseslojne-polikarbonatne-ploce","9":"first","10":"outofstock","11":"taxable","12":"shipping-taxable","13":"purchasable","14":"product-type-simple"},"acf":[],"yoast_head":"<!-- This site is optimized with the Yoast SEO plugin v25.3.1 - https:\/\/yoast.com\/wordpress\/plugins\/seo\/ -->\n<title>Vi\u0161eslojna polikarbonatna plo\u010da, 16 mm, PROZIRNA - MS Viscom<\/title>\n<meta name=\"robots\" content=\"noindex, follow, max-snippet:-1, max-image-preview:large, max-video-preview:-1\" \/>\n<meta property=\"og:locale\" content=\"hr_HR\" \/>\n<meta property=\"og:type\" content=\"article\" \/>\n<meta property=\"og:title\" content=\"Vi\u0161eslojna polikarbonatna plo\u010da, 16 mm, PROZIRNA - MS Viscom\" \/>\n<meta property=\"og:description\" content=\"Lagane vi\u0161eslojne polikarbonatne plo\u010de SUNLITE odlikuju se velikom otporno\u0161\u0107u na udarce i vrhunskom toplinskom izolacijom. Zahvaljuju\u0107i dobroj propusnosti svjetlosti, plo\u010de SUNLITE savr\u0161ene su za razli\u010dite krovne pokrove, oblaganje zidova i ostakljenja.\" \/>\n<meta property=\"og:url\" content=\"https:\/\/msviscom.development.digitalist.si\/hr\/izdelek\/viseslojna-polikarbonatna-ploca-16-mm-prozirna\/\" \/>\n<meta property=\"og:site_name\" content=\"MS Viscom\" \/>\n<meta property=\"article:modified_time\" content=\"2025-11-17T07:36:53+00:00\" \/>\n<meta name=\"twitter:card\" content=\"summary_large_image\" \/>\n<meta name=\"twitter:label1\" content=\"Procijenjeno vrijeme \u010ditanja\" \/>\n\t<meta name=\"twitter:data1\" content=\"1 minuta\" \/>\n<script type=\"application\/ld+json\" class=\"yoast-schema-graph\">{\"@context\":\"https:\/\/schema.org\",\"@graph\":[{\"@type\":\"WebPage\",\"@id\":\"https:\/\/msviscom.development.digitalist.si\/hr\/izdelek\/viseslojna-polikarbonatna-ploca-16-mm-prozirna\/\",\"url\":\"https:\/\/msviscom.development.digitalist.si\/hr\/izdelek\/viseslojna-polikarbonatna-ploca-16-mm-prozirna\/\",\"name\":\"Vi\u0161eslojna polikarbonatna plo\u010da, 16 mm, PROZIRNA - MS Viscom\",\"isPartOf\":{\"@id\":\"https:\/\/msviscom.development.digitalist.si\/hr\/#website\"},\"primaryImageOfPage\":{\"@id\":\"https:\/\/msviscom.development.digitalist.si\/hr\/izdelek\/viseslojna-polikarbonatna-ploca-16-mm-prozirna\/#primaryimage\"},\"image\":{\"@id\":\"https:\/\/msviscom.development.digitalist.si\/hr\/izdelek\/viseslojna-polikarbonatna-ploca-16-mm-prozirna\/#primaryimage\"},\"thumbnailUrl\":\"https:\/\/msviscom.development.digitalist.si\/wp-content\/uploads\/2025\/07\/Polikarbonatne_strehe-15_r.jpg\",\"datePublished\":\"2025-07-21T08:06:00+00:00\",\"dateModified\":\"2025-11-17T07:36:53+00:00\",\"breadcrumb\":{\"@id\":\"https:\/\/msviscom.development.digitalist.si\/hr\/izdelek\/viseslojna-polikarbonatna-ploca-16-mm-prozirna\/#breadcrumb\"},\"inLanguage\":\"hr\",\"potentialAction\":[{\"@type\":\"ReadAction\",\"target\":[\"https:\/\/msviscom.development.digitalist.si\/hr\/izdelek\/viseslojna-polikarbonatna-ploca-16-mm-prozirna\/\"]}]},{\"@type\":\"ImageObject\",\"inLanguage\":\"hr\",\"@id\":\"https:\/\/msviscom.development.digitalist.si\/hr\/izdelek\/viseslojna-polikarbonatna-ploca-16-mm-prozirna\/#primaryimage\",\"url\":\"https:\/\/msviscom.development.digitalist.si\/wp-content\/uploads\/2025\/07\/Polikarbonatne_strehe-15_r.jpg\",\"contentUrl\":\"https:\/\/msviscom.development.digitalist.si\/wp-content\/uploads\/2025\/07\/Polikarbonatne_strehe-15_r.jpg\",\"width\":800,\"height\":600},{\"@type\":\"BreadcrumbList\",\"@id\":\"https:\/\/msviscom.development.digitalist.si\/hr\/izdelek\/viseslojna-polikarbonatna-ploca-16-mm-prozirna\/#breadcrumb\",\"itemListElement\":[{\"@type\":\"ListItem\",\"position\":1,\"name\":\"Domov\",\"item\":\"https:\/\/msviscom.development.digitalist.si\/hr\/\"},{\"@type\":\"ListItem\",\"position\":2,\"name\":\"Trgovina\",\"item\":\"https:\/\/msviscom.development.digitalist.si\/hr\/trgovina\/\"},{\"@type\":\"ListItem\",\"position\":3,\"name\":\"Vi\u0161eslojna polikarbonatna plo\u010da, 16 mm, PROZIRNA\"}]},{\"@type\":\"WebSite\",\"@id\":\"https:\/\/msviscom.development.digitalist.si\/hr\/#website\",\"url\":\"https:\/\/msviscom.development.digitalist.si\/hr\/\",\"name\":\"MS Viscom\",\"description\":\"\",\"potentialAction\":[{\"@type\":\"SearchAction\",\"target\":{\"@type\":\"EntryPoint\",\"urlTemplate\":\"https:\/\/msviscom.development.digitalist.si\/hr\/?s={search_term_string}\"},\"query-input\":{\"@type\":\"PropertyValueSpecification\",\"valueRequired\":true,\"valueName\":\"search_term_string\"}}],\"inLanguage\":\"hr\"}]}<\/script>\n<!-- \/ Yoast SEO plugin. -->","yoast_head_json":{"title":"Vi\u0161eslojna polikarbonatna plo\u010da, 16 mm, PROZIRNA - MS Viscom","robots":{"index":"noindex","follow":"follow","max-snippet":"max-snippet:-1","max-image-preview":"max-image-preview:large","max-video-preview":"max-video-preview:-1"},"og_locale":"hr_HR","og_type":"article","og_title":"Vi\u0161eslojna polikarbonatna plo\u010da, 16 mm, PROZIRNA - MS Viscom","og_description":"Lagane vi\u0161eslojne polikarbonatne plo\u010de SUNLITE odlikuju se velikom otporno\u0161\u0107u na udarce i vrhunskom toplinskom izolacijom. Zahvaljuju\u0107i dobroj propusnosti svjetlosti, plo\u010de SUNLITE savr\u0161ene su za razli\u010dite krovne pokrove, oblaganje zidova i ostakljenja.","og_url":"https:\/\/msviscom.development.digitalist.si\/hr\/izdelek\/viseslojna-polikarbonatna-ploca-16-mm-prozirna\/","og_site_name":"MS Viscom","article_modified_time":"2025-11-17T07:36:53+00:00","twitter_card":"summary_large_image","twitter_misc":{"Procijenjeno vrijeme \u010ditanja":"1 minuta"},"schema":{"@context":"https:\/\/schema.org","@graph":[{"@type":"WebPage","@id":"https:\/\/msviscom.development.digitalist.si\/hr\/izdelek\/viseslojna-polikarbonatna-ploca-16-mm-prozirna\/","url":"https:\/\/msviscom.development.digitalist.si\/hr\/izdelek\/viseslojna-polikarbonatna-ploca-16-mm-prozirna\/","name":"Vi\u0161eslojna polikarbonatna plo\u010da, 16 mm, PROZIRNA - MS Viscom","isPartOf":{"@id":"https:\/\/msviscom.development.digitalist.si\/hr\/#website"},"primaryImageOfPage":{"@id":"https:\/\/msviscom.development.digitalist.si\/hr\/izdelek\/viseslojna-polikarbonatna-ploca-16-mm-prozirna\/#primaryimage"},"image":{"@id":"https:\/\/msviscom.development.digitalist.si\/hr\/izdelek\/viseslojna-polikarbonatna-ploca-16-mm-prozirna\/#primaryimage"},"thumbnailUrl":"https:\/\/msviscom.development.digitalist.si\/wp-content\/uploads\/2025\/07\/Polikarbonatne_strehe-15_r.jpg","datePublished":"2025-07-21T08:06:00+00:00","dateModified":"2025-11-17T07:36:53+00:00","breadcrumb":{"@id":"https:\/\/msviscom.development.digitalist.si\/hr\/izdelek\/viseslojna-polikarbonatna-ploca-16-mm-prozirna\/#breadcrumb"},"inLanguage":"hr","potentialAction":[{"@type":"ReadAction","target":["https:\/\/msviscom.development.digitalist.si\/hr\/izdelek\/viseslojna-polikarbonatna-ploca-16-mm-prozirna\/"]}]},{"@type":"ImageObject","inLanguage":"hr","@id":"https:\/\/msviscom.development.digitalist.si\/hr\/izdelek\/viseslojna-polikarbonatna-ploca-16-mm-prozirna\/#primaryimage","url":"https:\/\/msviscom.development.digitalist.si\/wp-content\/uploads\/2025\/07\/Polikarbonatne_strehe-15_r.jpg","contentUrl":"https:\/\/msviscom.development.digitalist.si\/wp-content\/uploads\/2025\/07\/Polikarbonatne_strehe-15_r.jpg","width":800,"height":600},{"@type":"BreadcrumbList","@id":"https:\/\/msviscom.development.digitalist.si\/hr\/izdelek\/viseslojna-polikarbonatna-ploca-16-mm-prozirna\/#breadcrumb","itemListElement":[{"@type":"ListItem","position":1,"name":"Domov","item":"https:\/\/msviscom.development.digitalist.si\/hr\/"},{"@type":"ListItem","position":2,"name":"Trgovina","item":"https:\/\/msviscom.development.digitalist.si\/hr\/trgovina\/"},{"@type":"ListItem","position":3,"name":"Vi\u0161eslojna polikarbonatna plo\u010da, 16 mm, PROZIRNA"}]},{"@type":"WebSite","@id":"https:\/\/msviscom.development.digitalist.si\/hr\/#website","url":"https:\/\/msviscom.development.digitalist.si\/hr\/","name":"MS Viscom","description":"","potentialAction":[{"@type":"SearchAction","target":{"@type":"EntryPoint","urlTemplate":"https:\/\/msviscom.development.digitalist.si\/hr\/?s={search_term_string}"},"query-input":{"@type":"PropertyValueSpecification","valueRequired":true,"valueName":"search_term_string"}}],"inLanguage":"hr"}]}},"_links":{"self":[{"href":"https:\/\/msviscom.development.digitalist.si\/hr\/wp-json\/wp\/v2\/product\/3428","targetHints":{"allow":["GET"]}}],"collection":[{"href":"https:\/\/msviscom.development.digitalist.si\/hr\/wp-json\/wp\/v2\/product"}],"about":[{"href":"https:\/\/msviscom.development.digitalist.si\/hr\/wp-json\/wp\/v2\/types\/product"}],"wp:featuredmedia":[{"embeddable":true,"href":"https:\/\/msviscom.development.digitalist.si\/hr\/wp-json\/wp\/v2\/media\/923"}],"wp:attachment":[{"href":"https:\/\/msviscom.development.digitalist.si\/hr\/wp-json\/wp\/v2\/media?parent=3428"}],"wp:term":[{"taxonomy":"product_brand","embeddable":true,"href":"https:\/\/msviscom.development.digitalist.si\/hr\/wp-json\/wp\/v2\/product_brand?post=3428"},{"taxonomy":"product_cat","embeddable":true,"href":"https:\/\/msviscom.development.digitalist.si\/hr\/wp-json\/wp\/v2\/product_cat?post=3428"},{"taxonomy":"product_tag","embeddable":true,"href":"https:\/\/msviscom.development.digitalist.si\/hr\/wp-json\/wp\/v2\/product_tag?post=3428"}],"curies":[{"name":"wp","href":"https:\/\/api.w.org\/{rel}","templated":true}]}}