{"id":3420,"date":"2025-07-21T09:05:19","date_gmt":"2025-07-21T08:05:19","guid":{"rendered":"https:\/\/msviscom.development.digitalist.si\/izdelek\/podesivo-postolje-za-stol-bijelo\/"},"modified":"2025-11-17T08:36:51","modified_gmt":"2025-11-17T07:36:51","slug":"podesivo-postolje-za-stol-bijelo","status":"publish","type":"product","link":"https:\/\/msviscom.development.digitalist.si\/hr\/izdelek\/podesivo-postolje-za-stol-bijelo\/","title":{"rendered":"Podesivo postolje za stol \u2013 bijelo"},"content":{"rendered":"<p>&#8211; Podesiva visina izme\u0111u 61 i 126 centimetara;<\/p>\n<p>&#8211; Podesiva \u0161irina izme\u0111u 100 i 170 centimetara;<\/p>\n<p>&#8211; Dubina postolja \u2013 57,5 cm;<\/p>\n<p>&#8211; Nosivost 100 kg;<\/p>\n<p>&#8211; Pametni upravlja\u010d za pode\u0161avanje visine &#8211; 4 memorijske pozicije;<\/p>\n<p>&#8211; Anti-Collision mehanizam;<\/p>\n<p>&#8211; 2 puta 3-stupanjski elektri\u010dni motor;<\/p>\n<p>&#8211; Garancija na mehani\u010dke dijelove 5 godina, na elektri\u010dne komponente 3 godine.<\/p>\n<p>&#8220;`<\/p>\n","protected":false},"excerpt":{"rendered":"<p>&#8211; Podesiva visina izme\u0111u 61 i 126 centimetara; &#8211; Podesiva \u0161irina izme\u0111u 100 i 170 centimetara; &#8211; Dubina postolja \u2013 57,5 cm; &#8211; Nosivost 100 kg; &#8211; Pametni upravlja\u010d za pode\u0161avanje visine &#8211; 4 memorijske pozicije; &#8211; Anti-Collision mehanizam; &#8211; 2 puta 3-stupanjski elektri\u010dni motor; &#8211; Garancija na mehani\u010dke dijelove 5 godina, na elektri\u010dne komponente [&#8230;]\n","protected":false},"featured_media":5497,"template":"","meta":{"_acf_changed":false},"product_brand":[],"product_cat":[176],"product_tag":[],"class_list":{"0":"post-3420","1":"product","2":"type-product","3":"status-publish","4":"has-post-thumbnail","6":"product_cat-elektricni-podizni-stolovi","8":"first","9":"instock","10":"taxable","11":"shipping-taxable","12":"purchasable","13":"product-type-simple"},"acf":[],"yoast_head":"<!-- This site is optimized with the Yoast SEO plugin v25.3.1 - https:\/\/yoast.com\/wordpress\/plugins\/seo\/ -->\n<title>Podesivo postolje za stol \u2013 bijelo - MS Viscom<\/title>\n<meta name=\"robots\" content=\"noindex, follow, max-snippet:-1, max-image-preview:large, max-video-preview:-1\" \/>\n<meta property=\"og:locale\" content=\"hr_HR\" \/>\n<meta property=\"og:type\" content=\"article\" \/>\n<meta property=\"og:title\" content=\"Podesivo postolje za stol \u2013 bijelo - MS Viscom\" \/>\n<meta property=\"og:description\" content=\"&#8211; Podesiva visina izme\u0111u 61 i 126 centimetara; &#8211; Podesiva \u0161irina izme\u0111u 100 i 170 centimetara; &#8211; Dubina postolja \u2013 57,5 cm; &#8211; Nosivost 100 kg; &#8211; Pametni upravlja\u010d za pode\u0161avanje visine &#8211; 4 memorijske pozicije; &#8211; Anti-Collision mehanizam; &#8211; 2 puta 3-stupanjski elektri\u010dni motor; &#8211; Garancija na mehani\u010dke dijelove 5 godina, na elektri\u010dne komponente [...]\" \/>\n<meta property=\"og:url\" content=\"https:\/\/msviscom.development.digitalist.si\/hr\/izdelek\/podesivo-postolje-za-stol-bijelo\/\" \/>\n<meta property=\"og:site_name\" content=\"MS Viscom\" \/>\n<meta property=\"article:modified_time\" content=\"2025-11-17T07:36:51+00:00\" \/>\n<meta name=\"twitter:card\" content=\"summary_large_image\" \/>\n<script type=\"application\/ld+json\" class=\"yoast-schema-graph\">{\"@context\":\"https:\/\/schema.org\",\"@graph\":[{\"@type\":\"WebPage\",\"@id\":\"https:\/\/msviscom.development.digitalist.si\/hr\/izdelek\/podesivo-postolje-za-stol-bijelo\/\",\"url\":\"https:\/\/msviscom.development.digitalist.si\/hr\/izdelek\/podesivo-postolje-za-stol-bijelo\/\",\"name\":\"Podesivo postolje za stol \u2013 bijelo - MS Viscom\",\"isPartOf\":{\"@id\":\"https:\/\/msviscom.development.digitalist.si\/hr\/#website\"},\"primaryImageOfPage\":{\"@id\":\"https:\/\/msviscom.development.digitalist.si\/hr\/izdelek\/podesivo-postolje-za-stol-bijelo\/#primaryimage\"},\"image\":{\"@id\":\"https:\/\/msviscom.development.digitalist.si\/hr\/izdelek\/podesivo-postolje-za-stol-bijelo\/#primaryimage\"},\"thumbnailUrl\":\"https:\/\/msviscom.development.digitalist.si\/wp-content\/uploads\/2025\/07\/untitled.314.png\",\"datePublished\":\"2025-07-21T08:05:19+00:00\",\"dateModified\":\"2025-11-17T07:36:51+00:00\",\"breadcrumb\":{\"@id\":\"https:\/\/msviscom.development.digitalist.si\/hr\/izdelek\/podesivo-postolje-za-stol-bijelo\/#breadcrumb\"},\"inLanguage\":\"hr\",\"potentialAction\":[{\"@type\":\"ReadAction\",\"target\":[\"https:\/\/msviscom.development.digitalist.si\/hr\/izdelek\/podesivo-postolje-za-stol-bijelo\/\"]}]},{\"@type\":\"ImageObject\",\"inLanguage\":\"hr\",\"@id\":\"https:\/\/msviscom.development.digitalist.si\/hr\/izdelek\/podesivo-postolje-za-stol-bijelo\/#primaryimage\",\"url\":\"https:\/\/msviscom.development.digitalist.si\/wp-content\/uploads\/2025\/07\/untitled.314.png\",\"contentUrl\":\"https:\/\/msviscom.development.digitalist.si\/wp-content\/uploads\/2025\/07\/untitled.314.png\",\"width\":800,\"height\":600},{\"@type\":\"BreadcrumbList\",\"@id\":\"https:\/\/msviscom.development.digitalist.si\/hr\/izdelek\/podesivo-postolje-za-stol-bijelo\/#breadcrumb\",\"itemListElement\":[{\"@type\":\"ListItem\",\"position\":1,\"name\":\"Domov\",\"item\":\"https:\/\/msviscom.development.digitalist.si\/hr\/\"},{\"@type\":\"ListItem\",\"position\":2,\"name\":\"Trgovina\",\"item\":\"https:\/\/msviscom.development.digitalist.si\/hr\/trgovina\/\"},{\"@type\":\"ListItem\",\"position\":3,\"name\":\"Podesivo postolje za stol \u2013 bijelo\"}]},{\"@type\":\"WebSite\",\"@id\":\"https:\/\/msviscom.development.digitalist.si\/hr\/#website\",\"url\":\"https:\/\/msviscom.development.digitalist.si\/hr\/\",\"name\":\"MS Viscom\",\"description\":\"\",\"potentialAction\":[{\"@type\":\"SearchAction\",\"target\":{\"@type\":\"EntryPoint\",\"urlTemplate\":\"https:\/\/msviscom.development.digitalist.si\/hr\/?s={search_term_string}\"},\"query-input\":{\"@type\":\"PropertyValueSpecification\",\"valueRequired\":true,\"valueName\":\"search_term_string\"}}],\"inLanguage\":\"hr\"}]}<\/script>\n<!-- \/ Yoast SEO plugin. -->","yoast_head_json":{"title":"Podesivo postolje za stol \u2013 bijelo - MS Viscom","robots":{"index":"noindex","follow":"follow","max-snippet":"max-snippet:-1","max-image-preview":"max-image-preview:large","max-video-preview":"max-video-preview:-1"},"og_locale":"hr_HR","og_type":"article","og_title":"Podesivo postolje za stol \u2013 bijelo - MS Viscom","og_description":"&#8211; Podesiva visina izme\u0111u 61 i 126 centimetara; &#8211; Podesiva \u0161irina izme\u0111u 100 i 170 centimetara; &#8211; Dubina postolja \u2013 57,5 cm; &#8211; Nosivost 100 kg; &#8211; Pametni upravlja\u010d za pode\u0161avanje visine &#8211; 4 memorijske pozicije; &#8211; Anti-Collision mehanizam; &#8211; 2 puta 3-stupanjski elektri\u010dni motor; &#8211; Garancija na mehani\u010dke dijelove 5 godina, na elektri\u010dne komponente [...]","og_url":"https:\/\/msviscom.development.digitalist.si\/hr\/izdelek\/podesivo-postolje-za-stol-bijelo\/","og_site_name":"MS Viscom","article_modified_time":"2025-11-17T07:36:51+00:00","twitter_card":"summary_large_image","schema":{"@context":"https:\/\/schema.org","@graph":[{"@type":"WebPage","@id":"https:\/\/msviscom.development.digitalist.si\/hr\/izdelek\/podesivo-postolje-za-stol-bijelo\/","url":"https:\/\/msviscom.development.digitalist.si\/hr\/izdelek\/podesivo-postolje-za-stol-bijelo\/","name":"Podesivo postolje za stol \u2013 bijelo - MS Viscom","isPartOf":{"@id":"https:\/\/msviscom.development.digitalist.si\/hr\/#website"},"primaryImageOfPage":{"@id":"https:\/\/msviscom.development.digitalist.si\/hr\/izdelek\/podesivo-postolje-za-stol-bijelo\/#primaryimage"},"image":{"@id":"https:\/\/msviscom.development.digitalist.si\/hr\/izdelek\/podesivo-postolje-za-stol-bijelo\/#primaryimage"},"thumbnailUrl":"https:\/\/msviscom.development.digitalist.si\/wp-content\/uploads\/2025\/07\/untitled.314.png","datePublished":"2025-07-21T08:05:19+00:00","dateModified":"2025-11-17T07:36:51+00:00","breadcrumb":{"@id":"https:\/\/msviscom.development.digitalist.si\/hr\/izdelek\/podesivo-postolje-za-stol-bijelo\/#breadcrumb"},"inLanguage":"hr","potentialAction":[{"@type":"ReadAction","target":["https:\/\/msviscom.development.digitalist.si\/hr\/izdelek\/podesivo-postolje-za-stol-bijelo\/"]}]},{"@type":"ImageObject","inLanguage":"hr","@id":"https:\/\/msviscom.development.digitalist.si\/hr\/izdelek\/podesivo-postolje-za-stol-bijelo\/#primaryimage","url":"https:\/\/msviscom.development.digitalist.si\/wp-content\/uploads\/2025\/07\/untitled.314.png","contentUrl":"https:\/\/msviscom.development.digitalist.si\/wp-content\/uploads\/2025\/07\/untitled.314.png","width":800,"height":600},{"@type":"BreadcrumbList","@id":"https:\/\/msviscom.development.digitalist.si\/hr\/izdelek\/podesivo-postolje-za-stol-bijelo\/#breadcrumb","itemListElement":[{"@type":"ListItem","position":1,"name":"Domov","item":"https:\/\/msviscom.development.digitalist.si\/hr\/"},{"@type":"ListItem","position":2,"name":"Trgovina","item":"https:\/\/msviscom.development.digitalist.si\/hr\/trgovina\/"},{"@type":"ListItem","position":3,"name":"Podesivo postolje za stol \u2013 bijelo"}]},{"@type":"WebSite","@id":"https:\/\/msviscom.development.digitalist.si\/hr\/#website","url":"https:\/\/msviscom.development.digitalist.si\/hr\/","name":"MS Viscom","description":"","potentialAction":[{"@type":"SearchAction","target":{"@type":"EntryPoint","urlTemplate":"https:\/\/msviscom.development.digitalist.si\/hr\/?s={search_term_string}"},"query-input":{"@type":"PropertyValueSpecification","valueRequired":true,"valueName":"search_term_string"}}],"inLanguage":"hr"}]}},"_links":{"self":[{"href":"https:\/\/msviscom.development.digitalist.si\/hr\/wp-json\/wp\/v2\/product\/3420","targetHints":{"allow":["GET"]}}],"collection":[{"href":"https:\/\/msviscom.development.digitalist.si\/hr\/wp-json\/wp\/v2\/product"}],"about":[{"href":"https:\/\/msviscom.development.digitalist.si\/hr\/wp-json\/wp\/v2\/types\/product"}],"wp:featuredmedia":[{"embeddable":true,"href":"https:\/\/msviscom.development.digitalist.si\/hr\/wp-json\/wp\/v2\/media\/5497"}],"wp:attachment":[{"href":"https:\/\/msviscom.development.digitalist.si\/hr\/wp-json\/wp\/v2\/media?parent=3420"}],"wp:term":[{"taxonomy":"product_brand","embeddable":true,"href":"https:\/\/msviscom.development.digitalist.si\/hr\/wp-json\/wp\/v2\/product_brand?post=3420"},{"taxonomy":"product_cat","embeddable":true,"href":"https:\/\/msviscom.development.digitalist.si\/hr\/wp-json\/wp\/v2\/product_cat?post=3420"},{"taxonomy":"product_tag","embeddable":true,"href":"https:\/\/msviscom.development.digitalist.si\/hr\/wp-json\/wp\/v2\/product_tag?post=3420"}],"curies":[{"name":"wp","href":"https:\/\/api.w.org\/{rel}","templated":true}]}}