{"id":3415,"date":"2025-07-21T09:04:54","date_gmt":"2025-07-21T08:04:54","guid":{"rendered":"https:\/\/msviscom.development.digitalist.si\/izdelek\/viseslojna-polikarbonatna-ploca-8-mm-prozirna-%e2%9c%85\/"},"modified":"2025-11-17T08:36:50","modified_gmt":"2025-11-17T07:36:50","slug":"viseslojna-polikarbonatna-ploca-8-mm-prozirna-%e2%9c%85","status":"publish","type":"product","link":"https:\/\/msviscom.development.digitalist.si\/hr\/izdelek\/viseslojna-polikarbonatna-ploca-8-mm-prozirna-%e2%9c%85\/","title":{"rendered":"Vi\u0161eslojna polikarbonatna plo\u010da, 8 mm, PROZIRNA \u2705"},"content":{"rendered":"<p>Za ostakljivanje staklenika najprikladnije su polikarbonatne plo\u010de SUNLITE, jer osiguravaju izvrsnu toplinsku izolaciju i dobru propusnost svjetlosti, \u0161to je od klju\u010dne va\u017enosti za rast biljaka. Koriste se i za oblaganje zidova te za razli\u010dite krovne pokrove. Odlikuje ih mala te\u017eina, velika udarna otpornost i izvrsna strukturna izdr\u017eljivost. Polikarbonatni krovni pokrov SUNLITE otporan je na UV zrake, zbog \u010dega ne dolazi do \u017eu\u0107enja plo\u010da i posljedi\u010dnog smanjenja propusnosti svjetlosti. Proziran krovni pokrov SUNLITE ima 10 godina jamstva na boju i mehani\u010dka svojstva.<\/p>\n<p>\u00a0<\/p>\n<p>\u00a0<\/p>\n<h3>Za\u0161to odabrati vi\u0161eslojne polikarbonatne plo\u010de SUNLITE?<\/h3>\n<h3><span class=\"\"h4\"\">njema\u010dka kvaliteta<\/span><\/h3>\n<h3><span class=\"\"h4\"\">prihvatljiva cijena<\/span><\/h3>\n<h3><span class=\"\"h4\"\">OPTIMALAN IZBOR!<\/span><\/h3>\n<p>\u00a0<\/p>\n<p>\u00a0<\/p>\n<h3>Glavne prednosti polikarbonatnih plo\u010da SUNLITE:<\/h3>\n<p>\u2022 izvrsna toplinska izolacija,<\/p>\n<p>\u2022 mala te\u017eina i velika udarna \u010dvrsto\u0107a,<\/p>\n<p>\u2022 dobra propusnost svjetlosti,<\/p>\n<p>\u2022 izvrsna strukturna izdr\u017eljivost,<\/p>\n<p>\u2022 otpornost na UV zrake i vremenske utjecaje,<\/p>\n<p>\u2022 zaustavljaju gotovo sve vrste zra\u010denja,<\/p>\n<p>\u2022 jednostavno rukovanje i ugradnja,<\/p>\n<p>\u2022 velika otpornost na vatru.<\/p>\n<p>\u00a0<\/p>\n","protected":false},"excerpt":{"rendered":"<p>Vi\u0161eslojne polikarbonatne plo\u010de SUNLITE, debljine 8 mm, izvrsan su izbor za staklenike i pregradne zidove. \u2705<\/p>\n","protected":false},"featured_media":856,"template":"","meta":{"_acf_changed":false},"product_brand":[],"product_cat":[232,246],"product_tag":[],"class_list":{"0":"post-3415","1":"product","2":"type-product","3":"status-publish","4":"has-post-thumbnail","6":"product_cat-polikarbonatne-ploce","7":"product_cat-viseslojne-polikarbonatne-ploce","9":"first","10":"outofstock","11":"taxable","12":"shipping-taxable","13":"purchasable","14":"product-type-simple"},"acf":[],"yoast_head":"<!-- This site is optimized with the Yoast SEO plugin v25.3.1 - https:\/\/yoast.com\/wordpress\/plugins\/seo\/ -->\n<title>Vi\u0161eslojna polikarbonatna plo\u010da, 8 mm, PROZIRNA \u2705 - MS Viscom<\/title>\n<meta name=\"robots\" content=\"noindex, follow, max-snippet:-1, max-image-preview:large, max-video-preview:-1\" \/>\n<meta property=\"og:locale\" content=\"hr_HR\" \/>\n<meta property=\"og:type\" content=\"article\" \/>\n<meta property=\"og:title\" content=\"Vi\u0161eslojna polikarbonatna plo\u010da, 8 mm, PROZIRNA \u2705 - MS Viscom\" \/>\n<meta property=\"og:description\" content=\"Vi\u0161eslojne polikarbonatne plo\u010de SUNLITE, debljine 8 mm, izvrsan su izbor za staklenike i pregradne zidove. \u2705\" \/>\n<meta property=\"og:url\" content=\"https:\/\/msviscom.development.digitalist.si\/hr\/izdelek\/viseslojna-polikarbonatna-ploca-8-mm-prozirna-%e2%9c%85\/\" \/>\n<meta property=\"og:site_name\" content=\"MS Viscom\" \/>\n<meta property=\"article:modified_time\" content=\"2025-11-17T07:36:50+00:00\" \/>\n<meta name=\"twitter:card\" content=\"summary_large_image\" \/>\n<meta name=\"twitter:label1\" content=\"Procijenjeno vrijeme \u010ditanja\" \/>\n\t<meta name=\"twitter:data1\" content=\"1 minuta\" \/>\n<script type=\"application\/ld+json\" class=\"yoast-schema-graph\">{\"@context\":\"https:\/\/schema.org\",\"@graph\":[{\"@type\":\"WebPage\",\"@id\":\"https:\/\/msviscom.development.digitalist.si\/hr\/izdelek\/viseslojna-polikarbonatna-ploca-8-mm-prozirna-%e2%9c%85\/\",\"url\":\"https:\/\/msviscom.development.digitalist.si\/hr\/izdelek\/viseslojna-polikarbonatna-ploca-8-mm-prozirna-%e2%9c%85\/\",\"name\":\"Vi\u0161eslojna polikarbonatna plo\u010da, 8 mm, PROZIRNA \u2705 - MS Viscom\",\"isPartOf\":{\"@id\":\"https:\/\/msviscom.development.digitalist.si\/hr\/#website\"},\"primaryImageOfPage\":{\"@id\":\"https:\/\/msviscom.development.digitalist.si\/hr\/izdelek\/viseslojna-polikarbonatna-ploca-8-mm-prozirna-%e2%9c%85\/#primaryimage\"},\"image\":{\"@id\":\"https:\/\/msviscom.development.digitalist.si\/hr\/izdelek\/viseslojna-polikarbonatna-ploca-8-mm-prozirna-%e2%9c%85\/#primaryimage\"},\"thumbnailUrl\":\"https:\/\/msviscom.development.digitalist.si\/wp-content\/uploads\/2025\/07\/PC_polikarbonatne_plosce_za_rastljinjake_2_r.jpg\",\"datePublished\":\"2025-07-21T08:04:54+00:00\",\"dateModified\":\"2025-11-17T07:36:50+00:00\",\"breadcrumb\":{\"@id\":\"https:\/\/msviscom.development.digitalist.si\/hr\/izdelek\/viseslojna-polikarbonatna-ploca-8-mm-prozirna-%e2%9c%85\/#breadcrumb\"},\"inLanguage\":\"hr\",\"potentialAction\":[{\"@type\":\"ReadAction\",\"target\":[\"https:\/\/msviscom.development.digitalist.si\/hr\/izdelek\/viseslojna-polikarbonatna-ploca-8-mm-prozirna-%e2%9c%85\/\"]}]},{\"@type\":\"ImageObject\",\"inLanguage\":\"hr\",\"@id\":\"https:\/\/msviscom.development.digitalist.si\/hr\/izdelek\/viseslojna-polikarbonatna-ploca-8-mm-prozirna-%e2%9c%85\/#primaryimage\",\"url\":\"https:\/\/msviscom.development.digitalist.si\/wp-content\/uploads\/2025\/07\/PC_polikarbonatne_plosce_za_rastljinjake_2_r.jpg\",\"contentUrl\":\"https:\/\/msviscom.development.digitalist.si\/wp-content\/uploads\/2025\/07\/PC_polikarbonatne_plosce_za_rastljinjake_2_r.jpg\",\"width\":800,\"height\":600},{\"@type\":\"BreadcrumbList\",\"@id\":\"https:\/\/msviscom.development.digitalist.si\/hr\/izdelek\/viseslojna-polikarbonatna-ploca-8-mm-prozirna-%e2%9c%85\/#breadcrumb\",\"itemListElement\":[{\"@type\":\"ListItem\",\"position\":1,\"name\":\"Domov\",\"item\":\"https:\/\/msviscom.development.digitalist.si\/hr\/\"},{\"@type\":\"ListItem\",\"position\":2,\"name\":\"Trgovina\",\"item\":\"https:\/\/msviscom.development.digitalist.si\/hr\/trgovina\/\"},{\"@type\":\"ListItem\",\"position\":3,\"name\":\"Vi\u0161eslojna polikarbonatna plo\u010da, 8 mm, PROZIRNA \u2705\"}]},{\"@type\":\"WebSite\",\"@id\":\"https:\/\/msviscom.development.digitalist.si\/hr\/#website\",\"url\":\"https:\/\/msviscom.development.digitalist.si\/hr\/\",\"name\":\"MS Viscom\",\"description\":\"\",\"potentialAction\":[{\"@type\":\"SearchAction\",\"target\":{\"@type\":\"EntryPoint\",\"urlTemplate\":\"https:\/\/msviscom.development.digitalist.si\/hr\/?s={search_term_string}\"},\"query-input\":{\"@type\":\"PropertyValueSpecification\",\"valueRequired\":true,\"valueName\":\"search_term_string\"}}],\"inLanguage\":\"hr\"}]}<\/script>\n<!-- \/ Yoast SEO plugin. -->","yoast_head_json":{"title":"Vi\u0161eslojna polikarbonatna plo\u010da, 8 mm, PROZIRNA \u2705 - MS Viscom","robots":{"index":"noindex","follow":"follow","max-snippet":"max-snippet:-1","max-image-preview":"max-image-preview:large","max-video-preview":"max-video-preview:-1"},"og_locale":"hr_HR","og_type":"article","og_title":"Vi\u0161eslojna polikarbonatna plo\u010da, 8 mm, PROZIRNA \u2705 - MS Viscom","og_description":"Vi\u0161eslojne polikarbonatne plo\u010de SUNLITE, debljine 8 mm, izvrsan su izbor za staklenike i pregradne zidove. \u2705","og_url":"https:\/\/msviscom.development.digitalist.si\/hr\/izdelek\/viseslojna-polikarbonatna-ploca-8-mm-prozirna-%e2%9c%85\/","og_site_name":"MS Viscom","article_modified_time":"2025-11-17T07:36:50+00:00","twitter_card":"summary_large_image","twitter_misc":{"Procijenjeno vrijeme \u010ditanja":"1 minuta"},"schema":{"@context":"https:\/\/schema.org","@graph":[{"@type":"WebPage","@id":"https:\/\/msviscom.development.digitalist.si\/hr\/izdelek\/viseslojna-polikarbonatna-ploca-8-mm-prozirna-%e2%9c%85\/","url":"https:\/\/msviscom.development.digitalist.si\/hr\/izdelek\/viseslojna-polikarbonatna-ploca-8-mm-prozirna-%e2%9c%85\/","name":"Vi\u0161eslojna polikarbonatna plo\u010da, 8 mm, PROZIRNA \u2705 - MS Viscom","isPartOf":{"@id":"https:\/\/msviscom.development.digitalist.si\/hr\/#website"},"primaryImageOfPage":{"@id":"https:\/\/msviscom.development.digitalist.si\/hr\/izdelek\/viseslojna-polikarbonatna-ploca-8-mm-prozirna-%e2%9c%85\/#primaryimage"},"image":{"@id":"https:\/\/msviscom.development.digitalist.si\/hr\/izdelek\/viseslojna-polikarbonatna-ploca-8-mm-prozirna-%e2%9c%85\/#primaryimage"},"thumbnailUrl":"https:\/\/msviscom.development.digitalist.si\/wp-content\/uploads\/2025\/07\/PC_polikarbonatne_plosce_za_rastljinjake_2_r.jpg","datePublished":"2025-07-21T08:04:54+00:00","dateModified":"2025-11-17T07:36:50+00:00","breadcrumb":{"@id":"https:\/\/msviscom.development.digitalist.si\/hr\/izdelek\/viseslojna-polikarbonatna-ploca-8-mm-prozirna-%e2%9c%85\/#breadcrumb"},"inLanguage":"hr","potentialAction":[{"@type":"ReadAction","target":["https:\/\/msviscom.development.digitalist.si\/hr\/izdelek\/viseslojna-polikarbonatna-ploca-8-mm-prozirna-%e2%9c%85\/"]}]},{"@type":"ImageObject","inLanguage":"hr","@id":"https:\/\/msviscom.development.digitalist.si\/hr\/izdelek\/viseslojna-polikarbonatna-ploca-8-mm-prozirna-%e2%9c%85\/#primaryimage","url":"https:\/\/msviscom.development.digitalist.si\/wp-content\/uploads\/2025\/07\/PC_polikarbonatne_plosce_za_rastljinjake_2_r.jpg","contentUrl":"https:\/\/msviscom.development.digitalist.si\/wp-content\/uploads\/2025\/07\/PC_polikarbonatne_plosce_za_rastljinjake_2_r.jpg","width":800,"height":600},{"@type":"BreadcrumbList","@id":"https:\/\/msviscom.development.digitalist.si\/hr\/izdelek\/viseslojna-polikarbonatna-ploca-8-mm-prozirna-%e2%9c%85\/#breadcrumb","itemListElement":[{"@type":"ListItem","position":1,"name":"Domov","item":"https:\/\/msviscom.development.digitalist.si\/hr\/"},{"@type":"ListItem","position":2,"name":"Trgovina","item":"https:\/\/msviscom.development.digitalist.si\/hr\/trgovina\/"},{"@type":"ListItem","position":3,"name":"Vi\u0161eslojna polikarbonatna plo\u010da, 8 mm, PROZIRNA \u2705"}]},{"@type":"WebSite","@id":"https:\/\/msviscom.development.digitalist.si\/hr\/#website","url":"https:\/\/msviscom.development.digitalist.si\/hr\/","name":"MS Viscom","description":"","potentialAction":[{"@type":"SearchAction","target":{"@type":"EntryPoint","urlTemplate":"https:\/\/msviscom.development.digitalist.si\/hr\/?s={search_term_string}"},"query-input":{"@type":"PropertyValueSpecification","valueRequired":true,"valueName":"search_term_string"}}],"inLanguage":"hr"}]}},"_links":{"self":[{"href":"https:\/\/msviscom.development.digitalist.si\/hr\/wp-json\/wp\/v2\/product\/3415","targetHints":{"allow":["GET"]}}],"collection":[{"href":"https:\/\/msviscom.development.digitalist.si\/hr\/wp-json\/wp\/v2\/product"}],"about":[{"href":"https:\/\/msviscom.development.digitalist.si\/hr\/wp-json\/wp\/v2\/types\/product"}],"wp:featuredmedia":[{"embeddable":true,"href":"https:\/\/msviscom.development.digitalist.si\/hr\/wp-json\/wp\/v2\/media\/856"}],"wp:attachment":[{"href":"https:\/\/msviscom.development.digitalist.si\/hr\/wp-json\/wp\/v2\/media?parent=3415"}],"wp:term":[{"taxonomy":"product_brand","embeddable":true,"href":"https:\/\/msviscom.development.digitalist.si\/hr\/wp-json\/wp\/v2\/product_brand?post=3415"},{"taxonomy":"product_cat","embeddable":true,"href":"https:\/\/msviscom.development.digitalist.si\/hr\/wp-json\/wp\/v2\/product_cat?post=3415"},{"taxonomy":"product_tag","embeddable":true,"href":"https:\/\/msviscom.development.digitalist.si\/hr\/wp-json\/wp\/v2\/product_tag?post=3415"}],"curies":[{"name":"wp","href":"https:\/\/api.w.org\/{rel}","templated":true}]}}