{"id":3402,"date":"2025-07-21T09:04:32","date_gmt":"2025-07-21T08:04:32","guid":{"rendered":"https:\/\/msviscom.development.digitalist.si\/izdelek\/materijal-za-lemne-maske\/"},"modified":"2025-11-17T08:36:45","modified_gmt":"2025-11-17T07:36:45","slug":"materijal-za-lemne-maske","status":"publish","type":"product","link":"https:\/\/msviscom.development.digitalist.si\/hr\/izdelek\/materijal-za-lemne-maske\/","title":{"rendered":"MATERIJAL ZA LEMNE MASKE"},"content":{"rendered":"<p>&#8220;Standardne debljine na zalihi:<\/p>\n<p>Durastone CFR767, debljina: 5 mm<\/p>\n<p>Contaval 2576 GP, debljina: 3, 6, 8, 10 mm<\/p>\n<p>\u00a0<\/p>\n<p>MATERIJAL ZA LEMNE MASKE:<\/p>\n<p>\u2022 **DURASTONE CFR767** sastoji se od staklenih vlakana, epoksidne smole i grafitnog praha. Izdr\u017eava temperaturu do 300 \u00b0C.<\/p>\n<p>\u2022 **CONTAVAL 2576 GP** sastoji se od staklene mre\u017ee, epoksidne smole i grafitnog praha. Izdr\u017eava temperaturu do 280 \u00b0C.<\/p>\n<p>\u2022 **CONTAVAL 2017** sastoji se od staklene mre\u017ee, epoksidne smole i grafitnog praha. Izdr\u017eava temperaturu do 280 \u00b0C.<\/p>\n<p>\u2022 **VOLTIS HP CONDUCTIVE** sastoji se od papira, fenolne smole i grafitnog praha. Koristi se za ESD primjene.&#8221;<\/p>\n","protected":false},"excerpt":{"rendered":"<p>&#8220;Contaval je posebno razvijen materijal za izradu lemnih maski. Antistati\u010dan je, prikladan za tehnologiju bez olova, otporan na crveno svjetlo i zadovoljava ESD uvjete.<\/p>\n<p>Najve\u0107e prednosti njegove upotrebe su:<\/p>\n<p>\u2022 SMD dijelovi se \u0161tite s DONJE strane.<\/p>\n<p>\u2022 THT dijelovi se fiksiraju s GORNJE strane PCB plo\u010dica.<\/p>\n<p>\u2022 Za te\u017ee PCB plo\u010de preporu\u010duje se uporaba okvira koji im daje stabilnost.<\/p>\n<p>\u2022 Tijekom lemljenja rezultati su uvijek jednaki, \u0161to je posebno va\u017eno u automobilskoj industriji.<\/p>\n<p>\u00a0&#8221;<\/p>\n","protected":false},"featured_media":816,"template":"","meta":{"_acf_changed":false},"product_brand":[],"product_cat":[230],"product_tag":[],"class_list":{"0":"post-3402","1":"product","2":"type-product","3":"status-publish","4":"has-post-thumbnail","6":"product_cat-osnovni-materijali-za-pcb-plocice","8":"first","9":"outofstock","10":"taxable","11":"shipping-taxable","12":"purchasable","13":"product-type-simple"},"acf":[],"yoast_head":"<!-- This site is optimized with the Yoast SEO plugin v25.3.1 - https:\/\/yoast.com\/wordpress\/plugins\/seo\/ -->\n<title>MATERIJAL ZA LEMNE MASKE - MS Viscom<\/title>\n<meta name=\"robots\" content=\"noindex, follow, max-snippet:-1, max-image-preview:large, max-video-preview:-1\" \/>\n<meta property=\"og:locale\" content=\"hr_HR\" \/>\n<meta property=\"og:type\" content=\"article\" \/>\n<meta property=\"og:title\" content=\"MATERIJAL ZA LEMNE MASKE - MS Viscom\" \/>\n<meta property=\"og:description\" content=\"&quot;Contaval je posebno razvijen materijal za izradu lemnih maski. Antistati\u010dan je, prikladan za tehnologiju bez olova, otporan na crveno svjetlo i zadovoljava ESD uvjete.  Najve\u0107e prednosti njegove upotrebe su:  \u2022 SMD dijelovi se \u0161tite s DONJE strane.  \u2022 THT dijelovi se fiksiraju s GORNJE strane PCB plo\u010dica.  \u2022 Za te\u017ee PCB plo\u010de preporu\u010duje se uporaba okvira koji im daje stabilnost.  \u2022 Tijekom lemljenja rezultati su uvijek jednaki, \u0161to je posebno va\u017eno u automobilskoj industriji.  \u00a0&quot;\" \/>\n<meta property=\"og:url\" content=\"https:\/\/msviscom.development.digitalist.si\/hr\/izdelek\/materijal-za-lemne-maske\/\" \/>\n<meta property=\"og:site_name\" content=\"MS Viscom\" \/>\n<meta property=\"article:modified_time\" content=\"2025-11-17T07:36:45+00:00\" \/>\n<meta name=\"twitter:card\" content=\"summary_large_image\" \/>\n<script type=\"application\/ld+json\" class=\"yoast-schema-graph\">{\"@context\":\"https:\/\/schema.org\",\"@graph\":[{\"@type\":\"WebPage\",\"@id\":\"https:\/\/msviscom.development.digitalist.si\/hr\/izdelek\/materijal-za-lemne-maske\/\",\"url\":\"https:\/\/msviscom.development.digitalist.si\/hr\/izdelek\/materijal-za-lemne-maske\/\",\"name\":\"MATERIJAL ZA LEMNE MASKE - MS Viscom\",\"isPartOf\":{\"@id\":\"https:\/\/msviscom.development.digitalist.si\/hr\/#website\"},\"primaryImageOfPage\":{\"@id\":\"https:\/\/msviscom.development.digitalist.si\/hr\/izdelek\/materijal-za-lemne-maske\/#primaryimage\"},\"image\":{\"@id\":\"https:\/\/msviscom.development.digitalist.si\/hr\/izdelek\/materijal-za-lemne-maske\/#primaryimage\"},\"thumbnailUrl\":\"https:\/\/msviscom.development.digitalist.si\/wp-content\/uploads\/2025\/07\/SPAJKALNE20_MASKE_r.jpg\",\"datePublished\":\"2025-07-21T08:04:32+00:00\",\"dateModified\":\"2025-11-17T07:36:45+00:00\",\"breadcrumb\":{\"@id\":\"https:\/\/msviscom.development.digitalist.si\/hr\/izdelek\/materijal-za-lemne-maske\/#breadcrumb\"},\"inLanguage\":\"hr\",\"potentialAction\":[{\"@type\":\"ReadAction\",\"target\":[\"https:\/\/msviscom.development.digitalist.si\/hr\/izdelek\/materijal-za-lemne-maske\/\"]}]},{\"@type\":\"ImageObject\",\"inLanguage\":\"hr\",\"@id\":\"https:\/\/msviscom.development.digitalist.si\/hr\/izdelek\/materijal-za-lemne-maske\/#primaryimage\",\"url\":\"https:\/\/msviscom.development.digitalist.si\/wp-content\/uploads\/2025\/07\/SPAJKALNE20_MASKE_r.jpg\",\"contentUrl\":\"https:\/\/msviscom.development.digitalist.si\/wp-content\/uploads\/2025\/07\/SPAJKALNE20_MASKE_r.jpg\",\"width\":800,\"height\":600},{\"@type\":\"BreadcrumbList\",\"@id\":\"https:\/\/msviscom.development.digitalist.si\/hr\/izdelek\/materijal-za-lemne-maske\/#breadcrumb\",\"itemListElement\":[{\"@type\":\"ListItem\",\"position\":1,\"name\":\"Domov\",\"item\":\"https:\/\/msviscom.development.digitalist.si\/hr\/\"},{\"@type\":\"ListItem\",\"position\":2,\"name\":\"Trgovina\",\"item\":\"https:\/\/msviscom.development.digitalist.si\/hr\/trgovina\/\"},{\"@type\":\"ListItem\",\"position\":3,\"name\":\"MATERIJAL ZA LEMNE MASKE\"}]},{\"@type\":\"WebSite\",\"@id\":\"https:\/\/msviscom.development.digitalist.si\/hr\/#website\",\"url\":\"https:\/\/msviscom.development.digitalist.si\/hr\/\",\"name\":\"MS Viscom\",\"description\":\"\",\"potentialAction\":[{\"@type\":\"SearchAction\",\"target\":{\"@type\":\"EntryPoint\",\"urlTemplate\":\"https:\/\/msviscom.development.digitalist.si\/hr\/?s={search_term_string}\"},\"query-input\":{\"@type\":\"PropertyValueSpecification\",\"valueRequired\":true,\"valueName\":\"search_term_string\"}}],\"inLanguage\":\"hr\"}]}<\/script>\n<!-- \/ Yoast SEO plugin. -->","yoast_head_json":{"title":"MATERIJAL ZA LEMNE MASKE - MS Viscom","robots":{"index":"noindex","follow":"follow","max-snippet":"max-snippet:-1","max-image-preview":"max-image-preview:large","max-video-preview":"max-video-preview:-1"},"og_locale":"hr_HR","og_type":"article","og_title":"MATERIJAL ZA LEMNE MASKE - MS Viscom","og_description":"\"Contaval je posebno razvijen materijal za izradu lemnih maski. Antistati\u010dan je, prikladan za tehnologiju bez olova, otporan na crveno svjetlo i zadovoljava ESD uvjete.  Najve\u0107e prednosti njegove upotrebe su:  \u2022 SMD dijelovi se \u0161tite s DONJE strane.  \u2022 THT dijelovi se fiksiraju s GORNJE strane PCB plo\u010dica.  \u2022 Za te\u017ee PCB plo\u010de preporu\u010duje se uporaba okvira koji im daje stabilnost.  \u2022 Tijekom lemljenja rezultati su uvijek jednaki, \u0161to je posebno va\u017eno u automobilskoj industriji.  \u00a0\"","og_url":"https:\/\/msviscom.development.digitalist.si\/hr\/izdelek\/materijal-za-lemne-maske\/","og_site_name":"MS Viscom","article_modified_time":"2025-11-17T07:36:45+00:00","twitter_card":"summary_large_image","schema":{"@context":"https:\/\/schema.org","@graph":[{"@type":"WebPage","@id":"https:\/\/msviscom.development.digitalist.si\/hr\/izdelek\/materijal-za-lemne-maske\/","url":"https:\/\/msviscom.development.digitalist.si\/hr\/izdelek\/materijal-za-lemne-maske\/","name":"MATERIJAL ZA LEMNE MASKE - MS Viscom","isPartOf":{"@id":"https:\/\/msviscom.development.digitalist.si\/hr\/#website"},"primaryImageOfPage":{"@id":"https:\/\/msviscom.development.digitalist.si\/hr\/izdelek\/materijal-za-lemne-maske\/#primaryimage"},"image":{"@id":"https:\/\/msviscom.development.digitalist.si\/hr\/izdelek\/materijal-za-lemne-maske\/#primaryimage"},"thumbnailUrl":"https:\/\/msviscom.development.digitalist.si\/wp-content\/uploads\/2025\/07\/SPAJKALNE20_MASKE_r.jpg","datePublished":"2025-07-21T08:04:32+00:00","dateModified":"2025-11-17T07:36:45+00:00","breadcrumb":{"@id":"https:\/\/msviscom.development.digitalist.si\/hr\/izdelek\/materijal-za-lemne-maske\/#breadcrumb"},"inLanguage":"hr","potentialAction":[{"@type":"ReadAction","target":["https:\/\/msviscom.development.digitalist.si\/hr\/izdelek\/materijal-za-lemne-maske\/"]}]},{"@type":"ImageObject","inLanguage":"hr","@id":"https:\/\/msviscom.development.digitalist.si\/hr\/izdelek\/materijal-za-lemne-maske\/#primaryimage","url":"https:\/\/msviscom.development.digitalist.si\/wp-content\/uploads\/2025\/07\/SPAJKALNE20_MASKE_r.jpg","contentUrl":"https:\/\/msviscom.development.digitalist.si\/wp-content\/uploads\/2025\/07\/SPAJKALNE20_MASKE_r.jpg","width":800,"height":600},{"@type":"BreadcrumbList","@id":"https:\/\/msviscom.development.digitalist.si\/hr\/izdelek\/materijal-za-lemne-maske\/#breadcrumb","itemListElement":[{"@type":"ListItem","position":1,"name":"Domov","item":"https:\/\/msviscom.development.digitalist.si\/hr\/"},{"@type":"ListItem","position":2,"name":"Trgovina","item":"https:\/\/msviscom.development.digitalist.si\/hr\/trgovina\/"},{"@type":"ListItem","position":3,"name":"MATERIJAL ZA LEMNE MASKE"}]},{"@type":"WebSite","@id":"https:\/\/msviscom.development.digitalist.si\/hr\/#website","url":"https:\/\/msviscom.development.digitalist.si\/hr\/","name":"MS Viscom","description":"","potentialAction":[{"@type":"SearchAction","target":{"@type":"EntryPoint","urlTemplate":"https:\/\/msviscom.development.digitalist.si\/hr\/?s={search_term_string}"},"query-input":{"@type":"PropertyValueSpecification","valueRequired":true,"valueName":"search_term_string"}}],"inLanguage":"hr"}]}},"_links":{"self":[{"href":"https:\/\/msviscom.development.digitalist.si\/hr\/wp-json\/wp\/v2\/product\/3402","targetHints":{"allow":["GET"]}}],"collection":[{"href":"https:\/\/msviscom.development.digitalist.si\/hr\/wp-json\/wp\/v2\/product"}],"about":[{"href":"https:\/\/msviscom.development.digitalist.si\/hr\/wp-json\/wp\/v2\/types\/product"}],"wp:featuredmedia":[{"embeddable":true,"href":"https:\/\/msviscom.development.digitalist.si\/hr\/wp-json\/wp\/v2\/media\/816"}],"wp:attachment":[{"href":"https:\/\/msviscom.development.digitalist.si\/hr\/wp-json\/wp\/v2\/media?parent=3402"}],"wp:term":[{"taxonomy":"product_brand","embeddable":true,"href":"https:\/\/msviscom.development.digitalist.si\/hr\/wp-json\/wp\/v2\/product_brand?post=3402"},{"taxonomy":"product_cat","embeddable":true,"href":"https:\/\/msviscom.development.digitalist.si\/hr\/wp-json\/wp\/v2\/product_cat?post=3402"},{"taxonomy":"product_tag","embeddable":true,"href":"https:\/\/msviscom.development.digitalist.si\/hr\/wp-json\/wp\/v2\/product_tag?post=3402"}],"curies":[{"name":"wp","href":"https:\/\/api.w.org\/{rel}","templated":true}]}}