{"id":3398,"date":"2025-07-21T09:04:25","date_gmt":"2025-07-21T08:04:25","guid":{"rendered":"https:\/\/msviscom.development.digitalist.si\/izdelek\/pom-c-esd-antistaticni-msa\/"},"modified":"2025-11-17T08:36:44","modified_gmt":"2025-11-17T07:36:44","slug":"pom-c-esd-antistaticni-msa","status":"publish","type":"product","link":"https:\/\/msviscom.development.digitalist.si\/hr\/izdelek\/pom-c-esd-antistaticni-msa\/","title":{"rendered":"POM-C ESD ANTISTATI\u010cNI MSA"},"content":{"rendered":"<table border=\"0\" width=\"484\" cellspacing=\"0\" cellpadding=\"0\">\n<tbody>\n<tr>\n<td width=\"216\" height=\"20\">ELEKTRI\u010cNA SVOJSTVA<\/td>\n<td width=\"73\"><\/td>\n<td width=\"82\"><\/td>\n<td width=\"51\"><\/td>\n<td width=\"62\"><\/td>\n<\/tr>\n<tr>\n<td width=\"216\" height=\"20\">Dielektri\u010dna konstanta<\/td>\n<td width=\"73\">IEC 60250<\/td>\n<td width=\"82\">\/<\/td>\n<td width=\"51\">1MHz<\/td>\n<td width=\"62\">\/<\/td>\n<\/tr>\n<tr>\n<td width=\"216\" height=\"20\">Faktor dielektri\u010dnog gubitka<\/td>\n<td width=\"73\">IEC 60250<\/td>\n<td width=\"82\">\/<\/td>\n<td width=\"51\">1MHz<\/td>\n<td width=\"62\">\/<\/td>\n<\/tr>\n<tr>\n<td width=\"216\" height=\"20\">Dielektri\u010dna \u010dvrsto\u0107a<\/td>\n<td width=\"73\">IEC 60243-1<\/td>\n<td width=\"82\">1.6mm<\/td>\n<td width=\"51\">KV\/mm<\/td>\n<td width=\"62\">\/<\/td>\n<\/tr>\n<tr>\n<td width=\"216\" height=\"20\">Povr\u0161inski otpor<\/td>\n<td width=\"73\">IEC 600093<\/td>\n<td width=\"82\">ACL-800 \u03a9<\/td>\n<td width=\"51\">\u03a9<\/td>\n<td width=\"62\">10<sup>3<\/sup>-10<sup>5<\/sup><\/td>\n<\/tr>\n<tr>\n<td width=\"216\" height=\"20\">Volumni otpor<\/td>\n<td width=\"73\">IEC 600093<\/td>\n<td width=\"82\">ACL-800<\/td>\n<td width=\"51\">\u03a9*cm<\/td>\n<td width=\"62\">10<sup>3<\/sup>-10<sup>5<\/sup><\/td>\n<\/tr>\n<\/tbody>\n<\/table>\n<p>&nbsp;<br \/>\n&nbsp;<br \/>\nStandardne debljine:<\/p>\n<ul>\n<li>10 mm<\/li>\n<li>12 mm<\/li>\n<li>15 mm<\/li>\n<li>20 mm<\/li>\n<li>25 mm<\/li>\n<li>30 mm<\/li>\n<li>35 mm<\/li>\n<li>40 mm<\/li>\n<li>50 mm<\/li>\n<li>60 mm<\/li>\n<li>70 mm<\/li>\n<li>80 mm<\/li>\n<li>100 mm<\/li>\n<\/ul>\n","protected":false},"excerpt":{"rendered":"<p>Materijal je standardno crne boje. Odlikuje ga niska apsorpcija vode i idealna kombinacija rastezljivosti, stla\u010divosti, \u010dvrsto\u0107e i dimenzijske stabilnosti. Koristi se u automobilskoj i tekstilnoj industriji, elektroindustriji i elektronici.<\/p>\n","protected":false},"featured_media":804,"template":"","meta":{"_acf_changed":false},"product_brand":[],"product_cat":[347],"product_tag":[],"class_list":{"0":"post-3398","1":"product","2":"type-product","3":"status-publish","4":"has-post-thumbnail","6":"product_cat-pom-c","8":"first","9":"outofstock","10":"taxable","11":"shipping-taxable","12":"purchasable","13":"product-type-simple"},"acf":[],"yoast_head":"<!-- This site is optimized with the Yoast SEO plugin v25.3.1 - https:\/\/yoast.com\/wordpress\/plugins\/seo\/ -->\n<title>POM-C ESD ANTISTATI\u010cNI MSA - MS Viscom<\/title>\n<meta name=\"robots\" content=\"noindex, follow, max-snippet:-1, max-image-preview:large, max-video-preview:-1\" \/>\n<meta property=\"og:locale\" content=\"hr_HR\" \/>\n<meta property=\"og:type\" content=\"article\" \/>\n<meta property=\"og:title\" content=\"POM-C ESD ANTISTATI\u010cNI MSA - MS Viscom\" \/>\n<meta property=\"og:description\" content=\"Materijal je standardno crne boje. Odlikuje ga niska apsorpcija vode i idealna kombinacija rastezljivosti, stla\u010divosti, \u010dvrsto\u0107e i dimenzijske stabilnosti. Koristi se u automobilskoj i tekstilnoj industriji, elektroindustriji i elektronici.\" \/>\n<meta property=\"og:url\" content=\"https:\/\/msviscom.development.digitalist.si\/hr\/izdelek\/pom-c-esd-antistaticni-msa\/\" \/>\n<meta property=\"og:site_name\" content=\"MS Viscom\" \/>\n<meta property=\"article:modified_time\" content=\"2025-11-17T07:36:44+00:00\" \/>\n<meta name=\"twitter:card\" content=\"summary_large_image\" \/>\n<script type=\"application\/ld+json\" class=\"yoast-schema-graph\">{\"@context\":\"https:\/\/schema.org\",\"@graph\":[{\"@type\":\"WebPage\",\"@id\":\"https:\/\/msviscom.development.digitalist.si\/hr\/izdelek\/pom-c-esd-antistaticni-msa\/\",\"url\":\"https:\/\/msviscom.development.digitalist.si\/hr\/izdelek\/pom-c-esd-antistaticni-msa\/\",\"name\":\"POM-C ESD ANTISTATI\u010cNI MSA - MS Viscom\",\"isPartOf\":{\"@id\":\"https:\/\/msviscom.development.digitalist.si\/hr\/#website\"},\"primaryImageOfPage\":{\"@id\":\"https:\/\/msviscom.development.digitalist.si\/hr\/izdelek\/pom-c-esd-antistaticni-msa\/#primaryimage\"},\"image\":{\"@id\":\"https:\/\/msviscom.development.digitalist.si\/hr\/izdelek\/pom-c-esd-antistaticni-msa\/#primaryimage\"},\"thumbnailUrl\":\"https:\/\/msviscom.development.digitalist.si\/wp-content\/uploads\/2025\/07\/POM_20C_ESD_ANTISTATIC_MSA.jpg\",\"datePublished\":\"2025-07-21T08:04:25+00:00\",\"dateModified\":\"2025-11-17T07:36:44+00:00\",\"breadcrumb\":{\"@id\":\"https:\/\/msviscom.development.digitalist.si\/hr\/izdelek\/pom-c-esd-antistaticni-msa\/#breadcrumb\"},\"inLanguage\":\"hr\",\"potentialAction\":[{\"@type\":\"ReadAction\",\"target\":[\"https:\/\/msviscom.development.digitalist.si\/hr\/izdelek\/pom-c-esd-antistaticni-msa\/\"]}]},{\"@type\":\"ImageObject\",\"inLanguage\":\"hr\",\"@id\":\"https:\/\/msviscom.development.digitalist.si\/hr\/izdelek\/pom-c-esd-antistaticni-msa\/#primaryimage\",\"url\":\"https:\/\/msviscom.development.digitalist.si\/wp-content\/uploads\/2025\/07\/POM_20C_ESD_ANTISTATIC_MSA.jpg\",\"contentUrl\":\"https:\/\/msviscom.development.digitalist.si\/wp-content\/uploads\/2025\/07\/POM_20C_ESD_ANTISTATIC_MSA.jpg\",\"width\":800,\"height\":600},{\"@type\":\"BreadcrumbList\",\"@id\":\"https:\/\/msviscom.development.digitalist.si\/hr\/izdelek\/pom-c-esd-antistaticni-msa\/#breadcrumb\",\"itemListElement\":[{\"@type\":\"ListItem\",\"position\":1,\"name\":\"Domov\",\"item\":\"https:\/\/msviscom.development.digitalist.si\/hr\/\"},{\"@type\":\"ListItem\",\"position\":2,\"name\":\"Trgovina\",\"item\":\"https:\/\/msviscom.development.digitalist.si\/hr\/trgovina\/\"},{\"@type\":\"ListItem\",\"position\":3,\"name\":\"POM-C ESD ANTISTATI\u010cNI MSA\"}]},{\"@type\":\"WebSite\",\"@id\":\"https:\/\/msviscom.development.digitalist.si\/hr\/#website\",\"url\":\"https:\/\/msviscom.development.digitalist.si\/hr\/\",\"name\":\"MS Viscom\",\"description\":\"\",\"potentialAction\":[{\"@type\":\"SearchAction\",\"target\":{\"@type\":\"EntryPoint\",\"urlTemplate\":\"https:\/\/msviscom.development.digitalist.si\/hr\/?s={search_term_string}\"},\"query-input\":{\"@type\":\"PropertyValueSpecification\",\"valueRequired\":true,\"valueName\":\"search_term_string\"}}],\"inLanguage\":\"hr\"}]}<\/script>\n<!-- \/ Yoast SEO plugin. -->","yoast_head_json":{"title":"POM-C ESD ANTISTATI\u010cNI MSA - MS Viscom","robots":{"index":"noindex","follow":"follow","max-snippet":"max-snippet:-1","max-image-preview":"max-image-preview:large","max-video-preview":"max-video-preview:-1"},"og_locale":"hr_HR","og_type":"article","og_title":"POM-C ESD ANTISTATI\u010cNI MSA - MS Viscom","og_description":"Materijal je standardno crne boje. Odlikuje ga niska apsorpcija vode i idealna kombinacija rastezljivosti, stla\u010divosti, \u010dvrsto\u0107e i dimenzijske stabilnosti. Koristi se u automobilskoj i tekstilnoj industriji, elektroindustriji i elektronici.","og_url":"https:\/\/msviscom.development.digitalist.si\/hr\/izdelek\/pom-c-esd-antistaticni-msa\/","og_site_name":"MS Viscom","article_modified_time":"2025-11-17T07:36:44+00:00","twitter_card":"summary_large_image","schema":{"@context":"https:\/\/schema.org","@graph":[{"@type":"WebPage","@id":"https:\/\/msviscom.development.digitalist.si\/hr\/izdelek\/pom-c-esd-antistaticni-msa\/","url":"https:\/\/msviscom.development.digitalist.si\/hr\/izdelek\/pom-c-esd-antistaticni-msa\/","name":"POM-C ESD ANTISTATI\u010cNI MSA - MS Viscom","isPartOf":{"@id":"https:\/\/msviscom.development.digitalist.si\/hr\/#website"},"primaryImageOfPage":{"@id":"https:\/\/msviscom.development.digitalist.si\/hr\/izdelek\/pom-c-esd-antistaticni-msa\/#primaryimage"},"image":{"@id":"https:\/\/msviscom.development.digitalist.si\/hr\/izdelek\/pom-c-esd-antistaticni-msa\/#primaryimage"},"thumbnailUrl":"https:\/\/msviscom.development.digitalist.si\/wp-content\/uploads\/2025\/07\/POM_20C_ESD_ANTISTATIC_MSA.jpg","datePublished":"2025-07-21T08:04:25+00:00","dateModified":"2025-11-17T07:36:44+00:00","breadcrumb":{"@id":"https:\/\/msviscom.development.digitalist.si\/hr\/izdelek\/pom-c-esd-antistaticni-msa\/#breadcrumb"},"inLanguage":"hr","potentialAction":[{"@type":"ReadAction","target":["https:\/\/msviscom.development.digitalist.si\/hr\/izdelek\/pom-c-esd-antistaticni-msa\/"]}]},{"@type":"ImageObject","inLanguage":"hr","@id":"https:\/\/msviscom.development.digitalist.si\/hr\/izdelek\/pom-c-esd-antistaticni-msa\/#primaryimage","url":"https:\/\/msviscom.development.digitalist.si\/wp-content\/uploads\/2025\/07\/POM_20C_ESD_ANTISTATIC_MSA.jpg","contentUrl":"https:\/\/msviscom.development.digitalist.si\/wp-content\/uploads\/2025\/07\/POM_20C_ESD_ANTISTATIC_MSA.jpg","width":800,"height":600},{"@type":"BreadcrumbList","@id":"https:\/\/msviscom.development.digitalist.si\/hr\/izdelek\/pom-c-esd-antistaticni-msa\/#breadcrumb","itemListElement":[{"@type":"ListItem","position":1,"name":"Domov","item":"https:\/\/msviscom.development.digitalist.si\/hr\/"},{"@type":"ListItem","position":2,"name":"Trgovina","item":"https:\/\/msviscom.development.digitalist.si\/hr\/trgovina\/"},{"@type":"ListItem","position":3,"name":"POM-C ESD ANTISTATI\u010cNI MSA"}]},{"@type":"WebSite","@id":"https:\/\/msviscom.development.digitalist.si\/hr\/#website","url":"https:\/\/msviscom.development.digitalist.si\/hr\/","name":"MS Viscom","description":"","potentialAction":[{"@type":"SearchAction","target":{"@type":"EntryPoint","urlTemplate":"https:\/\/msviscom.development.digitalist.si\/hr\/?s={search_term_string}"},"query-input":{"@type":"PropertyValueSpecification","valueRequired":true,"valueName":"search_term_string"}}],"inLanguage":"hr"}]}},"_links":{"self":[{"href":"https:\/\/msviscom.development.digitalist.si\/hr\/wp-json\/wp\/v2\/product\/3398","targetHints":{"allow":["GET"]}}],"collection":[{"href":"https:\/\/msviscom.development.digitalist.si\/hr\/wp-json\/wp\/v2\/product"}],"about":[{"href":"https:\/\/msviscom.development.digitalist.si\/hr\/wp-json\/wp\/v2\/types\/product"}],"wp:featuredmedia":[{"embeddable":true,"href":"https:\/\/msviscom.development.digitalist.si\/hr\/wp-json\/wp\/v2\/media\/804"}],"wp:attachment":[{"href":"https:\/\/msviscom.development.digitalist.si\/hr\/wp-json\/wp\/v2\/media?parent=3398"}],"wp:term":[{"taxonomy":"product_brand","embeddable":true,"href":"https:\/\/msviscom.development.digitalist.si\/hr\/wp-json\/wp\/v2\/product_brand?post=3398"},{"taxonomy":"product_cat","embeddable":true,"href":"https:\/\/msviscom.development.digitalist.si\/hr\/wp-json\/wp\/v2\/product_cat?post=3398"},{"taxonomy":"product_tag","embeddable":true,"href":"https:\/\/msviscom.development.digitalist.si\/hr\/wp-json\/wp\/v2\/product_tag?post=3398"}],"curies":[{"name":"wp","href":"https:\/\/api.w.org\/{rel}","templated":true}]}}