{"id":3368,"date":"2025-07-21T09:03:56","date_gmt":"2025-07-21T08:03:56","guid":{"rendered":"https:\/\/msviscom.development.digitalist.si\/izdelek\/pa6g-ol-poliamid-6-ol\/"},"modified":"2025-11-17T08:36:34","modified_gmt":"2025-11-17T07:36:34","slug":"pa6g-ol-poliamid-6-ol","status":"publish","type":"product","link":"https:\/\/msviscom.development.digitalist.si\/hr\/izdelek\/pa6g-ol-poliamid-6-ol\/","title":{"rendered":"PA6G OL &#8211; Poliamid 6 OL"},"content":{"rendered":"<p>&#8220;<\/p>\n<p data-start=\"\"135\"\" data-end=\"\"604\"\">PA6G OL (cast nylon 6, oil-filled) je lijevani tehni\u010dki poliamid modificiran dodatkom maziva (obi\u010dno mineralnog ili sinteti\u010dkog ulja), \u0161to mu daje pobolj\u0161ana klizna svojstva i ni\u017ei koeficijent trenja. Rije\u010d je o materijalu posebno dizajniranom za primjene u kojima se o\u010dekuje ve\u0107i mehani\u010dki stres, dinami\u010dko optere\u0107enje i potreba za smanjenjem habanja bez dodatnog podmazivanja. Zbog dodatka maziva, samopodmazuju\u0107i je i ima dulji vijek trajanja u usporedbi s klasi\u010dnim PA6G.<\/p>\n<p data-start=\"\"606\"\" data-end=\"\"627\"\"><strong data-start=\"\"606\"\" data-end=\"\"627\"\">Glavna svojstva:<\/strong><\/p>\n<ul data-start=\"\"629\"\" data-end=\"\"905\"\">\n<li data-start=\"\"629\"\" data-end=\"\"654\"\">\n<p data-start=\"\"631\"\" data-end=\"\"654\"\">Ni\u017ei koeficijent trenja<\/p>\n<\/li>\n<li data-start=\"\"655\"\" data-end=\"\"693\"\">\n<p data-start=\"\"657\"\" data-end=\"\"693\"\">Samopodmazuju\u0107a svojstva (sadr\u017ei ulje)<\/p>\n<\/li>\n<li data-start=\"\"694\"\" data-end=\"\"729\"\">\n<p data-start=\"\"696\"\" data-end=\"\"729\"\">Vrlo dobra otpornost na habanje<\/p>\n<\/li>\n<li data-start=\"\"730\"\" data-end=\"\"760\"\">\n<p data-start=\"\"732\"\" data-end=\"\"760\"\">Dobra dimenzijska stabilnost<\/p>\n<\/li>\n<li data-start=\"\"761\"\" data-end=\"\"821\"\">\n<p data-start=\"\"763\"\" data-end=\"\"821\"\">Vrlo dobra mehani\u010dka svojstva \u010dak i pri ve\u0107im optere\u0107enjima<\/p>\n<\/li>\n<li data-start=\"\"822\"\" data-end=\"\"854\"\">\n<p data-start=\"\"824\"\" data-end=\"\"854\"\">Visoka otpornost na udarce<\/p>\n<\/li>\n<li data-start=\"\"855\"\" data-end=\"\"905\"\">\n<p data-start=\"\"857\"\" data-end=\"\"905\"\">Smanjena potreba za dodatnim podmazivanjem tijekom rada<\/p>\n<\/li>\n<\/ul>\n<p data-start=\"\"907\"\" data-end=\"\"927\"\"><strong data-start=\"\"907\"\" data-end=\"\"927\"\">Tipi\u010dne primjene:<\/strong><\/p>\n<ul data-start=\"\"929\"\" data-end=\"\"1194\"\">\n<li data-start=\"\"929\"\" data-end=\"\"955\"\">\n<p data-start=\"\"931\"\" data-end=\"\"955\"\">Vodilice lanaca i remena<\/p>\n<\/li>\n<li data-start=\"\"956\"\" data-end=\"\"992\"\">\n<p data-start=\"\"958\"\" data-end=\"\"992\"\">\u010cahure, kliza\u010di, le\u017eajevi bez podmazivanja<\/p>\n<\/li>\n<li data-start=\"\"993\"\" data-end=\"\"1017\"\">\n<p data-start=\"\"995\"\" data-end=\"\"1017\"\">Kota\u010di, zup\u010danici, valjci<\/p>\n<\/li>\n<li data-start=\"\"1018\"\" data-end=\"\"1077\"\">\n<p data-start=\"\"1020\"\" data-end=\"\"1077\"\">Dijelovi strojeva u tekstilnoj, papirnoj i ambala\u017enoj industriji<\/p>\n<\/li>\n<li data-start=\"\"1078\"\" data-end=\"\"1133\"\">\n<p data-start=\"\"1080\"\" data-end=\"\"1133\"\">Transportni sustavi (npr. vodilice transportnih traka)<\/p>\n<\/li>\n<li data-start=\"\"1134\"\" data-end=\"\"1194\"\">\n<p data-start=\"\"1136\"\" data-end=\"\"1194\"\">Komponente za te\u0161ku i poljoprivrednu mehanizaciju<\/p>\n<\/li>\n<\/ul>\n<p>&#8221;<\/p>\n","protected":false},"excerpt":{"rendered":"<p>PA6G OL je lijevani poliamid s izvrsnim kliznim svojstvima koji osigurava dug vijek trajanja bez potrebe za dodatnim podmazivanjem. Pogodan je za dinami\u010dke primjene s visokim optere\u0107enjem.<\/p>\n","protected":false},"featured_media":744,"template":"","meta":{"_acf_changed":false},"product_brand":[],"product_cat":[295],"product_tag":[],"class_list":{"0":"post-3368","1":"product","2":"type-product","3":"status-publish","4":"has-post-thumbnail","6":"product_cat-pa-6-g","8":"first","9":"outofstock","10":"taxable","11":"shipping-taxable","12":"purchasable","13":"product-type-simple"},"acf":[],"yoast_head":"<!-- This site is optimized with the Yoast SEO plugin v25.3.1 - https:\/\/yoast.com\/wordpress\/plugins\/seo\/ -->\n<title>PA6G OL - Poliamid 6 OL - MS Viscom<\/title>\n<meta name=\"robots\" content=\"noindex, follow, max-snippet:-1, max-image-preview:large, max-video-preview:-1\" \/>\n<meta property=\"og:locale\" content=\"hr_HR\" \/>\n<meta property=\"og:type\" content=\"article\" \/>\n<meta property=\"og:title\" content=\"PA6G OL - Poliamid 6 OL - MS Viscom\" \/>\n<meta property=\"og:description\" content=\"PA6G OL je lijevani poliamid s izvrsnim kliznim svojstvima koji osigurava dug vijek trajanja bez potrebe za dodatnim podmazivanjem. Pogodan je za dinami\u010dke primjene s visokim optere\u0107enjem.\" \/>\n<meta property=\"og:url\" content=\"https:\/\/msviscom.development.digitalist.si\/hr\/izdelek\/pa6g-ol-poliamid-6-ol\/\" \/>\n<meta property=\"og:site_name\" content=\"MS Viscom\" \/>\n<meta property=\"article:modified_time\" content=\"2025-11-17T07:36:34+00:00\" \/>\n<meta name=\"twitter:card\" content=\"summary_large_image\" \/>\n<meta name=\"twitter:label1\" content=\"Procijenjeno vrijeme \u010ditanja\" \/>\n\t<meta name=\"twitter:data1\" content=\"1 minuta\" \/>\n<script type=\"application\/ld+json\" class=\"yoast-schema-graph\">{\"@context\":\"https:\/\/schema.org\",\"@graph\":[{\"@type\":\"WebPage\",\"@id\":\"https:\/\/msviscom.development.digitalist.si\/hr\/izdelek\/pa6g-ol-poliamid-6-ol\/\",\"url\":\"https:\/\/msviscom.development.digitalist.si\/hr\/izdelek\/pa6g-ol-poliamid-6-ol\/\",\"name\":\"PA6G OL - Poliamid 6 OL - MS Viscom\",\"isPartOf\":{\"@id\":\"https:\/\/msviscom.development.digitalist.si\/hr\/#website\"},\"primaryImageOfPage\":{\"@id\":\"https:\/\/msviscom.development.digitalist.si\/hr\/izdelek\/pa6g-ol-poliamid-6-ol\/#primaryimage\"},\"image\":{\"@id\":\"https:\/\/msviscom.development.digitalist.si\/hr\/izdelek\/pa6g-ol-poliamid-6-ol\/#primaryimage\"},\"thumbnailUrl\":\"https:\/\/msviscom.development.digitalist.si\/wp-content\/uploads\/2025\/07\/PA6G_20OL_20plosce_palice_20in_20cevi_r.jpg\",\"datePublished\":\"2025-07-21T08:03:56+00:00\",\"dateModified\":\"2025-11-17T07:36:34+00:00\",\"breadcrumb\":{\"@id\":\"https:\/\/msviscom.development.digitalist.si\/hr\/izdelek\/pa6g-ol-poliamid-6-ol\/#breadcrumb\"},\"inLanguage\":\"hr\",\"potentialAction\":[{\"@type\":\"ReadAction\",\"target\":[\"https:\/\/msviscom.development.digitalist.si\/hr\/izdelek\/pa6g-ol-poliamid-6-ol\/\"]}]},{\"@type\":\"ImageObject\",\"inLanguage\":\"hr\",\"@id\":\"https:\/\/msviscom.development.digitalist.si\/hr\/izdelek\/pa6g-ol-poliamid-6-ol\/#primaryimage\",\"url\":\"https:\/\/msviscom.development.digitalist.si\/wp-content\/uploads\/2025\/07\/PA6G_20OL_20plosce_palice_20in_20cevi_r.jpg\",\"contentUrl\":\"https:\/\/msviscom.development.digitalist.si\/wp-content\/uploads\/2025\/07\/PA6G_20OL_20plosce_palice_20in_20cevi_r.jpg\",\"width\":800,\"height\":600},{\"@type\":\"BreadcrumbList\",\"@id\":\"https:\/\/msviscom.development.digitalist.si\/hr\/izdelek\/pa6g-ol-poliamid-6-ol\/#breadcrumb\",\"itemListElement\":[{\"@type\":\"ListItem\",\"position\":1,\"name\":\"Domov\",\"item\":\"https:\/\/msviscom.development.digitalist.si\/hr\/\"},{\"@type\":\"ListItem\",\"position\":2,\"name\":\"Trgovina\",\"item\":\"https:\/\/msviscom.development.digitalist.si\/hr\/trgovina\/\"},{\"@type\":\"ListItem\",\"position\":3,\"name\":\"PA6G OL &#8211; Poliamid 6 OL\"}]},{\"@type\":\"WebSite\",\"@id\":\"https:\/\/msviscom.development.digitalist.si\/hr\/#website\",\"url\":\"https:\/\/msviscom.development.digitalist.si\/hr\/\",\"name\":\"MS Viscom\",\"description\":\"\",\"potentialAction\":[{\"@type\":\"SearchAction\",\"target\":{\"@type\":\"EntryPoint\",\"urlTemplate\":\"https:\/\/msviscom.development.digitalist.si\/hr\/?s={search_term_string}\"},\"query-input\":{\"@type\":\"PropertyValueSpecification\",\"valueRequired\":true,\"valueName\":\"search_term_string\"}}],\"inLanguage\":\"hr\"}]}<\/script>\n<!-- \/ Yoast SEO plugin. -->","yoast_head_json":{"title":"PA6G OL - Poliamid 6 OL - MS Viscom","robots":{"index":"noindex","follow":"follow","max-snippet":"max-snippet:-1","max-image-preview":"max-image-preview:large","max-video-preview":"max-video-preview:-1"},"og_locale":"hr_HR","og_type":"article","og_title":"PA6G OL - Poliamid 6 OL - MS Viscom","og_description":"PA6G OL je lijevani poliamid s izvrsnim kliznim svojstvima koji osigurava dug vijek trajanja bez potrebe za dodatnim podmazivanjem. Pogodan je za dinami\u010dke primjene s visokim optere\u0107enjem.","og_url":"https:\/\/msviscom.development.digitalist.si\/hr\/izdelek\/pa6g-ol-poliamid-6-ol\/","og_site_name":"MS Viscom","article_modified_time":"2025-11-17T07:36:34+00:00","twitter_card":"summary_large_image","twitter_misc":{"Procijenjeno vrijeme \u010ditanja":"1 minuta"},"schema":{"@context":"https:\/\/schema.org","@graph":[{"@type":"WebPage","@id":"https:\/\/msviscom.development.digitalist.si\/hr\/izdelek\/pa6g-ol-poliamid-6-ol\/","url":"https:\/\/msviscom.development.digitalist.si\/hr\/izdelek\/pa6g-ol-poliamid-6-ol\/","name":"PA6G OL - Poliamid 6 OL - MS Viscom","isPartOf":{"@id":"https:\/\/msviscom.development.digitalist.si\/hr\/#website"},"primaryImageOfPage":{"@id":"https:\/\/msviscom.development.digitalist.si\/hr\/izdelek\/pa6g-ol-poliamid-6-ol\/#primaryimage"},"image":{"@id":"https:\/\/msviscom.development.digitalist.si\/hr\/izdelek\/pa6g-ol-poliamid-6-ol\/#primaryimage"},"thumbnailUrl":"https:\/\/msviscom.development.digitalist.si\/wp-content\/uploads\/2025\/07\/PA6G_20OL_20plosce_palice_20in_20cevi_r.jpg","datePublished":"2025-07-21T08:03:56+00:00","dateModified":"2025-11-17T07:36:34+00:00","breadcrumb":{"@id":"https:\/\/msviscom.development.digitalist.si\/hr\/izdelek\/pa6g-ol-poliamid-6-ol\/#breadcrumb"},"inLanguage":"hr","potentialAction":[{"@type":"ReadAction","target":["https:\/\/msviscom.development.digitalist.si\/hr\/izdelek\/pa6g-ol-poliamid-6-ol\/"]}]},{"@type":"ImageObject","inLanguage":"hr","@id":"https:\/\/msviscom.development.digitalist.si\/hr\/izdelek\/pa6g-ol-poliamid-6-ol\/#primaryimage","url":"https:\/\/msviscom.development.digitalist.si\/wp-content\/uploads\/2025\/07\/PA6G_20OL_20plosce_palice_20in_20cevi_r.jpg","contentUrl":"https:\/\/msviscom.development.digitalist.si\/wp-content\/uploads\/2025\/07\/PA6G_20OL_20plosce_palice_20in_20cevi_r.jpg","width":800,"height":600},{"@type":"BreadcrumbList","@id":"https:\/\/msviscom.development.digitalist.si\/hr\/izdelek\/pa6g-ol-poliamid-6-ol\/#breadcrumb","itemListElement":[{"@type":"ListItem","position":1,"name":"Domov","item":"https:\/\/msviscom.development.digitalist.si\/hr\/"},{"@type":"ListItem","position":2,"name":"Trgovina","item":"https:\/\/msviscom.development.digitalist.si\/hr\/trgovina\/"},{"@type":"ListItem","position":3,"name":"PA6G OL &#8211; Poliamid 6 OL"}]},{"@type":"WebSite","@id":"https:\/\/msviscom.development.digitalist.si\/hr\/#website","url":"https:\/\/msviscom.development.digitalist.si\/hr\/","name":"MS Viscom","description":"","potentialAction":[{"@type":"SearchAction","target":{"@type":"EntryPoint","urlTemplate":"https:\/\/msviscom.development.digitalist.si\/hr\/?s={search_term_string}"},"query-input":{"@type":"PropertyValueSpecification","valueRequired":true,"valueName":"search_term_string"}}],"inLanguage":"hr"}]}},"_links":{"self":[{"href":"https:\/\/msviscom.development.digitalist.si\/hr\/wp-json\/wp\/v2\/product\/3368","targetHints":{"allow":["GET"]}}],"collection":[{"href":"https:\/\/msviscom.development.digitalist.si\/hr\/wp-json\/wp\/v2\/product"}],"about":[{"href":"https:\/\/msviscom.development.digitalist.si\/hr\/wp-json\/wp\/v2\/types\/product"}],"wp:featuredmedia":[{"embeddable":true,"href":"https:\/\/msviscom.development.digitalist.si\/hr\/wp-json\/wp\/v2\/media\/744"}],"wp:attachment":[{"href":"https:\/\/msviscom.development.digitalist.si\/hr\/wp-json\/wp\/v2\/media?parent=3368"}],"wp:term":[{"taxonomy":"product_brand","embeddable":true,"href":"https:\/\/msviscom.development.digitalist.si\/hr\/wp-json\/wp\/v2\/product_brand?post=3368"},{"taxonomy":"product_cat","embeddable":true,"href":"https:\/\/msviscom.development.digitalist.si\/hr\/wp-json\/wp\/v2\/product_cat?post=3368"},{"taxonomy":"product_tag","embeddable":true,"href":"https:\/\/msviscom.development.digitalist.si\/hr\/wp-json\/wp\/v2\/product_tag?post=3368"}],"curies":[{"name":"wp","href":"https:\/\/api.w.org\/{rel}","templated":true}]}}