{"id":3360,"date":"2025-07-21T09:03:49","date_gmt":"2025-07-21T08:03:49","guid":{"rendered":"https:\/\/msviscom.development.digitalist.si\/izdelek\/pultrudirani-profili\/"},"modified":"2025-11-17T08:36:32","modified_gmt":"2025-11-17T07:36:32","slug":"pultrudirani-profili","status":"publish","type":"product","link":"https:\/\/msviscom.development.digitalist.si\/hr\/izdelek\/pultrudirani-profili\/","title":{"rendered":"PULTRUDIRANI PROFILI"},"content":{"rendered":"<h3 data-start=\"156\" data-end=\"224\"><strong data-start=\"160\" data-end=\"224\">Pultrudirani profili \u2013 inovativno rje\u0161enje za zahtjevna okru\u017eenja<\/strong><\/h3>\n<p data-start=\"226\" data-end=\"599\"><strong data-start=\"226\" data-end=\"250\">Pultrudirani profili<\/strong> su kompozitni profili izra\u0111eni tehnolo\u0161ki naprednom metodom pultruzije \u2013 kontinuiranim postupkom izvla\u010denja staklenih, uglji\u010dnih ili drugih oja\u010davaju\u0107ih vlakana kroz zagrijani kalup, gdje se impregniraju smolom (obi\u010dno DCPD poliesterskom, vinilesterskom ili epoksidnom). Rezultat su izuzetno \u010dvrsti, lagani i vremenski postojani profili s konstantnim presjekom.<\/p>\n<h4 data-start=\"601\" data-end=\"651\"><strong data-start=\"606\" data-end=\"651\">Klju\u010dne prednosti pultrudiranih profila:<\/strong><\/h4>\n<ul data-start=\"652\" data-end=\"1173\">\n<li data-start=\"652\" data-end=\"739\">\n<p data-start=\"654\" data-end=\"739\"><strong data-start=\"656\" data-end=\"683\">Visoka mehani\u010dka \u010dvrsto\u0107a<\/strong> \u2013 usporediva s \u010delikom, ali znatno lak\u0161a konstrukcija<\/p>\n<\/li>\n<li data-start=\"740\" data-end=\"851\">\n<p data-start=\"742\" data-end=\"851\"><strong data-start=\"744\" data-end=\"776\">Izvrsna otpornost na koroziju<\/strong> \u2013 idealno za uporabu u agresivnim okru\u017eenjima (npr. morska voda, kemikalije)<\/p>\n<\/li>\n<li data-start=\"852\" data-end=\"940\">\n<p data-start=\"854\" data-end=\"940\"><strong data-start=\"856\" data-end=\"895\">Elektri\u010dna i toplinska izolacija<\/strong> \u2013 nerazvodljivi i toplinski otporni materijali<\/p>\n<\/li>\n<li data-start=\"941\" data-end=\"1011\">\n<p data-start=\"943\" data-end=\"1011\"><strong data-start=\"945\" data-end=\"971\">Dimenzijska stabilnost<\/strong> \u2013 ne upijaju vlagu i ne deformiraju se<\/p>\n<\/li>\n<li data-start=\"1012\" data-end=\"1089\">\n<p data-start=\"1014\" data-end=\"1089\"><strong data-start=\"1016\" data-end=\"1041\">Minimalno odr\u017eavanje<\/strong> \u2013 dug vijek trajanja bez dodatne za\u0161tite<\/p>\n<\/li>\n<li data-start=\"1090\" data-end=\"1173\">\n<p data-start=\"1092\" data-end=\"1173\"><strong data-start=\"1094\" data-end=\"1127\">Jednostavna obrada i monta\u017ea<\/strong> \u2013 bez potrebe za varenjem ili te\u0161kim alatima<\/p>\n<\/li>\n<\/ul>\n<h4 data-start=\"1175\" data-end=\"1200\"><strong data-start=\"1180\" data-end=\"1200\">Tipi\u010dne primjene:<\/strong><\/h4>\n<ul data-start=\"1201\" data-end=\"1412\">\n<li data-start=\"1201\" data-end=\"1230\">\n<p data-start=\"1203\" data-end=\"1230\">Industrijske konstrukcije<\/p>\n<\/li>\n<li data-start=\"1231\" data-end=\"1268\">\n<p data-start=\"1233\" data-end=\"1268\">Mostovi, ograde, sigurnosne barijere<\/p>\n<\/li>\n<li data-start=\"1269\" data-end=\"1298\">\n<p data-start=\"1271\" data-end=\"1298\">Stepenice, platforme, ljestve<\/p>\n<\/li>\n<li data-start=\"1299\" data-end=\"1336\">\n<p data-start=\"1301\" data-end=\"1336\">Gra\u0111evinski i arhitektonski elementi<\/p>\n<\/li>\n<li data-start=\"1337\" data-end=\"1374\">\n<p data-start=\"1339\" data-end=\"1374\">Kemijska i energetska industrija<\/p>\n<\/li>\n<li data-start=\"1375\" data-end=\"1412\">\n<p data-start=\"1377\" data-end=\"1412\">Infrastruktura u obalnim podru\u010djima<\/p>\n<\/li>\n<\/ul>\n","protected":false},"excerpt":{"rendered":"<h3 data-start=\"130\" data-end=\"160\"><strong data-start=\"134\" data-end=\"158\">Pultrudirani profili<\/strong><\/h3>\n<p data-start=\"161\" data-end=\"467\">Pultrudirani profili su kompozitni elementi izra\u0111eni od staklenih vlakana i smole koriste\u0107i naprednu tehnologiju izvla\u010denja kroz kalup. Odlikuju se visokom \u010dvrsto\u0107om, malom te\u017einom, otporno\u0161\u0107u na koroziju i dugim vijekom trajanja. Pogodni su za uporabu u gra\u0111evinarstvu, industriji, kemijskim postrojenjima i na otvorenom prostoru.<\/p>\n","protected":false},"featured_media":726,"template":"","meta":{"_acf_changed":false},"product_brand":[],"product_cat":[286],"product_tag":[],"class_list":{"0":"post-3360","1":"product","2":"type-product","3":"status-publish","4":"has-post-thumbnail","6":"product_cat-pultrudirani-profili","8":"first","9":"outofstock","10":"taxable","11":"shipping-taxable","12":"purchasable","13":"product-type-simple"},"acf":[],"yoast_head":"<!-- This site is optimized with the Yoast SEO plugin v25.3.1 - https:\/\/yoast.com\/wordpress\/plugins\/seo\/ -->\n<title>PULTRUDIRANI PROFILI - MS Viscom<\/title>\n<meta name=\"robots\" content=\"noindex, follow, max-snippet:-1, max-image-preview:large, max-video-preview:-1\" \/>\n<meta property=\"og:locale\" content=\"hr_HR\" \/>\n<meta property=\"og:type\" content=\"article\" \/>\n<meta property=\"og:title\" content=\"PULTRUDIRANI PROFILI - MS Viscom\" \/>\n<meta property=\"og:description\" content=\"Pultrudirani profili Pultrudirani profili su kompozitni elementi izra\u0111eni od staklenih vlakana i smole koriste\u0107i naprednu tehnologiju izvla\u010denja kroz kalup. Odlikuju se visokom \u010dvrsto\u0107om, malom te\u017einom, otporno\u0161\u0107u na koroziju i dugim vijekom trajanja. Pogodni su za uporabu u gra\u0111evinarstvu, industriji, kemijskim postrojenjima i na otvorenom prostoru.\" \/>\n<meta property=\"og:url\" content=\"https:\/\/msviscom.development.digitalist.si\/hr\/izdelek\/pultrudirani-profili\/\" \/>\n<meta property=\"og:site_name\" content=\"MS Viscom\" \/>\n<meta property=\"article:modified_time\" content=\"2025-11-17T07:36:32+00:00\" \/>\n<meta name=\"twitter:card\" content=\"summary_large_image\" \/>\n<meta name=\"twitter:label1\" content=\"Procijenjeno vrijeme \u010ditanja\" \/>\n\t<meta name=\"twitter:data1\" content=\"1 minuta\" \/>\n<script type=\"application\/ld+json\" class=\"yoast-schema-graph\">{\"@context\":\"https:\/\/schema.org\",\"@graph\":[{\"@type\":\"WebPage\",\"@id\":\"https:\/\/msviscom.development.digitalist.si\/hr\/izdelek\/pultrudirani-profili\/\",\"url\":\"https:\/\/msviscom.development.digitalist.si\/hr\/izdelek\/pultrudirani-profili\/\",\"name\":\"PULTRUDIRANI PROFILI - MS Viscom\",\"isPartOf\":{\"@id\":\"https:\/\/msviscom.development.digitalist.si\/hr\/#website\"},\"primaryImageOfPage\":{\"@id\":\"https:\/\/msviscom.development.digitalist.si\/hr\/izdelek\/pultrudirani-profili\/#primaryimage\"},\"image\":{\"@id\":\"https:\/\/msviscom.development.digitalist.si\/hr\/izdelek\/pultrudirani-profili\/#primaryimage\"},\"thumbnailUrl\":\"https:\/\/msviscom.development.digitalist.si\/wp-content\/uploads\/2025\/07\/PULTRUDIRANI20PROFILI_r.jpg\",\"datePublished\":\"2025-07-21T08:03:49+00:00\",\"dateModified\":\"2025-11-17T07:36:32+00:00\",\"breadcrumb\":{\"@id\":\"https:\/\/msviscom.development.digitalist.si\/hr\/izdelek\/pultrudirani-profili\/#breadcrumb\"},\"inLanguage\":\"hr\",\"potentialAction\":[{\"@type\":\"ReadAction\",\"target\":[\"https:\/\/msviscom.development.digitalist.si\/hr\/izdelek\/pultrudirani-profili\/\"]}]},{\"@type\":\"ImageObject\",\"inLanguage\":\"hr\",\"@id\":\"https:\/\/msviscom.development.digitalist.si\/hr\/izdelek\/pultrudirani-profili\/#primaryimage\",\"url\":\"https:\/\/msviscom.development.digitalist.si\/wp-content\/uploads\/2025\/07\/PULTRUDIRANI20PROFILI_r.jpg\",\"contentUrl\":\"https:\/\/msviscom.development.digitalist.si\/wp-content\/uploads\/2025\/07\/PULTRUDIRANI20PROFILI_r.jpg\",\"width\":800,\"height\":600},{\"@type\":\"BreadcrumbList\",\"@id\":\"https:\/\/msviscom.development.digitalist.si\/hr\/izdelek\/pultrudirani-profili\/#breadcrumb\",\"itemListElement\":[{\"@type\":\"ListItem\",\"position\":1,\"name\":\"Domov\",\"item\":\"https:\/\/msviscom.development.digitalist.si\/hr\/\"},{\"@type\":\"ListItem\",\"position\":2,\"name\":\"Trgovina\",\"item\":\"https:\/\/msviscom.development.digitalist.si\/hr\/trgovina\/\"},{\"@type\":\"ListItem\",\"position\":3,\"name\":\"PULTRUDIRANI PROFILI\"}]},{\"@type\":\"WebSite\",\"@id\":\"https:\/\/msviscom.development.digitalist.si\/hr\/#website\",\"url\":\"https:\/\/msviscom.development.digitalist.si\/hr\/\",\"name\":\"MS Viscom\",\"description\":\"\",\"potentialAction\":[{\"@type\":\"SearchAction\",\"target\":{\"@type\":\"EntryPoint\",\"urlTemplate\":\"https:\/\/msviscom.development.digitalist.si\/hr\/?s={search_term_string}\"},\"query-input\":{\"@type\":\"PropertyValueSpecification\",\"valueRequired\":true,\"valueName\":\"search_term_string\"}}],\"inLanguage\":\"hr\"}]}<\/script>\n<!-- \/ Yoast SEO plugin. -->","yoast_head_json":{"title":"PULTRUDIRANI PROFILI - MS Viscom","robots":{"index":"noindex","follow":"follow","max-snippet":"max-snippet:-1","max-image-preview":"max-image-preview:large","max-video-preview":"max-video-preview:-1"},"og_locale":"hr_HR","og_type":"article","og_title":"PULTRUDIRANI PROFILI - MS Viscom","og_description":"Pultrudirani profili Pultrudirani profili su kompozitni elementi izra\u0111eni od staklenih vlakana i smole koriste\u0107i naprednu tehnologiju izvla\u010denja kroz kalup. Odlikuju se visokom \u010dvrsto\u0107om, malom te\u017einom, otporno\u0161\u0107u na koroziju i dugim vijekom trajanja. Pogodni su za uporabu u gra\u0111evinarstvu, industriji, kemijskim postrojenjima i na otvorenom prostoru.","og_url":"https:\/\/msviscom.development.digitalist.si\/hr\/izdelek\/pultrudirani-profili\/","og_site_name":"MS Viscom","article_modified_time":"2025-11-17T07:36:32+00:00","twitter_card":"summary_large_image","twitter_misc":{"Procijenjeno vrijeme \u010ditanja":"1 minuta"},"schema":{"@context":"https:\/\/schema.org","@graph":[{"@type":"WebPage","@id":"https:\/\/msviscom.development.digitalist.si\/hr\/izdelek\/pultrudirani-profili\/","url":"https:\/\/msviscom.development.digitalist.si\/hr\/izdelek\/pultrudirani-profili\/","name":"PULTRUDIRANI PROFILI - MS Viscom","isPartOf":{"@id":"https:\/\/msviscom.development.digitalist.si\/hr\/#website"},"primaryImageOfPage":{"@id":"https:\/\/msviscom.development.digitalist.si\/hr\/izdelek\/pultrudirani-profili\/#primaryimage"},"image":{"@id":"https:\/\/msviscom.development.digitalist.si\/hr\/izdelek\/pultrudirani-profili\/#primaryimage"},"thumbnailUrl":"https:\/\/msviscom.development.digitalist.si\/wp-content\/uploads\/2025\/07\/PULTRUDIRANI20PROFILI_r.jpg","datePublished":"2025-07-21T08:03:49+00:00","dateModified":"2025-11-17T07:36:32+00:00","breadcrumb":{"@id":"https:\/\/msviscom.development.digitalist.si\/hr\/izdelek\/pultrudirani-profili\/#breadcrumb"},"inLanguage":"hr","potentialAction":[{"@type":"ReadAction","target":["https:\/\/msviscom.development.digitalist.si\/hr\/izdelek\/pultrudirani-profili\/"]}]},{"@type":"ImageObject","inLanguage":"hr","@id":"https:\/\/msviscom.development.digitalist.si\/hr\/izdelek\/pultrudirani-profili\/#primaryimage","url":"https:\/\/msviscom.development.digitalist.si\/wp-content\/uploads\/2025\/07\/PULTRUDIRANI20PROFILI_r.jpg","contentUrl":"https:\/\/msviscom.development.digitalist.si\/wp-content\/uploads\/2025\/07\/PULTRUDIRANI20PROFILI_r.jpg","width":800,"height":600},{"@type":"BreadcrumbList","@id":"https:\/\/msviscom.development.digitalist.si\/hr\/izdelek\/pultrudirani-profili\/#breadcrumb","itemListElement":[{"@type":"ListItem","position":1,"name":"Domov","item":"https:\/\/msviscom.development.digitalist.si\/hr\/"},{"@type":"ListItem","position":2,"name":"Trgovina","item":"https:\/\/msviscom.development.digitalist.si\/hr\/trgovina\/"},{"@type":"ListItem","position":3,"name":"PULTRUDIRANI PROFILI"}]},{"@type":"WebSite","@id":"https:\/\/msviscom.development.digitalist.si\/hr\/#website","url":"https:\/\/msviscom.development.digitalist.si\/hr\/","name":"MS Viscom","description":"","potentialAction":[{"@type":"SearchAction","target":{"@type":"EntryPoint","urlTemplate":"https:\/\/msviscom.development.digitalist.si\/hr\/?s={search_term_string}"},"query-input":{"@type":"PropertyValueSpecification","valueRequired":true,"valueName":"search_term_string"}}],"inLanguage":"hr"}]}},"_links":{"self":[{"href":"https:\/\/msviscom.development.digitalist.si\/hr\/wp-json\/wp\/v2\/product\/3360","targetHints":{"allow":["GET"]}}],"collection":[{"href":"https:\/\/msviscom.development.digitalist.si\/hr\/wp-json\/wp\/v2\/product"}],"about":[{"href":"https:\/\/msviscom.development.digitalist.si\/hr\/wp-json\/wp\/v2\/types\/product"}],"wp:featuredmedia":[{"embeddable":true,"href":"https:\/\/msviscom.development.digitalist.si\/hr\/wp-json\/wp\/v2\/media\/726"}],"wp:attachment":[{"href":"https:\/\/msviscom.development.digitalist.si\/hr\/wp-json\/wp\/v2\/media?parent=3360"}],"wp:term":[{"taxonomy":"product_brand","embeddable":true,"href":"https:\/\/msviscom.development.digitalist.si\/hr\/wp-json\/wp\/v2\/product_brand?post=3360"},{"taxonomy":"product_cat","embeddable":true,"href":"https:\/\/msviscom.development.digitalist.si\/hr\/wp-json\/wp\/v2\/product_cat?post=3360"},{"taxonomy":"product_tag","embeddable":true,"href":"https:\/\/msviscom.development.digitalist.si\/hr\/wp-json\/wp\/v2\/product_tag?post=3360"}],"curies":[{"name":"wp","href":"https:\/\/api.w.org\/{rel}","templated":true}]}}