{"id":3355,"date":"2025-07-21T09:03:44","date_gmt":"2025-07-21T08:03:44","guid":{"rendered":"https:\/\/msviscom.development.digitalist.si\/izdelek\/sljudine-ploce-ms500\/"},"modified":"2025-11-17T08:36:31","modified_gmt":"2025-11-17T07:36:31","slug":"sljudine-ploce-ms500","status":"publish","type":"product","link":"https:\/\/msviscom.development.digitalist.si\/hr\/izdelek\/sljudine-ploce-ms500\/","title":{"rendered":"SLJUDINE PLO\u010cE MS500"},"content":{"rendered":"<p data-start=\"117\" data-end=\"509\">Mikanske plo\u010de <strong data-start=\"117\" data-end=\"137\">MS500<\/strong> izra\u0111ene su od toplinski otporne liskune (sljude), vezane silikonskom smolom. To je visokotemperaturni izolacijski materijal koji zadr\u017eava izvrsna dielektri\u010dna svojstva i pri ekstremnim temperaturama. Ove plo\u010de su vrlo tra\u017eene u industrijama gdje su potrebne visoka elektri\u010dna i toplinska otpornost te mehani\u010dka stabilnost.<\/p>\n<h4 data-start=\"511\" data-end=\"537\"><strong data-start=\"516\" data-end=\"537\">Glavna svojstva:<\/strong><\/h4>\n<ul data-start=\"538\" data-end=\"856\">\n<li data-start=\"538\" data-end=\"622\">\n<p data-start=\"540\" data-end=\"622\"><strong data-start=\"540\" data-end=\"569\">Visoka toplinska otpornost<\/strong>: radna temperatura do 500 \u00b0C, kratkotrajno i do 1000 \u00b0C<\/p>\n<\/li>\n<li data-start=\"623\" data-end=\"659\">\n<p data-start=\"625\" data-end=\"659\"><strong data-start=\"625\" data-end=\"657\">Izvrsna elektri\u010dna izolacija<\/strong><\/p>\n<\/li>\n<li data-start=\"660\" data-end=\"709\">\n<p data-start=\"662\" data-end=\"709\"><strong data-start=\"662\" data-end=\"707\">Otpornost na plamen, kemikalije i vlagu<\/strong><\/p>\n<\/li>\n<li data-start=\"710\" data-end=\"770\">\n<p data-start=\"712\" data-end=\"770\"><strong data-start=\"712\" data-end=\"768\">Dimenzijska stabilnost i pri visokim temperaturama<\/strong><\/p>\n<\/li>\n<li data-start=\"771\" data-end=\"804\">\n<p data-start=\"773\" data-end=\"804\"><strong data-start=\"773\" data-end=\"802\">Niska toplinska vodljivost<\/strong><\/p>\n<\/li>\n<li data-start=\"805\" data-end=\"856\">\n<p data-start=\"807\" data-end=\"856\"><strong data-start=\"807\" data-end=\"854\">Ne sadr\u017ei azbest \u2013 ekolo\u0161ki prihvatljiv materijal<\/strong><\/p>\n<\/li>\n<\/ul>\n<h4 data-start=\"858\" data-end=\"883\"><strong data-start=\"863\" data-end=\"883\">Tipi\u010dne primjene:<\/strong><\/h4>\n<ul data-start=\"884\" data-end=\"1151\">\n<li data-start=\"884\" data-end=\"941\">\n<p data-start=\"886\" data-end=\"941\">Elektri\u010dni grija\u010di (grija\u010di, pe\u0107nice, su\u0161ilice)<\/p>\n<\/li>\n<li data-start=\"942\" data-end=\"984\">\n<p data-start=\"944\" data-end=\"984\">Visokonaponski elektri\u010dni izolatori<\/p>\n<\/li>\n<li data-start=\"985\" data-end=\"1039\">\n<p data-start=\"987\" data-end=\"1039\">Toplinska za\u0161tita u ure\u0111ajima za zavarivanje i lemljenje<\/p>\n<\/li>\n<li data-start=\"1040\" data-end=\"1098\">\n<p data-start=\"1042\" data-end=\"1098\">Izolacija u transformatorima, motorima i generatorima<\/p>\n<\/li>\n<li data-start=\"1099\" data-end=\"1151\">\n<p data-start=\"1101\" data-end=\"1151\">Zrakoplovna, automobilska i elektroni\u010dka industrija<\/p>\n<\/li>\n<\/ul>\n<h4 data-start=\"1153\" data-end=\"1189\"><strong data-start=\"1158\" data-end=\"1189\">Standardi i klasifikacije:<\/strong><\/h4>\n<ul data-start=\"1190\" data-end=\"1353\">\n<li data-start=\"1190\" data-end=\"1252\">\n<p data-start=\"1192\" data-end=\"1252\"><strong data-start=\"1192\" data-end=\"1209\">IEC 60371-3-3<\/strong> \u2013 izolacijski materijali na bazi liskune (sljude)<\/p>\n<\/li>\n<li data-start=\"1253\" data-end=\"1295\">\n<p data-start=\"1255\" data-end=\"1295\"><strong data-start=\"1255\" data-end=\"1263\">RoHS<\/strong> uskla\u0111eno (bez opasnih tvari)<\/p>\n<\/li>\n<li data-start=\"1296\" data-end=\"1317\">\n<p data-start=\"1298\" data-end=\"1317\"><strong data-start=\"1298\" data-end=\"1307\">REACH<\/strong> uskla\u0111eno<\/p>\n<\/li>\n<li data-start=\"1318\" data-end=\"1353\">\n<p data-start=\"1320\" data-end=\"1353\"><strong data-start=\"1320\" data-end=\"1333\">UL 94 V-0<\/strong> \u2013 samogasivost<\/p>\n<\/li>\n<\/ul>\n","protected":false},"excerpt":{"rendered":"<p>Slojne plo\u010de MS 500 su visokotemperaturni izolacijski materijali na bazi sljude, otporni do 500 \u00b0C, s izvrsnim elektri\u010dnim i toplinskim svojstvima, pogodni za industrijsku primjenu.<\/p>\n","protected":false},"featured_media":716,"template":"","meta":{"_acf_changed":false},"product_brand":[],"product_cat":[272,288],"product_tag":[],"class_list":{"0":"post-3355","1":"product","2":"type-product","3":"status-publish","4":"has-post-thumbnail","6":"product_cat-tehnicka-plastika","7":"product_cat-slojevite-ploce-od-sljude","9":"first","10":"outofstock","11":"taxable","12":"shipping-taxable","13":"purchasable","14":"product-type-simple"},"acf":[],"yoast_head":"<!-- This site is optimized with the Yoast SEO plugin v25.3.1 - https:\/\/yoast.com\/wordpress\/plugins\/seo\/ -->\n<title>SLJUDINE PLO\u010cE MS500 - MS Viscom<\/title>\n<meta name=\"robots\" content=\"noindex, follow, max-snippet:-1, max-image-preview:large, max-video-preview:-1\" \/>\n<meta property=\"og:locale\" content=\"hr_HR\" \/>\n<meta property=\"og:type\" content=\"article\" \/>\n<meta property=\"og:title\" content=\"SLJUDINE PLO\u010cE MS500 - MS Viscom\" \/>\n<meta property=\"og:description\" content=\"Slojne plo\u010de MS 500 su visokotemperaturni izolacijski materijali na bazi sljude, otporni do 500 \u00b0C, s izvrsnim elektri\u010dnim i toplinskim svojstvima, pogodni za industrijsku primjenu.\" \/>\n<meta property=\"og:url\" content=\"https:\/\/msviscom.development.digitalist.si\/hr\/izdelek\/sljudine-ploce-ms500\/\" \/>\n<meta property=\"og:site_name\" content=\"MS Viscom\" \/>\n<meta property=\"article:modified_time\" content=\"2025-11-17T07:36:31+00:00\" \/>\n<meta name=\"twitter:card\" content=\"summary_large_image\" \/>\n<meta name=\"twitter:label1\" content=\"Procijenjeno vrijeme \u010ditanja\" \/>\n\t<meta name=\"twitter:data1\" content=\"1 minuta\" \/>\n<script type=\"application\/ld+json\" class=\"yoast-schema-graph\">{\"@context\":\"https:\/\/schema.org\",\"@graph\":[{\"@type\":\"WebPage\",\"@id\":\"https:\/\/msviscom.development.digitalist.si\/hr\/izdelek\/sljudine-ploce-ms500\/\",\"url\":\"https:\/\/msviscom.development.digitalist.si\/hr\/izdelek\/sljudine-ploce-ms500\/\",\"name\":\"SLJUDINE PLO\u010cE MS500 - MS Viscom\",\"isPartOf\":{\"@id\":\"https:\/\/msviscom.development.digitalist.si\/hr\/#website\"},\"primaryImageOfPage\":{\"@id\":\"https:\/\/msviscom.development.digitalist.si\/hr\/izdelek\/sljudine-ploce-ms500\/#primaryimage\"},\"image\":{\"@id\":\"https:\/\/msviscom.development.digitalist.si\/hr\/izdelek\/sljudine-ploce-ms500\/#primaryimage\"},\"thumbnailUrl\":\"https:\/\/msviscom.development.digitalist.si\/wp-content\/uploads\/2025\/07\/SLJUDINE_RIGIDNE_20in_FLEKSIBILNE_PLOSCE_r.jpg\",\"datePublished\":\"2025-07-21T08:03:44+00:00\",\"dateModified\":\"2025-11-17T07:36:31+00:00\",\"breadcrumb\":{\"@id\":\"https:\/\/msviscom.development.digitalist.si\/hr\/izdelek\/sljudine-ploce-ms500\/#breadcrumb\"},\"inLanguage\":\"hr\",\"potentialAction\":[{\"@type\":\"ReadAction\",\"target\":[\"https:\/\/msviscom.development.digitalist.si\/hr\/izdelek\/sljudine-ploce-ms500\/\"]}]},{\"@type\":\"ImageObject\",\"inLanguage\":\"hr\",\"@id\":\"https:\/\/msviscom.development.digitalist.si\/hr\/izdelek\/sljudine-ploce-ms500\/#primaryimage\",\"url\":\"https:\/\/msviscom.development.digitalist.si\/wp-content\/uploads\/2025\/07\/SLJUDINE_RIGIDNE_20in_FLEKSIBILNE_PLOSCE_r.jpg\",\"contentUrl\":\"https:\/\/msviscom.development.digitalist.si\/wp-content\/uploads\/2025\/07\/SLJUDINE_RIGIDNE_20in_FLEKSIBILNE_PLOSCE_r.jpg\",\"width\":800,\"height\":600},{\"@type\":\"BreadcrumbList\",\"@id\":\"https:\/\/msviscom.development.digitalist.si\/hr\/izdelek\/sljudine-ploce-ms500\/#breadcrumb\",\"itemListElement\":[{\"@type\":\"ListItem\",\"position\":1,\"name\":\"Domov\",\"item\":\"https:\/\/msviscom.development.digitalist.si\/hr\/\"},{\"@type\":\"ListItem\",\"position\":2,\"name\":\"Trgovina\",\"item\":\"https:\/\/msviscom.development.digitalist.si\/hr\/trgovina\/\"},{\"@type\":\"ListItem\",\"position\":3,\"name\":\"SLJUDINE PLO\u010cE MS500\"}]},{\"@type\":\"WebSite\",\"@id\":\"https:\/\/msviscom.development.digitalist.si\/hr\/#website\",\"url\":\"https:\/\/msviscom.development.digitalist.si\/hr\/\",\"name\":\"MS Viscom\",\"description\":\"\",\"potentialAction\":[{\"@type\":\"SearchAction\",\"target\":{\"@type\":\"EntryPoint\",\"urlTemplate\":\"https:\/\/msviscom.development.digitalist.si\/hr\/?s={search_term_string}\"},\"query-input\":{\"@type\":\"PropertyValueSpecification\",\"valueRequired\":true,\"valueName\":\"search_term_string\"}}],\"inLanguage\":\"hr\"}]}<\/script>\n<!-- \/ Yoast SEO plugin. -->","yoast_head_json":{"title":"SLJUDINE PLO\u010cE MS500 - MS Viscom","robots":{"index":"noindex","follow":"follow","max-snippet":"max-snippet:-1","max-image-preview":"max-image-preview:large","max-video-preview":"max-video-preview:-1"},"og_locale":"hr_HR","og_type":"article","og_title":"SLJUDINE PLO\u010cE MS500 - MS Viscom","og_description":"Slojne plo\u010de MS 500 su visokotemperaturni izolacijski materijali na bazi sljude, otporni do 500 \u00b0C, s izvrsnim elektri\u010dnim i toplinskim svojstvima, pogodni za industrijsku primjenu.","og_url":"https:\/\/msviscom.development.digitalist.si\/hr\/izdelek\/sljudine-ploce-ms500\/","og_site_name":"MS Viscom","article_modified_time":"2025-11-17T07:36:31+00:00","twitter_card":"summary_large_image","twitter_misc":{"Procijenjeno vrijeme \u010ditanja":"1 minuta"},"schema":{"@context":"https:\/\/schema.org","@graph":[{"@type":"WebPage","@id":"https:\/\/msviscom.development.digitalist.si\/hr\/izdelek\/sljudine-ploce-ms500\/","url":"https:\/\/msviscom.development.digitalist.si\/hr\/izdelek\/sljudine-ploce-ms500\/","name":"SLJUDINE PLO\u010cE MS500 - MS Viscom","isPartOf":{"@id":"https:\/\/msviscom.development.digitalist.si\/hr\/#website"},"primaryImageOfPage":{"@id":"https:\/\/msviscom.development.digitalist.si\/hr\/izdelek\/sljudine-ploce-ms500\/#primaryimage"},"image":{"@id":"https:\/\/msviscom.development.digitalist.si\/hr\/izdelek\/sljudine-ploce-ms500\/#primaryimage"},"thumbnailUrl":"https:\/\/msviscom.development.digitalist.si\/wp-content\/uploads\/2025\/07\/SLJUDINE_RIGIDNE_20in_FLEKSIBILNE_PLOSCE_r.jpg","datePublished":"2025-07-21T08:03:44+00:00","dateModified":"2025-11-17T07:36:31+00:00","breadcrumb":{"@id":"https:\/\/msviscom.development.digitalist.si\/hr\/izdelek\/sljudine-ploce-ms500\/#breadcrumb"},"inLanguage":"hr","potentialAction":[{"@type":"ReadAction","target":["https:\/\/msviscom.development.digitalist.si\/hr\/izdelek\/sljudine-ploce-ms500\/"]}]},{"@type":"ImageObject","inLanguage":"hr","@id":"https:\/\/msviscom.development.digitalist.si\/hr\/izdelek\/sljudine-ploce-ms500\/#primaryimage","url":"https:\/\/msviscom.development.digitalist.si\/wp-content\/uploads\/2025\/07\/SLJUDINE_RIGIDNE_20in_FLEKSIBILNE_PLOSCE_r.jpg","contentUrl":"https:\/\/msviscom.development.digitalist.si\/wp-content\/uploads\/2025\/07\/SLJUDINE_RIGIDNE_20in_FLEKSIBILNE_PLOSCE_r.jpg","width":800,"height":600},{"@type":"BreadcrumbList","@id":"https:\/\/msviscom.development.digitalist.si\/hr\/izdelek\/sljudine-ploce-ms500\/#breadcrumb","itemListElement":[{"@type":"ListItem","position":1,"name":"Domov","item":"https:\/\/msviscom.development.digitalist.si\/hr\/"},{"@type":"ListItem","position":2,"name":"Trgovina","item":"https:\/\/msviscom.development.digitalist.si\/hr\/trgovina\/"},{"@type":"ListItem","position":3,"name":"SLJUDINE PLO\u010cE MS500"}]},{"@type":"WebSite","@id":"https:\/\/msviscom.development.digitalist.si\/hr\/#website","url":"https:\/\/msviscom.development.digitalist.si\/hr\/","name":"MS Viscom","description":"","potentialAction":[{"@type":"SearchAction","target":{"@type":"EntryPoint","urlTemplate":"https:\/\/msviscom.development.digitalist.si\/hr\/?s={search_term_string}"},"query-input":{"@type":"PropertyValueSpecification","valueRequired":true,"valueName":"search_term_string"}}],"inLanguage":"hr"}]}},"_links":{"self":[{"href":"https:\/\/msviscom.development.digitalist.si\/hr\/wp-json\/wp\/v2\/product\/3355","targetHints":{"allow":["GET"]}}],"collection":[{"href":"https:\/\/msviscom.development.digitalist.si\/hr\/wp-json\/wp\/v2\/product"}],"about":[{"href":"https:\/\/msviscom.development.digitalist.si\/hr\/wp-json\/wp\/v2\/types\/product"}],"wp:featuredmedia":[{"embeddable":true,"href":"https:\/\/msviscom.development.digitalist.si\/hr\/wp-json\/wp\/v2\/media\/716"}],"wp:attachment":[{"href":"https:\/\/msviscom.development.digitalist.si\/hr\/wp-json\/wp\/v2\/media?parent=3355"}],"wp:term":[{"taxonomy":"product_brand","embeddable":true,"href":"https:\/\/msviscom.development.digitalist.si\/hr\/wp-json\/wp\/v2\/product_brand?post=3355"},{"taxonomy":"product_cat","embeddable":true,"href":"https:\/\/msviscom.development.digitalist.si\/hr\/wp-json\/wp\/v2\/product_cat?post=3355"},{"taxonomy":"product_tag","embeddable":true,"href":"https:\/\/msviscom.development.digitalist.si\/hr\/wp-json\/wp\/v2\/product_tag?post=3355"}],"curies":[{"name":"wp","href":"https:\/\/api.w.org\/{rel}","templated":true}]}}