{"id":3350,"date":"2025-07-21T09:03:39","date_gmt":"2025-07-21T08:03:39","guid":{"rendered":"https:\/\/msviscom.development.digitalist.si\/izdelek\/vitroplast-g11\/"},"modified":"2025-11-17T08:36:28","modified_gmt":"2025-11-17T07:36:28","slug":"vitroplast-g11","status":"publish","type":"product","link":"https:\/\/msviscom.development.digitalist.si\/hr\/izdelek\/vitroplast-g11\/","title":{"rendered":"VITROPLAST G11"},"content":{"rendered":"","protected":false},"excerpt":{"rendered":"<p>Materijal se mo\u017ee koristiti u gra\u0111evinarstvu za konstrukcije, u elektroindustriji, za toplinske izolacije te za razli\u010dite mehani\u010dke dijelove, posebno u onim primjenama gdje su potrebna visoka mehani\u010dka, temperaturna i elektroizolacijska svojstva. Zbog iznimnih mehani\u010dkih svojstava koristi se i u primjenama koje su tradicionalno bile rezervirane samo za poliamide.<\/p>\n","protected":false},"featured_media":704,"template":"","meta":{"_acf_changed":false},"product_brand":[],"product_cat":[274],"product_tag":[],"class_list":{"0":"post-3350","1":"product","2":"type-product","3":"status-publish","4":"has-post-thumbnail","6":"product_cat-industrijski-laminati","8":"first","9":"outofstock","10":"taxable","11":"shipping-taxable","12":"purchasable","13":"product-type-simple"},"acf":[],"yoast_head":"<!-- This site is optimized with the Yoast SEO plugin v25.3.1 - https:\/\/yoast.com\/wordpress\/plugins\/seo\/ -->\n<title>VITROPLAST G11 - MS Viscom<\/title>\n<meta name=\"robots\" content=\"noindex, follow, max-snippet:-1, max-image-preview:large, max-video-preview:-1\" \/>\n<meta property=\"og:locale\" content=\"hr_HR\" \/>\n<meta property=\"og:type\" content=\"article\" \/>\n<meta property=\"og:title\" content=\"VITROPLAST G11 - MS Viscom\" \/>\n<meta property=\"og:description\" content=\"Materijal se mo\u017ee koristiti u gra\u0111evinarstvu za konstrukcije, u elektroindustriji, za toplinske izolacije te za razli\u010dite mehani\u010dke dijelove, posebno u onim primjenama gdje su potrebna visoka mehani\u010dka, temperaturna i elektroizolacijska svojstva. Zbog iznimnih mehani\u010dkih svojstava koristi se i u primjenama koje su tradicionalno bile rezervirane samo za poliamide.\" \/>\n<meta property=\"og:url\" content=\"https:\/\/msviscom.development.digitalist.si\/hr\/izdelek\/vitroplast-g11\/\" \/>\n<meta property=\"og:site_name\" content=\"MS Viscom\" \/>\n<meta property=\"article:modified_time\" content=\"2025-11-17T07:36:28+00:00\" \/>\n<meta name=\"twitter:card\" content=\"summary_large_image\" \/>\n<script type=\"application\/ld+json\" class=\"yoast-schema-graph\">{\"@context\":\"https:\/\/schema.org\",\"@graph\":[{\"@type\":\"WebPage\",\"@id\":\"https:\/\/msviscom.development.digitalist.si\/hr\/izdelek\/vitroplast-g11\/\",\"url\":\"https:\/\/msviscom.development.digitalist.si\/hr\/izdelek\/vitroplast-g11\/\",\"name\":\"VITROPLAST G11 - MS Viscom\",\"isPartOf\":{\"@id\":\"https:\/\/msviscom.development.digitalist.si\/hr\/#website\"},\"primaryImageOfPage\":{\"@id\":\"https:\/\/msviscom.development.digitalist.si\/hr\/izdelek\/vitroplast-g11\/#primaryimage\"},\"image\":{\"@id\":\"https:\/\/msviscom.development.digitalist.si\/hr\/izdelek\/vitroplast-g11\/#primaryimage\"},\"thumbnailUrl\":\"https:\/\/msviscom.development.digitalist.si\/wp-content\/uploads\/2025\/07\/VITROPLAST_20G11_20po_20NEMA20_LI20_1_Hgw20_2372.4_20po_20DIN7735_EP_20GC_20203_20po_IEC_2060893_r.jpg\",\"datePublished\":\"2025-07-21T08:03:39+00:00\",\"dateModified\":\"2025-11-17T07:36:28+00:00\",\"breadcrumb\":{\"@id\":\"https:\/\/msviscom.development.digitalist.si\/hr\/izdelek\/vitroplast-g11\/#breadcrumb\"},\"inLanguage\":\"hr\",\"potentialAction\":[{\"@type\":\"ReadAction\",\"target\":[\"https:\/\/msviscom.development.digitalist.si\/hr\/izdelek\/vitroplast-g11\/\"]}]},{\"@type\":\"ImageObject\",\"inLanguage\":\"hr\",\"@id\":\"https:\/\/msviscom.development.digitalist.si\/hr\/izdelek\/vitroplast-g11\/#primaryimage\",\"url\":\"https:\/\/msviscom.development.digitalist.si\/wp-content\/uploads\/2025\/07\/VITROPLAST_20G11_20po_20NEMA20_LI20_1_Hgw20_2372.4_20po_20DIN7735_EP_20GC_20203_20po_IEC_2060893_r.jpg\",\"contentUrl\":\"https:\/\/msviscom.development.digitalist.si\/wp-content\/uploads\/2025\/07\/VITROPLAST_20G11_20po_20NEMA20_LI20_1_Hgw20_2372.4_20po_20DIN7735_EP_20GC_20203_20po_IEC_2060893_r.jpg\",\"width\":800,\"height\":600},{\"@type\":\"BreadcrumbList\",\"@id\":\"https:\/\/msviscom.development.digitalist.si\/hr\/izdelek\/vitroplast-g11\/#breadcrumb\",\"itemListElement\":[{\"@type\":\"ListItem\",\"position\":1,\"name\":\"Domov\",\"item\":\"https:\/\/msviscom.development.digitalist.si\/hr\/\"},{\"@type\":\"ListItem\",\"position\":2,\"name\":\"Trgovina\",\"item\":\"https:\/\/msviscom.development.digitalist.si\/hr\/trgovina\/\"},{\"@type\":\"ListItem\",\"position\":3,\"name\":\"VITROPLAST G11\"}]},{\"@type\":\"WebSite\",\"@id\":\"https:\/\/msviscom.development.digitalist.si\/hr\/#website\",\"url\":\"https:\/\/msviscom.development.digitalist.si\/hr\/\",\"name\":\"MS Viscom\",\"description\":\"\",\"potentialAction\":[{\"@type\":\"SearchAction\",\"target\":{\"@type\":\"EntryPoint\",\"urlTemplate\":\"https:\/\/msviscom.development.digitalist.si\/hr\/?s={search_term_string}\"},\"query-input\":{\"@type\":\"PropertyValueSpecification\",\"valueRequired\":true,\"valueName\":\"search_term_string\"}}],\"inLanguage\":\"hr\"}]}<\/script>\n<!-- \/ Yoast SEO plugin. -->","yoast_head_json":{"title":"VITROPLAST G11 - MS Viscom","robots":{"index":"noindex","follow":"follow","max-snippet":"max-snippet:-1","max-image-preview":"max-image-preview:large","max-video-preview":"max-video-preview:-1"},"og_locale":"hr_HR","og_type":"article","og_title":"VITROPLAST G11 - MS Viscom","og_description":"Materijal se mo\u017ee koristiti u gra\u0111evinarstvu za konstrukcije, u elektroindustriji, za toplinske izolacije te za razli\u010dite mehani\u010dke dijelove, posebno u onim primjenama gdje su potrebna visoka mehani\u010dka, temperaturna i elektroizolacijska svojstva. Zbog iznimnih mehani\u010dkih svojstava koristi se i u primjenama koje su tradicionalno bile rezervirane samo za poliamide.","og_url":"https:\/\/msviscom.development.digitalist.si\/hr\/izdelek\/vitroplast-g11\/","og_site_name":"MS Viscom","article_modified_time":"2025-11-17T07:36:28+00:00","twitter_card":"summary_large_image","schema":{"@context":"https:\/\/schema.org","@graph":[{"@type":"WebPage","@id":"https:\/\/msviscom.development.digitalist.si\/hr\/izdelek\/vitroplast-g11\/","url":"https:\/\/msviscom.development.digitalist.si\/hr\/izdelek\/vitroplast-g11\/","name":"VITROPLAST G11 - MS Viscom","isPartOf":{"@id":"https:\/\/msviscom.development.digitalist.si\/hr\/#website"},"primaryImageOfPage":{"@id":"https:\/\/msviscom.development.digitalist.si\/hr\/izdelek\/vitroplast-g11\/#primaryimage"},"image":{"@id":"https:\/\/msviscom.development.digitalist.si\/hr\/izdelek\/vitroplast-g11\/#primaryimage"},"thumbnailUrl":"https:\/\/msviscom.development.digitalist.si\/wp-content\/uploads\/2025\/07\/VITROPLAST_20G11_20po_20NEMA20_LI20_1_Hgw20_2372.4_20po_20DIN7735_EP_20GC_20203_20po_IEC_2060893_r.jpg","datePublished":"2025-07-21T08:03:39+00:00","dateModified":"2025-11-17T07:36:28+00:00","breadcrumb":{"@id":"https:\/\/msviscom.development.digitalist.si\/hr\/izdelek\/vitroplast-g11\/#breadcrumb"},"inLanguage":"hr","potentialAction":[{"@type":"ReadAction","target":["https:\/\/msviscom.development.digitalist.si\/hr\/izdelek\/vitroplast-g11\/"]}]},{"@type":"ImageObject","inLanguage":"hr","@id":"https:\/\/msviscom.development.digitalist.si\/hr\/izdelek\/vitroplast-g11\/#primaryimage","url":"https:\/\/msviscom.development.digitalist.si\/wp-content\/uploads\/2025\/07\/VITROPLAST_20G11_20po_20NEMA20_LI20_1_Hgw20_2372.4_20po_20DIN7735_EP_20GC_20203_20po_IEC_2060893_r.jpg","contentUrl":"https:\/\/msviscom.development.digitalist.si\/wp-content\/uploads\/2025\/07\/VITROPLAST_20G11_20po_20NEMA20_LI20_1_Hgw20_2372.4_20po_20DIN7735_EP_20GC_20203_20po_IEC_2060893_r.jpg","width":800,"height":600},{"@type":"BreadcrumbList","@id":"https:\/\/msviscom.development.digitalist.si\/hr\/izdelek\/vitroplast-g11\/#breadcrumb","itemListElement":[{"@type":"ListItem","position":1,"name":"Domov","item":"https:\/\/msviscom.development.digitalist.si\/hr\/"},{"@type":"ListItem","position":2,"name":"Trgovina","item":"https:\/\/msviscom.development.digitalist.si\/hr\/trgovina\/"},{"@type":"ListItem","position":3,"name":"VITROPLAST G11"}]},{"@type":"WebSite","@id":"https:\/\/msviscom.development.digitalist.si\/hr\/#website","url":"https:\/\/msviscom.development.digitalist.si\/hr\/","name":"MS Viscom","description":"","potentialAction":[{"@type":"SearchAction","target":{"@type":"EntryPoint","urlTemplate":"https:\/\/msviscom.development.digitalist.si\/hr\/?s={search_term_string}"},"query-input":{"@type":"PropertyValueSpecification","valueRequired":true,"valueName":"search_term_string"}}],"inLanguage":"hr"}]}},"_links":{"self":[{"href":"https:\/\/msviscom.development.digitalist.si\/hr\/wp-json\/wp\/v2\/product\/3350","targetHints":{"allow":["GET"]}}],"collection":[{"href":"https:\/\/msviscom.development.digitalist.si\/hr\/wp-json\/wp\/v2\/product"}],"about":[{"href":"https:\/\/msviscom.development.digitalist.si\/hr\/wp-json\/wp\/v2\/types\/product"}],"wp:featuredmedia":[{"embeddable":true,"href":"https:\/\/msviscom.development.digitalist.si\/hr\/wp-json\/wp\/v2\/media\/704"}],"wp:attachment":[{"href":"https:\/\/msviscom.development.digitalist.si\/hr\/wp-json\/wp\/v2\/media?parent=3350"}],"wp:term":[{"taxonomy":"product_brand","embeddable":true,"href":"https:\/\/msviscom.development.digitalist.si\/hr\/wp-json\/wp\/v2\/product_brand?post=3350"},{"taxonomy":"product_cat","embeddable":true,"href":"https:\/\/msviscom.development.digitalist.si\/hr\/wp-json\/wp\/v2\/product_cat?post=3350"},{"taxonomy":"product_tag","embeddable":true,"href":"https:\/\/msviscom.development.digitalist.si\/hr\/wp-json\/wp\/v2\/product_tag?post=3350"}],"curies":[{"name":"wp","href":"https:\/\/api.w.org\/{rel}","templated":true}]}}