{"id":3349,"date":"2025-07-21T09:03:38","date_gmt":"2025-07-21T08:03:38","guid":{"rendered":"https:\/\/msviscom.development.digitalist.si\/izdelek\/isoval-fr4-hf-bez-halogenih-elemenata\/"},"modified":"2025-11-17T08:36:28","modified_gmt":"2025-11-17T07:36:28","slug":"isoval-fr4-hf-bez-halogenih-elemenata","status":"publish","type":"product","link":"https:\/\/msviscom.development.digitalist.si\/hr\/izdelek\/isoval-fr4-hf-bez-halogenih-elemenata\/","title":{"rendered":"ISOVAL FR4-HF (bez halogenih elemenata)"},"content":{"rendered":"","protected":false},"excerpt":{"rendered":"<p>&#8220;Prednosti koje ima ISOVAL FR4-HF u odnosu na standardni FR4:<\/p>\n<p>Ne sadr\u017ei halogene elemente i ima iznimno dobra mehani\u010dka i elektri\u010dna svojstva.<\/p>\n<p>Izdr\u017eava temperaturu do 180 \u00b0C.<\/p>\n<p>Zbog tih svojstava mo\u017ee se koristiti kao zamjena za G11 i FR5. Tako\u0111er je UL certificiran.&#8221;<\/p>\n","protected":false},"featured_media":702,"template":"","meta":{"_acf_changed":false},"product_brand":[],"product_cat":[274],"product_tag":[],"class_list":{"0":"post-3349","1":"product","2":"type-product","3":"status-publish","4":"has-post-thumbnail","6":"product_cat-industrijski-laminati","8":"first","9":"outofstock","10":"taxable","11":"shipping-taxable","12":"purchasable","13":"product-type-simple"},"acf":[],"yoast_head":"<!-- This site is optimized with the Yoast SEO plugin v25.3.1 - https:\/\/yoast.com\/wordpress\/plugins\/seo\/ -->\n<title>ISOVAL FR4-HF (bez halogenih elemenata) - MS Viscom<\/title>\n<meta name=\"robots\" content=\"noindex, follow, max-snippet:-1, max-image-preview:large, max-video-preview:-1\" \/>\n<meta property=\"og:locale\" content=\"hr_HR\" \/>\n<meta property=\"og:type\" content=\"article\" \/>\n<meta property=\"og:title\" content=\"ISOVAL FR4-HF (bez halogenih elemenata) - MS Viscom\" \/>\n<meta property=\"og:description\" content=\"&quot;Prednosti koje ima ISOVAL FR4-HF u odnosu na standardni FR4: Ne sadr\u017ei halogene elemente i ima iznimno dobra mehani\u010dka i elektri\u010dna svojstva. Izdr\u017eava temperaturu do 180 \u00b0C. Zbog tih svojstava mo\u017ee se koristiti kao zamjena za G11 i FR5. Tako\u0111er je UL certificiran.&quot;\" \/>\n<meta property=\"og:url\" content=\"https:\/\/msviscom.development.digitalist.si\/hr\/izdelek\/isoval-fr4-hf-bez-halogenih-elemenata\/\" \/>\n<meta property=\"og:site_name\" content=\"MS Viscom\" \/>\n<meta property=\"article:modified_time\" content=\"2025-11-17T07:36:28+00:00\" \/>\n<meta name=\"twitter:card\" content=\"summary_large_image\" \/>\n<script type=\"application\/ld+json\" class=\"yoast-schema-graph\">{\"@context\":\"https:\/\/schema.org\",\"@graph\":[{\"@type\":\"WebPage\",\"@id\":\"https:\/\/msviscom.development.digitalist.si\/hr\/izdelek\/isoval-fr4-hf-bez-halogenih-elemenata\/\",\"url\":\"https:\/\/msviscom.development.digitalist.si\/hr\/izdelek\/isoval-fr4-hf-bez-halogenih-elemenata\/\",\"name\":\"ISOVAL FR4-HF (bez halogenih elemenata) - MS Viscom\",\"isPartOf\":{\"@id\":\"https:\/\/msviscom.development.digitalist.si\/hr\/#website\"},\"primaryImageOfPage\":{\"@id\":\"https:\/\/msviscom.development.digitalist.si\/hr\/izdelek\/isoval-fr4-hf-bez-halogenih-elemenata\/#primaryimage\"},\"image\":{\"@id\":\"https:\/\/msviscom.development.digitalist.si\/hr\/izdelek\/isoval-fr4-hf-bez-halogenih-elemenata\/#primaryimage\"},\"thumbnailUrl\":\"https:\/\/msviscom.development.digitalist.si\/wp-content\/uploads\/2025\/07\/ISOVAL_20FR4-HF_20brez20halogenih20elementov_20FR4-HF_20po_20NEMA_20LI20_1_Hgw20_2372.120po_20DIN7735_EP_20GC_20202_20po_20IEC_2060893_r.jpg\",\"datePublished\":\"2025-07-21T08:03:38+00:00\",\"dateModified\":\"2025-11-17T07:36:28+00:00\",\"breadcrumb\":{\"@id\":\"https:\/\/msviscom.development.digitalist.si\/hr\/izdelek\/isoval-fr4-hf-bez-halogenih-elemenata\/#breadcrumb\"},\"inLanguage\":\"hr\",\"potentialAction\":[{\"@type\":\"ReadAction\",\"target\":[\"https:\/\/msviscom.development.digitalist.si\/hr\/izdelek\/isoval-fr4-hf-bez-halogenih-elemenata\/\"]}]},{\"@type\":\"ImageObject\",\"inLanguage\":\"hr\",\"@id\":\"https:\/\/msviscom.development.digitalist.si\/hr\/izdelek\/isoval-fr4-hf-bez-halogenih-elemenata\/#primaryimage\",\"url\":\"https:\/\/msviscom.development.digitalist.si\/wp-content\/uploads\/2025\/07\/ISOVAL_20FR4-HF_20brez20halogenih20elementov_20FR4-HF_20po_20NEMA_20LI20_1_Hgw20_2372.120po_20DIN7735_EP_20GC_20202_20po_20IEC_2060893_r.jpg\",\"contentUrl\":\"https:\/\/msviscom.development.digitalist.si\/wp-content\/uploads\/2025\/07\/ISOVAL_20FR4-HF_20brez20halogenih20elementov_20FR4-HF_20po_20NEMA_20LI20_1_Hgw20_2372.120po_20DIN7735_EP_20GC_20202_20po_20IEC_2060893_r.jpg\",\"width\":800,\"height\":600},{\"@type\":\"BreadcrumbList\",\"@id\":\"https:\/\/msviscom.development.digitalist.si\/hr\/izdelek\/isoval-fr4-hf-bez-halogenih-elemenata\/#breadcrumb\",\"itemListElement\":[{\"@type\":\"ListItem\",\"position\":1,\"name\":\"Domov\",\"item\":\"https:\/\/msviscom.development.digitalist.si\/hr\/\"},{\"@type\":\"ListItem\",\"position\":2,\"name\":\"Trgovina\",\"item\":\"https:\/\/msviscom.development.digitalist.si\/hr\/trgovina\/\"},{\"@type\":\"ListItem\",\"position\":3,\"name\":\"ISOVAL FR4-HF (bez halogenih elemenata)\"}]},{\"@type\":\"WebSite\",\"@id\":\"https:\/\/msviscom.development.digitalist.si\/hr\/#website\",\"url\":\"https:\/\/msviscom.development.digitalist.si\/hr\/\",\"name\":\"MS Viscom\",\"description\":\"\",\"potentialAction\":[{\"@type\":\"SearchAction\",\"target\":{\"@type\":\"EntryPoint\",\"urlTemplate\":\"https:\/\/msviscom.development.digitalist.si\/hr\/?s={search_term_string}\"},\"query-input\":{\"@type\":\"PropertyValueSpecification\",\"valueRequired\":true,\"valueName\":\"search_term_string\"}}],\"inLanguage\":\"hr\"}]}<\/script>\n<!-- \/ Yoast SEO plugin. -->","yoast_head_json":{"title":"ISOVAL FR4-HF (bez halogenih elemenata) - MS Viscom","robots":{"index":"noindex","follow":"follow","max-snippet":"max-snippet:-1","max-image-preview":"max-image-preview:large","max-video-preview":"max-video-preview:-1"},"og_locale":"hr_HR","og_type":"article","og_title":"ISOVAL FR4-HF (bez halogenih elemenata) - MS Viscom","og_description":"\"Prednosti koje ima ISOVAL FR4-HF u odnosu na standardni FR4: Ne sadr\u017ei halogene elemente i ima iznimno dobra mehani\u010dka i elektri\u010dna svojstva. Izdr\u017eava temperaturu do 180 \u00b0C. Zbog tih svojstava mo\u017ee se koristiti kao zamjena za G11 i FR5. Tako\u0111er je UL certificiran.\"","og_url":"https:\/\/msviscom.development.digitalist.si\/hr\/izdelek\/isoval-fr4-hf-bez-halogenih-elemenata\/","og_site_name":"MS Viscom","article_modified_time":"2025-11-17T07:36:28+00:00","twitter_card":"summary_large_image","schema":{"@context":"https:\/\/schema.org","@graph":[{"@type":"WebPage","@id":"https:\/\/msviscom.development.digitalist.si\/hr\/izdelek\/isoval-fr4-hf-bez-halogenih-elemenata\/","url":"https:\/\/msviscom.development.digitalist.si\/hr\/izdelek\/isoval-fr4-hf-bez-halogenih-elemenata\/","name":"ISOVAL FR4-HF (bez halogenih elemenata) - MS Viscom","isPartOf":{"@id":"https:\/\/msviscom.development.digitalist.si\/hr\/#website"},"primaryImageOfPage":{"@id":"https:\/\/msviscom.development.digitalist.si\/hr\/izdelek\/isoval-fr4-hf-bez-halogenih-elemenata\/#primaryimage"},"image":{"@id":"https:\/\/msviscom.development.digitalist.si\/hr\/izdelek\/isoval-fr4-hf-bez-halogenih-elemenata\/#primaryimage"},"thumbnailUrl":"https:\/\/msviscom.development.digitalist.si\/wp-content\/uploads\/2025\/07\/ISOVAL_20FR4-HF_20brez20halogenih20elementov_20FR4-HF_20po_20NEMA_20LI20_1_Hgw20_2372.120po_20DIN7735_EP_20GC_20202_20po_20IEC_2060893_r.jpg","datePublished":"2025-07-21T08:03:38+00:00","dateModified":"2025-11-17T07:36:28+00:00","breadcrumb":{"@id":"https:\/\/msviscom.development.digitalist.si\/hr\/izdelek\/isoval-fr4-hf-bez-halogenih-elemenata\/#breadcrumb"},"inLanguage":"hr","potentialAction":[{"@type":"ReadAction","target":["https:\/\/msviscom.development.digitalist.si\/hr\/izdelek\/isoval-fr4-hf-bez-halogenih-elemenata\/"]}]},{"@type":"ImageObject","inLanguage":"hr","@id":"https:\/\/msviscom.development.digitalist.si\/hr\/izdelek\/isoval-fr4-hf-bez-halogenih-elemenata\/#primaryimage","url":"https:\/\/msviscom.development.digitalist.si\/wp-content\/uploads\/2025\/07\/ISOVAL_20FR4-HF_20brez20halogenih20elementov_20FR4-HF_20po_20NEMA_20LI20_1_Hgw20_2372.120po_20DIN7735_EP_20GC_20202_20po_20IEC_2060893_r.jpg","contentUrl":"https:\/\/msviscom.development.digitalist.si\/wp-content\/uploads\/2025\/07\/ISOVAL_20FR4-HF_20brez20halogenih20elementov_20FR4-HF_20po_20NEMA_20LI20_1_Hgw20_2372.120po_20DIN7735_EP_20GC_20202_20po_20IEC_2060893_r.jpg","width":800,"height":600},{"@type":"BreadcrumbList","@id":"https:\/\/msviscom.development.digitalist.si\/hr\/izdelek\/isoval-fr4-hf-bez-halogenih-elemenata\/#breadcrumb","itemListElement":[{"@type":"ListItem","position":1,"name":"Domov","item":"https:\/\/msviscom.development.digitalist.si\/hr\/"},{"@type":"ListItem","position":2,"name":"Trgovina","item":"https:\/\/msviscom.development.digitalist.si\/hr\/trgovina\/"},{"@type":"ListItem","position":3,"name":"ISOVAL FR4-HF (bez halogenih elemenata)"}]},{"@type":"WebSite","@id":"https:\/\/msviscom.development.digitalist.si\/hr\/#website","url":"https:\/\/msviscom.development.digitalist.si\/hr\/","name":"MS Viscom","description":"","potentialAction":[{"@type":"SearchAction","target":{"@type":"EntryPoint","urlTemplate":"https:\/\/msviscom.development.digitalist.si\/hr\/?s={search_term_string}"},"query-input":{"@type":"PropertyValueSpecification","valueRequired":true,"valueName":"search_term_string"}}],"inLanguage":"hr"}]}},"_links":{"self":[{"href":"https:\/\/msviscom.development.digitalist.si\/hr\/wp-json\/wp\/v2\/product\/3349","targetHints":{"allow":["GET"]}}],"collection":[{"href":"https:\/\/msviscom.development.digitalist.si\/hr\/wp-json\/wp\/v2\/product"}],"about":[{"href":"https:\/\/msviscom.development.digitalist.si\/hr\/wp-json\/wp\/v2\/types\/product"}],"wp:featuredmedia":[{"embeddable":true,"href":"https:\/\/msviscom.development.digitalist.si\/hr\/wp-json\/wp\/v2\/media\/702"}],"wp:attachment":[{"href":"https:\/\/msviscom.development.digitalist.si\/hr\/wp-json\/wp\/v2\/media?parent=3349"}],"wp:term":[{"taxonomy":"product_brand","embeddable":true,"href":"https:\/\/msviscom.development.digitalist.si\/hr\/wp-json\/wp\/v2\/product_brand?post=3349"},{"taxonomy":"product_cat","embeddable":true,"href":"https:\/\/msviscom.development.digitalist.si\/hr\/wp-json\/wp\/v2\/product_cat?post=3349"},{"taxonomy":"product_tag","embeddable":true,"href":"https:\/\/msviscom.development.digitalist.si\/hr\/wp-json\/wp\/v2\/product_tag?post=3349"}],"curies":[{"name":"wp","href":"https:\/\/api.w.org\/{rel}","templated":true}]}}