{"id":3338,"date":"2025-07-21T09:03:17","date_gmt":"2025-07-21T08:03:17","guid":{"rendered":"https:\/\/msviscom.development.digitalist.si\/izdelek\/karbonska-uzad\/"},"modified":"2025-12-03T23:29:20","modified_gmt":"2025-12-03T22:29:20","slug":"karbonska-vrpca-ugljicna-vlakna-za-kompozitna-ojacanja-ms-viscom","status":"publish","type":"product","link":"https:\/\/msviscom.development.digitalist.si\/hr\/izdelek\/karbonska-vrpca-ugljicna-vlakna-za-kompozitna-ojacanja-ms-viscom\/","title":{"rendered":"KARBONSKA U\u017dAD"},"content":{"rendered":"<p data-start=\"328\" data-end=\"428\"><strong data-start=\"328\" data-end=\"351\">PRIMJENA \/ SVOJSTVA<\/strong><br data-start=\"351\" data-end=\"354\" \/>Karbonska vrpca koristi se za armiranje razli\u010ditih kompozitnih materijala.<\/p>\n<p data-start=\"430\" data-end=\"464\"><strong data-start=\"430\" data-end=\"443\">PAKIRANJE<\/strong><br data-start=\"443\" data-end=\"446\" \/>Namotana na kolute<\/p>\n<p data-start=\"466\" data-end=\"514\"><strong data-start=\"466\" data-end=\"486\">MOGU\u0106E VARIJANTE<\/strong><br data-start=\"486\" data-end=\"489\" \/>1K, 3K, 6K, 12K, 24K, 50K<\/p>\n","protected":false},"excerpt":{"rendered":"<p>Karbonska vrpca za maksimalnu \u010dvrsto\u0107u, malu te\u017einu i pouzdana oja\u010danja u kompozitnim materijalima. Dostupna u izvedbama 1K\u201350K, namotana na kolute. Idealna za industrijske, tehni\u010dke i kompozitne primjene. Provjerite kvalitetne karbonske materijale u MS VISCOM ponudi.<\/p>\n","protected":false},"featured_media":4590,"template":"","meta":{"_acf_changed":false},"product_brand":[],"product_cat":[294],"product_tag":[],"class_list":{"0":"post-3338","1":"product","2":"type-product","3":"status-publish","4":"has-post-thumbnail","6":"product_cat-karbon","8":"first","9":"outofstock","10":"taxable","11":"shipping-taxable","12":"purchasable","13":"product-type-simple"},"acf":[],"yoast_head":"<!-- This site is optimized with the Yoast SEO plugin v25.3.1 - https:\/\/yoast.com\/wordpress\/plugins\/seo\/ -->\n<title>Karbonska vrpca \u2013 Uglji\u010dna vlakna za kompozitna oja\u010danja | MS VISCOM<\/title>\n<meta name=\"description\" content=\"Karbonska vrpca za maksimalnu \u010dvrsto\u0107u, malu te\u017einu i pouzdana oja\u010danja u kompozitnim materijalima. Dostupna u izvedbama 1K\u201350K, namotana na kolute. Idealna za industrijske, tehni\u010dke i kompozitne primjene. Provjerite kvalitetne karbonske materijale u MS VISCOM ponudi.\" \/>\n<meta name=\"robots\" content=\"noindex, follow, max-snippet:-1, max-image-preview:large, max-video-preview:-1\" \/>\n<meta property=\"og:locale\" content=\"hr_HR\" \/>\n<meta property=\"og:type\" content=\"article\" \/>\n<meta property=\"og:title\" content=\"Karbonska vrpca \u2013 Uglji\u010dna vlakna za kompozitna oja\u010danja | MS VISCOM\" \/>\n<meta property=\"og:description\" content=\"Karbonska vrpca za maksimalnu \u010dvrsto\u0107u, malu te\u017einu i pouzdana oja\u010danja u kompozitnim materijalima. Dostupna u izvedbama 1K\u201350K, namotana na kolute. Idealna za industrijske, tehni\u010dke i kompozitne primjene. Provjerite kvalitetne karbonske materijale u MS VISCOM ponudi.\" \/>\n<meta property=\"og:url\" content=\"https:\/\/msviscom.development.digitalist.si\/hr\/izdelek\/karbonska-vrpca-ugljicna-vlakna-za-kompozitna-ojacanja-ms-viscom\/\" \/>\n<meta property=\"og:site_name\" content=\"MS Viscom\" \/>\n<meta property=\"article:modified_time\" content=\"2025-12-03T22:29:20+00:00\" \/>\n<meta property=\"og:image\" content=\"https:\/\/msviscom.development.digitalist.si\/wp-content\/uploads\/2025\/07\/KARBONSKA_VRVICA_r.jpg\" \/>\n\t<meta property=\"og:image:width\" content=\"800\" \/>\n\t<meta property=\"og:image:height\" content=\"600\" \/>\n\t<meta property=\"og:image:type\" content=\"image\/jpeg\" \/>\n<meta name=\"twitter:card\" content=\"summary_large_image\" \/>\n<meta name=\"twitter:label1\" content=\"Procijenjeno vrijeme \u010ditanja\" \/>\n\t<meta name=\"twitter:data1\" content=\"1 minuta\" \/>\n<script type=\"application\/ld+json\" class=\"yoast-schema-graph\">{\"@context\":\"https:\/\/schema.org\",\"@graph\":[{\"@type\":\"WebPage\",\"@id\":\"https:\/\/msviscom.development.digitalist.si\/hr\/izdelek\/karbonska-vrpca-ugljicna-vlakna-za-kompozitna-ojacanja-ms-viscom\/\",\"url\":\"https:\/\/msviscom.development.digitalist.si\/hr\/izdelek\/karbonska-vrpca-ugljicna-vlakna-za-kompozitna-ojacanja-ms-viscom\/\",\"name\":\"Karbonska vrpca \u2013 Uglji\u010dna vlakna za kompozitna oja\u010danja | MS VISCOM\",\"isPartOf\":{\"@id\":\"https:\/\/msviscom.development.digitalist.si\/hr\/#website\"},\"primaryImageOfPage\":{\"@id\":\"https:\/\/msviscom.development.digitalist.si\/hr\/izdelek\/karbonska-vrpca-ugljicna-vlakna-za-kompozitna-ojacanja-ms-viscom\/#primaryimage\"},\"image\":{\"@id\":\"https:\/\/msviscom.development.digitalist.si\/hr\/izdelek\/karbonska-vrpca-ugljicna-vlakna-za-kompozitna-ojacanja-ms-viscom\/#primaryimage\"},\"thumbnailUrl\":\"https:\/\/msviscom.development.digitalist.si\/wp-content\/uploads\/2025\/07\/KARBONSKA_VRVICA_r.jpg\",\"datePublished\":\"2025-07-21T08:03:17+00:00\",\"dateModified\":\"2025-12-03T22:29:20+00:00\",\"description\":\"Karbonska vrpca za maksimalnu \u010dvrsto\u0107u, malu te\u017einu i pouzdana oja\u010danja u kompozitnim materijalima. Dostupna u izvedbama 1K\u201350K, namotana na kolute. Idealna za industrijske, tehni\u010dke i kompozitne primjene. Provjerite kvalitetne karbonske materijale u MS VISCOM ponudi.\",\"breadcrumb\":{\"@id\":\"https:\/\/msviscom.development.digitalist.si\/hr\/izdelek\/karbonska-vrpca-ugljicna-vlakna-za-kompozitna-ojacanja-ms-viscom\/#breadcrumb\"},\"inLanguage\":\"hr\",\"potentialAction\":[{\"@type\":\"ReadAction\",\"target\":[\"https:\/\/msviscom.development.digitalist.si\/hr\/izdelek\/karbonska-vrpca-ugljicna-vlakna-za-kompozitna-ojacanja-ms-viscom\/\"]}]},{\"@type\":\"ImageObject\",\"inLanguage\":\"hr\",\"@id\":\"https:\/\/msviscom.development.digitalist.si\/hr\/izdelek\/karbonska-vrpca-ugljicna-vlakna-za-kompozitna-ojacanja-ms-viscom\/#primaryimage\",\"url\":\"https:\/\/msviscom.development.digitalist.si\/wp-content\/uploads\/2025\/07\/KARBONSKA_VRVICA_r.jpg\",\"contentUrl\":\"https:\/\/msviscom.development.digitalist.si\/wp-content\/uploads\/2025\/07\/KARBONSKA_VRVICA_r.jpg\",\"width\":800,\"height\":600},{\"@type\":\"BreadcrumbList\",\"@id\":\"https:\/\/msviscom.development.digitalist.si\/hr\/izdelek\/karbonska-vrpca-ugljicna-vlakna-za-kompozitna-ojacanja-ms-viscom\/#breadcrumb\",\"itemListElement\":[{\"@type\":\"ListItem\",\"position\":1,\"name\":\"Domov\",\"item\":\"https:\/\/msviscom.development.digitalist.si\/hr\/\"},{\"@type\":\"ListItem\",\"position\":2,\"name\":\"Trgovina\",\"item\":\"https:\/\/msviscom.development.digitalist.si\/hr\/trgovina\/\"},{\"@type\":\"ListItem\",\"position\":3,\"name\":\"KARBONSKA U\u017dAD\"}]},{\"@type\":\"WebSite\",\"@id\":\"https:\/\/msviscom.development.digitalist.si\/hr\/#website\",\"url\":\"https:\/\/msviscom.development.digitalist.si\/hr\/\",\"name\":\"MS Viscom\",\"description\":\"\",\"potentialAction\":[{\"@type\":\"SearchAction\",\"target\":{\"@type\":\"EntryPoint\",\"urlTemplate\":\"https:\/\/msviscom.development.digitalist.si\/hr\/?s={search_term_string}\"},\"query-input\":{\"@type\":\"PropertyValueSpecification\",\"valueRequired\":true,\"valueName\":\"search_term_string\"}}],\"inLanguage\":\"hr\"}]}<\/script>\n<!-- \/ Yoast SEO plugin. -->","yoast_head_json":{"title":"Karbonska vrpca \u2013 Uglji\u010dna vlakna za kompozitna oja\u010danja | MS VISCOM","description":"Karbonska vrpca za maksimalnu \u010dvrsto\u0107u, malu te\u017einu i pouzdana oja\u010danja u kompozitnim materijalima. Dostupna u izvedbama 1K\u201350K, namotana na kolute. Idealna za industrijske, tehni\u010dke i kompozitne primjene. Provjerite kvalitetne karbonske materijale u MS VISCOM ponudi.","robots":{"index":"noindex","follow":"follow","max-snippet":"max-snippet:-1","max-image-preview":"max-image-preview:large","max-video-preview":"max-video-preview:-1"},"og_locale":"hr_HR","og_type":"article","og_title":"Karbonska vrpca \u2013 Uglji\u010dna vlakna za kompozitna oja\u010danja | MS VISCOM","og_description":"Karbonska vrpca za maksimalnu \u010dvrsto\u0107u, malu te\u017einu i pouzdana oja\u010danja u kompozitnim materijalima. Dostupna u izvedbama 1K\u201350K, namotana na kolute. Idealna za industrijske, tehni\u010dke i kompozitne primjene. Provjerite kvalitetne karbonske materijale u MS VISCOM ponudi.","og_url":"https:\/\/msviscom.development.digitalist.si\/hr\/izdelek\/karbonska-vrpca-ugljicna-vlakna-za-kompozitna-ojacanja-ms-viscom\/","og_site_name":"MS Viscom","article_modified_time":"2025-12-03T22:29:20+00:00","og_image":[{"width":800,"height":600,"url":"https:\/\/msviscom.development.digitalist.si\/wp-content\/uploads\/2025\/07\/KARBONSKA_VRVICA_r.jpg","type":"image\/jpeg"}],"twitter_card":"summary_large_image","twitter_misc":{"Procijenjeno vrijeme \u010ditanja":"1 minuta"},"schema":{"@context":"https:\/\/schema.org","@graph":[{"@type":"WebPage","@id":"https:\/\/msviscom.development.digitalist.si\/hr\/izdelek\/karbonska-vrpca-ugljicna-vlakna-za-kompozitna-ojacanja-ms-viscom\/","url":"https:\/\/msviscom.development.digitalist.si\/hr\/izdelek\/karbonska-vrpca-ugljicna-vlakna-za-kompozitna-ojacanja-ms-viscom\/","name":"Karbonska vrpca \u2013 Uglji\u010dna vlakna za kompozitna oja\u010danja | MS VISCOM","isPartOf":{"@id":"https:\/\/msviscom.development.digitalist.si\/hr\/#website"},"primaryImageOfPage":{"@id":"https:\/\/msviscom.development.digitalist.si\/hr\/izdelek\/karbonska-vrpca-ugljicna-vlakna-za-kompozitna-ojacanja-ms-viscom\/#primaryimage"},"image":{"@id":"https:\/\/msviscom.development.digitalist.si\/hr\/izdelek\/karbonska-vrpca-ugljicna-vlakna-za-kompozitna-ojacanja-ms-viscom\/#primaryimage"},"thumbnailUrl":"https:\/\/msviscom.development.digitalist.si\/wp-content\/uploads\/2025\/07\/KARBONSKA_VRVICA_r.jpg","datePublished":"2025-07-21T08:03:17+00:00","dateModified":"2025-12-03T22:29:20+00:00","description":"Karbonska vrpca za maksimalnu \u010dvrsto\u0107u, malu te\u017einu i pouzdana oja\u010danja u kompozitnim materijalima. Dostupna u izvedbama 1K\u201350K, namotana na kolute. Idealna za industrijske, tehni\u010dke i kompozitne primjene. Provjerite kvalitetne karbonske materijale u MS VISCOM ponudi.","breadcrumb":{"@id":"https:\/\/msviscom.development.digitalist.si\/hr\/izdelek\/karbonska-vrpca-ugljicna-vlakna-za-kompozitna-ojacanja-ms-viscom\/#breadcrumb"},"inLanguage":"hr","potentialAction":[{"@type":"ReadAction","target":["https:\/\/msviscom.development.digitalist.si\/hr\/izdelek\/karbonska-vrpca-ugljicna-vlakna-za-kompozitna-ojacanja-ms-viscom\/"]}]},{"@type":"ImageObject","inLanguage":"hr","@id":"https:\/\/msviscom.development.digitalist.si\/hr\/izdelek\/karbonska-vrpca-ugljicna-vlakna-za-kompozitna-ojacanja-ms-viscom\/#primaryimage","url":"https:\/\/msviscom.development.digitalist.si\/wp-content\/uploads\/2025\/07\/KARBONSKA_VRVICA_r.jpg","contentUrl":"https:\/\/msviscom.development.digitalist.si\/wp-content\/uploads\/2025\/07\/KARBONSKA_VRVICA_r.jpg","width":800,"height":600},{"@type":"BreadcrumbList","@id":"https:\/\/msviscom.development.digitalist.si\/hr\/izdelek\/karbonska-vrpca-ugljicna-vlakna-za-kompozitna-ojacanja-ms-viscom\/#breadcrumb","itemListElement":[{"@type":"ListItem","position":1,"name":"Domov","item":"https:\/\/msviscom.development.digitalist.si\/hr\/"},{"@type":"ListItem","position":2,"name":"Trgovina","item":"https:\/\/msviscom.development.digitalist.si\/hr\/trgovina\/"},{"@type":"ListItem","position":3,"name":"KARBONSKA U\u017dAD"}]},{"@type":"WebSite","@id":"https:\/\/msviscom.development.digitalist.si\/hr\/#website","url":"https:\/\/msviscom.development.digitalist.si\/hr\/","name":"MS Viscom","description":"","potentialAction":[{"@type":"SearchAction","target":{"@type":"EntryPoint","urlTemplate":"https:\/\/msviscom.development.digitalist.si\/hr\/?s={search_term_string}"},"query-input":{"@type":"PropertyValueSpecification","valueRequired":true,"valueName":"search_term_string"}}],"inLanguage":"hr"}]}},"_links":{"self":[{"href":"https:\/\/msviscom.development.digitalist.si\/hr\/wp-json\/wp\/v2\/product\/3338","targetHints":{"allow":["GET"]}}],"collection":[{"href":"https:\/\/msviscom.development.digitalist.si\/hr\/wp-json\/wp\/v2\/product"}],"about":[{"href":"https:\/\/msviscom.development.digitalist.si\/hr\/wp-json\/wp\/v2\/types\/product"}],"wp:featuredmedia":[{"embeddable":true,"href":"https:\/\/msviscom.development.digitalist.si\/hr\/wp-json\/wp\/v2\/media\/4590"}],"wp:attachment":[{"href":"https:\/\/msviscom.development.digitalist.si\/hr\/wp-json\/wp\/v2\/media?parent=3338"}],"wp:term":[{"taxonomy":"product_brand","embeddable":true,"href":"https:\/\/msviscom.development.digitalist.si\/hr\/wp-json\/wp\/v2\/product_brand?post=3338"},{"taxonomy":"product_cat","embeddable":true,"href":"https:\/\/msviscom.development.digitalist.si\/hr\/wp-json\/wp\/v2\/product_cat?post=3338"},{"taxonomy":"product_tag","embeddable":true,"href":"https:\/\/msviscom.development.digitalist.si\/hr\/wp-json\/wp\/v2\/product_tag?post=3338"}],"curies":[{"name":"wp","href":"https:\/\/api.w.org\/{rel}","templated":true}]}}