{"id":3329,"date":"2025-07-21T09:03:04","date_gmt":"2025-07-21T08:03:04","guid":{"rendered":"https:\/\/msviscom.development.digitalist.si\/izdelek\/karbonska-tkanina\/"},"modified":"2025-12-03T23:18:56","modified_gmt":"2025-12-03T22:18:56","slug":"karbonska-tkanina-vrhunski-kompozitni-materijal-ms-viscom","status":"publish","type":"product","link":"https:\/\/msviscom.development.digitalist.si\/hr\/izdelek\/karbonska-tkanina-vrhunski-kompozitni-materijal-ms-viscom\/","title":{"rendered":"KARBONSKA TKANINA"},"content":{"rendered":"<p><strong data-start=\"55\" data-end=\"63\">BOJA<\/strong>: crna<br data-start=\"69\" data-end=\"72\" \/><strong data-start=\"72\" data-end=\"85\">PAKIRANJE<\/strong>: u rolama<br data-start=\"95\" data-end=\"98\" \/><strong data-start=\"98\" data-end=\"121\">\u0160IRINA (mm) po roli<\/strong>: 1000\u20131200<\/p>\n","protected":false},"excerpt":{"rendered":"<p>Karbonska tkanina s iznimnom \u010dvrsto\u0107om, malom te\u017einom i superiornim mehani\u010dkim svojstvima. Idealna za kompozite, industrijske projekte, sportsku opremu i automobilske aplikacije. Pogledajte kvalitetne karbonske materijale u MS VISCOM ponudi.<\/p>\n","protected":false},"featured_media":4589,"template":"","meta":{"_acf_changed":false},"product_brand":[],"product_cat":[294],"product_tag":[],"class_list":{"0":"post-3329","1":"product","2":"type-product","3":"status-publish","4":"has-post-thumbnail","6":"product_cat-karbon","8":"first","9":"outofstock","10":"taxable","11":"shipping-taxable","12":"purchasable","13":"product-type-simple"},"acf":[],"yoast_head":"<!-- This site is optimized with the Yoast SEO plugin v25.3.1 - https:\/\/yoast.com\/wordpress\/plugins\/seo\/ -->\n<title>Karbonska tkanina \u2013 Vrhunski kompozitni materijal | MS VISCOM<\/title>\n<meta name=\"description\" content=\"Karbonska tkanina s iznimnom \u010dvrsto\u0107om, malom te\u017einom i superiornim mehani\u010dkim svojstvima. Idealna za kompozite, industrijske projekte, sportsku opremu i automobilske aplikacije. Pogledajte kvalitetne karbonske materijale u MS VISCOM ponudi.\" \/>\n<meta name=\"robots\" content=\"noindex, follow, max-snippet:-1, max-image-preview:large, max-video-preview:-1\" \/>\n<meta property=\"og:locale\" content=\"hr_HR\" \/>\n<meta property=\"og:type\" content=\"article\" \/>\n<meta property=\"og:title\" content=\"Karbonska tkanina \u2013 Vrhunski kompozitni materijal | MS VISCOM\" \/>\n<meta property=\"og:description\" content=\"Karbonska tkanina s iznimnom \u010dvrsto\u0107om, malom te\u017einom i superiornim mehani\u010dkim svojstvima. Idealna za kompozite, industrijske projekte, sportsku opremu i automobilske aplikacije. Pogledajte kvalitetne karbonske materijale u MS VISCOM ponudi.\" \/>\n<meta property=\"og:url\" content=\"https:\/\/msviscom.development.digitalist.si\/hr\/izdelek\/karbonska-tkanina-vrhunski-kompozitni-materijal-ms-viscom\/\" \/>\n<meta property=\"og:site_name\" content=\"MS Viscom\" \/>\n<meta property=\"article:modified_time\" content=\"2025-12-03T22:18:56+00:00\" \/>\n<meta property=\"og:image\" content=\"https:\/\/msviscom.development.digitalist.si\/wp-content\/uploads\/2025\/07\/KARBONSKA_TKANINA_r.jpg\" \/>\n\t<meta property=\"og:image:width\" content=\"800\" \/>\n\t<meta property=\"og:image:height\" content=\"600\" \/>\n\t<meta property=\"og:image:type\" content=\"image\/jpeg\" \/>\n<meta name=\"twitter:card\" content=\"summary_large_image\" \/>\n<meta name=\"twitter:label1\" content=\"Procijenjeno vrijeme \u010ditanja\" \/>\n\t<meta name=\"twitter:data1\" content=\"1 minuta\" \/>\n<script type=\"application\/ld+json\" class=\"yoast-schema-graph\">{\"@context\":\"https:\/\/schema.org\",\"@graph\":[{\"@type\":\"WebPage\",\"@id\":\"https:\/\/msviscom.development.digitalist.si\/hr\/izdelek\/karbonska-tkanina-vrhunski-kompozitni-materijal-ms-viscom\/\",\"url\":\"https:\/\/msviscom.development.digitalist.si\/hr\/izdelek\/karbonska-tkanina-vrhunski-kompozitni-materijal-ms-viscom\/\",\"name\":\"Karbonska tkanina \u2013 Vrhunski kompozitni materijal | MS VISCOM\",\"isPartOf\":{\"@id\":\"https:\/\/msviscom.development.digitalist.si\/hr\/#website\"},\"primaryImageOfPage\":{\"@id\":\"https:\/\/msviscom.development.digitalist.si\/hr\/izdelek\/karbonska-tkanina-vrhunski-kompozitni-materijal-ms-viscom\/#primaryimage\"},\"image\":{\"@id\":\"https:\/\/msviscom.development.digitalist.si\/hr\/izdelek\/karbonska-tkanina-vrhunski-kompozitni-materijal-ms-viscom\/#primaryimage\"},\"thumbnailUrl\":\"https:\/\/msviscom.development.digitalist.si\/wp-content\/uploads\/2025\/07\/KARBONSKA_TKANINA_r.jpg\",\"datePublished\":\"2025-07-21T08:03:04+00:00\",\"dateModified\":\"2025-12-03T22:18:56+00:00\",\"description\":\"Karbonska tkanina s iznimnom \u010dvrsto\u0107om, malom te\u017einom i superiornim mehani\u010dkim svojstvima. Idealna za kompozite, industrijske projekte, sportsku opremu i automobilske aplikacije. Pogledajte kvalitetne karbonske materijale u MS VISCOM ponudi.\",\"breadcrumb\":{\"@id\":\"https:\/\/msviscom.development.digitalist.si\/hr\/izdelek\/karbonska-tkanina-vrhunski-kompozitni-materijal-ms-viscom\/#breadcrumb\"},\"inLanguage\":\"hr\",\"potentialAction\":[{\"@type\":\"ReadAction\",\"target\":[\"https:\/\/msviscom.development.digitalist.si\/hr\/izdelek\/karbonska-tkanina-vrhunski-kompozitni-materijal-ms-viscom\/\"]}]},{\"@type\":\"ImageObject\",\"inLanguage\":\"hr\",\"@id\":\"https:\/\/msviscom.development.digitalist.si\/hr\/izdelek\/karbonska-tkanina-vrhunski-kompozitni-materijal-ms-viscom\/#primaryimage\",\"url\":\"https:\/\/msviscom.development.digitalist.si\/wp-content\/uploads\/2025\/07\/KARBONSKA_TKANINA_r.jpg\",\"contentUrl\":\"https:\/\/msviscom.development.digitalist.si\/wp-content\/uploads\/2025\/07\/KARBONSKA_TKANINA_r.jpg\",\"width\":800,\"height\":600},{\"@type\":\"BreadcrumbList\",\"@id\":\"https:\/\/msviscom.development.digitalist.si\/hr\/izdelek\/karbonska-tkanina-vrhunski-kompozitni-materijal-ms-viscom\/#breadcrumb\",\"itemListElement\":[{\"@type\":\"ListItem\",\"position\":1,\"name\":\"Domov\",\"item\":\"https:\/\/msviscom.development.digitalist.si\/hr\/\"},{\"@type\":\"ListItem\",\"position\":2,\"name\":\"Trgovina\",\"item\":\"https:\/\/msviscom.development.digitalist.si\/hr\/trgovina\/\"},{\"@type\":\"ListItem\",\"position\":3,\"name\":\"KARBONSKA TKANINA\"}]},{\"@type\":\"WebSite\",\"@id\":\"https:\/\/msviscom.development.digitalist.si\/hr\/#website\",\"url\":\"https:\/\/msviscom.development.digitalist.si\/hr\/\",\"name\":\"MS Viscom\",\"description\":\"\",\"potentialAction\":[{\"@type\":\"SearchAction\",\"target\":{\"@type\":\"EntryPoint\",\"urlTemplate\":\"https:\/\/msviscom.development.digitalist.si\/hr\/?s={search_term_string}\"},\"query-input\":{\"@type\":\"PropertyValueSpecification\",\"valueRequired\":true,\"valueName\":\"search_term_string\"}}],\"inLanguage\":\"hr\"}]}<\/script>\n<!-- \/ Yoast SEO plugin. -->","yoast_head_json":{"title":"Karbonska tkanina \u2013 Vrhunski kompozitni materijal | MS VISCOM","description":"Karbonska tkanina s iznimnom \u010dvrsto\u0107om, malom te\u017einom i superiornim mehani\u010dkim svojstvima. Idealna za kompozite, industrijske projekte, sportsku opremu i automobilske aplikacije. Pogledajte kvalitetne karbonske materijale u MS VISCOM ponudi.","robots":{"index":"noindex","follow":"follow","max-snippet":"max-snippet:-1","max-image-preview":"max-image-preview:large","max-video-preview":"max-video-preview:-1"},"og_locale":"hr_HR","og_type":"article","og_title":"Karbonska tkanina \u2013 Vrhunski kompozitni materijal | MS VISCOM","og_description":"Karbonska tkanina s iznimnom \u010dvrsto\u0107om, malom te\u017einom i superiornim mehani\u010dkim svojstvima. Idealna za kompozite, industrijske projekte, sportsku opremu i automobilske aplikacije. Pogledajte kvalitetne karbonske materijale u MS VISCOM ponudi.","og_url":"https:\/\/msviscom.development.digitalist.si\/hr\/izdelek\/karbonska-tkanina-vrhunski-kompozitni-materijal-ms-viscom\/","og_site_name":"MS Viscom","article_modified_time":"2025-12-03T22:18:56+00:00","og_image":[{"width":800,"height":600,"url":"https:\/\/msviscom.development.digitalist.si\/wp-content\/uploads\/2025\/07\/KARBONSKA_TKANINA_r.jpg","type":"image\/jpeg"}],"twitter_card":"summary_large_image","twitter_misc":{"Procijenjeno vrijeme \u010ditanja":"1 minuta"},"schema":{"@context":"https:\/\/schema.org","@graph":[{"@type":"WebPage","@id":"https:\/\/msviscom.development.digitalist.si\/hr\/izdelek\/karbonska-tkanina-vrhunski-kompozitni-materijal-ms-viscom\/","url":"https:\/\/msviscom.development.digitalist.si\/hr\/izdelek\/karbonska-tkanina-vrhunski-kompozitni-materijal-ms-viscom\/","name":"Karbonska tkanina \u2013 Vrhunski kompozitni materijal | MS VISCOM","isPartOf":{"@id":"https:\/\/msviscom.development.digitalist.si\/hr\/#website"},"primaryImageOfPage":{"@id":"https:\/\/msviscom.development.digitalist.si\/hr\/izdelek\/karbonska-tkanina-vrhunski-kompozitni-materijal-ms-viscom\/#primaryimage"},"image":{"@id":"https:\/\/msviscom.development.digitalist.si\/hr\/izdelek\/karbonska-tkanina-vrhunski-kompozitni-materijal-ms-viscom\/#primaryimage"},"thumbnailUrl":"https:\/\/msviscom.development.digitalist.si\/wp-content\/uploads\/2025\/07\/KARBONSKA_TKANINA_r.jpg","datePublished":"2025-07-21T08:03:04+00:00","dateModified":"2025-12-03T22:18:56+00:00","description":"Karbonska tkanina s iznimnom \u010dvrsto\u0107om, malom te\u017einom i superiornim mehani\u010dkim svojstvima. Idealna za kompozite, industrijske projekte, sportsku opremu i automobilske aplikacije. Pogledajte kvalitetne karbonske materijale u MS VISCOM ponudi.","breadcrumb":{"@id":"https:\/\/msviscom.development.digitalist.si\/hr\/izdelek\/karbonska-tkanina-vrhunski-kompozitni-materijal-ms-viscom\/#breadcrumb"},"inLanguage":"hr","potentialAction":[{"@type":"ReadAction","target":["https:\/\/msviscom.development.digitalist.si\/hr\/izdelek\/karbonska-tkanina-vrhunski-kompozitni-materijal-ms-viscom\/"]}]},{"@type":"ImageObject","inLanguage":"hr","@id":"https:\/\/msviscom.development.digitalist.si\/hr\/izdelek\/karbonska-tkanina-vrhunski-kompozitni-materijal-ms-viscom\/#primaryimage","url":"https:\/\/msviscom.development.digitalist.si\/wp-content\/uploads\/2025\/07\/KARBONSKA_TKANINA_r.jpg","contentUrl":"https:\/\/msviscom.development.digitalist.si\/wp-content\/uploads\/2025\/07\/KARBONSKA_TKANINA_r.jpg","width":800,"height":600},{"@type":"BreadcrumbList","@id":"https:\/\/msviscom.development.digitalist.si\/hr\/izdelek\/karbonska-tkanina-vrhunski-kompozitni-materijal-ms-viscom\/#breadcrumb","itemListElement":[{"@type":"ListItem","position":1,"name":"Domov","item":"https:\/\/msviscom.development.digitalist.si\/hr\/"},{"@type":"ListItem","position":2,"name":"Trgovina","item":"https:\/\/msviscom.development.digitalist.si\/hr\/trgovina\/"},{"@type":"ListItem","position":3,"name":"KARBONSKA TKANINA"}]},{"@type":"WebSite","@id":"https:\/\/msviscom.development.digitalist.si\/hr\/#website","url":"https:\/\/msviscom.development.digitalist.si\/hr\/","name":"MS Viscom","description":"","potentialAction":[{"@type":"SearchAction","target":{"@type":"EntryPoint","urlTemplate":"https:\/\/msviscom.development.digitalist.si\/hr\/?s={search_term_string}"},"query-input":{"@type":"PropertyValueSpecification","valueRequired":true,"valueName":"search_term_string"}}],"inLanguage":"hr"}]}},"_links":{"self":[{"href":"https:\/\/msviscom.development.digitalist.si\/hr\/wp-json\/wp\/v2\/product\/3329","targetHints":{"allow":["GET"]}}],"collection":[{"href":"https:\/\/msviscom.development.digitalist.si\/hr\/wp-json\/wp\/v2\/product"}],"about":[{"href":"https:\/\/msviscom.development.digitalist.si\/hr\/wp-json\/wp\/v2\/types\/product"}],"wp:featuredmedia":[{"embeddable":true,"href":"https:\/\/msviscom.development.digitalist.si\/hr\/wp-json\/wp\/v2\/media\/4589"}],"wp:attachment":[{"href":"https:\/\/msviscom.development.digitalist.si\/hr\/wp-json\/wp\/v2\/media?parent=3329"}],"wp:term":[{"taxonomy":"product_brand","embeddable":true,"href":"https:\/\/msviscom.development.digitalist.si\/hr\/wp-json\/wp\/v2\/product_brand?post=3329"},{"taxonomy":"product_cat","embeddable":true,"href":"https:\/\/msviscom.development.digitalist.si\/hr\/wp-json\/wp\/v2\/product_cat?post=3329"},{"taxonomy":"product_tag","embeddable":true,"href":"https:\/\/msviscom.development.digitalist.si\/hr\/wp-json\/wp\/v2\/product_tag?post=3329"}],"curies":[{"name":"wp","href":"https:\/\/api.w.org\/{rel}","templated":true}]}}