{"id":3326,"date":"2025-07-21T09:03:01","date_gmt":"2025-07-21T08:03:01","guid":{"rendered":"https:\/\/msviscom.development.digitalist.si\/izdelek\/aluminijske-ploce-za-busenje\/"},"modified":"2025-11-17T08:36:20","modified_gmt":"2025-11-17T07:36:20","slug":"aluminijske-ploce-za-busenje","status":"publish","type":"product","link":"https:\/\/msviscom.development.digitalist.si\/hr\/izdelek\/aluminijske-ploce-za-busenje\/","title":{"rendered":"Aluminijske plo\u010de za bu\u0161enje"},"content":{"rendered":"<p>DIMENZIJA (mm):<\/p>\n<p>1245&#215;1092, 1245&#215;950 mm<\/p>\n<p>DEBLJINE:<\/p>\n<p>A15 \u2013 0,15 mm<\/p>\n<p>A18 \u2013 0,18 mm<\/p>\n<p>A20 \u2013 0,20 mm<\/p>\n<p>A24 \u2013 0,24 mm<\/p>\n","protected":false},"excerpt":{"rendered":"<p>ALU podlo\u017ene plo\u010de, posebno proizvedene za proizvodnju tiskanih plo\u010da, potpuno su \u010diste, ravne i iznimno \u010dvrste. Tvrdo\u0107a prema Brinellovoj ljestvici iznosi > 73. Zahvaljuju\u0107i izvrsnoj kvaliteti materijala omogu\u0107uju iznadprosje\u010dnu preciznost bu\u0161enja, \u010dak i pri najve\u0107im brzinama.<\/p>\n<div><\/div>\n","protected":false},"featured_media":631,"template":"","meta":{"_acf_changed":false},"product_brand":[],"product_cat":[230],"product_tag":[],"class_list":{"0":"post-3326","1":"product","2":"type-product","3":"status-publish","4":"has-post-thumbnail","6":"product_cat-osnovni-materijali-za-pcb-plocice","8":"first","9":"outofstock","10":"taxable","11":"shipping-taxable","12":"purchasable","13":"product-type-simple"},"acf":[],"yoast_head":"<!-- This site is optimized with the Yoast SEO plugin v25.3.1 - https:\/\/yoast.com\/wordpress\/plugins\/seo\/ -->\n<title>Aluminijske plo\u010de za bu\u0161enje - MS Viscom<\/title>\n<meta name=\"robots\" content=\"noindex, follow, max-snippet:-1, max-image-preview:large, max-video-preview:-1\" \/>\n<meta property=\"og:locale\" content=\"hr_HR\" \/>\n<meta property=\"og:type\" content=\"article\" \/>\n<meta property=\"og:title\" content=\"Aluminijske plo\u010de za bu\u0161enje - MS Viscom\" \/>\n<meta property=\"og:description\" content=\"ALU podlo\u017ene plo\u010de, posebno proizvedene za proizvodnju tiskanih plo\u010da, potpuno su \u010diste, ravne i iznimno \u010dvrste. Tvrdo\u0107a prema Brinellovoj ljestvici iznosi &gt; 73. Zahvaljuju\u0107i izvrsnoj kvaliteti materijala omogu\u0107uju iznadprosje\u010dnu preciznost bu\u0161enja, \u010dak i pri najve\u0107im brzinama.\" \/>\n<meta property=\"og:url\" content=\"https:\/\/msviscom.development.digitalist.si\/hr\/izdelek\/aluminijske-ploce-za-busenje\/\" \/>\n<meta property=\"og:site_name\" content=\"MS Viscom\" \/>\n<meta property=\"article:modified_time\" content=\"2025-11-17T07:36:20+00:00\" \/>\n<meta name=\"twitter:card\" content=\"summary_large_image\" \/>\n<script type=\"application\/ld+json\" class=\"yoast-schema-graph\">{\"@context\":\"https:\/\/schema.org\",\"@graph\":[{\"@type\":\"WebPage\",\"@id\":\"https:\/\/msviscom.development.digitalist.si\/hr\/izdelek\/aluminijske-ploce-za-busenje\/\",\"url\":\"https:\/\/msviscom.development.digitalist.si\/hr\/izdelek\/aluminijske-ploce-za-busenje\/\",\"name\":\"Aluminijske plo\u010de za bu\u0161enje - MS Viscom\",\"isPartOf\":{\"@id\":\"https:\/\/msviscom.development.digitalist.si\/hr\/#website\"},\"primaryImageOfPage\":{\"@id\":\"https:\/\/msviscom.development.digitalist.si\/hr\/izdelek\/aluminijske-ploce-za-busenje\/#primaryimage\"},\"image\":{\"@id\":\"https:\/\/msviscom.development.digitalist.si\/hr\/izdelek\/aluminijske-ploce-za-busenje\/#primaryimage\"},\"thumbnailUrl\":\"https:\/\/msviscom.development.digitalist.si\/wp-content\/uploads\/2025\/07\/ALU_20podlozne_20plosce_r.jpg\",\"datePublished\":\"2025-07-21T08:03:01+00:00\",\"dateModified\":\"2025-11-17T07:36:20+00:00\",\"breadcrumb\":{\"@id\":\"https:\/\/msviscom.development.digitalist.si\/hr\/izdelek\/aluminijske-ploce-za-busenje\/#breadcrumb\"},\"inLanguage\":\"hr\",\"potentialAction\":[{\"@type\":\"ReadAction\",\"target\":[\"https:\/\/msviscom.development.digitalist.si\/hr\/izdelek\/aluminijske-ploce-za-busenje\/\"]}]},{\"@type\":\"ImageObject\",\"inLanguage\":\"hr\",\"@id\":\"https:\/\/msviscom.development.digitalist.si\/hr\/izdelek\/aluminijske-ploce-za-busenje\/#primaryimage\",\"url\":\"https:\/\/msviscom.development.digitalist.si\/wp-content\/uploads\/2025\/07\/ALU_20podlozne_20plosce_r.jpg\",\"contentUrl\":\"https:\/\/msviscom.development.digitalist.si\/wp-content\/uploads\/2025\/07\/ALU_20podlozne_20plosce_r.jpg\",\"width\":800,\"height\":600},{\"@type\":\"BreadcrumbList\",\"@id\":\"https:\/\/msviscom.development.digitalist.si\/hr\/izdelek\/aluminijske-ploce-za-busenje\/#breadcrumb\",\"itemListElement\":[{\"@type\":\"ListItem\",\"position\":1,\"name\":\"Domov\",\"item\":\"https:\/\/msviscom.development.digitalist.si\/hr\/\"},{\"@type\":\"ListItem\",\"position\":2,\"name\":\"Trgovina\",\"item\":\"https:\/\/msviscom.development.digitalist.si\/hr\/trgovina\/\"},{\"@type\":\"ListItem\",\"position\":3,\"name\":\"Aluminijske plo\u010de za bu\u0161enje\"}]},{\"@type\":\"WebSite\",\"@id\":\"https:\/\/msviscom.development.digitalist.si\/hr\/#website\",\"url\":\"https:\/\/msviscom.development.digitalist.si\/hr\/\",\"name\":\"MS Viscom\",\"description\":\"\",\"potentialAction\":[{\"@type\":\"SearchAction\",\"target\":{\"@type\":\"EntryPoint\",\"urlTemplate\":\"https:\/\/msviscom.development.digitalist.si\/hr\/?s={search_term_string}\"},\"query-input\":{\"@type\":\"PropertyValueSpecification\",\"valueRequired\":true,\"valueName\":\"search_term_string\"}}],\"inLanguage\":\"hr\"}]}<\/script>\n<!-- \/ Yoast SEO plugin. -->","yoast_head_json":{"title":"Aluminijske plo\u010de za bu\u0161enje - MS Viscom","robots":{"index":"noindex","follow":"follow","max-snippet":"max-snippet:-1","max-image-preview":"max-image-preview:large","max-video-preview":"max-video-preview:-1"},"og_locale":"hr_HR","og_type":"article","og_title":"Aluminijske plo\u010de za bu\u0161enje - MS Viscom","og_description":"ALU podlo\u017ene plo\u010de, posebno proizvedene za proizvodnju tiskanih plo\u010da, potpuno su \u010diste, ravne i iznimno \u010dvrste. Tvrdo\u0107a prema Brinellovoj ljestvici iznosi > 73. Zahvaljuju\u0107i izvrsnoj kvaliteti materijala omogu\u0107uju iznadprosje\u010dnu preciznost bu\u0161enja, \u010dak i pri najve\u0107im brzinama.","og_url":"https:\/\/msviscom.development.digitalist.si\/hr\/izdelek\/aluminijske-ploce-za-busenje\/","og_site_name":"MS Viscom","article_modified_time":"2025-11-17T07:36:20+00:00","twitter_card":"summary_large_image","schema":{"@context":"https:\/\/schema.org","@graph":[{"@type":"WebPage","@id":"https:\/\/msviscom.development.digitalist.si\/hr\/izdelek\/aluminijske-ploce-za-busenje\/","url":"https:\/\/msviscom.development.digitalist.si\/hr\/izdelek\/aluminijske-ploce-za-busenje\/","name":"Aluminijske plo\u010de za bu\u0161enje - MS Viscom","isPartOf":{"@id":"https:\/\/msviscom.development.digitalist.si\/hr\/#website"},"primaryImageOfPage":{"@id":"https:\/\/msviscom.development.digitalist.si\/hr\/izdelek\/aluminijske-ploce-za-busenje\/#primaryimage"},"image":{"@id":"https:\/\/msviscom.development.digitalist.si\/hr\/izdelek\/aluminijske-ploce-za-busenje\/#primaryimage"},"thumbnailUrl":"https:\/\/msviscom.development.digitalist.si\/wp-content\/uploads\/2025\/07\/ALU_20podlozne_20plosce_r.jpg","datePublished":"2025-07-21T08:03:01+00:00","dateModified":"2025-11-17T07:36:20+00:00","breadcrumb":{"@id":"https:\/\/msviscom.development.digitalist.si\/hr\/izdelek\/aluminijske-ploce-za-busenje\/#breadcrumb"},"inLanguage":"hr","potentialAction":[{"@type":"ReadAction","target":["https:\/\/msviscom.development.digitalist.si\/hr\/izdelek\/aluminijske-ploce-za-busenje\/"]}]},{"@type":"ImageObject","inLanguage":"hr","@id":"https:\/\/msviscom.development.digitalist.si\/hr\/izdelek\/aluminijske-ploce-za-busenje\/#primaryimage","url":"https:\/\/msviscom.development.digitalist.si\/wp-content\/uploads\/2025\/07\/ALU_20podlozne_20plosce_r.jpg","contentUrl":"https:\/\/msviscom.development.digitalist.si\/wp-content\/uploads\/2025\/07\/ALU_20podlozne_20plosce_r.jpg","width":800,"height":600},{"@type":"BreadcrumbList","@id":"https:\/\/msviscom.development.digitalist.si\/hr\/izdelek\/aluminijske-ploce-za-busenje\/#breadcrumb","itemListElement":[{"@type":"ListItem","position":1,"name":"Domov","item":"https:\/\/msviscom.development.digitalist.si\/hr\/"},{"@type":"ListItem","position":2,"name":"Trgovina","item":"https:\/\/msviscom.development.digitalist.si\/hr\/trgovina\/"},{"@type":"ListItem","position":3,"name":"Aluminijske plo\u010de za bu\u0161enje"}]},{"@type":"WebSite","@id":"https:\/\/msviscom.development.digitalist.si\/hr\/#website","url":"https:\/\/msviscom.development.digitalist.si\/hr\/","name":"MS Viscom","description":"","potentialAction":[{"@type":"SearchAction","target":{"@type":"EntryPoint","urlTemplate":"https:\/\/msviscom.development.digitalist.si\/hr\/?s={search_term_string}"},"query-input":{"@type":"PropertyValueSpecification","valueRequired":true,"valueName":"search_term_string"}}],"inLanguage":"hr"}]}},"_links":{"self":[{"href":"https:\/\/msviscom.development.digitalist.si\/hr\/wp-json\/wp\/v2\/product\/3326","targetHints":{"allow":["GET"]}}],"collection":[{"href":"https:\/\/msviscom.development.digitalist.si\/hr\/wp-json\/wp\/v2\/product"}],"about":[{"href":"https:\/\/msviscom.development.digitalist.si\/hr\/wp-json\/wp\/v2\/types\/product"}],"wp:featuredmedia":[{"embeddable":true,"href":"https:\/\/msviscom.development.digitalist.si\/hr\/wp-json\/wp\/v2\/media\/631"}],"wp:attachment":[{"href":"https:\/\/msviscom.development.digitalist.si\/hr\/wp-json\/wp\/v2\/media?parent=3326"}],"wp:term":[{"taxonomy":"product_brand","embeddable":true,"href":"https:\/\/msviscom.development.digitalist.si\/hr\/wp-json\/wp\/v2\/product_brand?post=3326"},{"taxonomy":"product_cat","embeddable":true,"href":"https:\/\/msviscom.development.digitalist.si\/hr\/wp-json\/wp\/v2\/product_cat?post=3326"},{"taxonomy":"product_tag","embeddable":true,"href":"https:\/\/msviscom.development.digitalist.si\/hr\/wp-json\/wp\/v2\/product_tag?post=3326"}],"curies":[{"name":"wp","href":"https:\/\/api.w.org\/{rel}","templated":true}]}}