{"id":3289,"date":"2025-07-21T09:01:46","date_gmt":"2025-07-21T08:01:46","guid":{"rendered":"https:\/\/msviscom.development.digitalist.si\/izdelek\/neo-2360\/"},"modified":"2025-11-17T08:36:08","modified_gmt":"2025-11-17T07:36:08","slug":"neo-2360","status":"publish","type":"product","link":"https:\/\/msviscom.development.digitalist.si\/hr\/izdelek\/neo-2360\/","title":{"rendered":"Neo 2360"},"content":{"rendered":"<p><strong>Moderni zakrivljeni nadstre\u0161ci za vrata i prozore<\/strong><\/p>\n<ul>\n<li>\n<p>\u0160tite od lo\u0161ih vremenskih uvjeta<\/p>\n<\/li>\n<li>\n<p>Dodana vrijednost za va\u0161 dom ili nekretninu i ekolo\u0161ki prihvatljiva gra\u0111evinska oprema<\/p>\n<\/li>\n<li>\n<p>Prakti\u010dno neraspadljive dvostruke plo\u010de od 6 mm polikarbonata blokiraju 100% \u0161tetnih UV zraka<\/p>\n<\/li>\n<li>\n<p>Prednji i stra\u017enji za\u0161titni rubovi od aluminija sa bo\u010dnim profilima od polikarbonata za za\u0161titu plo\u010de<\/p>\n<\/li>\n<li>\n<p>100% UV za\u0161tita \u2013 ne \u017euti<\/p>\n<\/li>\n<li>\n<p>Visokou\u010dinkovite ruke od tamnosivog polimera<\/p>\n<\/li>\n<li>\n<p>Savr\u0161eno uklapanje u dizajn va\u0161eg doma i vanjskog okru\u017eenja<\/p>\n<\/li>\n<li>\n<p>Nije potrebna odr\u017eavanje<\/p>\n<\/li>\n<\/ul>\n","protected":false},"excerpt":{"rendered":"<p>Moderni zakrivljeni nadstre\u0161ci za vrata i prozore \u0160tite od lo\u0161ih vremenskih uvjeta Dodana vrijednost za va\u0161 dom ili nekretninu i ekolo\u0161ki prihvatljiva gra\u0111evinska oprema Prakti\u010dno neraspadljive dvostruke plo\u010de od 6 mm polikarbonata blokiraju 100% \u0161tetnih UV zraka Prednji i stra\u017enji za\u0161titni rubovi od aluminija sa bo\u010dnim profilima od polikarbonata za za\u0161titu plo\u010de 100% UV za\u0161tita [&#8230;]\n","protected":false},"featured_media":481,"template":"","meta":{"_acf_changed":false},"product_brand":[],"product_cat":[198,216],"product_tag":[],"class_list":{"0":"post-3289","1":"product","2":"type-product","3":"status-publish","4":"has-post-thumbnail","6":"product_cat-nadstresnice","7":"product_cat-neo","9":"first","10":"outofstock","11":"taxable","12":"shipping-taxable","13":"purchasable","14":"product-type-simple"},"acf":[],"yoast_head":"<!-- This site is optimized with the Yoast SEO plugin v25.3.1 - https:\/\/yoast.com\/wordpress\/plugins\/seo\/ -->\n<title>Neo 2360 - MS Viscom<\/title>\n<meta name=\"robots\" content=\"noindex, follow, max-snippet:-1, max-image-preview:large, max-video-preview:-1\" \/>\n<meta property=\"og:locale\" content=\"hr_HR\" \/>\n<meta property=\"og:type\" content=\"article\" \/>\n<meta property=\"og:title\" content=\"Neo 2360 - MS Viscom\" \/>\n<meta property=\"og:description\" content=\"Moderni zakrivljeni nadstre\u0161ci za vrata i prozore \u0160tite od lo\u0161ih vremenskih uvjeta Dodana vrijednost za va\u0161 dom ili nekretninu i ekolo\u0161ki prihvatljiva gra\u0111evinska oprema Prakti\u010dno neraspadljive dvostruke plo\u010de od 6 mm polikarbonata blokiraju 100% \u0161tetnih UV zraka Prednji i stra\u017enji za\u0161titni rubovi od aluminija sa bo\u010dnim profilima od polikarbonata za za\u0161titu plo\u010de 100% UV za\u0161tita [...]\" \/>\n<meta property=\"og:url\" content=\"https:\/\/msviscom.development.digitalist.si\/hr\/izdelek\/neo-2360\/\" \/>\n<meta property=\"og:site_name\" content=\"MS Viscom\" \/>\n<meta property=\"article:modified_time\" content=\"2025-11-17T07:36:08+00:00\" \/>\n<meta name=\"twitter:card\" content=\"summary_large_image\" \/>\n<script type=\"application\/ld+json\" class=\"yoast-schema-graph\">{\"@context\":\"https:\/\/schema.org\",\"@graph\":[{\"@type\":\"WebPage\",\"@id\":\"https:\/\/msviscom.development.digitalist.si\/hr\/izdelek\/neo-2360\/\",\"url\":\"https:\/\/msviscom.development.digitalist.si\/hr\/izdelek\/neo-2360\/\",\"name\":\"Neo 2360 - MS Viscom\",\"isPartOf\":{\"@id\":\"https:\/\/msviscom.development.digitalist.si\/hr\/#website\"},\"primaryImageOfPage\":{\"@id\":\"https:\/\/msviscom.development.digitalist.si\/hr\/izdelek\/neo-2360\/#primaryimage\"},\"image\":{\"@id\":\"https:\/\/msviscom.development.digitalist.si\/hr\/izdelek\/neo-2360\/#primaryimage\"},\"thumbnailUrl\":\"https:\/\/msviscom.development.digitalist.si\/wp-content\/uploads\/2025\/07\/Vordach_Neo_2360_1_Palram.jpg\",\"datePublished\":\"2025-07-21T08:01:46+00:00\",\"dateModified\":\"2025-11-17T07:36:08+00:00\",\"breadcrumb\":{\"@id\":\"https:\/\/msviscom.development.digitalist.si\/hr\/izdelek\/neo-2360\/#breadcrumb\"},\"inLanguage\":\"hr\",\"potentialAction\":[{\"@type\":\"ReadAction\",\"target\":[\"https:\/\/msviscom.development.digitalist.si\/hr\/izdelek\/neo-2360\/\"]}]},{\"@type\":\"ImageObject\",\"inLanguage\":\"hr\",\"@id\":\"https:\/\/msviscom.development.digitalist.si\/hr\/izdelek\/neo-2360\/#primaryimage\",\"url\":\"https:\/\/msviscom.development.digitalist.si\/wp-content\/uploads\/2025\/07\/Vordach_Neo_2360_1_Palram.jpg\",\"contentUrl\":\"https:\/\/msviscom.development.digitalist.si\/wp-content\/uploads\/2025\/07\/Vordach_Neo_2360_1_Palram.jpg\",\"width\":800,\"height\":600},{\"@type\":\"BreadcrumbList\",\"@id\":\"https:\/\/msviscom.development.digitalist.si\/hr\/izdelek\/neo-2360\/#breadcrumb\",\"itemListElement\":[{\"@type\":\"ListItem\",\"position\":1,\"name\":\"Domov\",\"item\":\"https:\/\/msviscom.development.digitalist.si\/hr\/\"},{\"@type\":\"ListItem\",\"position\":2,\"name\":\"Trgovina\",\"item\":\"https:\/\/msviscom.development.digitalist.si\/hr\/trgovina\/\"},{\"@type\":\"ListItem\",\"position\":3,\"name\":\"Neo 2360\"}]},{\"@type\":\"WebSite\",\"@id\":\"https:\/\/msviscom.development.digitalist.si\/hr\/#website\",\"url\":\"https:\/\/msviscom.development.digitalist.si\/hr\/\",\"name\":\"MS Viscom\",\"description\":\"\",\"potentialAction\":[{\"@type\":\"SearchAction\",\"target\":{\"@type\":\"EntryPoint\",\"urlTemplate\":\"https:\/\/msviscom.development.digitalist.si\/hr\/?s={search_term_string}\"},\"query-input\":{\"@type\":\"PropertyValueSpecification\",\"valueRequired\":true,\"valueName\":\"search_term_string\"}}],\"inLanguage\":\"hr\"}]}<\/script>\n<!-- \/ Yoast SEO plugin. -->","yoast_head_json":{"title":"Neo 2360 - MS Viscom","robots":{"index":"noindex","follow":"follow","max-snippet":"max-snippet:-1","max-image-preview":"max-image-preview:large","max-video-preview":"max-video-preview:-1"},"og_locale":"hr_HR","og_type":"article","og_title":"Neo 2360 - MS Viscom","og_description":"Moderni zakrivljeni nadstre\u0161ci za vrata i prozore \u0160tite od lo\u0161ih vremenskih uvjeta Dodana vrijednost za va\u0161 dom ili nekretninu i ekolo\u0161ki prihvatljiva gra\u0111evinska oprema Prakti\u010dno neraspadljive dvostruke plo\u010de od 6 mm polikarbonata blokiraju 100% \u0161tetnih UV zraka Prednji i stra\u017enji za\u0161titni rubovi od aluminija sa bo\u010dnim profilima od polikarbonata za za\u0161titu plo\u010de 100% UV za\u0161tita [...]","og_url":"https:\/\/msviscom.development.digitalist.si\/hr\/izdelek\/neo-2360\/","og_site_name":"MS Viscom","article_modified_time":"2025-11-17T07:36:08+00:00","twitter_card":"summary_large_image","schema":{"@context":"https:\/\/schema.org","@graph":[{"@type":"WebPage","@id":"https:\/\/msviscom.development.digitalist.si\/hr\/izdelek\/neo-2360\/","url":"https:\/\/msviscom.development.digitalist.si\/hr\/izdelek\/neo-2360\/","name":"Neo 2360 - MS Viscom","isPartOf":{"@id":"https:\/\/msviscom.development.digitalist.si\/hr\/#website"},"primaryImageOfPage":{"@id":"https:\/\/msviscom.development.digitalist.si\/hr\/izdelek\/neo-2360\/#primaryimage"},"image":{"@id":"https:\/\/msviscom.development.digitalist.si\/hr\/izdelek\/neo-2360\/#primaryimage"},"thumbnailUrl":"https:\/\/msviscom.development.digitalist.si\/wp-content\/uploads\/2025\/07\/Vordach_Neo_2360_1_Palram.jpg","datePublished":"2025-07-21T08:01:46+00:00","dateModified":"2025-11-17T07:36:08+00:00","breadcrumb":{"@id":"https:\/\/msviscom.development.digitalist.si\/hr\/izdelek\/neo-2360\/#breadcrumb"},"inLanguage":"hr","potentialAction":[{"@type":"ReadAction","target":["https:\/\/msviscom.development.digitalist.si\/hr\/izdelek\/neo-2360\/"]}]},{"@type":"ImageObject","inLanguage":"hr","@id":"https:\/\/msviscom.development.digitalist.si\/hr\/izdelek\/neo-2360\/#primaryimage","url":"https:\/\/msviscom.development.digitalist.si\/wp-content\/uploads\/2025\/07\/Vordach_Neo_2360_1_Palram.jpg","contentUrl":"https:\/\/msviscom.development.digitalist.si\/wp-content\/uploads\/2025\/07\/Vordach_Neo_2360_1_Palram.jpg","width":800,"height":600},{"@type":"BreadcrumbList","@id":"https:\/\/msviscom.development.digitalist.si\/hr\/izdelek\/neo-2360\/#breadcrumb","itemListElement":[{"@type":"ListItem","position":1,"name":"Domov","item":"https:\/\/msviscom.development.digitalist.si\/hr\/"},{"@type":"ListItem","position":2,"name":"Trgovina","item":"https:\/\/msviscom.development.digitalist.si\/hr\/trgovina\/"},{"@type":"ListItem","position":3,"name":"Neo 2360"}]},{"@type":"WebSite","@id":"https:\/\/msviscom.development.digitalist.si\/hr\/#website","url":"https:\/\/msviscom.development.digitalist.si\/hr\/","name":"MS Viscom","description":"","potentialAction":[{"@type":"SearchAction","target":{"@type":"EntryPoint","urlTemplate":"https:\/\/msviscom.development.digitalist.si\/hr\/?s={search_term_string}"},"query-input":{"@type":"PropertyValueSpecification","valueRequired":true,"valueName":"search_term_string"}}],"inLanguage":"hr"}]}},"_links":{"self":[{"href":"https:\/\/msviscom.development.digitalist.si\/hr\/wp-json\/wp\/v2\/product\/3289","targetHints":{"allow":["GET"]}}],"collection":[{"href":"https:\/\/msviscom.development.digitalist.si\/hr\/wp-json\/wp\/v2\/product"}],"about":[{"href":"https:\/\/msviscom.development.digitalist.si\/hr\/wp-json\/wp\/v2\/types\/product"}],"wp:featuredmedia":[{"embeddable":true,"href":"https:\/\/msviscom.development.digitalist.si\/hr\/wp-json\/wp\/v2\/media\/481"}],"wp:attachment":[{"href":"https:\/\/msviscom.development.digitalist.si\/hr\/wp-json\/wp\/v2\/media?parent=3289"}],"wp:term":[{"taxonomy":"product_brand","embeddable":true,"href":"https:\/\/msviscom.development.digitalist.si\/hr\/wp-json\/wp\/v2\/product_brand?post=3289"},{"taxonomy":"product_cat","embeddable":true,"href":"https:\/\/msviscom.development.digitalist.si\/hr\/wp-json\/wp\/v2\/product_cat?post=3289"},{"taxonomy":"product_tag","embeddable":true,"href":"https:\/\/msviscom.development.digitalist.si\/hr\/wp-json\/wp\/v2\/product_tag?post=3289"}],"curies":[{"name":"wp","href":"https:\/\/api.w.org\/{rel}","templated":true}]}}