{"id":3275,"date":"2025-07-21T09:00:51","date_gmt":"2025-07-21T08:00:51","guid":{"rendered":"https:\/\/msviscom.development.digitalist.si\/izdelek\/inuteq-hladna-rucnica-narancasta-78-cm-x-33-cm\/"},"modified":"2025-11-17T08:36:05","modified_gmt":"2025-11-17T07:36:05","slug":"inuteq-hladna-rucnica-narancasta-78-cm-x-33-cm","status":"publish","type":"product","link":"https:\/\/msviscom.development.digitalist.si\/hr\/izdelek\/inuteq-hladna-rucnica-narancasta-78-cm-x-33-cm\/","title":{"rendered":"INUTEQ \u2013 Hladna ru\u010dnica \u2013 naran\u010dasta \u2013 (78 cm x 33 cm)"},"content":{"rendered":"<p>HLA\u0110E\u0106E RU\u010cNICE<\/p>\n<p>INUTEQ-H2O\u00ae isparavaju\u0107i proizvodi za hla\u0111enje lagani su i jednostavni za (re)aktivaciju. Proizvod se mo\u017ee nositi u raznim prilikama: za rad, sport i razonodu. Proizvodi su dizajnirani za no\u0161enje u okru\u017eenjima s visokim temperaturama i najbolje djeluju pri niskoj do umjerenoj vla\u017enosti. Protok zraka oko tijela odre\u0111uje u\u010dinak i trajanje hla\u0111enja. Ovi proizvodi nisu prikladni za ekstremna okru\u017eenja gdje toplinu stvaraju industrijske aktivnosti i gdje korisnik mora nositi za\u0161titnu\/zrakonepropusnu odje\u0107u, jer ne pru\u017eaju odgovaraju\u0107u za\u0161titu od toplinskog stresa. Za takve uvjete preporu\u010dujemo na\u0161e INUTEQ-PAC\u00ae proizvode za hla\u0111enje.<\/p>\n<p>Kako aktivirati INUTEQ-H2O\u00ae proizvode za hla\u0111enje:<\/p>\n<p>1. Namo\u010dite proizvod u vodi 1 do 2 minute.<\/p>\n<p>2. Nje\u017eno istisnite vi\u0161ak vode.<\/p>\n<p>3. Prije upotrebe mo\u017eete ru\u010dnikom obrisati vodootpornu podlogu (prsluk\/pokrivalo).<\/p>\n<p>4. Proizvod mo\u017eete obu\u0107i.<\/p>\n<p>Pa\u017enja: nemojte ga cijediti!<\/p>\n<p>Upute za \u010di\u0161\u0107enje<\/p>\n<p>Perite u perilici na 40\u00b0C s blagim deterd\u017eentima.<\/p>\n<p>Samo su\u0161enje na zraku, bez peglanja, su\u0161enja u su\u0161ilici ili kemijskog \u010di\u0161\u0107enja.<\/p>\n<p>Skladi\u0161tenje<\/p>\n<p>U vla\u017enom stanju: ako proizvod nije suh, ne skladi\u0161tite ga u zatvorenom prostoru bez ventilacije dulje od 12 sati. U suhom stanju: neograni\u010deno skladi\u0161tenje u hladnim i suhim prostorima.<\/p>\n<p>Zna\u010dajke proizvoda:<\/p>\n<p>Jedinstvena tehnologija hla\u0111enja<\/p>\n<p>Periv u perilici i antibakterijski<\/p>\n<p>Jednostavan za kori\u0161tenje<\/p>\n<p>Lagani, netoksi\u010dan i izdr\u017eljiv<\/p>\n<p>Osigurava hla\u0111enje 15\u00b0C \/ 59\u00b0F ispod temperature okoline<\/p>\n<p>Pru\u017ea 2 do 8 sati hla\u0111enja, ovisno o temperaturi\/protoku zraka\/razini vla\u017enosti<\/p>\n<p>Oznaka kategorije 1 PPE \u2013 samo za minimalne rizike prema Direktivi 89\/686\/EEZ<\/p>\n<p>INUTEQ-H2O\u00ae tkanina za hla\u0111enje razvijena je za do 200 ciklusa mokro\/suho (aktivacije).<\/p>\n<p>Upijanje vode \u0107e se s vremenom pove\u0107ati kako se vlakna INUTEQ-H2O\u00ae zapli\u0107u u strukturu tkanine. Mo\u017ee do\u0107i do pada upijanja nakon prvih 10 ciklusa mokro\/suho, ali \u0107e zatim ostati relativno stabilno. To je normalan proces i tkanina \u0107e i dalje biti vrlo u\u010dinkovita u upijanju vode, isparavanju i sposobnosti hla\u0111enja. Na upijanje utje\u010du i njega odje\u0107e te kvaliteta vode.<\/p>\n","protected":false},"excerpt":{"rendered":"<p>Hladna ru\u010dnica osigurava hla\u0111enje iznad 15\u00b0C tijekom vi\u0161e sati.<\/p>\n","protected":false},"featured_media":397,"template":"","meta":{"_acf_changed":false},"product_brand":[],"product_cat":[250,252],"product_tag":[],"class_list":{"0":"post-3275","1":"product","2":"type-product","3":"status-publish","4":"has-post-thumbnail","6":"product_cat-rasprodaja","7":"product_cat-rashladna-odjeca","9":"first","10":"instock","11":"taxable","12":"shipping-taxable","13":"purchasable","14":"product-type-simple"},"acf":[],"yoast_head":"<!-- This site is optimized with the Yoast SEO plugin v25.3.1 - https:\/\/yoast.com\/wordpress\/plugins\/seo\/ -->\n<title>INUTEQ \u2013 Hladna ru\u010dnica \u2013 naran\u010dasta \u2013 (78 cm x 33 cm) - MS Viscom<\/title>\n<meta name=\"robots\" content=\"noindex, follow, max-snippet:-1, max-image-preview:large, max-video-preview:-1\" \/>\n<meta property=\"og:locale\" content=\"hr_HR\" \/>\n<meta property=\"og:type\" content=\"article\" \/>\n<meta property=\"og:title\" content=\"INUTEQ \u2013 Hladna ru\u010dnica \u2013 naran\u010dasta \u2013 (78 cm x 33 cm) - MS Viscom\" \/>\n<meta property=\"og:description\" content=\"Hladna ru\u010dnica osigurava hla\u0111enje iznad 15\u00b0C tijekom vi\u0161e sati.\" \/>\n<meta property=\"og:url\" content=\"https:\/\/msviscom.development.digitalist.si\/hr\/izdelek\/inuteq-hladna-rucnica-narancasta-78-cm-x-33-cm\/\" \/>\n<meta property=\"og:site_name\" content=\"MS Viscom\" \/>\n<meta property=\"article:modified_time\" content=\"2025-11-17T07:36:05+00:00\" \/>\n<meta name=\"twitter:card\" content=\"summary_large_image\" \/>\n<meta name=\"twitter:label1\" content=\"Procijenjeno vrijeme \u010ditanja\" \/>\n\t<meta name=\"twitter:data1\" content=\"2 minute\" \/>\n<script type=\"application\/ld+json\" class=\"yoast-schema-graph\">{\"@context\":\"https:\/\/schema.org\",\"@graph\":[{\"@type\":\"WebPage\",\"@id\":\"https:\/\/msviscom.development.digitalist.si\/hr\/izdelek\/inuteq-hladna-rucnica-narancasta-78-cm-x-33-cm\/\",\"url\":\"https:\/\/msviscom.development.digitalist.si\/hr\/izdelek\/inuteq-hladna-rucnica-narancasta-78-cm-x-33-cm\/\",\"name\":\"INUTEQ \u2013 Hladna ru\u010dnica \u2013 naran\u010dasta \u2013 (78 cm x 33 cm) - MS Viscom\",\"isPartOf\":{\"@id\":\"https:\/\/msviscom.development.digitalist.si\/hr\/#website\"},\"primaryImageOfPage\":{\"@id\":\"https:\/\/msviscom.development.digitalist.si\/hr\/izdelek\/inuteq-hladna-rucnica-narancasta-78-cm-x-33-cm\/#primaryimage\"},\"image\":{\"@id\":\"https:\/\/msviscom.development.digitalist.si\/hr\/izdelek\/inuteq-hladna-rucnica-narancasta-78-cm-x-33-cm\/#primaryimage\"},\"thumbnailUrl\":\"https:\/\/msviscom.development.digitalist.si\/wp-content\/uploads\/2025\/07\/Hladilna_brisaca_oranzna-pakiranje1.png\",\"datePublished\":\"2025-07-21T08:00:51+00:00\",\"dateModified\":\"2025-11-17T07:36:05+00:00\",\"breadcrumb\":{\"@id\":\"https:\/\/msviscom.development.digitalist.si\/hr\/izdelek\/inuteq-hladna-rucnica-narancasta-78-cm-x-33-cm\/#breadcrumb\"},\"inLanguage\":\"hr\",\"potentialAction\":[{\"@type\":\"ReadAction\",\"target\":[\"https:\/\/msviscom.development.digitalist.si\/hr\/izdelek\/inuteq-hladna-rucnica-narancasta-78-cm-x-33-cm\/\"]}]},{\"@type\":\"ImageObject\",\"inLanguage\":\"hr\",\"@id\":\"https:\/\/msviscom.development.digitalist.si\/hr\/izdelek\/inuteq-hladna-rucnica-narancasta-78-cm-x-33-cm\/#primaryimage\",\"url\":\"https:\/\/msviscom.development.digitalist.si\/wp-content\/uploads\/2025\/07\/Hladilna_brisaca_oranzna-pakiranje1.png\",\"contentUrl\":\"https:\/\/msviscom.development.digitalist.si\/wp-content\/uploads\/2025\/07\/Hladilna_brisaca_oranzna-pakiranje1.png\",\"width\":800,\"height\":600},{\"@type\":\"BreadcrumbList\",\"@id\":\"https:\/\/msviscom.development.digitalist.si\/hr\/izdelek\/inuteq-hladna-rucnica-narancasta-78-cm-x-33-cm\/#breadcrumb\",\"itemListElement\":[{\"@type\":\"ListItem\",\"position\":1,\"name\":\"Domov\",\"item\":\"https:\/\/msviscom.development.digitalist.si\/hr\/\"},{\"@type\":\"ListItem\",\"position\":2,\"name\":\"Trgovina\",\"item\":\"https:\/\/msviscom.development.digitalist.si\/hr\/trgovina\/\"},{\"@type\":\"ListItem\",\"position\":3,\"name\":\"INUTEQ \u2013 Hladna ru\u010dnica \u2013 naran\u010dasta \u2013 (78 cm x 33 cm)\"}]},{\"@type\":\"WebSite\",\"@id\":\"https:\/\/msviscom.development.digitalist.si\/hr\/#website\",\"url\":\"https:\/\/msviscom.development.digitalist.si\/hr\/\",\"name\":\"MS Viscom\",\"description\":\"\",\"potentialAction\":[{\"@type\":\"SearchAction\",\"target\":{\"@type\":\"EntryPoint\",\"urlTemplate\":\"https:\/\/msviscom.development.digitalist.si\/hr\/?s={search_term_string}\"},\"query-input\":{\"@type\":\"PropertyValueSpecification\",\"valueRequired\":true,\"valueName\":\"search_term_string\"}}],\"inLanguage\":\"hr\"}]}<\/script>\n<!-- \/ Yoast SEO plugin. -->","yoast_head_json":{"title":"INUTEQ \u2013 Hladna ru\u010dnica \u2013 naran\u010dasta \u2013 (78 cm x 33 cm) - MS Viscom","robots":{"index":"noindex","follow":"follow","max-snippet":"max-snippet:-1","max-image-preview":"max-image-preview:large","max-video-preview":"max-video-preview:-1"},"og_locale":"hr_HR","og_type":"article","og_title":"INUTEQ \u2013 Hladna ru\u010dnica \u2013 naran\u010dasta \u2013 (78 cm x 33 cm) - MS Viscom","og_description":"Hladna ru\u010dnica osigurava hla\u0111enje iznad 15\u00b0C tijekom vi\u0161e sati.","og_url":"https:\/\/msviscom.development.digitalist.si\/hr\/izdelek\/inuteq-hladna-rucnica-narancasta-78-cm-x-33-cm\/","og_site_name":"MS Viscom","article_modified_time":"2025-11-17T07:36:05+00:00","twitter_card":"summary_large_image","twitter_misc":{"Procijenjeno vrijeme \u010ditanja":"2 minute"},"schema":{"@context":"https:\/\/schema.org","@graph":[{"@type":"WebPage","@id":"https:\/\/msviscom.development.digitalist.si\/hr\/izdelek\/inuteq-hladna-rucnica-narancasta-78-cm-x-33-cm\/","url":"https:\/\/msviscom.development.digitalist.si\/hr\/izdelek\/inuteq-hladna-rucnica-narancasta-78-cm-x-33-cm\/","name":"INUTEQ \u2013 Hladna ru\u010dnica \u2013 naran\u010dasta \u2013 (78 cm x 33 cm) - MS Viscom","isPartOf":{"@id":"https:\/\/msviscom.development.digitalist.si\/hr\/#website"},"primaryImageOfPage":{"@id":"https:\/\/msviscom.development.digitalist.si\/hr\/izdelek\/inuteq-hladna-rucnica-narancasta-78-cm-x-33-cm\/#primaryimage"},"image":{"@id":"https:\/\/msviscom.development.digitalist.si\/hr\/izdelek\/inuteq-hladna-rucnica-narancasta-78-cm-x-33-cm\/#primaryimage"},"thumbnailUrl":"https:\/\/msviscom.development.digitalist.si\/wp-content\/uploads\/2025\/07\/Hladilna_brisaca_oranzna-pakiranje1.png","datePublished":"2025-07-21T08:00:51+00:00","dateModified":"2025-11-17T07:36:05+00:00","breadcrumb":{"@id":"https:\/\/msviscom.development.digitalist.si\/hr\/izdelek\/inuteq-hladna-rucnica-narancasta-78-cm-x-33-cm\/#breadcrumb"},"inLanguage":"hr","potentialAction":[{"@type":"ReadAction","target":["https:\/\/msviscom.development.digitalist.si\/hr\/izdelek\/inuteq-hladna-rucnica-narancasta-78-cm-x-33-cm\/"]}]},{"@type":"ImageObject","inLanguage":"hr","@id":"https:\/\/msviscom.development.digitalist.si\/hr\/izdelek\/inuteq-hladna-rucnica-narancasta-78-cm-x-33-cm\/#primaryimage","url":"https:\/\/msviscom.development.digitalist.si\/wp-content\/uploads\/2025\/07\/Hladilna_brisaca_oranzna-pakiranje1.png","contentUrl":"https:\/\/msviscom.development.digitalist.si\/wp-content\/uploads\/2025\/07\/Hladilna_brisaca_oranzna-pakiranje1.png","width":800,"height":600},{"@type":"BreadcrumbList","@id":"https:\/\/msviscom.development.digitalist.si\/hr\/izdelek\/inuteq-hladna-rucnica-narancasta-78-cm-x-33-cm\/#breadcrumb","itemListElement":[{"@type":"ListItem","position":1,"name":"Domov","item":"https:\/\/msviscom.development.digitalist.si\/hr\/"},{"@type":"ListItem","position":2,"name":"Trgovina","item":"https:\/\/msviscom.development.digitalist.si\/hr\/trgovina\/"},{"@type":"ListItem","position":3,"name":"INUTEQ \u2013 Hladna ru\u010dnica \u2013 naran\u010dasta \u2013 (78 cm x 33 cm)"}]},{"@type":"WebSite","@id":"https:\/\/msviscom.development.digitalist.si\/hr\/#website","url":"https:\/\/msviscom.development.digitalist.si\/hr\/","name":"MS Viscom","description":"","potentialAction":[{"@type":"SearchAction","target":{"@type":"EntryPoint","urlTemplate":"https:\/\/msviscom.development.digitalist.si\/hr\/?s={search_term_string}"},"query-input":{"@type":"PropertyValueSpecification","valueRequired":true,"valueName":"search_term_string"}}],"inLanguage":"hr"}]}},"_links":{"self":[{"href":"https:\/\/msviscom.development.digitalist.si\/hr\/wp-json\/wp\/v2\/product\/3275","targetHints":{"allow":["GET"]}}],"collection":[{"href":"https:\/\/msviscom.development.digitalist.si\/hr\/wp-json\/wp\/v2\/product"}],"about":[{"href":"https:\/\/msviscom.development.digitalist.si\/hr\/wp-json\/wp\/v2\/types\/product"}],"wp:featuredmedia":[{"embeddable":true,"href":"https:\/\/msviscom.development.digitalist.si\/hr\/wp-json\/wp\/v2\/media\/397"}],"wp:attachment":[{"href":"https:\/\/msviscom.development.digitalist.si\/hr\/wp-json\/wp\/v2\/media?parent=3275"}],"wp:term":[{"taxonomy":"product_brand","embeddable":true,"href":"https:\/\/msviscom.development.digitalist.si\/hr\/wp-json\/wp\/v2\/product_brand?post=3275"},{"taxonomy":"product_cat","embeddable":true,"href":"https:\/\/msviscom.development.digitalist.si\/hr\/wp-json\/wp\/v2\/product_cat?post=3275"},{"taxonomy":"product_tag","embeddable":true,"href":"https:\/\/msviscom.development.digitalist.si\/hr\/wp-json\/wp\/v2\/product_tag?post=3275"}],"curies":[{"name":"wp","href":"https:\/\/api.w.org\/{rel}","templated":true}]}}